{"id":5295,"date":"2020-03-27T14:54:11","date_gmt":"2020-03-27T20:54:11","guid":{"rendered":"https:\/\/www.oaxaca.gob.mx\/smo\/?page_id=5295"},"modified":"2021-08-10T15:06:05","modified_gmt":"2021-08-10T20:06:05","slug":"5295-2","status":"publish","type":"page","link":"https:\/\/www.oaxaca.gob.mx\/sm\/5295-2\/","title":{"rendered":""},"content":{"rendered":"<p><img decoding=\"async\" class=\"alignnone\" src=\"https:\/\/www.oaxaca.gob.mx\/smo\/wp-content\/uploads\/sites\/72\/2020\/04\/banner-en-contingencia-estamos-contigo-1500x300-ok.png\" alt=\"\" width=\"100%\" height=\"\" \/><\/p>\n<div class=\"container\">\n<div class=\"row\">\n<div class=\"col-10 col-md-11\">\n<hr \/>\n<h3 style=\"text-align: center\">Capacitaciones<\/h3>\n<hr \/>\n<\/div>\n<div class=\"col-2 col-md-1\">\n<hr \/>\n<p><a href=\"https:\/\/www.oaxaca.gob.mx\/smo\/5195-2\/\"><img decoding=\"async\" src=\"https:\/\/www.oaxaca.gob.mx\/smo\/wp-content\/uploads\/sites\/72\/2020\/04\/Recurso-2.png\" alt=\"\" width=\"150%\" height=\"\" \/><\/a><\/p>\n<hr \/>\n<\/div>\n<\/div>\n<\/div>\n[tabs]\n[tab title=\u00bbPrimera Jornada\u00bb disabled=\u00bbno\u00bb anchor=\u00bb\u00bb url=\u00bb\u00bb target=\u00bbblank\u00bb class=\u00bb\u00bb]\n[box title=\u00bbPrimera Jornada de Capacitaciones &#8216;Aprendiendo de G\u00e9nero desde Casa&#8217; \u00bb box_color=\u00bb#3B0859&#8243; title_color=\u00bb#FFFFFF\u00bb radius=\u00bb3&#8243;][row][column size=\u00bb1\/2&#8243; center=\u00bbno\u00bb class=\u00bb\u00bb]\n<h4 style=\"text-align: center\">Tema:\u00bbABC de G\u00e9nero\u00bb<\/h4>\n[youtube url=\u00bbhttps:\/\/youtu.be\/CLsoZ4kQutw\u00bb width=\u00bb1100&#8243; height=\u00bb980&#8243; autohide=\u00bbyes\u00bb mute=\u00bbno\u00bb rel=\u00bbno\u00bb modestbranding=\u00bbyes\u00bb theme=\u00bblight\u00bb title=\u00bbbggthgh\u00bb][\/column][column size=\u00bb1\/2&#8243; center=\u00bbno\u00bb class=\u00bb\u00bb]\n<h4 style=\"text-align: center\">Tema: \u00abViolencia Contra las Mujeres. Tipos y Modalidades\u00bb<\/h4>\n[youtube url=\u00bbhttps:\/\/youtu.be\/9POcdwZKYEg\u00bb width=\u00bb1100&#8243; height=\u00bb980&#8243; autohide=\u00bbyes\u00bb mute=\u00bbno\u00bb rel=\u00bbno\u00bb modestbranding=\u00bbyes\u00bb theme=\u00bblight\u00bb title=\u00bbbggthgh\u00bb][\/column][\/row]\n[row][column size=\u00bb1\/2&#8243; center=\u00bbno\u00bb class=\u00bb\u00bb]\n<h4 style=\"text-align: center\">Tema: \u00abGaslighting Abuso Psicol\u00f3gico\u00bb<\/h4>\n[youtube url=\u00bbhttps:\/\/youtu.be\/8KJAvQvlqkk\u00bb width=\u00bb1100&#8243; height=\u00bb980&#8243; autohide=\u00bbyes\u00bb mute=\u00bbno\u00bb rel=\u00bbno\u00bb modestbranding=\u00bbyes\u00bb theme=\u00bblight\u00bb title=\u00bbbggthgh\u00bb][\/column][column size=\u00bb1\/2&#8243; center=\u00bbno\u00bb class=\u00bb\u00bb]\n<h4 style=\"text-align: center\">\u00abTema:\u00bbPerspectiva de G\u00e9nero y Transversalidad\u00bb<\/h4>\n[youtube url=\u00bbhttps:\/\/youtu.be\/ivJ1oAKqCC4&#8243; width=\u00bb1100&#8243; height=\u00bb980&#8243; autohide=\u00bbyes\u00bb mute=\u00bbno\u00bb rel=\u00bbno\u00bb modestbranding=\u00bbyes\u00bb theme=\u00bblight\u00bb title=\u00bbbggthgh\u00bb][\/column][\/row]\n[row][column size=\u00bb1\/2&#8243; center=\u00bbno\u00bb class=\u00bb\u00bb]\n<h4 style=\"text-align: center\">Tema: \u00abG\u00e9nero y Sexualidad\u00bb<\/h4>\n[youtube url=\u00bbhttps:\/\/youtu.be\/XmSr_chajWU\u00bb width=\u00bb1100&#8243; height=\u00bb980&#8243; autohide=\u00bbyes\u00bb mute=\u00bbno\u00bb rel=\u00bbno\u00bb modestbranding=\u00bbyes\u00bb theme=\u00bblight\u00bb title=\u00bbbggthgh\u00bb][\/column][column size=\u00bb1\/2&#8243; center=\u00bbno\u00bb class=\u00bb\u00bb]\n<h4 style=\"text-align: center\">\u00abParticipaci\u00f3n Pol\u00edtica de las Mujeres y la Violencia Pol\u00edtica\u00bb<\/h4>\n[youtube url=\u00bbhttps:\/\/youtu.be\/sODZngj_W3k\u00bb width=\u00bb1100&#8243; height=\u00bb980&#8243; autohide=\u00bbyes\u00bb mute=\u00bbno\u00bb rel=\u00bbno\u00bb modestbranding=\u00bbyes\u00bb theme=\u00bblight\u00bb title=\u00bbbggthgh\u00bb][\/column][\/row]\n[row][column size=\u00bb1\/2&#8243; center=\u00bbno\u00bb class=\u00bb\u00bb]\n<h4 style=\"text-align: center\">Tema: \u00abMi Proyecto de Vida\u00bb<\/h4>\n[youtube url=\u00bbhttps:\/\/youtu.be\/jaoYJXWpvDY\u00bb width=\u00bb1100&#8243; height=\u00bb980&#8243; autohide=\u00bbyes\u00bb mute=\u00bbno\u00bb rel=\u00bbno\u00bb modestbranding=\u00bbyes\u00bb theme=\u00bblight\u00bb title=\u00bbbggthgh\u00bb][\/column][column size=\u00bb1\/2&#8243; center=\u00bbno\u00bb class=\u00bb\u00bb]\n<h4 style=\"text-align: center\">Tema: \u00abUso del Lenguaje Incluyente y No Sexista\u00bb<\/h4>\n[youtube url=\u00bbhttps:\/\/youtu.be\/6iW2NXW8qK4&#8243; width=\u00bb1100&#8243; height=\u00bb980&#8243; autohide=\u00bbyes\u00bb mute=\u00bbno\u00bb rel=\u00bbno\u00bb modestbranding=\u00bbyes\u00bb theme=\u00bblight\u00bb title=\u00bbbggthgh\u00bb][\/column][\/row]\n[\/box]\n[\/tab]\n[tab title=\u00bbSegunda Jornada\u00bb disabled=\u00bbno\u00bb anchor=\u00bb\u00bb url=\u00bb\u00bb target=\u00bbblank\u00bb class=\u00bb\u00bb]\n[box title=\u00bbSegunda Jornada de Capacitaciones &#8216;Aprendiendo de G\u00e9nero desde Casa&#8217; \u00bb box_color=\u00bb#3B0859&#8243; title_color=\u00bb#FFFFFF\u00bb radius=\u00bb3&#8243;]\n[row][column size=\u00bb1\/2&#8243; center=\u00bbno\u00bb class=\u00bb\u00bb]\n<h4 style=\"text-align: center\">Tema:\u00bbEl Amor Rom\u00e1ntico y la Violencia Machista\u00bb<\/h4>\n[youtube url=\u00bbhttps:\/\/youtu.be\/U2rYmONqoVI\u00bb width=\u00bb1100&#8243; height=\u00bb980&#8243; autohide=\u00bbyes\u00bb mute=\u00bbno\u00bb rel=\u00bbno\u00bb modestbranding=\u00bbyes\u00bb theme=\u00bblight\u00bb title=\u00bbbggthgh\u00bb][\/column][column size=\u00bb1\/2&#8243; center=\u00bbno\u00bb class=\u00bb\u00bb]\n<h4 style=\"text-align: center\">Tema: \u00abPrevenci\u00f3n del Abuso Sexual Infantil Parte 1\u00bb<\/h4>\n[youtube url=\u00bbhttps:\/\/youtu.be\/441f_swQ7b0&#8243; width=\u00bb1100&#8243; height=\u00bb980&#8243; autohide=\u00bbyes\u00bb mute=\u00bbno\u00bb rel=\u00bbno\u00bb modestbranding=\u00bbyes\u00bb theme=\u00bblight\u00bb title=\u00bbbggthgh\u00bb][\/column][\/row]\n[row][column size=\u00bb1\/2&#8243; center=\u00bbno\u00bb class=\u00bb\u00bb]\n<h4 style=\"text-align: center\">Tema:\u00bbPrevenci\u00f3n del abuso sexual infantil Segunda Parte\u00bb<\/h4>\n[youtube url=\u00bbhttps:\/\/youtu.be\/kGN7qYAIEU0&#8243; width=\u00bb1100&#8243; height=\u00bb980&#8243; autohide=\u00bbyes\u00bb mute=\u00bbno\u00bb rel=\u00bbno\u00bb modestbranding=\u00bbyes\u00bb theme=\u00bblight\u00bb title=\u00bbbggthgh\u00bb][\/column][column size=\u00bb1\/2&#8243; center=\u00bbno\u00bb class=\u00bb\u00bb]\n<h4 style=\"text-align: center\">Tema: \u00abLos Juguetes no Tienen G\u00e9nero\u00bb<\/h4>\n[youtube url=\u00bbhttps:\/\/youtu.be\/T8ysOiDvlZ8&#8243; width=\u00bb1100&#8243; height=\u00bb980&#8243; autohide=\u00bbyes\u00bb mute=\u00bbno\u00bb rel=\u00bbno\u00bb modestbranding=\u00bbyes\u00bb theme=\u00bblight\u00bb title=\u00bbbggthgh\u00bb][\/column][\/row]\n[row][column size=\u00bb1\/2&#8243; center=\u00bbno\u00bb class=\u00bb\u00bb]\n<h4 style=\"text-align: center\">Tema:\u00bbComunicaci\u00f3n, G\u00e9nero y Publicidad\u00bb<\/h4>\n[youtube url=\u00bbhttps:\/\/youtu.be\/3oqzqeTFtIE\u00bb width=\u00bb1100&#8243; height=\u00bb980&#8243; autohide=\u00bbyes\u00bb mute=\u00bbno\u00bb rel=\u00bbno\u00bb modestbranding=\u00bbyes\u00bb theme=\u00bblight\u00bb title=\u00bbbggthgh\u00bb][\/column][column size=\u00bb1\/2&#8243; center=\u00bbno\u00bb class=\u00bb\u00bb]\n<h4 style=\"text-align: center\">Tema: \u00ab10 Claves para el Empoderamiento Econ\u00f3mico de las Mujeres\u00bb<\/h4>\n[youtube url=\u00bbhttps:\/\/youtu.be\/QDQ-BIccBFc\u00bb width=\u00bb1100&#8243; height=\u00bb980&#8243; autohide=\u00bbyes\u00bb mute=\u00bbno\u00bb rel=\u00bbno\u00bb modestbranding=\u00bbyes\u00bb theme=\u00bblight\u00bb title=\u00bbbggthgh\u00bb][\/column][\/row]\n[row][column size=\u00bb1\/2&#8243; center=\u00bbno\u00bb class=\u00bb\u00bb]\n<h4 style=\"text-align: center\">Tema: \u00abMujeres y Discriminaci\u00f3n\u00bb<\/h4>\n[youtube url=\u00bbhttps:\/\/youtu.be\/-tMBzaPlcqk\u00bb width=\u00bb1100&#8243; height=\u00bb980&#8243; autohide=\u00bbyes\u00bb mute=\u00bbno\u00bb rel=\u00bbno\u00bb modestbranding=\u00bbyes\u00bb theme=\u00bblight\u00bb title=\u00bbbggthgh\u00bb][\/column][column size=\u00bb1\/2&#8243; center=\u00bbno\u00bb class=\u00bb\u00bb]\n<h4 style=\"text-align: center\">Tema: \u00abPrevenci\u00f3n de Embarazo Adolescente\u00bb<\/h4>\n[youtube url=\u00bbhttps:\/\/youtu.be\/jFPbvBJQwes\u00bb width=\u00bb1100&#8243; height=\u00bb980&#8243; autohide=\u00bbyes\u00bb mute=\u00bbno\u00bb rel=\u00bbno\u00bb modestbranding=\u00bbyes\u00bb theme=\u00bblight\u00bb title=\u00bbbggthgh\u00bb][\/column][\/row]\n[row][column size=\u00bb1\/2&#8243; center=\u00bbno\u00bb class=\u00bb\u00bb]\n<h4 style=\"text-align: center\">Tema: \u00abViolencia Digital\u00bb<\/h4>\n[youtube url=\u00bbhttps:\/\/youtu.be\/xvMC5LBCmi8&#8243; width=\u00bb1100&#8243; height=\u00bb980&#8243; autohide=\u00bbyes\u00bb mute=\u00bbno\u00bb rel=\u00bbno\u00bb modestbranding=\u00bbyes\u00bb theme=\u00bblight\u00bb title=\u00bbbggthgh\u00bb][\/column][column size=\u00bb1\/2&#8243; center=\u00bbno\u00bb class=\u00bb\u00bb]\n<h4 style=\"text-align: center\">Tema:\u00bbEstrategias y consejos para una comunicaci\u00f3n no sexista\u00bb<\/h4>\n[youtube url=\u00bbhttps:\/\/youtu.be\/7sy5KOBvhWI\u00bb width=\u00bb1100&#8243; height=\u00bb980&#8243; autohide=\u00bbyes\u00bb mute=\u00bbno\u00bb rel=\u00bbno\u00bb modestbranding=\u00bbyes\u00bb theme=\u00bblight\u00bb title=\u00bbbggthgh\u00bb][\/column][\/row]\n[row][column size=\u00bb1\/2&#8243; center=\u00bbno\u00bb class=\u00bb\u00bb]\n<h4 style=\"text-align: center\">Tema: \u00abViolencia y Estereotipos de G\u00e9nero\u00bb<\/h4>\n[youtube url=\u00bbhttps:\/\/youtu.be\/MkSquI0eF5A\u00bb width=\u00bb1100&#8243; height=\u00bb980&#8243; autohide=\u00bbyes\u00bb mute=\u00bbno\u00bb rel=\u00bbno\u00bb modestbranding=\u00bbyes\u00bb theme=\u00bblight\u00bb title=\u00bbbggthgh\u00bb][\/column][column size=\u00bb1\/2&#8243; center=\u00bbno\u00bb class=\u00bb\u00bb]\n<h4 style=\"text-align: center\">Tema:\u00bbSexting\u00bb<\/h4>\n[youtube url=\u00bbhttps:\/\/youtu.be\/qjbIV5bJaFw\u00bb width=\u00bb1100&#8243; height=\u00bb980&#8243; autohide=\u00bbyes\u00bb mute=\u00bbno\u00bb rel=\u00bbno\u00bb modestbranding=\u00bbyes\u00bb theme=\u00bblight\u00bb title=\u00bbbggthgh\u00bb][\/column][\/row]\n[row][column size=\u00bb1\/2&#8243; center=\u00bbno\u00bb class=\u00bb\u00bb]\n<h4 style=\"text-align: center\">Tema: \u00abEstr\u00e9s Postraum\u00e1tico de la Violencia\u00bb<\/h4>\n[youtube url=\u00bbhttps:\/\/youtu.be\/cJpzPbmaKmE\u00bb width=\u00bb1100&#8243; height=\u00bb980&#8243; autohide=\u00bbyes\u00bb mute=\u00bbno\u00bb rel=\u00bbno\u00bb modestbranding=\u00bbyes\u00bb theme=\u00bblight\u00bb title=\u00bbbggthgh\u00bb][\/column][column size=\u00bb1\/2&#8243; center=\u00bbno\u00bb class=\u00bb\u00bb]\n<h4 style=\"text-align: center\">Tema:\u00bbFeminismos\u00bb<\/h4>\n[youtube url=\u00bbhttps:\/\/youtu.be\/dK9koxYv2IA\u00bb width=\u00bb1100&#8243; height=\u00bb980&#8243; autohide=\u00bbyes\u00bb mute=\u00bbno\u00bb rel=\u00bbno\u00bb modestbranding=\u00bbyes\u00bb theme=\u00bblight\u00bb title=\u00bbbggthgh\u00bb][\/column][\/row]\n[row][column size=\u00bb1\/2&#8243; center=\u00bbno\u00bb class=\u00bb\u00bb]\n<h4 style=\"text-align: center\">Tema: \u00abSistemas Normativos Ind\u00edgenas\u00bb<\/h4>\n[youtube url=\u00bbhttps:\/\/youtu.be\/s8aQoxgfFwc\u00bb width=\u00bb1100&#8243; height=\u00bb980&#8243; autohide=\u00bbyes\u00bb mute=\u00bbno\u00bb rel=\u00bbno\u00bb modestbranding=\u00bbyes\u00bb theme=\u00bblight\u00bb title=\u00bbbggthgh\u00bb][\/column][column size=\u00bb1\/2&#8243; center=\u00bbno\u00bb class=\u00bb\u00bb]\n<h4 style=\"text-align: center\">Tema:\u00bbMansplaining\u00bb<\/h4>\n[youtube url=\u00bbhttps:\/\/youtu.be\/-HrwR5DLZFw\u00bb width=\u00bb1100&#8243; height=\u00bb980&#8243; autohide=\u00bbyes\u00bb mute=\u00bbno\u00bb rel=\u00bbno\u00bb modestbranding=\u00bbyes\u00bb theme=\u00bblight\u00bb title=\u00bbbggthgh\u00bb][\/column][\/row]\n[\/box]\n[\/tab][\/tabs]\n<hr \/>\n","protected":false},"excerpt":{"rendered":"<p>Capacitaciones [tabs] [tab title=\u00bbPrimera Jornada\u00bb disabled=\u00bbno\u00bb anchor=\u00bb\u00bb url=\u00bb\u00bb target=\u00bbblank\u00bb class=\u00bb\u00bb] [box title=\u00bbPrimera Jornada de Capacitaciones &#8216;Aprendiendo de G\u00e9nero desde Casa&#8217; \u00bb box_color=\u00bb#3B0859&#8243; title_color=\u00bb#FFFFFF\u00bb radius=\u00bb3&#8243;][row][column size=\u00bb1\/2&#8243; center=\u00bbno\u00bb class=\u00bb\u00bb] Tema:\u00bbABC de G\u00e9nero\u00bb [youtube url=\u00bbhttps:\/\/youtu.be\/CLsoZ4kQutw\u00bb width=\u00bb1100&#8243; height=\u00bb980&#8243; autohide=\u00bbyes\u00bb mute=\u00bbno\u00bb rel=\u00bbno\u00bb modestbranding=\u00bbyes\u00bb theme=\u00bblight\u00bb title=\u00bbbggthgh\u00bb][\/column][column size=\u00bb1\/2&#8243; center=\u00bbno\u00bb class=\u00bb\u00bb] Tema: \u00abViolencia Contra las Mujeres. Tipos y Modalidades\u00bb [youtube url=\u00bbhttps:\/\/youtu.be\/9POcdwZKYEg\u00bb width=\u00bb1100&#8243; height=\u00bb980&#8243; [&hellip;]<\/p>\n","protected":false},"author":78,"featured_media":5901,"parent":0,"menu_order":0,"comment_status":"closed","ping_status":"closed","template":"","meta":{"episode_type":"","audio_file":"","podmotor_file_id":"","podmotor_episode_id":"","cover_image":"","cover_image_id":"","duration":"","filesize":"","filesize_raw":"","date_recorded":"","explicit":"","block":"","itunes_episode_number":"","itunes_title":"","itunes_season_number":"","itunes_episode_type":"","footnotes":""},"categories":[],"tags":[],"class_list":["post-5295","page","type-page","status-publish","has-post-thumbnail","hentry"],"acf":[],"publishpress_future_action":{"enabled":false,"date":"2026-05-16 00:16:47","action":"change-status","newStatus":"draft","terms":[],"taxonomy":"category","extraData":[]},"publishpress_future_workflow_manual_trigger":{"enabledWorkflows":[]},"_links":{"self":[{"href":"https:\/\/www.oaxaca.gob.mx\/sm\/wp-json\/wp\/v2\/pages\/5295","targetHints":{"allow":["GET"]}}],"collection":[{"href":"https:\/\/www.oaxaca.gob.mx\/sm\/wp-json\/wp\/v2\/pages"}],"about":[{"href":"https:\/\/www.oaxaca.gob.mx\/sm\/wp-json\/wp\/v2\/types\/page"}],"author":[{"embeddable":true,"href":"https:\/\/www.oaxaca.gob.mx\/sm\/wp-json\/wp\/v2\/users\/78"}],"replies":[{"embeddable":true,"href":"https:\/\/www.oaxaca.gob.mx\/sm\/wp-json\/wp\/v2\/comments?post=5295"}],"version-history":[{"count":40,"href":"https:\/\/www.oaxaca.gob.mx\/sm\/wp-json\/wp\/v2\/pages\/5295\/revisions"}],"predecessor-version":[{"id":8093,"href":"https:\/\/www.oaxaca.gob.mx\/sm\/wp-json\/wp\/v2\/pages\/5295\/revisions\/8093"}],"wp:featuredmedia":[{"embeddable":true,"href":"https:\/\/www.oaxaca.gob.mx\/sm\/wp-json\/wp\/v2\/media\/5901"}],"wp:attachment":[{"href":"https:\/\/www.oaxaca.gob.mx\/sm\/wp-json\/wp\/v2\/media?parent=5295"}],"wp:term":[{"taxonomy":"category","embeddable":true,"href":"https:\/\/www.oaxaca.gob.mx\/sm\/wp-json\/wp\/v2\/categories?post=5295"},{"taxonomy":"post_tag","embeddable":true,"href":"https:\/\/www.oaxaca.gob.mx\/sm\/wp-json\/wp\/v2\/tags?post=5295"}],"curies":[{"name":"wp","href":"https:\/\/api.w.org\/{rel}","templated":true}]}}