{"id":5195,"date":"2020-03-26T10:53:36","date_gmt":"2020-03-26T16:53:36","guid":{"rendered":"https:\/\/www.oaxaca.gob.mx\/smo\/?page_id=5195"},"modified":"2022-10-19T13:53:56","modified_gmt":"2022-10-19T18:53:56","slug":"5195-2","status":"publish","type":"page","link":"https:\/\/www.oaxaca.gob.mx\/sm\/5195-2\/","title":{"rendered":"En Contingencia Estamos Contigo"},"content":{"rendered":"<p><img decoding=\"async\" class=\"aligncenter\" src=\"https:\/\/www.oaxaca.gob.mx\/smo\/wp-content\/uploads\/sites\/72\/2020\/04\/banner-en-contingencia-estamos-contigo-1500x300-ok.png\" alt=\"\" width=\"100%\" height=\"\" \/><br \/>\n<div class=\"su-box su-box-style-default\" id=\"\" style=\"border-color:#080026;border-radius:3px;max-width:none\"><div class=\"su-box-title\" style=\"background-color:#3B0859;color:#FFFFFF;border-top-left-radius:1px;border-top-right-radius:1px\"><\/div><div class=\"su-box-content su-u-clearfix su-u-trim\" style=\"border-bottom-left-radius:1px;border-bottom-right-radius:1px\"><div class=\"su-youtube su-u-responsive-media-yes\"><iframe loading=\"lazy\" width=\"50%\" height=\"\" src=\"https:\/\/www.youtube.com\/embed\/Zsf3cUkyTDU?autohide=1&amp;autoplay=1&amp;mute=0&amp;controls=1&amp;fs=1&amp;loop=1&amp;modestbranding=1&amp;playlist=Zsf3cUkyTDU&amp;rel=0&amp;showinfo=1&amp;theme=light&amp;wmode=&amp;playsinline=0\" frameborder=\"0\" allowfullscreen allow=\"autoplay; encrypted-media; picture-in-picture\" title=\"\"><\/iframe><\/div><\/div><\/div>\n<h3><strong>En el marco del confinamiento sanitario por Covid19, y con el objetivo de mantener informada a la ciudadan\u00eda sobre los temas de la agenda de g\u00e9nero que sustentan la pol\u00edtica de Igualdad entre mujeres y hombres, abrirnos este espacio \u00bbEn contingencia #EstamosContigo\u201d, donde se concentran diversas herramientas que nos permite mantener contacto permanente tanto con la poblaci\u00f3n abierta, como con usuarias y nuevas usuarias en la entidad y sus comunidades.<\/strong><\/h3>\n<div class=\"su-row\"><div class=\"su-column su-column-size-1-3\"><div class=\"su-column-inner su-u-clearfix su-u-trim\">\n<p style=\"text-align: center\"><a href=\"https:\/\/www.oaxaca.gob.mx\/smo\/5263-2\/\"><img decoding=\"async\" class=\"img-circle\" src=\"https:\/\/www.oaxaca.gob.mx\/smo\/wp-content\/uploads\/sites\/72\/2020\/03\/1.png\" alt=\"\" width=\"60%\" height=\"\" \/><\/a><\/p>\n<h3 style=\"text-align: center\"><strong>Medidas de Prevenci\u00f3n<\/strong><\/h3>\n<\/div><\/div><div class=\"su-column su-column-size-1-3\"><div class=\"su-column-inner su-u-clearfix su-u-trim\">\n<p style=\"text-align: center\"><a href=\"https:\/\/www.oaxaca.gob.mx\/smo\/5279-2\/\"><img decoding=\"async\" src=\"https:\/\/www.oaxaca.gob.mx\/smo\/wp-content\/uploads\/sites\/72\/2020\/04\/icononoestassola.png\" alt=\"\" width=\"60%\" height=\"\" \/><\/a><\/p>\n<h3 style=\"text-align: center\"><strong>#NoEst\u00e1sSola<\/strong><\/h3>\n<\/div><\/div><div class=\"su-column su-column-size-1-3\"><div class=\"su-column-inner su-u-clearfix su-u-trim\">\n<p style=\"text-align: center\"><a href=\"https:\/\/www.oaxaca.gob.mx\/smo\/5359-2\/\"><img decoding=\"async\" src=\"https:\/\/www.oaxaca.gob.mx\/smo\/wp-content\/uploads\/sites\/72\/2020\/04\/icono6.png\" alt=\"\" width=\"60%\" height=\"\" \/><\/a><\/p>\n<h3 style=\"text-align: center\"><strong>Salud Emocional<\/strong><\/h3>\n<\/div><\/div><\/div>\n<div class=\"su-row\"><div class=\"su-column su-column-size-1-3\"><div class=\"su-column-inner su-u-clearfix su-u-trim\">\n<p style=\"text-align: center\"><a href=\"https:\/\/www.oaxaca.gob.mx\/smo\/5295-2\/\"><img decoding=\"async\" src=\"https:\/\/www.oaxaca.gob.mx\/smo\/wp-content\/uploads\/sites\/72\/2020\/03\/3.png\" alt=\"\" width=\"60%\" height=\"\" \/><\/a><\/p>\n<h3 style=\"text-align: center\"><strong>Capacitaciones<\/strong><\/h3>\n<\/div><\/div><div class=\"su-column su-column-size-1-3\"><div class=\"su-column-inner su-u-clearfix su-u-trim\">\n<p style=\"text-align: center\"><a><img alt=\"\" width=\"60%\" height=\"\" \/><\/a><\/p>\n<h3 style=\"text-align: center\"><\/h3>\n<\/div><\/div><div class=\"su-column su-column-size-1-3\"><div class=\"su-column-inner su-u-clearfix su-u-trim\">\n<p style=\"text-align: center\"><a href=\"https:\/\/www.oaxaca.gob.mx\/smo\/5289-2\/\"><img decoding=\"async\" src=\"https:\/\/www.oaxaca.gob.mx\/smo\/wp-content\/uploads\/sites\/72\/2020\/03\/4.png\" alt=\"\" width=\"60%\" height=\"\" \/><\/a><\/p>\n<h3 style=\"text-align: center\"><strong>Lecturas Recomendadas<\/strong><\/h3>\n<\/div><\/div><\/div>\n","protected":false},"excerpt":{"rendered":"<p>En el marco del confinamiento sanitario por Covid19, y con el objetivo de mantener informada a la ciudadan\u00eda sobre los temas de la agenda de g\u00e9nero que sustentan la pol\u00edtica de Igualdad entre mujeres y hombres, abrirnos este espacio \u00bbEn contingencia #EstamosContigo\u201d, donde se concentran diversas herramientas que nos permite mantener contacto permanente tanto con [&hellip;]<\/p>\n","protected":false},"author":78,"featured_media":0,"parent":0,"menu_order":0,"comment_status":"closed","ping_status":"closed","template":"","meta":{"episode_type":"","audio_file":"","podmotor_file_id":"","podmotor_episode_id":"","cover_image":"","cover_image_id":"","duration":"","filesize":"","filesize_raw":"","date_recorded":"","explicit":"","block":"","itunes_episode_number":"","itunes_title":"","itunes_season_number":"","itunes_episode_type":"","footnotes":""},"categories":[],"tags":[],"class_list":["post-5195","page","type-page","status-publish","hentry"],"acf":[],"publishpress_future_action":{"enabled":false,"date":"2026-05-18 12:47:59","action":"change-status","newStatus":"draft","terms":[],"taxonomy":"category","extraData":[]},"publishpress_future_workflow_manual_trigger":{"enabledWorkflows":[]},"_links":{"self":[{"href":"https:\/\/www.oaxaca.gob.mx\/sm\/wp-json\/wp\/v2\/pages\/5195","targetHints":{"allow":["GET"]}}],"collection":[{"href":"https:\/\/www.oaxaca.gob.mx\/sm\/wp-json\/wp\/v2\/pages"}],"about":[{"href":"https:\/\/www.oaxaca.gob.mx\/sm\/wp-json\/wp\/v2\/types\/page"}],"author":[{"embeddable":true,"href":"https:\/\/www.oaxaca.gob.mx\/sm\/wp-json\/wp\/v2\/users\/78"}],"replies":[{"embeddable":true,"href":"https:\/\/www.oaxaca.gob.mx\/sm\/wp-json\/wp\/v2\/comments?post=5195"}],"version-history":[{"count":110,"href":"https:\/\/www.oaxaca.gob.mx\/sm\/wp-json\/wp\/v2\/pages\/5195\/revisions"}],"predecessor-version":[{"id":11383,"href":"https:\/\/www.oaxaca.gob.mx\/sm\/wp-json\/wp\/v2\/pages\/5195\/revisions\/11383"}],"wp:attachment":[{"href":"https:\/\/www.oaxaca.gob.mx\/sm\/wp-json\/wp\/v2\/media?parent=5195"}],"wp:term":[{"taxonomy":"category","embeddable":true,"href":"https:\/\/www.oaxaca.gob.mx\/sm\/wp-json\/wp\/v2\/categories?post=5195"},{"taxonomy":"post_tag","embeddable":true,"href":"https:\/\/www.oaxaca.gob.mx\/sm\/wp-json\/wp\/v2\/tags?post=5195"}],"curies":[{"name":"wp","href":"https:\/\/api.w.org\/{rel}","templated":true}]}}