{"id":3949,"date":"2019-06-03T09:05:25","date_gmt":"2019-06-03T15:05:25","guid":{"rendered":"http:\/\/www.smo.oaxaca.gob.mx\/?page_id=3465"},"modified":"2019-06-03T09:05:25","modified_gmt":"2019-06-03T15:05:25","slug":"dia-naranja","status":"publish","type":"page","link":"https:\/\/www.oaxaca.gob.mx\/sm\/dia-naranja\/","title":{"rendered":"D\u00eda Naranja"},"content":{"rendered":"\n<p><strong>D\u00eda Naranja<\/strong><\/p>\n<p>El D\u00eda Naranja y la Campa\u00f1a Naranja buscan movilizar a la opini\u00f3n p\u00fablica y a los gobiernos para emprender acciones concretas con el fin de promover y fomentar la cultura de la no violencia contra las mujeres y ni\u00f1as.<\/p>\n<p><a href=\"http:\/\/www.smo.oaxaca.gob.mx\/wp-content\/uploads\/2018\/01\/Portada-para-WEB.png\" target=\"_blank\" rel=\"noopener noreferrer\"><img loading=\"lazy\" decoding=\"async\" class=\"img-responsive wp-image-437 alignnone \" src=\"http:\/\/www.smo.oaxaca.gob.mx\/wp-content\/uploads\/2018\/01\/Portada-para-WEB-1024x404.png\" alt=\"\" width=\"785\" height=\"310\" srcset=\"https:\/\/www.oaxaca.gob.mx\/sm\/wp-content\/uploads\/sites\/72\/2018\/01\/Portada-para-WEB-1024x404.png 1024w, https:\/\/www.oaxaca.gob.mx\/sm\/wp-content\/uploads\/sites\/72\/2018\/01\/Portada-para-WEB-300x118.png 300w, https:\/\/www.oaxaca.gob.mx\/sm\/wp-content\/uploads\/sites\/72\/2018\/01\/Portada-para-WEB-768x303.png 768w, https:\/\/www.oaxaca.gob.mx\/sm\/wp-content\/uploads\/sites\/72\/2018\/01\/Portada-para-WEB.png 1140w\" sizes=\"auto, (max-width: 785px) 100vw, 785px\" \/><\/a><\/p>\n<p>&nbsp;<br \/>\n<div class=\"su-custom-gallery su-custom-gallery-align-left su-custom-gallery-title-never su-lightbox-gallery\"><div class=\"su-custom-gallery-slide\" style=\"width:270px;height:200px\"><a href=\"https:\/\/www.oaxaca.gob.mx\/sm\/wp-content\/uploads\/sites\/72\/2018\/08\/1.jpeg\" title=\"1\"><img loading=\"lazy\" decoding=\"async\" src=\"https:\/\/www.oaxaca.gob.mx\/sm\/wp-content\/uploads\/sites\/72\/2018\/08\/1.jpeg\" alt=\"1\" width=\"270\" height=\"200\" \/><span class=\"su-custom-gallery-title\">1<\/span><\/a><\/div><div class=\"su-custom-gallery-slide\" style=\"width:270px;height:200px\"><a href=\"https:\/\/www.oaxaca.gob.mx\/sm\/wp-content\/uploads\/sites\/72\/2018\/08\/2.jpeg\" title=\"2\"><img loading=\"lazy\" decoding=\"async\" src=\"https:\/\/www.oaxaca.gob.mx\/sm\/wp-content\/uploads\/sites\/72\/2018\/08\/2.jpeg\" alt=\"2\" width=\"270\" height=\"200\" \/><span class=\"su-custom-gallery-title\">2<\/span><\/a><\/div><div class=\"su-custom-gallery-slide\" style=\"width:270px;height:200px\"><a href=\"https:\/\/www.oaxaca.gob.mx\/sm\/wp-content\/uploads\/sites\/72\/2018\/08\/3.jpeg\" title=\"3\"><img loading=\"lazy\" decoding=\"async\" src=\"https:\/\/www.oaxaca.gob.mx\/sm\/wp-content\/uploads\/sites\/72\/2018\/08\/3.jpeg\" alt=\"3\" width=\"270\" height=\"200\" \/><span class=\"su-custom-gallery-title\">3<\/span><\/a><\/div><div class=\"su-custom-gallery-slide\" style=\"width:270px;height:200px\"><a href=\"https:\/\/www.oaxaca.gob.mx\/sm\/wp-content\/uploads\/sites\/72\/2018\/08\/4.jpeg\" title=\"4\"><img loading=\"lazy\" decoding=\"async\" src=\"https:\/\/www.oaxaca.gob.mx\/sm\/wp-content\/uploads\/sites\/72\/2018\/08\/4.jpeg\" alt=\"4\" width=\"270\" height=\"200\" \/><span class=\"su-custom-gallery-title\">4<\/span><\/a><\/div><div class=\"su-custom-gallery-slide\" style=\"width:270px;height:200px\"><a href=\"https:\/\/www.oaxaca.gob.mx\/sm\/wp-content\/uploads\/sites\/72\/2018\/08\/5.jpeg\" title=\"5\"><img loading=\"lazy\" decoding=\"async\" src=\"https:\/\/www.oaxaca.gob.mx\/sm\/wp-content\/uploads\/sites\/72\/2018\/08\/5.jpeg\" alt=\"5\" width=\"270\" height=\"200\" \/><span class=\"su-custom-gallery-title\">5<\/span><\/a><\/div><div class=\"su-custom-gallery-slide\" style=\"width:270px;height:200px\"><a href=\"https:\/\/www.oaxaca.gob.mx\/sm\/wp-content\/uploads\/sites\/72\/2018\/08\/6.jpeg\" title=\"6\"><img loading=\"lazy\" decoding=\"async\" src=\"https:\/\/www.oaxaca.gob.mx\/sm\/wp-content\/uploads\/sites\/72\/2018\/08\/6.jpeg\" alt=\"6\" width=\"270\" height=\"200\" \/><span class=\"su-custom-gallery-title\">6<\/span><\/a><\/div><div class=\"su-custom-gallery-slide\" style=\"width:270px;height:200px\"><a href=\"https:\/\/www.oaxaca.gob.mx\/sm\/wp-content\/uploads\/sites\/72\/2018\/08\/1-1.jpeg\" title=\"1\"><img loading=\"lazy\" decoding=\"async\" src=\"https:\/\/www.oaxaca.gob.mx\/sm\/wp-content\/uploads\/sites\/72\/2018\/08\/1-1.jpeg\" alt=\"1\" width=\"270\" height=\"200\" \/><span class=\"su-custom-gallery-title\">1<\/span><\/a><\/div><div class=\"su-custom-gallery-slide\" style=\"width:270px;height:200px\"><a href=\"https:\/\/www.oaxaca.gob.mx\/sm\/wp-content\/uploads\/sites\/72\/2018\/08\/3-1.jpeg\" title=\"3\"><img loading=\"lazy\" decoding=\"async\" src=\"https:\/\/www.oaxaca.gob.mx\/sm\/wp-content\/uploads\/sites\/72\/2018\/08\/3-1.jpeg\" alt=\"3\" width=\"270\" height=\"200\" \/><span class=\"su-custom-gallery-title\">3<\/span><\/a><\/div><div class=\"su-custom-gallery-slide\" style=\"width:270px;height:200px\"><a href=\"https:\/\/www.oaxaca.gob.mx\/sm\/wp-content\/uploads\/sites\/72\/2018\/08\/2-1.jpeg\" title=\"2\"><img loading=\"lazy\" decoding=\"async\" src=\"https:\/\/www.oaxaca.gob.mx\/sm\/wp-content\/uploads\/sites\/72\/2018\/08\/2-1.jpeg\" alt=\"2\" width=\"270\" height=\"200\" \/><span class=\"su-custom-gallery-title\">2<\/span><\/a><\/div><div class=\"su-custom-gallery-slide\" style=\"width:270px;height:200px\"><a href=\"https:\/\/www.oaxaca.gob.mx\/sm\/wp-content\/uploads\/sites\/72\/2018\/08\/4-1.jpeg\" title=\"4\"><img loading=\"lazy\" decoding=\"async\" src=\"https:\/\/www.oaxaca.gob.mx\/sm\/wp-content\/uploads\/sites\/72\/2018\/08\/4-1.jpeg\" alt=\"4\" width=\"270\" height=\"200\" \/><span class=\"su-custom-gallery-title\">4<\/span><\/a><\/div><div class=\"su-custom-gallery-slide\" style=\"width:270px;height:200px\"><a href=\"https:\/\/www.oaxaca.gob.mx\/sm\/wp-content\/uploads\/sites\/72\/2018\/08\/5-1.jpeg\" title=\"5\"><img loading=\"lazy\" decoding=\"async\" src=\"https:\/\/www.oaxaca.gob.mx\/sm\/wp-content\/uploads\/sites\/72\/2018\/08\/5-1.jpeg\" alt=\"5\" width=\"270\" height=\"200\" \/><span class=\"su-custom-gallery-title\">5<\/span><\/a><\/div><div class=\"su-custom-gallery-slide\" style=\"width:270px;height:200px\"><a href=\"https:\/\/www.oaxaca.gob.mx\/sm\/wp-content\/uploads\/sites\/72\/2018\/08\/6-1.jpeg\" title=\"6\"><img loading=\"lazy\" decoding=\"async\" src=\"https:\/\/www.oaxaca.gob.mx\/sm\/wp-content\/uploads\/sites\/72\/2018\/08\/6-1.jpeg\" alt=\"6\" width=\"270\" height=\"200\" \/><span class=\"su-custom-gallery-title\">6<\/span><\/a><\/div><div class=\"su-custom-gallery-slide\" style=\"width:270px;height:200px\"><a href=\"https:\/\/www.oaxaca.gob.mx\/sm\/wp-content\/uploads\/sites\/72\/2018\/08\/WhatsApp-Image-2018-03-24-at-6.24.51-PM-1.jpeg\" title=\"WhatsApp Image 2018-03-24 at 6.24.51 PM\"><img loading=\"lazy\" decoding=\"async\" src=\"https:\/\/www.oaxaca.gob.mx\/sm\/wp-content\/uploads\/sites\/72\/2018\/08\/WhatsApp-Image-2018-03-24-at-6.24.51-PM-1.jpeg\" alt=\"WhatsApp Image 2018-03-24 at 6.24.51 PM\" width=\"270\" height=\"200\" \/><span class=\"su-custom-gallery-title\">WhatsApp Image 2018-03-24 at 6.24.51 PM<\/span><\/a><\/div><div class=\"su-custom-gallery-slide\" style=\"width:270px;height:200px\"><a href=\"https:\/\/www.oaxaca.gob.mx\/sm\/wp-content\/uploads\/sites\/72\/2018\/08\/WhatsApp-Image-2018-03-24-at-6.25.51-PM-1.jpeg\" title=\"WhatsApp Image 2018-03-24 at 6.25.51 PM\"><img loading=\"lazy\" decoding=\"async\" src=\"https:\/\/www.oaxaca.gob.mx\/sm\/wp-content\/uploads\/sites\/72\/2018\/08\/WhatsApp-Image-2018-03-24-at-6.25.51-PM-1.jpeg\" alt=\"WhatsApp Image 2018-03-24 at 6.25.51 PM\" width=\"270\" height=\"200\" \/><span class=\"su-custom-gallery-title\">WhatsApp Image 2018-03-24 at 6.25.51 PM<\/span><\/a><\/div><div class=\"su-custom-gallery-slide\" style=\"width:270px;height:200px\"><a href=\"https:\/\/www.oaxaca.gob.mx\/sm\/wp-content\/uploads\/sites\/72\/2018\/08\/DbodBdeVQAEq3M4.jpg\" title=\"DbodBdeVQAEq3M4\"><img loading=\"lazy\" decoding=\"async\" src=\"https:\/\/www.oaxaca.gob.mx\/sm\/wp-content\/uploads\/sites\/72\/2018\/08\/DbodBdeVQAEq3M4.jpg\" alt=\"DbodBdeVQAEq3M4\" width=\"270\" height=\"200\" \/><span class=\"su-custom-gallery-title\">DbodBdeVQAEq3M4<\/span><\/a><\/div><div class=\"su-custom-gallery-slide\" style=\"width:270px;height:200px\"><a href=\"https:\/\/www.oaxaca.gob.mx\/sm\/wp-content\/uploads\/sites\/72\/2018\/08\/Dboj2d4VwAAxn_H.jpg\" title=\"Dboj2d4VwAAxn_H\"><img loading=\"lazy\" decoding=\"async\" src=\"https:\/\/www.oaxaca.gob.mx\/sm\/wp-content\/uploads\/sites\/72\/2018\/08\/Dboj2d4VwAAxn_H.jpg\" alt=\"Dboj2d4VwAAxn_H\" width=\"270\" height=\"200\" \/><span class=\"su-custom-gallery-title\">Dboj2d4VwAAxn_H<\/span><\/a><\/div><div class=\"su-custom-gallery-slide\" style=\"width:270px;height:200px\"><a href=\"https:\/\/www.oaxaca.gob.mx\/sm\/wp-content\/uploads\/sites\/72\/2018\/08\/DbpJ6WeV0AAHtXF.jpg\" title=\"DbpJ6WeV0AAHtXF\"><img loading=\"lazy\" decoding=\"async\" src=\"https:\/\/www.oaxaca.gob.mx\/sm\/wp-content\/uploads\/sites\/72\/2018\/08\/DbpJ6WeV0AAHtXF.jpg\" alt=\"DbpJ6WeV0AAHtXF\" width=\"270\" height=\"200\" \/><span class=\"su-custom-gallery-title\">DbpJ6WeV0AAHtXF<\/span><\/a><\/div><div class=\"su-custom-gallery-slide\" style=\"width:270px;height:200px\"><a href=\"https:\/\/www.oaxaca.gob.mx\/sm\/wp-content\/uploads\/sites\/72\/2018\/08\/DeDF-GTVAAEuYA9.jpg\" title=\"DeDF-GTVAAEuYA9\"><img loading=\"lazy\" decoding=\"async\" src=\"https:\/\/www.oaxaca.gob.mx\/sm\/wp-content\/uploads\/sites\/72\/2018\/08\/DeDF-GTVAAEuYA9.jpg\" alt=\"DeDF-GTVAAEuYA9\" width=\"270\" height=\"200\" \/><span class=\"su-custom-gallery-title\">DeDF-GTVAAEuYA9<\/span><\/a><\/div><div class=\"su-custom-gallery-slide\" style=\"width:270px;height:200px\"><a href=\"https:\/\/www.oaxaca.gob.mx\/sm\/wp-content\/uploads\/sites\/72\/2018\/08\/DbpQh1rVwAAzBQT.jpg\" title=\"DbpQh1rVwAAzBQT\"><img loading=\"lazy\" decoding=\"async\" src=\"https:\/\/www.oaxaca.gob.mx\/sm\/wp-content\/uploads\/sites\/72\/2018\/08\/DbpQh1rVwAAzBQT.jpg\" alt=\"DbpQh1rVwAAzBQT\" width=\"270\" height=\"200\" \/><span class=\"su-custom-gallery-title\">DbpQh1rVwAAzBQT<\/span><\/a><\/div><div class=\"su-custom-gallery-slide\" style=\"width:270px;height:200px\"><a href=\"https:\/\/www.oaxaca.gob.mx\/sm\/wp-content\/uploads\/sites\/72\/2018\/08\/dia-naranjaI.png\" title=\"dia naranjaI\"><img loading=\"lazy\" decoding=\"async\" src=\"https:\/\/www.oaxaca.gob.mx\/sm\/wp-content\/uploads\/sites\/72\/2018\/08\/dia-naranjaI.png\" alt=\"dia naranjaI\" width=\"270\" height=\"200\" \/><span class=\"su-custom-gallery-title\">dia naranjaI<\/span><\/a><\/div><div class=\"su-custom-gallery-slide\" style=\"width:270px;height:200px\"><a href=\"https:\/\/www.oaxaca.gob.mx\/sm\/wp-content\/uploads\/sites\/72\/2018\/08\/24-abril-Matrimonio-Infantil.png\" title=\"24 abril Matrimonio Infantil\"><img loading=\"lazy\" decoding=\"async\" src=\"https:\/\/www.oaxaca.gob.mx\/sm\/wp-content\/uploads\/sites\/72\/2018\/08\/24-abril-Matrimonio-Infantil.png\" alt=\"24 abril Matrimonio Infantil\" width=\"270\" height=\"200\" \/><span class=\"su-custom-gallery-title\">24 abril Matrimonio Infantil<\/span><\/a><\/div><div class=\"su-clear\"><\/div><\/div>\n","protected":false},"excerpt":{"rendered":"<p>D\u00eda Naranja El D\u00eda Naranja y la Campa\u00f1a Naranja buscan movilizar a la opini\u00f3n p\u00fablica y a los gobiernos para emprender acciones concretas con el fin de promover y fomentar la cultura de la no violencia contra las mujeres y ni\u00f1as. &nbsp;<\/p>\n","protected":false},"author":1,"featured_media":0,"parent":0,"menu_order":2,"comment_status":"closed","ping_status":"closed","template":"","meta":{"episode_type":"","audio_file":"","podmotor_file_id":"","podmotor_episode_id":"","cover_image":"","cover_image_id":"","duration":"","filesize":"","filesize_raw":"","date_recorded":"","explicit":"","block":"","itunes_episode_number":"","itunes_title":"","itunes_season_number":"","itunes_episode_type":"","footnotes":""},"categories":[],"tags":[],"class_list":["post-3949","page","type-page","status-publish","hentry"],"acf":[],"publishpress_future_action":{"enabled":false,"date":"2026-04-23 01:44:50","action":"change-status","newStatus":"draft","terms":[],"taxonomy":"category","extraData":[]},"publishpress_future_workflow_manual_trigger":{"enabledWorkflows":[]},"_links":{"self":[{"href":"https:\/\/www.oaxaca.gob.mx\/sm\/wp-json\/wp\/v2\/pages\/3949","targetHints":{"allow":["GET"]}}],"collection":[{"href":"https:\/\/www.oaxaca.gob.mx\/sm\/wp-json\/wp\/v2\/pages"}],"about":[{"href":"https:\/\/www.oaxaca.gob.mx\/sm\/wp-json\/wp\/v2\/types\/page"}],"author":[{"embeddable":true,"href":"https:\/\/www.oaxaca.gob.mx\/sm\/wp-json\/wp\/v2\/users\/1"}],"replies":[{"embeddable":true,"href":"https:\/\/www.oaxaca.gob.mx\/sm\/wp-json\/wp\/v2\/comments?post=3949"}],"version-history":[{"count":0,"href":"https:\/\/www.oaxaca.gob.mx\/sm\/wp-json\/wp\/v2\/pages\/3949\/revisions"}],"wp:attachment":[{"href":"https:\/\/www.oaxaca.gob.mx\/sm\/wp-json\/wp\/v2\/media?parent=3949"}],"wp:term":[{"taxonomy":"category","embeddable":true,"href":"https:\/\/www.oaxaca.gob.mx\/sm\/wp-json\/wp\/v2\/categories?post=3949"},{"taxonomy":"post_tag","embeddable":true,"href":"https:\/\/www.oaxaca.gob.mx\/sm\/wp-json\/wp\/v2\/tags?post=3949"}],"curies":[{"name":"wp","href":"https:\/\/api.w.org\/{rel}","templated":true}]}}