{"id":3948,"date":"2019-06-03T08:45:38","date_gmt":"2019-06-03T14:45:38","guid":{"rendered":"http:\/\/www.smo.oaxaca.gob.mx\/?page_id=3460"},"modified":"2019-06-03T08:45:38","modified_gmt":"2019-06-03T14:45:38","slug":"a-ti-tambien-3","status":"publish","type":"page","link":"https:\/\/www.oaxaca.gob.mx\/sm\/a-ti-tambien-3\/","title":{"rendered":"A T\u00ed Tambi\u00e9n"},"content":{"rendered":"<p><strong>A T\u00ed Tambi\u00e9n<\/strong><\/p>\n<p>Es una campa\u00f1a de difusi\u00f3n, que busca dar a conocer \u00e1mbitos y tipos de violencia que muchas veces parecen normales, pero que en realidad no lo son; y c\u00f3mo esta violencia afecta a todas y todos.<\/p>\n<div id=\"su_slider_69e09372df6b5\" class=\"su-slider su-slider-centered su-slider-pages-yes su-slider-responsive-yes\" style=\"width:100%\" data-autoplay=\"3000\" data-speed=\"600\" data-mousewheel=\"true\"><div class=\"su-slider-slides\"><div class=\"su-slider-slide\"><a href=\"https:\/\/www.oaxaca.gob.mx\/sm\/wp-content\/uploads\/sites\/72\/2018\/07\/WhatsApp-Image-2018-03-14-at-10.08.53-AM1-1.jpeg\"  title=\"WhatsApp Image 2018-03-14 at 10.08.53 AM(1)\"><img decoding=\"async\" src=\"https:\/\/www.oaxaca.gob.mx\/sm\/wp-content\/uploads\/sites\/72\/2018\/07\/WhatsApp-Image-2018-03-14-at-10.08.53-AM1-1.jpeg\" alt=\"WhatsApp Image 2018-03-14 at 10.08.53 AM(1)\" \/><span class=\"su-slider-slide-title\">WhatsApp Image 2018-03-14 at 10.08.53 AM(1)<\/span><\/a><\/div><div class=\"su-slider-slide\"><a href=\"https:\/\/www.oaxaca.gob.mx\/sm\/wp-content\/uploads\/sites\/72\/2018\/07\/WhatsApp-Image-2018-03-14-at-10.08.53-AM2-2.jpeg\"  title=\"WhatsApp Image 2018-03-14 at 10.08.53 AM(2)\"><img decoding=\"async\" src=\"https:\/\/www.oaxaca.gob.mx\/sm\/wp-content\/uploads\/sites\/72\/2018\/07\/WhatsApp-Image-2018-03-14-at-10.08.53-AM2-2.jpeg\" alt=\"WhatsApp Image 2018-03-14 at 10.08.53 AM(2)\" \/><span class=\"su-slider-slide-title\">WhatsApp Image 2018-03-14 at 10.08.53 AM(2)<\/span><\/a><\/div><div class=\"su-slider-slide\"><a href=\"https:\/\/www.oaxaca.gob.mx\/sm\/wp-content\/uploads\/sites\/72\/2018\/07\/WhatsApp-Image-2018-03-14-at-10.08.53-AM3-2.jpeg\"  title=\"WhatsApp Image 2018-03-14 at 10.08.53 AM(3)\"><img decoding=\"async\" src=\"https:\/\/www.oaxaca.gob.mx\/sm\/wp-content\/uploads\/sites\/72\/2018\/07\/WhatsApp-Image-2018-03-14-at-10.08.53-AM3-2.jpeg\" alt=\"WhatsApp Image 2018-03-14 at 10.08.53 AM(3)\" \/><span class=\"su-slider-slide-title\">WhatsApp Image 2018-03-14 at 10.08.53 AM(3)<\/span><\/a><\/div><div class=\"su-slider-slide\"><a href=\"https:\/\/www.oaxaca.gob.mx\/sm\/wp-content\/uploads\/sites\/72\/2018\/07\/WhatsApp-Image-2018-03-14-at-10.08.53-AM-2.jpeg\"  title=\"WhatsApp Image 2018-03-14 at 10.08.53 AM\"><img decoding=\"async\" src=\"https:\/\/www.oaxaca.gob.mx\/sm\/wp-content\/uploads\/sites\/72\/2018\/07\/WhatsApp-Image-2018-03-14-at-10.08.53-AM-2.jpeg\" alt=\"WhatsApp Image 2018-03-14 at 10.08.53 AM\" \/><span class=\"su-slider-slide-title\">WhatsApp Image 2018-03-14 at 10.08.53 AM<\/span><\/a><\/div><\/div><div class=\"su-slider-nav\"><div class=\"su-slider-direction\"><span class=\"su-slider-prev\"><\/span><span class=\"su-slider-next\"><\/span><\/div><div class=\"su-slider-pagination\"><\/div><\/div><\/div>\n<p><a href=\"http:\/\/www.smo.oaxaca.gob.mx\/wp-content\/uploads\/2018\/07\/A-t\u00ed-tambi\u00e9n.png\" target=\"_blank\" rel=\"noopener noreferrer\"><img loading=\"lazy\" decoding=\"async\" class=\"aligncenter wp-image-1852\" src=\"http:\/\/www.smo.oaxaca.gob.mx\/wp-content\/uploads\/2018\/07\/A-t\u00ed-tambi\u00e9n-1024x103.png\" alt=\"\" width=\"595\" height=\"60\" srcset=\"https:\/\/www.oaxaca.gob.mx\/sm\/wp-content\/uploads\/sites\/72\/2018\/07\/A-t\u00ed-tambi\u00e9n-1024x103.png 1024w, https:\/\/www.oaxaca.gob.mx\/sm\/wp-content\/uploads\/sites\/72\/2018\/07\/A-t\u00ed-tambi\u00e9n-300x30.png 300w, https:\/\/www.oaxaca.gob.mx\/sm\/wp-content\/uploads\/sites\/72\/2018\/07\/A-t\u00ed-tambi\u00e9n-768x77.png 768w\" sizes=\"auto, (max-width: 595px) 100vw, 595px\" \/><\/a><\/p>\n<p><a href=\"https:\/\/www.youtube.com\/watch?v=5KCwJmzvTHs\" target=\"_blank\" rel=\"noopener noreferrer\"><div class=\"su-youtube su-u-responsive-media-yes\"><iframe loading=\"lazy\" width=\"600\" height=\"360\" src=\"https:\/\/www.youtube.com\/embed\/5KCwJmzvTHs?autohide=2&amp;autoplay=0&amp;mute=0&amp;controls=1&amp;fs=1&amp;loop=0&amp;modestbranding=0&amp;rel=1&amp;showinfo=1&amp;theme=light&amp;wmode=&amp;playsinline=0\" frameborder=\"0\" allowfullscreen allow=\"autoplay; encrypted-media; picture-in-picture\" title=\"\"><\/iframe><\/div><\/a><\/p>\n","protected":false},"excerpt":{"rendered":"<p>A T\u00ed Tambi\u00e9n Es una campa\u00f1a de difusi\u00f3n, que busca dar a conocer \u00e1mbitos y tipos de violencia que muchas veces parecen normales, pero que en realidad no lo son; y c\u00f3mo esta violencia afecta a todas y todos.<\/p>\n","protected":false},"author":1,"featured_media":0,"parent":0,"menu_order":2,"comment_status":"closed","ping_status":"closed","template":"","meta":{"episode_type":"","audio_file":"","podmotor_file_id":"","podmotor_episode_id":"","cover_image":"","cover_image_id":"","duration":"","filesize":"","filesize_raw":"","date_recorded":"","explicit":"","block":"","itunes_episode_number":"","itunes_title":"","itunes_season_number":"","itunes_episode_type":"","footnotes":""},"categories":[],"tags":[],"class_list":["post-3948","page","type-page","status-publish","hentry"],"acf":[],"publishpress_future_action":{"enabled":false,"date":"2026-04-23 01:44:50","action":"change-status","newStatus":"draft","terms":[],"taxonomy":"category","extraData":[]},"publishpress_future_workflow_manual_trigger":{"enabledWorkflows":[]},"_links":{"self":[{"href":"https:\/\/www.oaxaca.gob.mx\/sm\/wp-json\/wp\/v2\/pages\/3948","targetHints":{"allow":["GET"]}}],"collection":[{"href":"https:\/\/www.oaxaca.gob.mx\/sm\/wp-json\/wp\/v2\/pages"}],"about":[{"href":"https:\/\/www.oaxaca.gob.mx\/sm\/wp-json\/wp\/v2\/types\/page"}],"author":[{"embeddable":true,"href":"https:\/\/www.oaxaca.gob.mx\/sm\/wp-json\/wp\/v2\/users\/1"}],"replies":[{"embeddable":true,"href":"https:\/\/www.oaxaca.gob.mx\/sm\/wp-json\/wp\/v2\/comments?post=3948"}],"version-history":[{"count":0,"href":"https:\/\/www.oaxaca.gob.mx\/sm\/wp-json\/wp\/v2\/pages\/3948\/revisions"}],"wp:attachment":[{"href":"https:\/\/www.oaxaca.gob.mx\/sm\/wp-json\/wp\/v2\/media?parent=3948"}],"wp:term":[{"taxonomy":"category","embeddable":true,"href":"https:\/\/www.oaxaca.gob.mx\/sm\/wp-json\/wp\/v2\/categories?post=3948"},{"taxonomy":"post_tag","embeddable":true,"href":"https:\/\/www.oaxaca.gob.mx\/sm\/wp-json\/wp\/v2\/tags?post=3948"}],"curies":[{"name":"wp","href":"https:\/\/api.w.org\/{rel}","templated":true}]}}