{"id":3467,"date":"2019-05-30T21:37:30","date_gmt":"2019-05-30T19:37:30","guid":{"rendered":"https:\/\/www.oaxaca.gob.mx\/smo\/?page_id=3467"},"modified":"2019-05-30T21:37:30","modified_gmt":"2019-05-30T19:37:30","slug":"marco-juridico","status":"publish","type":"page","link":"https:\/\/www.oaxaca.gob.mx\/sm\/marco-juridico\/","title":{"rendered":"Marco Jur\u00eddico"},"content":{"rendered":"\n<table id=\"tablepress-tbl_normatividad\" class=\"tablepress tablepress-id-tbl_normatividad\">\n<thead>\n<tr class=\"row-1\">\n\t<th class=\"column-1\">Nombre del Documento<\/th><th class=\"column-2\">Descargar<\/th>\n<\/tr>\n<\/thead>\n<tbody class=\"row-striping row-hover\">\n<tr class=\"row-2\">\n\t<td class=\"column-1\">Ley Estatal de Acceso de las Mujeres a una Vida Libre de Violencia de G\u00e9nero<\/td><td class=\"column-2\"><a href=\"https:\/\/www.oaxaca.gob.mx\/sm\/wp-content\/uploads\/sites\/72\/2025\/11\/Ley_Estatal_de_Acceso_de_las_Mujeres_a_una_vida_libre_de_violencia_de_genero_Ref_Dto_2513_aprob_LXV_Legis_11_nov_2024_PO_14_23a_secc_5_abr_2025.pdf\" target=\"_blank\" rel=\"noopener\"><i class=\"far fa-file-pdf fa-2x\">\u00a0<\/i><\/a> <\/td>\n<\/tr>\n<tr class=\"row-3\">\n\t<td class=\"column-1\">Reglamento de la Ley Estatal de Acceso de las Mujeres a una Vida Libre de Violencia de G\u00e9nero<\/td><td class=\"column-2\"><a href=\"https:\/\/www.oaxaca.gob.mx\/sm\/wp-content\/uploads\/sites\/72\/2025\/11\/37-REGLAMENTO-DE-LA-LEY-ESTATAL-DE-ACCESO-DE-LAS-MUJRES-A-UNA-VIDA-LIBRE-DE-VIOLENCIA-DE-GENERO.pdf\" target=\"_blank\" rel=\"noopener\"><i class=\"far fa-file-pdf fa-2x\">\u00a0<\/i><\/a> <\/td>\n<\/tr>\n<tr class=\"row-4\">\n\t<td class=\"column-1\">Reglamento Interno <\/td><td class=\"column-2\"><a href=\"https:\/\/www.oaxaca.gob.mx\/sm\/wp-content\/uploads\/sites\/72\/2025\/09\/SEC10-32DA-2025-03-08.pdf\" target=\"_blank\" rel=\"noopener\"><i class=\"far fa-file-pdf fa-2x\">\u00a0<\/i><\/a> <\/td>\n<\/tr>\n<tr class=\"row-5\">\n\t<td class=\"column-1\">Constituci\u00f3n Pol\u00edtica de los Estados Unidos Mexicanos<\/td><td class=\"column-2\"><a href=\"https:\/\/www.diputados.gob.mx\/LeyesBiblio\/pdf\/CPEUM.pdf\" target=\"_blank\" rel=\"noopener\"><i class=\"far fa-file-pdf fa-2x\">\u00a0<\/i><\/a><br \/>\n      <\/td>\n<\/tr>\n<tr class=\"row-6\">\n\t<td class=\"column-1\">Constituci\u00f3n Pol\u00edtica del Estado Libre y Soberano de Oaxaca<\/td><td class=\"column-2\"><a href=\"https:\/\/www.congresooaxaca.gob.mx\/docs65.congresooaxaca.gob.mx\/legislacion_estatal\/Constitucion_Politica_del_Estado_Libre_y_Soberano_de_Oaxaca_(Ref_dto_1624_aprob_LXV_Legis_13_dic_2023_PO_52_7a_secc_30_diciembre_2023).pdf\" target=\"_blank\" rel=\"noopener\"><i class=\"far fa-file-pdf fa-2x\">\u00a0<\/i><\/a><br \/>\n      <\/td>\n<\/tr>\n<tr class=\"row-7\">\n\t<td class=\"column-1\">Decreto de Creaci\u00f3n de la Secretar\u00eda de la Mujer Oaxaque\u00f1a<\/td><td class=\"column-2\"><a href=\"https:\/\/www.oaxaca.gob.mx\/sm\/wp-content\/uploads\/sites\/72\/2022\/09\/3-DECRETO-2054-DE-CREACION-DE-LA-SECRETARIA-DE-LA-MUJER-OAXAQUENA.pdf\" target=\"_blank\" rel=\"noopener\"><i class=\"far fa-file-pdf fa-2x\">\u00a0<\/i><\/a><br \/>\n      <\/td>\n<\/tr>\n<tr class=\"row-8\">\n\t<td class=\"column-1\">Ley General de Transparencia y Acceso a la Informaci\u00f3n P\u00fablica<\/td><td class=\"column-2\"><a href=\"https:\/\/www.diputados.gob.mx\/LeyesBiblio\/pdf\/LGTAIP.pdf\" target=\"_blank\" rel=\"noopener\"><i class=\"far fa-file-pdf fa-2x\">\u00a0<\/i><\/a><br \/>\n      <\/td>\n<\/tr>\n<tr class=\"row-9\">\n\t<td class=\"column-1\"> Lineamientos T\u00e9cnicos Generales de la\u00a0LGTAIP<br \/>\n      <\/td><td class=\"column-2\"><a href=\"https:\/\/www.oaxaca.gob.mx\/sm\/wp-content\/uploads\/sites\/72\/2024\/09\/LINEAMIENTOS-TECNICOS-GENERALES-DE-LA-LGTAIP.pdf\" target=\"_blank\" rel=\"noopener\"><i class=\"far fa-file-pdf fa-2x\">\u00a0<\/i><\/a><br \/>\n      <\/td>\n<\/tr>\n<tr class=\"row-10\">\n\t<td class=\"column-1\">Ley\u00a0de Transparencia, Acceso a la Informaci\u00f3n P\u00fablica con Sentido Social y buen Gobierno del Estado de Oaxaca\u00a0<\/td><td class=\"column-2\"><a href=\"https:\/\/www.oaxaca.gob.mx\/sm\/wp-content\/uploads\/sites\/72\/2026\/01\/Ley-de-Transparencia-Acceso-a-la-Informacion-Publica-con-Sentido-Social-y-Buen-Gobierno-del-Estado-de-Oaxaca.pdf\" target=\"_blank\" rel=\"noopener\"><i class=\"far fa-file-pdf fa-2x\">\u00a0<\/i><\/a><br \/>\n      <\/td>\n<\/tr>\n<tr class=\"row-11\">\n\t<td class=\"column-1\">Ley Org\u00e1nica del Poder Ejecutivo del Estado de Oaxaca<\/td><td class=\"column-2\"><a href=\"https:\/\/www.congresooaxaca.gob.mx\/docs65.congresooaxaca.gob.mx\/legislacion_estatal\/Ley_Organica_del_Poder_Ejecutivo_(Ref_dto_1721_aprob_LXV_Legis_31_enero_2024_PO_Extra_31_enero_2024).pdf\" target=\"_blank\" rel=\"noopener\"><i class=\"far fa-file-pdf fa-2x\">\u00a0<\/i><\/a><br \/>\n      <\/td>\n<\/tr>\n<tr class=\"row-12\">\n\t<td class=\"column-1\">Reglamento de la Ley de Adquisiciones, Arrendamientos y Servicios del Sector P\u00fablico<\/td><td class=\"column-2\"><a href=\"https:\/\/www.oaxaca.gob.mx\/sm\/wp-content\/uploads\/sites\/72\/2023\/01\/REGLAMENTO-DE-LA-LEY-DE-ADQUISICIONES-ARRENDAMIENTOS-Y-SERVICIOS-DEL-SECTOR-PUBLICO.pdf\" target=\"_blank\" rel=\"noopener\"><i class=\"far fa-file-pdf fa-2x\">\u00a0<\/i><\/a><br \/>\n      <\/td>\n<\/tr>\n<tr class=\"row-13\">\n\t<td class=\"column-1\">Ley de Protecci\u00f3n de Datos Personales en Posesi\u00f3n de Sujetos Obligados en el Estado de Oaxaca<\/td><td class=\"column-2\"><a href=\"https:\/\/www.oaxaca.gob.mx\/sm\/wp-content\/uploads\/sites\/72\/2026\/01\/Ley-de-Proteccion-de-Datos-Perosnales-en-Posesicion-de-Sujetos-Obligados-en-el-Estado-de-Oaxaca.pdf\" target=\"_blank\" rel=\"noopener\"><i class=\"far fa-file-pdf fa-2x\">\u00a0<\/i><\/a><br \/>\n      <\/td>\n<\/tr>\n<tr class=\"row-14\">\n\t<td class=\"column-1\">Ley\u00a0de Adquisiciones, Enajenaciones, Arrendamientos, prestaci\u00f3n de servicios y administraci\u00f3n de Bienes Muebles e Inmuebles del Estado de Oaxaca<\/td><td class=\"column-2\"><a href=\"https:\/\/www.congresooaxaca.gob.mx\/docs65.congresooaxaca.gob.mx\/legislacion_estatal\/Ley_de_Adq_enaj_arrend_prest_serv_admon_bienes_muebles_e_inmuebles_(Ref_dto_1865_LXV_Legis_28_febrero_2024_PO_11_10a_secc_16_marzo_2024).pdf\"><i class=\"far fa-file-pdf fa-2x\">\u00a0<\/i><\/a><br \/>\n      <\/td>\n<\/tr>\n<tr class=\"row-15\">\n\t<td class=\"column-1\">Decreto de cambio de nomenclatura de la Secretar\u00eda de la Mujeres<\/td><td class=\"column-2\"><a href=\"https:\/\/www.oaxaca.gob.mx\/smo\/wp-content\/uploads\/sites\/72\/2023\/03\/EXT-DEC-2022-11-30.pdf\" target=\"_blank\" rel=\"noopener\"><i class=\"far fa-file-pdf fa-2x\">\u00a0<\/i><\/a><br \/>\n      <\/td>\n<\/tr>\n<tr class=\"row-16\">\n\t<td class=\"column-1\">Ley Contra la Violencia y Acoso entre Iguales para el Estado de Oaxaca<\/td><td class=\"column-2\"><a href=\"https:\/\/www.oaxaca.gob.mx\/sm\/wp-content\/uploads\/sites\/72\/2023\/11\/LEY-CONTRA-LA-VIOLENCIA-Y-ACOSO-ENTRE-IGUALES-PARA-EL-ESTADO-DE-OAXACA.pdf\" target=\"_blank\" rel=\"noopener noreferrer\"><i class=\"far fa-file-pdf fa-2x\">\u00a0<\/i><\/a><\/td>\n<\/tr>\n<tr class=\"row-17\">\n\t<td class=\"column-1\">Delitos Contra la Intimidad Sexual. Publicaci\u00f3n en el Peri\u00f3dico Oficial<\/td><td class=\"column-2\"><a href=\"https:\/\/www.oaxaca.gob.mx\/smo\/wp-content\/uploads\/sites\/72\/2020\/01\/Delitos-Contra-la-Intimidad-Sexual.-P\u00fablicaci\u00f3n-en-el-Peri\u00f3dico-Oficial.pdf\" target=\"_blank\" rel=\"noopener noreferrer\"><i class=\"far fa-file-pdf fa-2x\">\u00a0<\/i><\/a><\/td>\n<\/tr>\n<tr class=\"row-18\">\n\t<td class=\"column-1\">Ley de Derechos de los Pueblos y Comunidades\u00a0 Ind\u00edgenas del Estado de Oaxaca<\/td><td class=\"column-2\"><a href=\"https:\/\/www.oaxaca.gob.mx\/sm\/wp-content\/uploads\/sites\/72\/2025\/01\/Ley_de_Derechos_de_los_Pueblos_y_Comunidades_Indigenas_y_Afromexicano_del_Estado_de_Oaxaca_Dto_ref_778_aprob_LXV_Legis_18_ene_2023_PO_4_2a_secc_28_ene_2023.pdf\" target=\"_blank\" rel=\"noopener noreferrer\"><i class=\"far fa-file-pdf fa-2x\">\u00a0<\/i><\/a><\/td>\n<\/tr>\n<tr class=\"row-19\">\n\t<td class=\"column-1\">Ley de Fomento a la Lactancia Materna en el Estado de Oaxaca<\/td><td class=\"column-2\"><a href=\"https:\/\/www.oaxaca.gob.mx\/sm\/wp-content\/uploads\/sites\/72\/2025\/01\/Ley_de_Fomento_a_la_Lactancia_Materna_en_el_Estado_de_Oaxaca_Ref_dto_2336_aprob_LXV_Legis_17_julio_2024_PO_Extra_28_agosto_2024.pdf\" target=\"_blank\" rel=\"noopener noreferrer\"><i class=\"far fa-file-pdf fa-2x\">\u00a0<\/i><\/a><\/td>\n<\/tr>\n<tr class=\"row-20\">\n\t<td class=\"column-1\">Ley de la Defensor\u00eda P\u00fablica del Estado de Oaxaca<\/td><td class=\"column-2\"><a href=\"https:\/\/www.oaxaca.gob.mx\/sm\/wp-content\/uploads\/sites\/72\/2023\/11\/Ley_de_la_Defensoria_Publica_del_Estado_de_Oaxaca_Ref_dto_2889_aprob_LXIV_Legis_22_oct_2021_PO_49_6a_secc_4_dic_2021.pdf\" target=\"_blank\" rel=\"noopener noreferrer\"><i class=\"far fa-file-pdf fa-2x\">\u00a0<\/i><\/a><\/td>\n<\/tr>\n<tr class=\"row-21\">\n\t<td class=\"column-1\">Ley de la Defensor\u00eda de los Derechos Humanos del Pueblo de Oaxaca<\/td><td class=\"column-2\"><a href=\"https:\/\/www.oaxaca.gob.mx\/sm\/wp-content\/uploads\/sites\/72\/2025\/01\/Ley_de_la_Defensoria_Publica_del_Estado_de_Oaxaca_Ref_dto_2889_aprob_LXIV_Legis_22_oct_2021_PO_49_6a_secc_4_dic_2021.pdf\" target=\"_blank\" rel=\"noopener noreferrer\"><i class=\"far fa-file-pdf fa-2x\">\u00a0<\/i><\/a><\/td>\n<\/tr>\n<tr class=\"row-22\">\n\t<td class=\"column-1\">Ley de V\u00edctimas del Estado de Oaxaca<\/td><td class=\"column-2\"><a href=\"https:\/\/www.oaxaca.gob.mx\/sm\/wp-content\/uploads\/sites\/72\/2025\/01\/Ley_de_Victimas_del_Estado_de_Oaxaca_Ref_Dto_613_aprob_LXV_Legis_13_abr_2022_PO_20_4a_secc_14_may_2022.pdf\" target=\"_blank\" rel=\"noopener noreferrer\"><i class=\"far fa-file-pdf fa-2x\">\u00a0<\/i><\/a><\/td>\n<\/tr>\n<tr class=\"row-23\">\n\t<td class=\"column-1\">Ley General para Prevenir, Investigar y Sancionar la Tortura y otros Tratos o Penas Crueles, Inhumanos o Degradantes.<\/td><td class=\"column-2\"><a href=\"https:\/\/www.oaxaca.gob.mx\/sm\/wp-content\/uploads\/sites\/72\/2025\/01\/Ley_prevenir_investigar_sancionar_tortura_otros_tratos_o_penas_crueles_inhumanos_degrad_edo_Oax_Txt_orig_dto_1330_aprob_LXIII_legis_20_dic_2017_PO_Extra_5_abril_2018.pdf\" target=\"_blank\" rel=\"noopener noreferrer\"><i class=\"far fa-file-pdf fa-2x\">\u00a0<\/i><\/a><\/td>\n<\/tr>\n<tr class=\"row-24\">\n\t<td class=\"column-1\">Ley para Atender Prevenir y Eliminar la Discriminaci\u00f3n en el Estado de Oaxaca<\/td><td class=\"column-2\"><a href=\"https:\/\/www.oaxaca.gob.mx\/sm\/wp-content\/uploads\/sites\/72\/2025\/01\/Ley_para_atender_prevenir_y_eliminar_la_discriminacion_en_el_Estado_de_Oaxaca_Dto_ref_2384__aprob_LXV_Legis_21_ago_2024_PO_37_9a_secc_14_sep_2024.pdf\" target=\"_blank\" rel=\"noopener noreferrer\"><i class=\"far fa-file-pdf fa-2x\">\u00a0<\/i><\/a><\/td>\n<\/tr>\n<tr class=\"row-25\">\n\t<td class=\"column-1\">Ley para Prevenir, Sancionar y Erradicar los Delitos en Materia de Trata de Personas y para la Protecci\u00f3n y Asistencia a las V\u00edctimas de estos Delitos en el Estado de Oaxaca<\/td><td class=\"column-2\"><a href=\"https:\/\/www.oaxaca.gob.mx\/sm\/wp-content\/uploads\/sites\/72\/2023\/11\/Ley_PSEDMTPPAVDE_Oax.pdf\" target=\"_blank\" rel=\"noopener noreferrer\"><i class=\"far fa-file-pdf fa-2x\">\u00a0<\/i><\/a><\/td>\n<\/tr>\n<tr class=\"row-26\">\n\t<td class=\"column-1\">Reglamento de la Ley General de Acceso de las Mujeres a una Vida Libre de Violencia<\/td><td class=\"column-2\"><a href=\"https:\/\/www.oaxaca.gob.mx\/sm\/wp-content\/uploads\/sites\/72\/2023\/11\/Reglamento-de-la-Ley-General-de-Acceso-de-las-Mujeres-a-una-Vida-Libre-de-Violencia.pdf\" target=\"_blank\" rel=\"noopener noreferrer\"><i class=\"far fa-file-pdf fa-2x\">\u00a0<\/i><\/a><\/td>\n<\/tr>\n<tr class=\"row-27\">\n\t<td class=\"column-1\">Convenci\u00f3n Americana sobre Derechos Humanos<\/td><td class=\"column-2\"><a href=\"https:\/\/www.oaxaca.gob.mx\/sm\/wp-content\/uploads\/sites\/72\/2022\/09\/8-CONVENCION-AMERICANA-SOBRE-DERECHOS-HUMANOS-PACTO-DE-SAN-JOSE-DE-COSTA-RICA.pdf\"><i class=\"far fa-file-pdf fa-2x\">\u00a0<\/i><\/a><\/td>\n<\/tr>\n<tr class=\"row-28\">\n\t<td class=\"column-1\">Convenci\u00f3n de Belem Do Para<\/td><td class=\"column-2\"><a href=\"https:\/\/www.oaxaca.gob.mx\/sm\/wp-content\/uploads\/sites\/72\/2022\/09\/6-CONVENCION-INTERAMERICANA-PARA-PREVENIR-SANCIONAR-Y-ERRADICAR-LA-VIOLENCIA-CONTRA-LA-MUJER-BELEM-DO-PARA.pdf\"><i class=\"far fa-file-pdf fa-2x\">\u00a0<\/i><\/a><\/td>\n<\/tr>\n<tr class=\"row-29\">\n\t<td class=\"column-1\">Convenci\u00f3n sobre la Eliminaci\u00f3n de Todas las Formas de Discriminaci\u00f3n contra la Mujer CEDAW<\/td><td class=\"column-2\"><a href=\"https:\/\/www.oaxaca.gob.mx\/sm\/wp-content\/uploads\/sites\/72\/2023\/11\/11-Convencion-CEDAW.pdf\"><i class=\"far fa-file-pdf fa-2x\">\u00a0<\/i><\/a><\/td>\n<\/tr>\n<tr class=\"row-30\">\n\t<td class=\"column-1\">Declaraci\u00f3n sobre la Eliminaci\u00f3n de la Violencia Contra la Mujer<\/td><td class=\"column-2\"><a href=\"https:\/\/www.oaxaca.gob.mx\/sm\/wp-content\/uploads\/sites\/72\/2023\/11\/Declaracion-sobre-la-Eliminacion-de-la-Violencia-Contra-la-Mujer.pdf\"><i class=\"far fa-file-pdf fa-2x\">\u00a0<\/i><\/a><\/td>\n<\/tr>\n<tr class=\"row-31\">\n\t<td class=\"column-1\">Declaraci\u00f3n Universal de los Derechos Humanos<\/td><td class=\"column-2\"><a href=\"https:\/\/www.oaxaca.gob.mx\/sm\/wp-content\/uploads\/sites\/72\/2023\/11\/Declaracion-Universal-de-los-Derechos-Humanos.pdf\"><i class=\"far fa-file-pdf fa-2x\">\u00a0<\/i><\/a><\/td>\n<\/tr>\n<tr class=\"row-32\">\n\t<td class=\"column-1\">Informe de la 4ta Conferencia Mundial sobre la Mujer Declaraci\u00f3n y Plataforma de Acci\u00f3n de Beijing<\/td><td class=\"column-2\"><a href=\"https:\/\/www.oaxaca.gob.mx\/sm\/wp-content\/uploads\/sites\/72\/2023\/11\/Informe-de-la-4ta-Conferencia-Mundial-sobre-la-Mujer-Declaracion-y-Plataforma-de-Accion-de-Beijing.pdf\"><i class=\"far fa-file-pdf fa-2x\">\u00a0<\/i><\/a><\/td>\n<\/tr>\n<tr class=\"row-33\">\n\t<td class=\"column-1\">Protocolo Adicional a la Convenci\u00f3n Americana sobre Derechos Humanos en materia de Derechos Econ\u00f3micos, Sociales y Culturales \u201cProtocolo de San Salvador\u201d<\/td><td class=\"column-2\"><a href=\"https:\/\/www.oaxaca.gob.mx\/sm\/wp-content\/uploads\/sites\/72\/2023\/11\/Protocolo-Adicional-a-la-Convencion-Americana-sobre-Derechos-Humanos-en-materia-de-Derechos-Economicos-Sociales-y-Culturales-Protocolo-de-San-Salvador.pdf\"><i class=\"far fa-file-pdf fa-2x\">\u00a0<\/i><\/a><\/td>\n<\/tr>\n<tr class=\"row-34\">\n\t<td class=\"column-1\">Protocolo de Estambul Manual para la investigaci\u00f3n y documentaci\u00f3n eficaces de la tortura y otros tratos o penas crueles, inhumanos o degradantes<\/td><td class=\"column-2\"><a href=\"https:\/\/www.oaxaca.gob.mx\/sm\/wp-content\/uploads\/sites\/72\/2023\/11\/Protocolo-de-Estambul-Manual-para-la-investigacion-y-documentacion-eficaces-de-la-tortura-y-otros-tratos-o-penas-crueles-inhumanos-o-degradantes.pdf\"><i class=\"far fa-file-pdf fa-2x\">\u00a0<\/i><\/a><\/td>\n<\/tr>\n<tr class=\"row-35\">\n\t<td class=\"column-1\">Protocolo para Prevenir, Reprimir y Sancionar la Trata de Personas, especialmente Mujeres y Ni\u00f1os, que complementa la Convenci\u00f3n de las Naciones Unidas contra la Delincuencia Organizada<\/td><td class=\"column-2\"><a href=\"https:\/\/www.oaxaca.gob.mx\/sm\/wp-content\/uploads\/sites\/72\/2023\/11\/Protocolo-para-Prevenir-Reprimir-y-Sancionar-la-Trata-de-Personas-especialmente-Mujeres-y-Ninos-que-complementa-la-Convencion-de-las-Naciones-Unidas-contra-la-Delincuencia-Organizada.pdf\"><i class=\"far fa-file-pdf fa-2x\">\u00a0<\/i><\/a><\/td>\n<\/tr>\n<\/tbody>\n<\/table>\n<!-- #tablepress-tbl_normatividad from cache -->\n","protected":false},"excerpt":{"rendered":"","protected":false},"author":1,"featured_media":0,"parent":0,"menu_order":0,"comment_status":"closed","ping_status":"closed","template":"","meta":{"episode_type":"","audio_file":"","podmotor_file_id":"","podmotor_episode_id":"","cover_image":"","cover_image_id":"","duration":"","filesize":"","filesize_raw":"","date_recorded":"","explicit":"","block":"","itunes_episode_number":"","itunes_title":"","itunes_season_number":"","itunes_episode_type":"","footnotes":""},"categories":[],"tags":[],"class_list":["post-3467","page","type-page","status-publish","hentry"],"acf":[],"publishpress_future_action":{"enabled":false,"date":"2026-04-14 04:22:00","action":"change-status","newStatus":"draft","terms":[],"taxonomy":"category","extraData":[]},"publishpress_future_workflow_manual_trigger":{"enabledWorkflows":[]},"_links":{"self":[{"href":"https:\/\/www.oaxaca.gob.mx\/sm\/wp-json\/wp\/v2\/pages\/3467","targetHints":{"allow":["GET"]}}],"collection":[{"href":"https:\/\/www.oaxaca.gob.mx\/sm\/wp-json\/wp\/v2\/pages"}],"about":[{"href":"https:\/\/www.oaxaca.gob.mx\/sm\/wp-json\/wp\/v2\/types\/page"}],"author":[{"embeddable":true,"href":"https:\/\/www.oaxaca.gob.mx\/sm\/wp-json\/wp\/v2\/users\/1"}],"replies":[{"embeddable":true,"href":"https:\/\/www.oaxaca.gob.mx\/sm\/wp-json\/wp\/v2\/comments?post=3467"}],"version-history":[{"count":0,"href":"https:\/\/www.oaxaca.gob.mx\/sm\/wp-json\/wp\/v2\/pages\/3467\/revisions"}],"wp:attachment":[{"href":"https:\/\/www.oaxaca.gob.mx\/sm\/wp-json\/wp\/v2\/media?parent=3467"}],"wp:term":[{"taxonomy":"category","embeddable":true,"href":"https:\/\/www.oaxaca.gob.mx\/sm\/wp-json\/wp\/v2\/categories?post=3467"},{"taxonomy":"post_tag","embeddable":true,"href":"https:\/\/www.oaxaca.gob.mx\/sm\/wp-json\/wp\/v2\/tags?post=3467"}],"curies":[{"name":"wp","href":"https:\/\/api.w.org\/{rel}","templated":true}]}}