{"id":3465,"date":"2019-05-30T21:37:30","date_gmt":"2019-05-30T19:37:30","guid":{"rendered":"https:\/\/www.oaxaca.gob.mx\/smo\/?page_id=3465"},"modified":"2022-09-08T09:50:32","modified_gmt":"2022-09-08T14:50:32","slug":"titular-de-la-dependencia","status":"publish","type":"page","link":"https:\/\/www.oaxaca.gob.mx\/sm\/titular-de-la-dependencia\/","title":{"rendered":"Titular 2"},"content":{"rendered":"<div class=\"row justify-content-center\">\n<div class=\"col-lg-12 text-center\"><img loading=\"lazy\" decoding=\"async\" class=\"size-medium wp-image-4048 aligncenter\" src=\"\/smo\/wp-content\/uploads\/sites\/72\/2019\/09\/fotografia_de_la_titular_SMO-300x235.jpeg\" alt=\"\" width=\"300\" height=\"235\" srcset=\"https:\/\/www.oaxaca.gob.mx\/sm\/wp-content\/uploads\/sites\/72\/2019\/09\/fotografia_de_la_titular_SMO-300x235.jpeg 300w, https:\/\/www.oaxaca.gob.mx\/sm\/wp-content\/uploads\/sites\/72\/2019\/09\/fotografia_de_la_titular_SMO-768x600.jpeg 768w, https:\/\/www.oaxaca.gob.mx\/sm\/wp-content\/uploads\/sites\/72\/2019\/09\/fotografia_de_la_titular_SMO-1024x801.jpeg 1024w, https:\/\/www.oaxaca.gob.mx\/sm\/wp-content\/uploads\/sites\/72\/2019\/09\/fotografia_de_la_titular_SMO.jpeg 1091w\" sizes=\"auto, (max-width: 300px) 100vw, 300px\" \/><\/div>\n<\/div>\n<div class=\"row mt-4\">\n<div class=\"col-lg-12\">\n<p style=\"text-align: center\"><strong>Mtra. Ana V\u00e1squez Colmenares <\/strong><\/p>\n<p><strong>Titular de la Secretar\u00eda de las Mujeres de Oaxaca<\/strong>; anteriormente, fue Secretaria de las Culturas y Artes de Oaxaca.<\/p>\n<p>Estudio\u0301 <strong>Ciencia Poli\u0301tica en el ITAM, <\/strong>as\u00ed como <strong>dos maestri\u0301as en la Universidad de Columbia <\/strong>en Nueva York. Finalizo\u0301 <strong>tambie\u0301n la Maestri\u0301a en Ge\u0301nero, Derecho y Procesal Penal en el Centro de Estudios de Posgrado <\/strong>de Oaxaca, y los siguientes <strong>Diplomados: Violencia Familiar y Derechos Humanos <\/strong>de la UNAM<strong>; Prevencio\u0301n de las Violencias y Fortalecimiento de la Seguridad Ciudadana <\/strong>de la Fundacio\u0301n Slim; <strong>Prevencio\u0301n Integral y Control Inteligente de la Violencia y el Delito con Perspectiva de Ge\u0301nero, <\/strong>del Secretariado Ejecutivo del Sistema Estatal de Seguridad Pu\u0301blica de Oaxaca.<\/p>\n<p><strong>Actualmente estudia la Maestr\u00eda en Administraci\u00f3n P\u00fablica y Gobierno, <\/strong>y los <strong>Diplomados \u201cGe\u0301nero e Interculturalidad\u201d <\/strong>del Grupo de Estudios sobre la Mujer Rosario Castellanos; y <strong>\u201cPoli\u0301ticas P\u00fablicas desde la Perspectiva de Ge\u0301nero\u201d.<\/strong><\/p>\n<p>Es <strong>Vocal del Observatorio de Participaci\u00f3n Pol\u00edtica de las Mujeres de Oaxaca; Vicepresidenta del Colectivo 50+1 Cap\u00edtulo Oaxaca, <\/strong>e integrante de la Red \u201cMujeres en Plural\u201d. Es <strong>Secretaria T\u00e9cnica del Sistema Estatal para la Prevenci\u00f3n, Atenci\u00f3n, Sanci\u00f3n y Erradicaci\u00f3n de la Violencia contra las Mujeres, <\/strong>presidido por el Gobernador del Estado de Oaxaca.<\/p>\n<p><strong>Socia fundadora de <em>SOST\u00c9N- Centro de Inteligencia<\/em>, <\/strong>una alianza de mujeres para empoderar a m\u00e1s mujeres, y fue consejera del Consejo de Participaci\u00f3n Ciudadana del INMUJERES<\/p>\n<p>Como Titular de la SMO, <strong>coordina acciones con 465 Instancias Municipales de la Mujer en igual n\u00famero de Municipios, <\/strong>as\u00ed como con 40 consejos municipales para la Prevenci\u00f3n, Atenci\u00f3n, Sanci\u00f3n y Erradicaci\u00f3n de la Violencia contra las Mujeres. <strong>Bajo su titularidad, se logr\u00f3, por primera vez en la historia de la SMO, la realizaci\u00f3n de Proyectos de Inversi\u00f3n <\/strong>del presupuesto estatal ejercidos por esta dependencia. Igualmente, la Uni\u00f3n Iberoamericana de Municipalista otorg\u00f3 la Menci\u00f3n Especial en los Premios UIM a las Buenas Pr\u00e1cticas Locales con Enfoque de G\u00e9nero en la \u201cCategor\u00eda Democracia Paritaria\u201d, por la experiencia <strong>\u201cHaciendo visible la igualdad en los municipios Ind\u00edgenas de Oaxaca, a trav\u00e9s de los Centros para el Desarrollo de las Mujeres\u201d.<\/strong><\/p>\n<p>Asimismo, el <strong>Atlas de G\u00e9nero<\/strong>, herramienta orientada a la promoci\u00f3n de un cambio de paradigmas sociales y culturales para la igualdad entre g\u00e9neros y coordinado por la dependencia, <strong>gan\u00f3 un reconocimiento del CONEVAL <\/strong>a nivel nacional como mejor plataforma de instrumentos de monitoreo.<\/p>\n<p>Ha trabajado en diversas \u00e1reas del sector p\u00fablico, <strong>destacando su desempe\u00f1o en la Presidencia de la Rep\u00fablica, donde fue Asesora Presidencial en temas de Mercadotecnia y de Difusi\u00f3n Cultural<\/strong>. De 2003 a 2016 brind\u00f3 servicios integrales de consultor\u00eda en comunicaci\u00f3n pol\u00edtica y estudios cualitativos, entre otras \u00e1reas.<\/p>\n<p><strong>Profesora del ITAM de 1997 a 2015 en temas de Comunicaci\u00f3n Pol\u00edtica. Ha impartido cursos y conferencias en m\u00e1s de 20 universidades del pa\u00eds, y de Estados Unidos. <\/strong>Ha sido articulista del semanario Eme Equis y comentarista en Proyecto 40, Radio F\u00f3rmula, W Radio, MVS Noticias, The Mexican Times, el Suplemento Todas y El Imparcial de Oaxaca.<\/p>\n<\/div>\n<\/div>\n","protected":false},"excerpt":{"rendered":"<p>Mtra. Ana V\u00e1squez Colmenares Titular de la Secretar\u00eda de las Mujeres de Oaxaca; anteriormente, fue Secretaria de las Culturas y Artes de Oaxaca. Estudio\u0301 Ciencia Poli\u0301tica en el ITAM, as\u00ed como dos maestri\u0301as en la Universidad de Columbia en Nueva York. Finalizo\u0301 tambie\u0301n la Maestri\u0301a en Ge\u0301nero, Derecho y Procesal Penal en el Centro de [&hellip;]<\/p>\n","protected":false},"author":1,"featured_media":0,"parent":0,"menu_order":0,"comment_status":"closed","ping_status":"closed","template":"","meta":{"episode_type":"","audio_file":"","podmotor_file_id":"","podmotor_episode_id":"","cover_image":"","cover_image_id":"","duration":"","filesize":"","filesize_raw":"","date_recorded":"","explicit":"","block":"","itunes_episode_number":"","itunes_title":"","itunes_season_number":"","itunes_episode_type":"","footnotes":""},"categories":[],"tags":[],"class_list":["post-3465","page","type-page","status-publish","hentry"],"acf":[],"publishpress_future_action":{"enabled":false,"date":"2026-05-18 14:19:49","action":"change-status","newStatus":"draft","terms":[],"taxonomy":"category","extraData":[]},"publishpress_future_workflow_manual_trigger":{"enabledWorkflows":[]},"_links":{"self":[{"href":"https:\/\/www.oaxaca.gob.mx\/sm\/wp-json\/wp\/v2\/pages\/3465","targetHints":{"allow":["GET"]}}],"collection":[{"href":"https:\/\/www.oaxaca.gob.mx\/sm\/wp-json\/wp\/v2\/pages"}],"about":[{"href":"https:\/\/www.oaxaca.gob.mx\/sm\/wp-json\/wp\/v2\/types\/page"}],"author":[{"embeddable":true,"href":"https:\/\/www.oaxaca.gob.mx\/sm\/wp-json\/wp\/v2\/users\/1"}],"replies":[{"embeddable":true,"href":"https:\/\/www.oaxaca.gob.mx\/sm\/wp-json\/wp\/v2\/comments?post=3465"}],"version-history":[{"count":4,"href":"https:\/\/www.oaxaca.gob.mx\/sm\/wp-json\/wp\/v2\/pages\/3465\/revisions"}],"predecessor-version":[{"id":10490,"href":"https:\/\/www.oaxaca.gob.mx\/sm\/wp-json\/wp\/v2\/pages\/3465\/revisions\/10490"}],"wp:attachment":[{"href":"https:\/\/www.oaxaca.gob.mx\/sm\/wp-json\/wp\/v2\/media?parent=3465"}],"wp:term":[{"taxonomy":"category","embeddable":true,"href":"https:\/\/www.oaxaca.gob.mx\/sm\/wp-json\/wp\/v2\/categories?post=3465"},{"taxonomy":"post_tag","embeddable":true,"href":"https:\/\/www.oaxaca.gob.mx\/sm\/wp-json\/wp\/v2\/tags?post=3465"}],"curies":[{"name":"wp","href":"https:\/\/api.w.org\/{rel}","templated":true}]}}