{"id":195,"date":"2017-09-01T11:27:33","date_gmt":"2017-09-01T17:27:33","guid":{"rendered":"http:\/\/www.smo.oaxaca.gob.mx\/?page_id=195"},"modified":"2025-09-17T09:55:02","modified_gmt":"2025-09-17T15:55:02","slug":"documentos-feminismo","status":"publish","type":"page","link":"https:\/\/www.oaxaca.gob.mx\/sm\/temas-interes\/","title":{"rendered":"Temas de Inter\u00e9s"},"content":{"rendered":"<div class=\"su-tabs su-tabs-style-default su-tabs-mobile-stack\" data-active=\"1\" data-scroll-offset=\"0\" data-anchor-in-url=\"yes\"><div class=\"su-tabs-nav\"><span class=\"\" data-url=\"\" data-target=\"blank\" tabindex=\"0\" role=\"button\">Estatal<\/span><span class=\"\" data-url=\"\" data-target=\"blank\" tabindex=\"0\" role=\"button\">Nacional<\/span><span class=\"\" data-url=\"\" data-target=\"blank\" tabindex=\"0\" role=\"button\">Inter\u00e9s General<\/span><\/div><div class=\"su-tabs-panes\"><div class=\"su-tabs-pane su-u-clearfix su-u-trim\" data-title=\"Estatal\">\n\n<table id=\"tablepress-tbl_temas_estatal\" class=\"tablepress tablepress-id-tbl_temas_estatal\">\n<thead>\n<tr class=\"row-1\">\n\t<th class=\"column-1\">Nombre de Documento<\/th><th class=\"column-2\">Descargar<\/th>\n<\/tr>\n<\/thead>\n<tbody class=\"row-striping row-hover\">\n<tr class=\"row-2\">\n\t<td class=\"column-1\">Ley Estatal de Acceso de las Mujeres a una Vida Libre de Violencia de G\u00e9nero-Traducci\u00f3n en Lengua Zapoteca de los Valles Centrales<\/td><td class=\"column-2\"><a href=\"https:\/\/www.oaxaca.gob.mx\/sm\/wp-content\/uploads\/sites\/72\/2026\/03\/LEY_DE_ACCESO_DE_LAS_MUJERES_A_UNA_VIDA_LIBRE_-ZAPOTECO-DEL-VALLE.pdf\" target=\"_blank\" rel=\"noopener noreferrer\"><i class=\"far fa-file-pdf fa-2x\">\u00a0<\/i><\/a><\/td>\n<\/tr>\n<tr class=\"row-3\">\n\t<td class=\"column-1\">Pronunciamiento de Cero Tolerancia<\/td><td class=\"column-2\"><a href=\"https:\/\/www.oaxaca.gob.mx\/sm\/wp-content\/uploads\/sites\/72\/2024\/12\/PRONUNCIAMIENTO-CERO-TOLERANCIA-SM.pdf\" target=\"_blank\" rel=\"noopener noreferrer\"><i class=\"far fa-file-pdf fa-2x\">\u00a0<\/i><\/a><\/td>\n<\/tr>\n<tr class=\"row-4\">\n\t<td class=\"column-1\">Encuesta nacional sobre discriminaci\u00f3n (Principales resultados Oaxaca)<\/td><td class=\"column-2\"><a href=\"https:\/\/www.oaxaca.gob.mx\/smo\/wp-content\/uploads\/sites\/72\/2019\/10\/ENADIS_Oaxaca_final.pdf\" target=\"_blank\" rel=\"noopener noreferrer\"><i class=\"far fa-file-pdf fa-2x\">\u00a0<\/i><\/a><\/td>\n<\/tr>\n<tr class=\"row-5\">\n\t<td class=\"column-1\">Acciones para la Igualdad y para la Atenci\u00f3n a la Alerta de Violencia G\u00e9nero contra las Mujeres<\/td><td class=\"column-2\"><a href=\"https:\/\/www.oaxaca.gob.mx\/smo\/wp-content\/uploads\/sites\/72\/2023\/02\/Informe_Anexo_4_SM_version_Corta.pdf\" target=\"_blank\" rel=\"noopener noreferrer\"><i class=\"far fa-file-pdf fa-2x\">\u00a0<\/i><\/a><\/td>\n<\/tr>\n<tr class=\"row-6\">\n\t<td class=\"column-1\">Gu\u00eda R\u00e1pida sobre Pensi\u00f3n Alimenticia<\/td><td class=\"column-2\"><a href=\"https:\/\/www.oaxaca.gob.mx\/sm\/wp-content\/uploads\/sites\/72\/2023\/06\/GUIA-RAPIDA-SOBRE-PENSION-ALIMENTICIA.pdf\" target=\"_blank\" rel=\"noopener noreferrer\"><i class=\"far fa-file-pdf fa-2x\">\u00a0<\/i><\/a><\/td>\n<\/tr>\n<tr class=\"row-7\">\n\t<td class=\"column-1\">Lineamientos Generales de Organizaci\u00f3n y Operaci\u00f3n para la Prestaci\u00f3n de Servicios de Interrupci\u00f3n del Embarazo en Oaxaca<\/td><td class=\"column-2\"><a href=\"https:\/\/www.oaxaca.gob.mx\/sm\/wp-content\/uploads\/sites\/72\/2023\/11\/EXT-ACDO15-2023-11-10-POE-LINEAMINETOS-DE-AS.pdf\" target=\"_blank\" rel=\"noopener noreferrer\"><i class=\"far fa-file-pdf fa-2x\">\u00a0<\/i><\/a><\/td>\n<\/tr>\n<\/tbody>\n<\/table>\n<!-- #tablepress-tbl_temas_estatal from cache -->\n<\/div>\n<div class=\"su-tabs-pane su-u-clearfix su-u-trim\" data-title=\"Nacional\">\n\n<table id=\"tablepress-tbl_temas_nacional\" class=\"tablepress tablepress-id-tbl_temas_nacional\">\n<thead>\n<tr class=\"row-1\">\n\t<th class=\"column-1\">Nombre de Documento<\/th><th class=\"column-2\">Descargar<\/th>\n<\/tr>\n<\/thead>\n<tbody class=\"row-striping row-hover\">\n<tr class=\"row-2\">\n\t<td class=\"column-1\">Proigualdad 2020-2024 Web<\/td><td class=\"column-2\"><a href=\"https:\/\/www.oaxaca.gob.mx\/smo\/wp-content\/uploads\/sites\/72\/2021\/02\/Proigualdad-2020-2024-Web.pdf\" target=\"_blank\" rel=\"noopener noreferrer\"><i class=\"far fa-file-pdf fa-2x\">\u00a0<\/i><\/a><\/td>\n<\/tr>\n<tr class=\"row-3\">\n\t<td class=\"column-1\">Atlas de Igualdad y Derechos Humanos<\/td><td class=\"column-2\"><a href=\"https:\/\/www.oaxaca.gob.mx\/smo\/wp-content\/uploads\/sites\/72\/2019\/11\/Atlas-Igualdad-DH.pdf\" target=\"_blank\" rel=\"noopener noreferrer\"><i class=\"far fa-file-pdf fa-2x\">\u00a0<\/i><\/a><\/td>\n<\/tr>\n<tr class=\"row-4\">\n\t<td class=\"column-1\">Campa\u00f1a No Est\u00e1s Sola<\/td><td class=\"column-2\"><a href=\"https:\/\/www.oaxaca.gob.mx\/smo\/wp-content\/uploads\/sites\/72\/2020\/05\/folleto__1_.pdf\" target=\"_blank\" rel=\"noopener noreferrer\"><i class=\"far fa-file-pdf fa-2x\">\u00a0<\/i><\/a><\/td>\n<\/tr>\n<\/tbody>\n<\/table>\n<!-- #tablepress-tbl_temas_nacional from cache -->\n<\/div>\n<div class=\"su-tabs-pane su-u-clearfix su-u-trim\" data-title=\"Inter\u00e9s General\">\n\n<table id=\"tablepress-tbl_temas_interes\" class=\"tablepress tablepress-id-tbl_temas_interes tbody-has-connected-cells\">\n<thead>\n<tr class=\"row-1\">\n\t<th class=\"column-1\">Nombre de Documento<\/th><th class=\"column-2\">Descargar<\/th>\n<\/tr>\n<\/thead>\n<tbody class=\"row-striping row-hover\">\n<tr class=\"row-2\">\n\t<td class=\"column-1\">Apre(h)ender G\u00e9nero<\/td><td class=\"column-2\"><a href=\"\/smo\/wp-content\/uploads\/sites\/72\/2018\/06\/Aprehender-G\u00e9nero.pdf\" target=\"_blank\" rel=\"noopener noreferrer\"><i class=\"far fa-file-pdf fa-2x\">\u00a0<\/i><\/a><\/td>\n<\/tr>\n<tr class=\"row-3\">\n\t<td class=\"column-1\">El G\u00e9nero y lo Simb\u00f3lico<\/td><td class=\"column-2\"><a href=\"\/smo\/wp-content\/uploads\/sites\/72\/2018\/06\/El-G\u00e9nero-y-lo-Simb\u00f3lico.pdf\" target=\"_blank\" rel=\"noopener noreferrer\"><i class=\"far fa-file-pdf fa-2x\">\u00a0<\/i><\/a><\/td>\n<\/tr>\n<tr class=\"row-4\">\n\t<td class=\"column-1\">Equidad de G\u00e9nero y Presupuesto P\u00fablico<\/td><td class=\"column-2\"><a href=\"\/smo\/wp-content\/uploads\/sites\/72\/2018\/06\/Equidad-de-G\u00e9nero-y-Presupuesto-P\u00fablico.pdf\" target=\"_blank\" rel=\"noopener noreferrer\"><i class=\"far fa-file-pdf fa-2x\">\u00a0<\/i><\/a><\/td>\n<\/tr>\n<tr class=\"row-5\">\n\t<td class=\"column-1\">Feminicidio en M\u00e9xico<\/td><td class=\"column-2\"><a href=\"\/smo\/wp-content\/uploads\/sites\/72\/2018\/06\/Feminicidio-en-M\u00e9xico.pdf\" target=\"_blank\" rel=\"noopener noreferrer\"><i class=\"far fa-file-pdf fa-2x\">\u00a0<\/i><\/a><\/td>\n<\/tr>\n<tr class=\"row-6\">\n\t<td class=\"column-1\">Gu\u00eda de Acciones para Prevenir Violencia de G\u00e9nero hacia las Mujeres<\/td><td class=\"column-2\"><a href=\"\/smo\/wp-content\/uploads\/sites\/72\/2018\/06\/Gu\u00eda-de-Acciones-para-Prevenir-Violencia-de-G\u00e9nero-hacia-las-Mujeres.pdf\" target=\"_blank\" rel=\"noopener noreferrer\"><i class=\"far fa-file-pdf fa-2x\">\u00a0<\/i><\/a><\/td>\n<\/tr>\n<tr class=\"row-7\">\n\t<td class=\"column-1\">Gu\u00eda de Acciones Pr\u00e1cticas para Ampliar Acceso de Ni\u00f1as y Mujeres Servicios de Salud<\/td><td class=\"column-2\"><a href=\"\/smo\/wp-content\/uploads\/sites\/72\/2018\/06\/Gu\u00eda-de-Acciones-Pr\u00e1cticas-ara-Ampliar-Acceso-de-Ni\u00f1as-y-Mujeres-Servicios-de-Salud.pdf\" target=\"_blank\" rel=\"noopener noreferrer\"><i class=\"far fa-file-pdf fa-2x\">\u00a0<\/i><\/a><\/td>\n<\/tr>\n<tr class=\"row-8\">\n\t<td class=\"column-1\">Gu\u00eda de Acciones Pr\u00e1cticas para Ampliar Oportunidades de Educaci\u00f3n de Ni\u00f1as y Mujeres<\/td><td class=\"column-2\"><a href=\"\/smo\/wp-content\/uploads\/sites\/72\/2018\/06\/Gu\u00eda-de-Acciones-Pr\u00e1cticas-para-Ampliar-Oportunidades-de-Educaci\u00f3n-de-Ni\u00f1as-y-Mujeres.pdf\" target=\"_blank\" rel=\"noopener noreferrer\"><i class=\"far fa-file-pdf fa-2x\">\u00a0<\/i><\/a><\/td>\n<\/tr>\n<tr class=\"row-9\">\n\t<td class=\"column-1\">Gu\u00eda Did\u00e1ctica Sobre Equidad de G\u00e9nero<\/td><td class=\"column-2\"><a href=\"\/smo\/wp-content\/uploads\/sites\/72\/2018\/06\/Gu\u00eda-Did\u00e1ctica-Sobre-Equidad-de-G\u00e9nero.pdf\" target=\"_blank\" rel=\"noopener noreferrer\"><i class=\"far fa-file-pdf fa-2x\">\u00a0<\/i><\/a><\/td>\n<\/tr>\n<tr class=\"row-10\">\n\t<td class=\"column-1\">Las Mujeres Que No Se Fueron<\/td><td class=\"column-2\"><a href=\"\/smo\/wp-content\/uploads\/sites\/72\/2018\/06\/Las-Mujeres-Que-No-Se-Fueron.pdf\" target=\"_blank\" rel=\"noopener noreferrer\"><i class=\"far fa-file-pdf fa-2x\">\u00a0<\/i><\/a><\/td>\n<\/tr>\n<tr class=\"row-11\">\n\t<td class=\"column-1\">Manual de Comunicaci\u00f3n No Sexista. Hac\u00eda un Lenguaje Incluyente<\/td><td class=\"column-2\"><a href=\"\/smo\/wp-content\/uploads\/sites\/72\/2018\/06\/Manual-de-Comunicaci\u00f3n-No-Sexista.-Hac\u00eda-un-Lenguaje-Incluyente.pdf\" target=\"_blank\" rel=\"noopener noreferrer\"><i class=\"far fa-file-pdf fa-2x\">\u00a0<\/i><\/a><\/td>\n<\/tr>\n<tr class=\"row-12\">\n\t<td class=\"column-1\">Protocolo para la Atenci\u00f3n en Trabajo Social de los Casos de Violencia de G\u00e9nero Contra Mujeres<\/td><td class=\"column-2\"><a href=\"http:\/\/www.smo.oaxaca.gob.mx\/wp-content\/uploads\/2018\/06\/Protocolo-para-la-Atenci\u00f3n-en-Trabajo-Social-de-los-Casos-de-Violencia-de-G\u00e9nero-Contra-Mujeres.pdf\" target=\"_blank\" rel=\"noopener noreferrer\"><i class=\"far fa-file-pdf fa-2x\">\u00a0<\/i><\/a><\/td>\n<\/tr>\n<tr class=\"row-13\">\n\t<td class=\"column-1\">Qu\u00e9 es y para\u00a0 Qu\u00e9 es la Perspectiva de G\u00e9nero<\/td><td class=\"column-2\"><a href=\"\/smo\/wp-content\/uploads\/sites\/72\/2018\/06\/Qu\u00e9-es-y-para-Qu\u00e9-es-la-Perspectiva-de-G\u00e9nero.pdf\" target=\"_blank\" rel=\"noopener noreferrer\"><i class=\"far fa-file-pdf fa-2x\">\u00a0<\/i><\/a><\/td>\n<\/tr>\n<tr class=\"row-14\">\n\t<td class=\"column-1\">Tres A\u00f1os de Pol\u00edticas P\u00fablicas Sensibles al G\u00e9nero<\/td><td class=\"column-2\"><a href=\"\/smo\/wp-content\/uploads\/sites\/72\/2018\/06\/Tres-A\u00f1os-de-Pol\u00edticas-P\u00fablicas-Sensibles-al-G\u00e9nero.pdf\" target=\"_blank\" rel=\"noopener noreferrer\"><i class=\"far fa-file-pdf fa-2x\">\u00a0<\/i><\/a><\/td>\n<\/tr>\n<tr class=\"row-15\">\n\t<td class=\"column-1\">Historia de Las Mujeres en Am\u00e9rica Latina<\/td><td class=\"column-2\"><a href=\"https:\/\/www.oaxaca.gob.mx\/smo\/wp-content\/uploads\/sites\/72\/2020\/03\/Historia-de-Las-Mujeres-en-Am\u00e9rica-Latina.pdf\" target=\"_blank\" rel=\"noopener noreferrer\"><i class=\"far fa-file-pdf fa-2x\">\u00a0<\/i><\/a><\/td>\n<\/tr>\n<tr class=\"row-16\">\n\t<td class=\"column-1\">Masculinidad es Poder y Crisis<\/td><td class=\"column-2\"><a href=\"https:\/\/www.oaxaca.gob.mx\/smo\/wp-content\/uploads\/sites\/72\/2020\/03\/Masculinidad-es-poder-y-crisis.pdf\" target=\"_blank\" rel=\"noopener noreferrer\"><i class=\"far fa-file-pdf fa-2x\">\u00a0<\/i><\/a><\/td>\n<\/tr>\n<tr class=\"row-17\">\n\t<td class=\"column-1\">El Feminismo en mi Vida( Mabel Lagarde de los Rios)<\/td><td class=\"column-2\"><a href=\"https:\/\/www.oaxaca.gob.mx\/smo\/wp-content\/uploads\/sites\/72\/2020\/03\/Mabel-Lagarde-de-los-Rios-El-Feminismo-en-mi-Vida.pdf\" target=\"_blank\" rel=\"noopener noreferrer\"><i class=\"far fa-file-pdf fa-2x\">\u00a0<\/i><\/a><\/td>\n<\/tr>\n<tr class=\"row-18\">\n\t<td class=\"column-1\">Las Fisuras del Patriarcado Reflexiones sobre Feminismo y Derecho<\/td><td class=\"column-2\"><a href=\"https:\/\/www.oaxaca.gob.mx\/smo\/wp-content\/uploads\/sites\/72\/2020\/03\/Las-Fisuras-Del-Patriarcado-Reflexiones-sobre-feminismo-y-derecho.pdf\" target=\"_blank\" rel=\"noopener noreferrer\"><i class=\"far fa-file-pdf fa-2x\">\u00a0<\/i><\/a><\/td>\n<\/tr>\n<tr class=\"row-19\">\n\t<td class=\"column-1\">Nuevos Feminismos. Sentidos Comunes en la Dispersi\u00f3n ( Silvia Gil)<\/td><td class=\"column-2\"><a href=\"https:\/\/www.oaxaca.gob.mx\/smo\/wp-content\/uploads\/sites\/72\/2020\/03\/Nuevos-Feminismos.-Sentidos-Comunes-En-La-Dispersi\u00f3n-Silvia-Gil.pdf\" target=\"_blank\" rel=\"noopener noreferrer\"><i class=\"far fa-file-pdf fa-2x\">\u00a0<\/i><\/a><\/td>\n<\/tr>\n<tr class=\"row-20\">\n\t<td class=\"column-1\">Sobre la Emancipaci\u00f3n de la Mujer (Zetkin Clara)<\/td><td class=\"column-2\"><a href=\"https:\/\/www.oaxaca.gob.mx\/smo\/wp-content\/uploads\/sites\/72\/2020\/03\/Sobre-la-emancipaci\u00f3n-de-la-mujer-Zetkin-Clara.pdf\" target=\"_blank\" rel=\"noopener noreferrer\"><i class=\"far fa-file-pdf fa-2x\">\u00a0<\/i><\/a><\/td>\n<\/tr>\n<tr class=\"row-21\">\n\t<td class=\"column-1\"> La masculinidad toxica(Sinay Sergio)<\/td><td class=\"column-2\"><a href=\"https:\/\/www.oaxaca.gob.mx\/smo\/wp-content\/uploads\/sites\/72\/2020\/04\/Sinay-Sergio-La-masculinidad-toxica-.pdf\" target=\"_blank\" rel=\"noopener noreferrer\"><i class=\"far fa-file-pdf fa-2x\">\u00a0<\/i><\/a><\/td>\n<\/tr>\n<tr class=\"row-22\">\n\t<td class=\"column-1\">Transformar a los Hombres un Reto social (Gabarr\u00f3)<\/td><td class=\"column-2\"><a href=\"https:\/\/www.oaxaca.gob.mx\/smo\/wp-content\/uploads\/sites\/72\/2020\/04\/Transformar-a-los-hombres-un-reto-social-GABARR\u00d3.pdf\" target=\"_blank\" rel=\"noopener noreferrer\"><i class=\"far fa-file-pdf fa-2x\">\u00a0<\/i><\/a><\/td>\n<\/tr>\n<tr class=\"row-23\">\n\t<td class=\"column-1\">No nacemos Machos (Cinco Ensayos para Repensar el Ser Hombre en el Patriarcado)<\/td><td class=\"column-2\"><a href=\"https:\/\/www.oaxaca.gob.mx\/smo\/wp-content\/uploads\/sites\/72\/2020\/04\/masculinidades-web.pdf\" target=\"_blank\" rel=\"noopener noreferrer\"><i class=\"far fa-file-pdf fa-2x\">\u00a0<\/i><\/a><\/td>\n<\/tr>\n<tr class=\"row-24\">\n\t<td class=\"column-1\">Porque Soy Hombre<\/td><td class=\"column-2\"><a href=\"https:\/\/www.oaxaca.gob.mx\/smo\/wp-content\/uploads\/sites\/72\/2020\/04\/Porque-Soy-Hombre.pdf\" target=\"_blank\" rel=\"noopener noreferrer\"><i class=\"far fa-file-pdf fa-2x\">\u00a0<\/i><\/a><\/td>\n<\/tr>\n<tr class=\"row-25\">\n\t<td class=\"column-1\">El Machismo como Fen\u00f3meno Psicocultural<\/td><td class=\"column-2\"><a href=\"https:\/\/www.oaxaca.gob.mx\/smo\/wp-content\/uploads\/sites\/72\/2020\/04\/El-Machismo-como-Fen\u00f3meno-Psicocultural.pdf\" target=\"_blank\" rel=\"noopener noreferrer\"><i class=\"far fa-file-pdf fa-2x\">\u00a0<\/i><\/a><\/td>\n<\/tr>\n<tr class=\"row-26\">\n\t<td class=\"column-1\">La Caja de la Masculinidad<\/td><td class=\"column-2\"><a href=\"https:\/\/www.oaxaca.gob.mx\/smo\/wp-content\/uploads\/sites\/72\/2020\/05\/La-Caja-de-la-Masculinidad.pdf\" target=\"_blank\" rel=\"noopener noreferrer\"><i class=\"far fa-file-pdf fa-2x\">\u00a0<\/i><\/a><\/td>\n<\/tr>\n<tr class=\"row-27\">\n\t<td class=\"column-1\">Gu\u00eda para ayudarnos a crear espacios<br \/>\ncolaborativos en nuestra vida diaria y durante esta cuarentena por el COVID-19<\/td><td class=\"column-2\"><a href=\"https:\/\/www.oaxaca.gob.mx\/smo\/wp-content\/uploads\/sites\/72\/2020\/06\/GuiaMasculinidades-heforshe-1.pdf\" target=\"_blank\" rel=\"noopener noreferrer\"><i class=\"far fa-file-pdf fa-2x\">\u00a0<\/i><\/a><\/td>\n<\/tr>\n<tr class=\"row-28\">\n\t<td class=\"column-1\">Derechos sexuales: ni\u00f1os, ni\u00f1as y adolescentes<\/td><td class=\"column-2\"><a href=\"https:\/\/www.oaxaca.gob.mx\/smo\/wp-content\/uploads\/sites\/72\/2020\/08\/Derechos-sexuales_-ni\u00f1os-ni\u00f1as-y-adolescentes.pdf\" target=\"_blank\" rel=\"noopener noreferrer\"><i class=\"far fa-file-pdf fa-2x\">\u00a0<\/i><\/a><\/td>\n<\/tr>\n<tr class=\"row-29\">\n\t<td colspan=\"2\" class=\"column-1\"><h4>Colecci\u00f3n Ni Pr\u00edncipes Azules ni Princesas Rosas<\/h4><\/td>\n<\/tr>\n<tr class=\"row-30\">\n\t<td class=\"column-1\">El Arte de barrer Prejuicios<\/td><td class=\"column-2\"><a href=\"\/smo\/wp-content\/uploads\/sites\/72\/2018\/06\/El-Arte-de-barrer-Prejuicios.pdf\" target=\"_blank\" rel=\"noopener noreferrer\"><i class=\"far fa-file-pdf fa-2x\">\u00a0<\/i><\/a><\/td>\n<\/tr>\n<tr class=\"row-31\">\n\t<td class=\"column-1\">El Pr\u00edncipe que fue rescatado por la Princesa<\/td><td class=\"column-2\"><a href=\"\/smo\/wp-content\/uploads\/sites\/72\/2018\/06\/El-Principe-que-fue-rescatado-por-la-Princesa.pdf\" target=\"_blank\" rel=\"noopener noreferrer\"><i class=\"far fa-file-pdf fa-2x\">\u00a0<\/i><\/a><\/td>\n<\/tr>\n<tr class=\"row-32\">\n\t<td class=\"column-1\">La Mu\u00f1eca de Trapo<\/td><td class=\"column-2\"><a href=\"\/smo\/wp-content\/uploads\/sites\/72\/2018\/06\/La-Mu\u00f1eca-de-Trapo.pdf\" target=\"_blank\" rel=\"noopener noreferrer\"><i class=\"far fa-file-pdf fa-2x\">\u00a0<\/i><\/a><\/td>\n<\/tr>\n<tr class=\"row-33\">\n\t<td class=\"column-1\">La Princesa Luchadora<\/td><td class=\"column-2\"><a href=\"\/smo\/wp-content\/uploads\/sites\/72\/2018\/06\/La-Princesa-Luchadora.pdf\" target=\"_blank\" rel=\"noopener noreferrer\"><i class=\"far fa-file-pdf fa-2x\">\u00a0<\/i><\/a><\/td>\n<\/tr>\n<tr class=\"row-34\">\n\t<td class=\"column-1\">La Rebeli\u00f3n de las Ping\u00fcinas<\/td><td class=\"column-2\"><a href=\"\/smo\/wp-content\/uploads\/sites\/72\/2018\/06\/La-Rebeli\u00f3n-de-las-Ping\u00fcinas.pdf\" target=\"_blank\" rel=\"noopener noreferrer\"><i class=\"far fa-file-pdf fa-2x\">\u00a0<\/i><\/a><\/td>\n<\/tr>\n<tr class=\"row-35\">\n\t<td class=\"column-1\">Lalo y Lola<\/td><td class=\"column-2\"><a href=\"\/smo\/wp-content\/uploads\/sites\/72\/2018\/06\/Lalo-y-Lola.pdf\" target=\"_blank\" rel=\"noopener noreferrer\"><i class=\"far fa-file-pdf fa-2x\">\u00a0<\/i><\/a><\/td>\n<\/tr>\n<tr class=\"row-36\">\n\t<td class=\"column-1\">Las Ni\u00f1as tienen el cabello largo<\/td><td class=\"column-2\"><a href=\"\/smo\/wp-content\/uploads\/sites\/72\/2018\/06\/Las-Ni\u00f1as-tienen-el-cabello-largo.pdf\" target=\"_blank\" rel=\"noopener noreferrer\"><i class=\"far fa-file-pdf fa-2x\">\u00a0<\/i><\/a><\/td>\n<\/tr>\n<tr class=\"row-37\">\n\t<td class=\"column-1\">Luchar\u00e1n de dos a tres ca\u00eddas sin l\u00edmite de tiempo<\/td><td class=\"column-2\"><a href=\"\/smo\/wp-content\/uploads\/sites\/72\/2018\/06\/Luchar\u00e1n-de-dos-a-tres-ca\u00eddas-sin-limite-de-tiempo.pdf\" target=\"_blank\" rel=\"noopener noreferrer\"><i class=\"far fa-file-pdf fa-2x\">\u00a0<\/i><\/a><\/td>\n<\/tr>\n<tr class=\"row-38\">\n\t<td class=\"column-1\">Pola y la espada del Augurio<\/td><td class=\"column-2\"><a href=\"\/smo\/wp-content\/uploads\/sites\/72\/2018\/06\/Pola-y-la-espada-del-Augurio.pdf\" target=\"_blank\" rel=\"noopener noreferrer\"><i class=\"far fa-file-pdf fa-2x\">\u00a0<\/i><\/a><\/td>\n<\/tr>\n<tr class=\"row-39\">\n\t<td class=\"column-1\">El Segundo Sexo<\/td><td class=\"column-2\"><a href=\"https:\/\/www.oaxaca.gob.mx\/smo\/wp-content\/uploads\/sites\/72\/2020\/01\/El-Segundo-Sexo.pdf\" target=\"_blank\" rel=\"noopener noreferrer\"><i class=\"far fa-file-pdf fa-2x\">\u00a0<\/i><\/a><\/td>\n<\/tr>\n<tr class=\"row-40\">\n\t<td class=\"column-1\">Protocolo modelo para la atenci\u00f3n de la violencia pol\u00edtica contra las mujeres en raz\u00f3n de g\u00e9nero. El caso de Oaxaca<\/td><td class=\"column-2\"><a href=\"https:\/\/www.oaxaca.gob.mx\/smo\/wp-content\/uploads\/sites\/72\/2020\/01\/protocolo-oaxaca.pdf\" target=\"_blank\" rel=\"noopener noreferrer\"><i class=\"far fa-file-pdf fa-2x\">\u00a0<\/i><\/a><\/td>\n<\/tr>\n<\/tbody>\n<\/table>\n<!-- #tablepress-tbl_temas_interes from cache -->\n<\/div><\/div><\/div>\n","protected":false},"excerpt":{"rendered":"","protected":false},"author":1,"featured_media":0,"parent":0,"menu_order":0,"comment_status":"closed","ping_status":"closed","template":"","meta":{"episode_type":"","audio_file":"","podmotor_file_id":"","podmotor_episode_id":"","cover_image":"","cover_image_id":"","duration":"","filesize":"","filesize_raw":"","date_recorded":"","explicit":"","block":"","itunes_episode_number":"","itunes_title":"","itunes_season_number":"","itunes_episode_type":"","footnotes":""},"categories":[],"tags":[],"class_list":["post-195","page","type-page","status-publish","hentry"],"acf":[],"publishpress_future_action":{"enabled":false,"date":"2026-05-09 11:59:28","action":"change-status","newStatus":"draft","terms":[],"taxonomy":"category","extraData":[]},"publishpress_future_workflow_manual_trigger":{"enabledWorkflows":[]},"_links":{"self":[{"href":"https:\/\/www.oaxaca.gob.mx\/sm\/wp-json\/wp\/v2\/pages\/195","targetHints":{"allow":["GET"]}}],"collection":[{"href":"https:\/\/www.oaxaca.gob.mx\/sm\/wp-json\/wp\/v2\/pages"}],"about":[{"href":"https:\/\/www.oaxaca.gob.mx\/sm\/wp-json\/wp\/v2\/types\/page"}],"author":[{"embeddable":true,"href":"https:\/\/www.oaxaca.gob.mx\/sm\/wp-json\/wp\/v2\/users\/1"}],"replies":[{"embeddable":true,"href":"https:\/\/www.oaxaca.gob.mx\/sm\/wp-json\/wp\/v2\/comments?post=195"}],"version-history":[{"count":2,"href":"https:\/\/www.oaxaca.gob.mx\/sm\/wp-json\/wp\/v2\/pages\/195\/revisions"}],"predecessor-version":[{"id":14663,"href":"https:\/\/www.oaxaca.gob.mx\/sm\/wp-json\/wp\/v2\/pages\/195\/revisions\/14663"}],"wp:attachment":[{"href":"https:\/\/www.oaxaca.gob.mx\/sm\/wp-json\/wp\/v2\/media?parent=195"}],"wp:term":[{"taxonomy":"category","embeddable":true,"href":"https:\/\/www.oaxaca.gob.mx\/sm\/wp-json\/wp\/v2\/categories?post=195"},{"taxonomy":"post_tag","embeddable":true,"href":"https:\/\/www.oaxaca.gob.mx\/sm\/wp-json\/wp\/v2\/tags?post=195"}],"curies":[{"name":"wp","href":"https:\/\/api.w.org\/{rel}","templated":true}]}}