{"id":158,"date":"2017-08-31T16:19:26","date_gmt":"2017-08-31T22:19:26","guid":{"rendered":"http:\/\/www.smo.oaxaca.gob.mx\/?page_id=158"},"modified":"2023-04-14T13:27:44","modified_gmt":"2023-04-14T19:27:44","slug":"noticias","status":"publish","type":"page","link":"https:\/\/www.oaxaca.gob.mx\/sm\/noticias\/","title":{"rendered":"Noticias"},"content":{"rendered":"\r\n<section class=\"section\">\r\n  <div class=\"container-md\">\r\n    <div class=\"row\">\r\n      <div class=\"col-md-8\">\r\n                <div class=\"row\">\r\n          \r\n          <!-- \/*\r\n          $paged = ( get_query_var('paged') ) ? absint(get_query_var('paged')) : 1;\r\n          \/\/$query = new WP_Query( array( 'post_type' =>  'post', 'category_name' => 'noticias', 'posts_per_page' => 10 , 'paged' => $paged ) );\r\n          $query = new WP_Query( array( 'post_type' =>  'post', 'post_status' => 'publish', 'posts_per_page' => 10 , 'paged' => $paged ) );\r\n          if ( $query->have_posts() ) :\r\n            while ( $query->have_posts() ) : $query->the_post(); *\/ \r\n          ?> -->\r\n            <div class=\"card border-0 mb-3\" style=\"width: 100%;\">\r\n              <div class=\"row g-0\">\r\n                <div class=\"col-md-4\">\r\n                                      <img decoding=\"async\" src=\"https:\/\/www.oaxaca.gob.mx\/sm\/wp-content\/uploads\/sites\/72\/2026\/05\/IMG-20260511-WA0013-scaled.jpg\" class=\"img-fluid\" style=\"width:300px; height:200px;\" alt=\"VISIBILIZA SECRETAR\u00cdA DE LAS MUJERES CARGA DE CUIDADOS, EN EL MARCO DEL D\u00cdA DE LAS MADRES\">\r\n                                  <\/div>\r\n                <div class=\"col-md-8\">\r\n                  <div class=\"card-body py-1\">\r\n                    <a href=\"https:\/\/www.oaxaca.gob.mx\/sm\/visibiliza-secretaria-de-las-mujeres-carga-de-cuidados-en-el-marco-del-dia-de-las-madres\/\" title=\"VISIBILIZA SECRETAR\u00cdA DE LAS MUJERES CARGA DE CUIDADOS, EN EL MARCO DEL D\u00cdA DE LAS MADRES\">\r\n                      <h5 class=\"card-title\">VISIBILIZA SECRETAR\u00cdA DE LAS MUJERES CARGA DE CUIDADOS, EN EL MARCO DEL D\u00cdA DE LAS MADRES<\/h5>\r\n                    <\/a>\r\n                    <p class=\"card-text\"><p>Oaxaca de Ju\u00e1rez, Oax.- La Secretar\u00eda de las Mujeres, que encabeza Rogelia Gonz\u00e1le emprende una campa\u00f1a informativa de visibilizaci\u00f3n de la carga de cuidados, en el marco del D\u00eda de las Madres, bajo el nombre: \u201cEn Oaxaca cuidamos a quienes nos cuidan\u201d. El objetivo de la campa\u00f1a es visibilizar a trav\u00e9s de visuales y audiovisuales, [&hellip;]<\/p>\n<\/p>\r\n                  <\/div>\r\n                <\/div>\r\n              <\/div>\r\n            <\/div>\r\n            \r\n          <!-- \/*\r\n          $paged = ( get_query_var('paged') ) ? absint(get_query_var('paged')) : 1;\r\n          \/\/$query = new WP_Query( array( 'post_type' =>  'post', 'category_name' => 'noticias', 'posts_per_page' => 10 , 'paged' => $paged ) );\r\n          $query = new WP_Query( array( 'post_type' =>  'post', 'post_status' => 'publish', 'posts_per_page' => 10 , 'paged' => $paged ) );\r\n          if ( $query->have_posts() ) :\r\n            while ( $query->have_posts() ) : $query->the_post(); *\/ \r\n          ?> -->\r\n            <div class=\"card border-0 mb-3\" style=\"width: 100%;\">\r\n              <div class=\"row g-0\">\r\n                <div class=\"col-md-4\">\r\n                                      <img decoding=\"async\" src=\"https:\/\/www.oaxaca.gob.mx\/sm\/wp-content\/uploads\/sites\/72\/2026\/04\/WhatsApp-Image-2026-04-30-at-1.43.58-PM-1.jpeg\" class=\"img-fluid\" style=\"width:300px; height:200px;\" alt=\"Inaugura Secretaria de las Mujeres Centro LIBRE en Santa Mar\u00eda Yucuhiti\">\r\n                                  <\/div>\r\n                <div class=\"col-md-8\">\r\n                  <div class=\"card-body py-1\">\r\n                    <a href=\"https:\/\/www.oaxaca.gob.mx\/sm\/inaugura-secretaria-de-las-mujeres-centro-libre-en-santa-maria-yucuhiti\/\" title=\"Inaugura Secretaria de las Mujeres Centro LIBRE en Santa Mar\u00eda Yucuhiti\">\r\n                      <h5 class=\"card-title\">Inaugura Secretaria de las Mujeres Centro LIBRE en Santa Mar\u00eda Yucuhiti<\/h5>\r\n                    <\/a>\r\n                    <p class=\"card-text\"><p>Santa Mar\u00eda Yucuhiti, Oaxaca.- La titular de la Secretar\u00eda de las Mujeres, Rogelia Gonz\u00e1lez Luis, acudi\u00f3 este 29 de abril, en representaci\u00f3n de la dependencia que encabeza a inaugurar el Centro LIBRE en Santa Mar\u00eda Yucuhiti, comunidad de la Mixteca alta de Oaxaca. Durante el acto de inauguraci\u00f3n, la funcionaria record\u00f3 que, Yucuhiti es uno [&hellip;]<\/p>\n<\/p>\r\n                  <\/div>\r\n                <\/div>\r\n              <\/div>\r\n            <\/div>\r\n            \r\n          <!-- \/*\r\n          $paged = ( get_query_var('paged') ) ? absint(get_query_var('paged')) : 1;\r\n          \/\/$query = new WP_Query( array( 'post_type' =>  'post', 'category_name' => 'noticias', 'posts_per_page' => 10 , 'paged' => $paged ) );\r\n          $query = new WP_Query( array( 'post_type' =>  'post', 'post_status' => 'publish', 'posts_per_page' => 10 , 'paged' => $paged ) );\r\n          if ( $query->have_posts() ) :\r\n            while ( $query->have_posts() ) : $query->the_post(); *\/ \r\n          ?> -->\r\n            <div class=\"card border-0 mb-3\" style=\"width: 100%;\">\r\n              <div class=\"row g-0\">\r\n                <div class=\"col-md-4\">\r\n                                      <img decoding=\"async\" src=\"https:\/\/www.oaxaca.gob.mx\/sm\/wp-content\/uploads\/sites\/72\/2026\/04\/IMG-20260429-WA0113.jpg\" class=\"img-fluid\" style=\"width:300px; height:200px;\" alt=\"COMUNICADO\">\r\n                                  <\/div>\r\n                <div class=\"col-md-8\">\r\n                  <div class=\"card-body py-1\">\r\n                    <a href=\"https:\/\/www.oaxaca.gob.mx\/sm\/comunicado\/\" title=\"COMUNICADO\">\r\n                      <h5 class=\"card-title\">COMUNICADO<\/h5>\r\n                    <\/a>\r\n                    <p class=\"card-text\"><\/p>\r\n                  <\/div>\r\n                <\/div>\r\n              <\/div>\r\n            <\/div>\r\n            \r\n          <!-- \/*\r\n          $paged = ( get_query_var('paged') ) ? absint(get_query_var('paged')) : 1;\r\n          \/\/$query = new WP_Query( array( 'post_type' =>  'post', 'category_name' => 'noticias', 'posts_per_page' => 10 , 'paged' => $paged ) );\r\n          $query = new WP_Query( array( 'post_type' =>  'post', 'post_status' => 'publish', 'posts_per_page' => 10 , 'paged' => $paged ) );\r\n          if ( $query->have_posts() ) :\r\n            while ( $query->have_posts() ) : $query->the_post(); *\/ \r\n          ?> -->\r\n            <div class=\"card border-0 mb-3\" style=\"width: 100%;\">\r\n              <div class=\"row g-0\">\r\n                <div class=\"col-md-4\">\r\n                                      <img decoding=\"async\" src=\"https:\/\/www.oaxaca.gob.mx\/sm\/wp-content\/uploads\/sites\/72\/2026\/04\/WhatsApp-Image-2026-04-27-at-3.35.12-PM-1.jpeg\" class=\"img-fluid\" style=\"width:300px; height:200px;\" alt=\"VISITA TITULAR DE LA SM SAN PABLO COATL\u00c1N PARA REUNIRSE CON DIRECTORAS DE INSTANCIAS MUNICIPALES\">\r\n                                  <\/div>\r\n                <div class=\"col-md-8\">\r\n                  <div class=\"card-body py-1\">\r\n                    <a href=\"https:\/\/www.oaxaca.gob.mx\/sm\/visita-titular-de-la-sm-san-pablo-coatlan-para-reunirse-con-directoras-de-instancias-municipales\/\" title=\"VISITA TITULAR DE LA SM SAN PABLO COATL\u00c1N PARA REUNIRSE CON DIRECTORAS DE INSTANCIAS MUNICIPALES\">\r\n                      <h5 class=\"card-title\">VISITA TITULAR DE LA SM SAN PABLO COATL\u00c1N PARA REUNIRSE CON DIRECTORAS DE INSTANCIAS MUNICIPALES<\/h5>\r\n                    <\/a>\r\n                    <p class=\"card-text\"><p>Este domingo, 26 de abril, la titular de la Secretar\u00eda de las Mujeres, acudi\u00f3 a San Pablo Coatl\u00e1n, a una reuni\u00f3n con autoridades municipales, directoras de Instancias Municipales de las Mujeres, integrantes de cabildo, de 12 municipios de la Sierra Sur, para informar sobre el mecanismo de atenci\u00f3n que desde la Secretar\u00eda de las Mujeres, [&hellip;]<\/p>\n<\/p>\r\n                  <\/div>\r\n                <\/div>\r\n              <\/div>\r\n            <\/div>\r\n            \r\n          <!-- \/*\r\n          $paged = ( get_query_var('paged') ) ? absint(get_query_var('paged')) : 1;\r\n          \/\/$query = new WP_Query( array( 'post_type' =>  'post', 'category_name' => 'noticias', 'posts_per_page' => 10 , 'paged' => $paged ) );\r\n          $query = new WP_Query( array( 'post_type' =>  'post', 'post_status' => 'publish', 'posts_per_page' => 10 , 'paged' => $paged ) );\r\n          if ( $query->have_posts() ) :\r\n            while ( $query->have_posts() ) : $query->the_post(); *\/ \r\n          ?> -->\r\n            <div class=\"card border-0 mb-3\" style=\"width: 100%;\">\r\n              <div class=\"row g-0\">\r\n                <div class=\"col-md-4\">\r\n                                      <img decoding=\"async\" src=\"https:\/\/www.oaxaca.gob.mx\/sm\/wp-content\/uploads\/sites\/72\/2026\/04\/WhatsApp-Image-2026-04-23-at-4.01.14-PM-1.jpeg\" class=\"img-fluid\" style=\"width:300px; height:200px;\" alt=\"PRESENTAN ESTRATEGIA: FORTALECIMIENTO INSTITUCIONAL Y SEGURIDAD CIUDADANA\">\r\n                                  <\/div>\r\n                <div class=\"col-md-8\">\r\n                  <div class=\"card-body py-1\">\r\n                    <a href=\"https:\/\/www.oaxaca.gob.mx\/sm\/presentan-estrategia-fortalecimiento-institucional-y-seguridad-ciudadana\/\" title=\"PRESENTAN ESTRATEGIA: FORTALECIMIENTO INSTITUCIONAL Y SEGURIDAD CIUDADANA\">\r\n                      <h5 class=\"card-title\">PRESENTAN ESTRATEGIA: FORTALECIMIENTO INSTITUCIONAL Y SEGURIDAD CIUDADANA<\/h5>\r\n                    <\/a>\r\n                    <p class=\"card-text\"><p>En San Juan Bautista Tuxtepec, se present\u00f3 la estrategia: \u201cFortalecimiento Institucional y Seguridad Ciudadana\u201d. En el evento particip\u00f3 la Secretar\u00eda de las Mujeres, coordinaci\u00f3n com el Poder Judicial del Estado, encabezado por la magistrada presidenta, \u00c9rika Rodr\u00edguez; la titular del Secretariado Ejecutivo Oaxaca, Karina Bar\u00f3n, autoridades municipales, cuerpos de seguridad e integrantes de la sociedad [&hellip;]<\/p>\n<\/p>\r\n                  <\/div>\r\n                <\/div>\r\n              <\/div>\r\n            <\/div>\r\n            \r\n          <!-- \/*\r\n          $paged = ( get_query_var('paged') ) ? absint(get_query_var('paged')) : 1;\r\n          \/\/$query = new WP_Query( array( 'post_type' =>  'post', 'category_name' => 'noticias', 'posts_per_page' => 10 , 'paged' => $paged ) );\r\n          $query = new WP_Query( array( 'post_type' =>  'post', 'post_status' => 'publish', 'posts_per_page' => 10 , 'paged' => $paged ) );\r\n          if ( $query->have_posts() ) :\r\n            while ( $query->have_posts() ) : $query->the_post(); *\/ \r\n          ?> -->\r\n            <div class=\"card border-0 mb-3\" style=\"width: 100%;\">\r\n              <div class=\"row g-0\">\r\n                <div class=\"col-md-4\">\r\n                                      <img decoding=\"async\" src=\"https:\/\/www.oaxaca.gob.mx\/sm\/wp-content\/uploads\/sites\/72\/2026\/04\/WhatsApp-Image-2026-04-23-at-3.44.40-PM.jpeg\" class=\"img-fluid\" style=\"width:300px; height:200px;\" alt=\"SE RE\u00daNE SECRETARIA DE LAS MUJERES CON AUTORIDADES DE MUNICIPIOS CON ALERTA DE G\u00c9NERO, EN TUXTEPEC\">\r\n                                  <\/div>\r\n                <div class=\"col-md-8\">\r\n                  <div class=\"card-body py-1\">\r\n                    <a href=\"https:\/\/www.oaxaca.gob.mx\/sm\/se-reune-secretaria-de-las-mujeres-con-autoridades-de-municipios-con-alerta-de-genero-en-tuxtepec\/\" title=\"SE RE\u00daNE SECRETARIA DE LAS MUJERES CON AUTORIDADES DE MUNICIPIOS CON ALERTA DE G\u00c9NERO, EN TUXTEPEC\">\r\n                      <h5 class=\"card-title\">SE RE\u00daNE SECRETARIA DE LAS MUJERES CON AUTORIDADES DE MUNICIPIOS CON ALERTA DE G\u00c9NERO, EN TUXTEPEC<\/h5>\r\n                    <\/a>\r\n                    <p class=\"card-text\"><p>Este 23 de abril, la titular de la Secretar\u00eda de las Mujeres, Rogelia Gonz\u00e1lez Luis acudi\u00f3 a San Juan Bautista Tuxtepec, a reunirse con las autoridades de los municipios de la regi\u00f3n de la Cuenca del Papaloapan, que cuentan con Alerta de Violencia de G\u00e9nero. Al encuentro tambi\u00e9n asistieron: la titular del Secretariado Ejecutivo del [&hellip;]<\/p>\n<\/p>\r\n                  <\/div>\r\n                <\/div>\r\n              <\/div>\r\n            <\/div>\r\n            \r\n          <!-- \/*\r\n          $paged = ( get_query_var('paged') ) ? absint(get_query_var('paged')) : 1;\r\n          \/\/$query = new WP_Query( array( 'post_type' =>  'post', 'category_name' => 'noticias', 'posts_per_page' => 10 , 'paged' => $paged ) );\r\n          $query = new WP_Query( array( 'post_type' =>  'post', 'post_status' => 'publish', 'posts_per_page' => 10 , 'paged' => $paged ) );\r\n          if ( $query->have_posts() ) :\r\n            while ( $query->have_posts() ) : $query->the_post(); *\/ \r\n          ?> -->\r\n            <div class=\"card border-0 mb-3\" style=\"width: 100%;\">\r\n              <div class=\"row g-0\">\r\n                <div class=\"col-md-4\">\r\n                                      <img decoding=\"async\" src=\"https:\/\/www.oaxaca.gob.mx\/sm\/wp-content\/uploads\/sites\/72\/2026\/04\/WhatsApp-Image-2026-04-16-at-7.37.46-PM-1.jpeg\" class=\"img-fluid\" style=\"width:300px; height:200px;\" alt=\"ASISTE SECRETARIA DE LAS MUJERES A FORO SOBRE PERSONAS JORNALERAS EN LA CIUDAD DE M\u00c9XICO\">\r\n                                  <\/div>\r\n                <div class=\"col-md-8\">\r\n                  <div class=\"card-body py-1\">\r\n                    <a href=\"https:\/\/www.oaxaca.gob.mx\/sm\/asiste-secretaria-de-las-mujeres-a-foro-sobre-personas-jornaleras-en-la-ciudad-de-mexico\/\" title=\"ASISTE SECRETARIA DE LAS MUJERES A FORO SOBRE PERSONAS JORNALERAS EN LA CIUDAD DE M\u00c9XICO\">\r\n                      <h5 class=\"card-title\">ASISTE SECRETARIA DE LAS MUJERES A FORO SOBRE PERSONAS JORNALERAS EN LA CIUDAD DE M\u00c9XICO<\/h5>\r\n                    <\/a>\r\n                    <p class=\"card-text\"><p>Este jueves, la titular de la Secretar\u00eda de las Mujeres, Rogelia Gonz\u00e1lez Luis, en representaci\u00f3n del Gobierno de Oaxaca, que encabeza el Gobernador, Salom\u00f3n Jara, asisti\u00f3 al Foro: Sembrar el derecho a la seguridad social para las personas jornaleras, en la Ciudad de #M\u00e9xico. La funcionaria reconoci\u00f3 en el foro, un espacio necesario para visibilizar [&hellip;]<\/p>\n<\/p>\r\n                  <\/div>\r\n                <\/div>\r\n              <\/div>\r\n            <\/div>\r\n            \r\n          <!-- \/*\r\n          $paged = ( get_query_var('paged') ) ? absint(get_query_var('paged')) : 1;\r\n          \/\/$query = new WP_Query( array( 'post_type' =>  'post', 'category_name' => 'noticias', 'posts_per_page' => 10 , 'paged' => $paged ) );\r\n          $query = new WP_Query( array( 'post_type' =>  'post', 'post_status' => 'publish', 'posts_per_page' => 10 , 'paged' => $paged ) );\r\n          if ( $query->have_posts() ) :\r\n            while ( $query->have_posts() ) : $query->the_post(); *\/ \r\n          ?> -->\r\n            <div class=\"card border-0 mb-3\" style=\"width: 100%;\">\r\n              <div class=\"row g-0\">\r\n                <div class=\"col-md-4\">\r\n                                      <img decoding=\"async\" src=\"https:\/\/www.oaxaca.gob.mx\/sm\/wp-content\/uploads\/sites\/72\/2026\/04\/WhatsApp-Image-2026-04-15-at-7.01.49-PM.jpeg\" class=\"img-fluid\" style=\"width:300px; height:200px;\" alt=\"QUE LAS LEYES HABLEN NUESTRAS LENGUAS IND\u00cdGENAS: SECRETARIA DE LAS MUJERES, EN SAN SEBASTI\u00c1N TUTLA\">\r\n                                  <\/div>\r\n                <div class=\"col-md-8\">\r\n                  <div class=\"card-body py-1\">\r\n                    <a href=\"https:\/\/www.oaxaca.gob.mx\/sm\/que-las-leyes-hablen-nuestras-lenguas-indigenas-secretaria-de-las-mujeres-en-san-sebastian-tutla\/\" title=\"QUE LAS LEYES HABLEN NUESTRAS LENGUAS IND\u00cdGENAS: SECRETARIA DE LAS MUJERES, EN SAN SEBASTI\u00c1N TUTLA\">\r\n                      <h5 class=\"card-title\">QUE LAS LEYES HABLEN NUESTRAS LENGUAS IND\u00cdGENAS: SECRETARIA DE LAS MUJERES, EN SAN SEBASTI\u00c1N TUTLA<\/h5>\r\n                    <\/a>\r\n                    <p class=\"card-text\"><p>San Sebasti\u00e1n Tutla es un pueblo de los Valles Centrales, comprometido con la preservaci\u00f3n de su lengua: el zapoteco. Como hablante de la lengua de la gente nube, la titular de la Secretar\u00eda de las Mujeres, Rogelia Gonz\u00e1lez Luis, present\u00f3 el Cartel \u201cLey Estatal de Acceso de las Mujeres a una Vida Libre de Violencia\u201d, [&hellip;]<\/p>\n<\/p>\r\n                  <\/div>\r\n                <\/div>\r\n              <\/div>\r\n            <\/div>\r\n            \r\n          <!-- \/*\r\n          $paged = ( get_query_var('paged') ) ? absint(get_query_var('paged')) : 1;\r\n          \/\/$query = new WP_Query( array( 'post_type' =>  'post', 'category_name' => 'noticias', 'posts_per_page' => 10 , 'paged' => $paged ) );\r\n          $query = new WP_Query( array( 'post_type' =>  'post', 'post_status' => 'publish', 'posts_per_page' => 10 , 'paged' => $paged ) );\r\n          if ( $query->have_posts() ) :\r\n            while ( $query->have_posts() ) : $query->the_post(); *\/ \r\n          ?> -->\r\n            <div class=\"card border-0 mb-3\" style=\"width: 100%;\">\r\n              <div class=\"row g-0\">\r\n                <div class=\"col-md-4\">\r\n                                      <img decoding=\"async\" src=\"https:\/\/www.oaxaca.gob.mx\/sm\/wp-content\/uploads\/sites\/72\/2026\/04\/WhatsApp-Image-2026-04-15-at-6.55.14-PM.jpeg\" class=\"img-fluid\" style=\"width:300px; height:200px;\" alt=\"RESALTA ROGELIA GONZ\u00c1LEZ LUIS IMPORTANCIA DE TRADUCIR LOS DERECHOS DE MUJERES, NI\u00d1AS Y ADOLESCENTES DE OAXACA\">\r\n                                  <\/div>\r\n                <div class=\"col-md-8\">\r\n                  <div class=\"card-body py-1\">\r\n                    <a href=\"https:\/\/www.oaxaca.gob.mx\/sm\/resalta-rogelia-gonzalez-luis-importancia-de-traducir-los-derechos-de-mujeres-ninas-y-adolescentes-de-oaxaca\/\" title=\"RESALTA ROGELIA GONZ\u00c1LEZ LUIS IMPORTANCIA DE TRADUCIR LOS DERECHOS DE MUJERES, NI\u00d1AS Y ADOLESCENTES DE OAXACA\">\r\n                      <h5 class=\"card-title\">RESALTA ROGELIA GONZ\u00c1LEZ LUIS IMPORTANCIA DE TRADUCIR LOS DERECHOS DE MUJERES, NI\u00d1AS Y ADOLESCENTES DE OAXACA<\/h5>\r\n                    <\/a>\r\n                    <p class=\"card-text\"><p>RESALTA ROGELIA GONZ\u00c1LEZ LUIS IMPORTANCIA DE TRADUCIR LOS DERECHOS DE MUJERES, NI\u00d1AS Y ADOLESCENTES DE OAXACA En San Pablo Huitzo, la titular de la Secretar\u00eda de las Mujeres, Rogelia Gonz\u00e1lez Luis, comparti\u00f3 informaci\u00f3n importante sobre los derechos de las mujeres, ni\u00f1as y adolescentes, durante la Presentaci\u00f3n del Cartel \u201cLey Estatal de Acceso de las Mujeres [&hellip;]<\/p>\n<\/p>\r\n                  <\/div>\r\n                <\/div>\r\n              <\/div>\r\n            <\/div>\r\n            \r\n          <!-- \/*\r\n          $paged = ( get_query_var('paged') ) ? absint(get_query_var('paged')) : 1;\r\n          \/\/$query = new WP_Query( array( 'post_type' =>  'post', 'category_name' => 'noticias', 'posts_per_page' => 10 , 'paged' => $paged ) );\r\n          $query = new WP_Query( array( 'post_type' =>  'post', 'post_status' => 'publish', 'posts_per_page' => 10 , 'paged' => $paged ) );\r\n          if ( $query->have_posts() ) :\r\n            while ( $query->have_posts() ) : $query->the_post(); *\/ \r\n          ?> -->\r\n            <div class=\"card border-0 mb-3\" style=\"width: 100%;\">\r\n              <div class=\"row g-0\">\r\n                <div class=\"col-md-4\">\r\n                                      <img decoding=\"async\" src=\"https:\/\/www.oaxaca.gob.mx\/sm\/wp-content\/uploads\/sites\/72\/2026\/04\/WhatsApp-Image-2026-04-15-at-6.27.44-PM-1.jpeg\" class=\"img-fluid\" style=\"width:300px; height:200px;\" alt=\"SE RE\u00daNE SECRETARIA DE LAS MUJERES CON DIRECTORAS DE INSTANCIAS MUNICIPALES DE LA SIERRA JU\u00c1REZ\">\r\n                                  <\/div>\r\n                <div class=\"col-md-8\">\r\n                  <div class=\"card-body py-1\">\r\n                    <a href=\"https:\/\/www.oaxaca.gob.mx\/sm\/se-reune-secretaria-de-las-mujeres-con-directoras-de-instancias-municipales-de-la-sierra-juarez\/\" title=\"SE RE\u00daNE SECRETARIA DE LAS MUJERES CON DIRECTORAS DE INSTANCIAS MUNICIPALES DE LA SIERRA JU\u00c1REZ\">\r\n                      <h5 class=\"card-title\">SE RE\u00daNE SECRETARIA DE LAS MUJERES CON DIRECTORAS DE INSTANCIAS MUNICIPALES DE LA SIERRA JU\u00c1REZ<\/h5>\r\n                    <\/a>\r\n                    <p class=\"card-text\"><p>Este 31 de marzo, se llev\u00f3 a cabo una reuni\u00f3n con las directoras de las Instancias Municipales de la Mujer de la Sierra Ju\u00e1rez, con quienes, la titular de la Secretar\u00eda de las Mujeres, entabl\u00f3 una mesa de trabajo. Durante el encuentro, la representante de las pol\u00edticas p\u00fablicas a favor de las ni\u00f1as, adolescentes y [&hellip;]<\/p>\n<\/p>\r\n                  <\/div>\r\n                <\/div>\r\n              <\/div>\r\n            <\/div>\r\n            \r\n\r\n            <!--<div class=\"row\">\r\n              <div class=\"col-md-6 text-left\"><h5><\/h5><\/div>\r\n              <div class=\"col-md-6 text-right\"><h5><\/h5><\/div>\r\n            <\/div>-->\r\n            <div class=\"row\">\r\n              <div class=\"col-md-6 text-left\">\r\n                <h5><a href=\"https:\/\/www.oaxaca.gob.mx\/sm\/wp-json\/wp\/v2\/pages\/158\/page\/2\/\" >Noticias anteriores<\/a><\/h5>\r\n              <\/div>\r\n              <div class=\"col-md-6 text-right\">\r\n                <h5><\/h5>\r\n              <\/div>\r\n            <\/div>\r\n                  <\/div>\r\n      <\/div>\r\n    <\/div>\r\n  <\/div>\r\n<\/section>\r\n\r\n\r\n\n","protected":false},"excerpt":{"rendered":"","protected":false},"author":1,"featured_media":0,"parent":0,"menu_order":0,"comment_status":"closed","ping_status":"closed","template":"","meta":{"episode_type":"","audio_file":"","podmotor_file_id":"","podmotor_episode_id":"","cover_image":"","cover_image_id":"","duration":"","filesize":"","filesize_raw":"","date_recorded":"","explicit":"","block":"","itunes_episode_number":"","itunes_title":"","itunes_season_number":"","itunes_episode_type":"","footnotes":""},"categories":[],"tags":[],"class_list":["post-158","page","type-page","status-publish","hentry"],"acf":[],"publishpress_future_action":{"enabled":false,"date":"2026-05-18 14:07:44","action":"change-status","newStatus":"draft","terms":[],"taxonomy":"category","extraData":[]},"publishpress_future_workflow_manual_trigger":{"enabledWorkflows":[]},"_links":{"self":[{"href":"https:\/\/www.oaxaca.gob.mx\/sm\/wp-json\/wp\/v2\/pages\/158","targetHints":{"allow":["GET"]}}],"collection":[{"href":"https:\/\/www.oaxaca.gob.mx\/sm\/wp-json\/wp\/v2\/pages"}],"about":[{"href":"https:\/\/www.oaxaca.gob.mx\/sm\/wp-json\/wp\/v2\/types\/page"}],"author":[{"embeddable":true,"href":"https:\/\/www.oaxaca.gob.mx\/sm\/wp-json\/wp\/v2\/users\/1"}],"replies":[{"embeddable":true,"href":"https:\/\/www.oaxaca.gob.mx\/sm\/wp-json\/wp\/v2\/comments?post=158"}],"version-history":[{"count":6,"href":"https:\/\/www.oaxaca.gob.mx\/sm\/wp-json\/wp\/v2\/pages\/158\/revisions"}],"predecessor-version":[{"id":13322,"href":"https:\/\/www.oaxaca.gob.mx\/sm\/wp-json\/wp\/v2\/pages\/158\/revisions\/13322"}],"wp:attachment":[{"href":"https:\/\/www.oaxaca.gob.mx\/sm\/wp-json\/wp\/v2\/media?parent=158"}],"wp:term":[{"taxonomy":"category","embeddable":true,"href":"https:\/\/www.oaxaca.gob.mx\/sm\/wp-json\/wp\/v2\/categories?post=158"},{"taxonomy":"post_tag","embeddable":true,"href":"https:\/\/www.oaxaca.gob.mx\/sm\/wp-json\/wp\/v2\/tags?post=158"}],"curies":[{"name":"wp","href":"https:\/\/api.w.org\/{rel}","templated":true}]}}