{"id":1556,"date":"2018-06-12T09:53:56","date_gmt":"2018-06-12T15:53:56","guid":{"rendered":"http:\/\/www.smo.oaxaca.gob.mx\/?page_id=1556"},"modified":"2018-06-12T09:53:56","modified_gmt":"2018-06-12T15:53:56","slug":"lgtaip-articulo-70-fraccion-xlv","status":"publish","type":"page","link":"https:\/\/www.oaxaca.gob.mx\/sm\/lgtaip-articulo-70-fraccion-xlv\/","title":{"rendered":"LGTAIP &#8211; Art\u00edculo 70. Fracci\u00f3n XLV"},"content":{"rendered":"<div class=\"su-tabs su-tabs-style-default su-tabs-mobile-stack\" data-active=\"1\" data-scroll-offset=\"0\" data-anchor-in-url=\"no\"><div class=\"su-tabs-nav\"><span class=\"\" data-url=\"\" data-target=\"blank\" tabindex=\"0\" role=\"button\">2018<\/span><span class=\"\" data-url=\"\" data-target=\"blank\" tabindex=\"0\" role=\"button\">2017<\/span><\/div><div class=\"su-tabs-panes\"><div class=\"su-tabs-pane su-u-clearfix su-u-trim\" data-title=\"2018\">\n<div class=\"su-table su-table-alternate\">\n<table>\n<tbody>\n<tr>\n<td style=\"text-align: left\" width=\"130\">\n<h4 style=\"text-align: center\">Fracci\u00f3n XLV<\/h4>\n<\/td>\n<td style=\"text-align: left\" width=\"40\">\n<h4 style=\"text-align: center\">Documento<\/h4>\n<\/td>\n<td style=\"text-align: left\" width=\"30\">\n<h4 style=\"text-align: center\">Consultar<\/h4>\n<\/td>\n<\/tr>\n<tr>\n<td style=\"text-align: left\">El cat\u00e1logo de disposici\u00f3n y gu\u00eda de archivo documental.<\/td>\n<td style=\"text-align: center\">Formato<\/p>\n<p>Fracci\u00f3n 45<\/td>\n<td><a href=\"https:\/\/www.oaxaca.gob.mx\/smo\/wp-content\/uploads\/sites\/72\/2018\/12\/LGTA70FXLV-T-UA.xlsx\" target=\"_blank\" rel=\"noopener noreferrer\"><img loading=\"lazy\" decoding=\"async\" class=\"aligncenter wp-image-1303\" src=\"\/smo\/wp-content\/uploads\/sites\/72\/2018\/06\/Excel-1.png\" alt=\"\" width=\"55\" height=\"56\" srcset=\"https:\/\/www.oaxaca.gob.mx\/sm\/wp-content\/uploads\/sites\/72\/2018\/06\/Excel-1.png 256w, https:\/\/www.oaxaca.gob.mx\/sm\/wp-content\/uploads\/sites\/72\/2018\/06\/Excel-1-150x150.png 150w\" sizes=\"auto, (max-width: 55px) 100vw, 55px\" \/><\/a><\/td>\n<\/tr>\n<tr>\n<td style=\"text-align: left\"><\/td>\n<td>\n<p style=\"text-align: center\">\n<\/td>\n<td><\/td>\n<\/tr>\n<\/tbody>\n<\/table>\n<\/div>\n<\/div>\n<div class=\"su-tabs-pane su-u-clearfix su-u-trim\" data-title=\"2017\"><\/div><\/div><\/div>\n","protected":false},"excerpt":{"rendered":"","protected":false},"author":1,"featured_media":0,"parent":0,"menu_order":0,"comment_status":"closed","ping_status":"closed","template":"","meta":{"episode_type":"","audio_file":"","podmotor_file_id":"","podmotor_episode_id":"","cover_image":"","cover_image_id":"","duration":"","filesize":"","filesize_raw":"","date_recorded":"","explicit":"","block":"","itunes_episode_number":"","itunes_title":"","itunes_season_number":"","itunes_episode_type":"","footnotes":""},"categories":[],"tags":[],"class_list":["post-1556","page","type-page","status-publish","hentry"],"acf":[],"publishpress_future_action":{"enabled":false,"date":"2026-05-05 19:25:32","action":"change-status","newStatus":"draft","terms":[],"taxonomy":"category","extraData":[]},"publishpress_future_workflow_manual_trigger":{"enabledWorkflows":[]},"_links":{"self":[{"href":"https:\/\/www.oaxaca.gob.mx\/sm\/wp-json\/wp\/v2\/pages\/1556","targetHints":{"allow":["GET"]}}],"collection":[{"href":"https:\/\/www.oaxaca.gob.mx\/sm\/wp-json\/wp\/v2\/pages"}],"about":[{"href":"https:\/\/www.oaxaca.gob.mx\/sm\/wp-json\/wp\/v2\/types\/page"}],"author":[{"embeddable":true,"href":"https:\/\/www.oaxaca.gob.mx\/sm\/wp-json\/wp\/v2\/users\/1"}],"replies":[{"embeddable":true,"href":"https:\/\/www.oaxaca.gob.mx\/sm\/wp-json\/wp\/v2\/comments?post=1556"}],"version-history":[{"count":0,"href":"https:\/\/www.oaxaca.gob.mx\/sm\/wp-json\/wp\/v2\/pages\/1556\/revisions"}],"wp:attachment":[{"href":"https:\/\/www.oaxaca.gob.mx\/sm\/wp-json\/wp\/v2\/media?parent=1556"}],"wp:term":[{"taxonomy":"category","embeddable":true,"href":"https:\/\/www.oaxaca.gob.mx\/sm\/wp-json\/wp\/v2\/categories?post=1556"},{"taxonomy":"post_tag","embeddable":true,"href":"https:\/\/www.oaxaca.gob.mx\/sm\/wp-json\/wp\/v2\/tags?post=1556"}],"curies":[{"name":"wp","href":"https:\/\/api.w.org\/{rel}","templated":true}]}}