{"id":13746,"date":"2024-11-15T17:46:47","date_gmt":"2024-11-15T23:46:47","guid":{"rendered":"https:\/\/www.oaxaca.gob.mx\/sm\/?page_id=13746"},"modified":"2024-12-02T16:04:57","modified_gmt":"2024-12-02T22:04:57","slug":"servicios-5","status":"publish","type":"page","link":"https:\/\/www.oaxaca.gob.mx\/sm\/servicios-5\/","title":{"rendered":"Servicios"},"content":{"rendered":"<div class=\"su-spoiler su-spoiler-style- su-spoiler-icon-plus su-spoiler-closed\" data-scroll-offset=\"0\" data-anchor-in-url=\"no\"><div class=\"su-spoiler-title\" tabindex=\"0\" role=\"button\"><span class=\"su-spoiler-icon\"><\/span><strong>Capacitaci\u00f3n<\/strong><\/div><div class=\"su-spoiler-content su-u-clearfix su-u-trim\">\n<div class=\"su-tabs su-tabs-style-default su-tabs-mobile-stack\" data-active=\"1\" data-scroll-offset=\"0\" data-anchor-in-url=\"yes\"><div class=\"su-tabs-nav\"><span class=\"\" data-url=\"\" data-target=\"blank\" tabindex=\"0\" role=\"button\">Oferta de capacitaci\u00f3n<\/span><\/div><div class=\"su-tabs-panes\"><div class=\"su-tabs-pane su-u-clearfix su-u-trim\" data-title=\"Oferta de capacitaci\u00f3n\">\n<a href=\"https:\/\/www.oaxaca.gob.mx\/sm\/wp-content\/uploads\/sites\/72\/2024\/11\/oferta-.pdf\" class=\"pdfemb-viewer\" style=\"\" data-width=\"max\" data-height=\"max\" data-toolbar=\"top\" data-toolbar-fixed=\"on\">OFERTA DE CAPACITACI\u00d3N SM<\/a>\n<\/div><\/div><\/div>\n<\/div><\/div>\n<div class=\"su-spoiler su-spoiler-style-elegante su-spoiler-icon-plus su-spoiler-closed\" data-scroll-offset=\"0\" data-anchor-in-url=\"no\"><div class=\"su-spoiler-title\" tabindex=\"0\" role=\"button\"><span class=\"su-spoiler-icon\"><\/span><strong>Atenci\u00f3n a Mujeres<\/strong><\/div><div class=\"su-spoiler-content su-u-clearfix su-u-trim\">\n<div class=\"su-tabs su-tabs-style-default su-tabs-mobile-stack\" data-active=\"1\" data-scroll-offset=\"0\" data-anchor-in-url=\"yes\"><div class=\"su-tabs-nav\"><span class=\"\" data-url=\"\" data-target=\"blank\" tabindex=\"0\" role=\"button\">CEATI<\/span><span class=\"\" data-url=\"\" data-target=\"blank\" tabindex=\"0\" role=\"button\">UCIZONI<\/span><span class=\"\" data-url=\"\" data-target=\"blank\" tabindex=\"0\" role=\"button\">N\u00c4\u00c4XWIIN A.C.<\/span><span class=\"\" data-url=\"\" data-target=\"blank\" tabindex=\"0\" role=\"button\">NDUVA NDANDI A.C.<\/span><\/div><div class=\"su-tabs-panes\"><div class=\"su-tabs-pane su-u-clearfix su-u-trim\" data-title=\"CEATI\">\n<a href=\"https:\/\/www.oaxaca.gob.mx\/sm\/wp-content\/uploads\/sites\/72\/2024\/11\/CEATI-SERVICIOS-3-1.pdf\" class=\"pdfemb-viewer\" style=\"\" data-width=\"max\" data-height=\"max\" data-toolbar=\"top\" data-toolbar-fixed=\"on\">CEATI-SERVICIOS-3-1<\/a>\n<div class=\"su-gmap su-u-responsive-media-no\"><iframe loading=\"lazy\" width=\"1235\" height=\"200\" src=\"\/\/maps.google.com\/maps?q=Centro%20Estatal%20de%20Atenci%C3%B3n%20Integral%20a%20Mujeres%20en%20Situaci%C3%B3n%20de%20Violencia%20de%20G%C3%A9nero%20&amp;output=embed\" title=\"ejemplo \"><\/iframe><\/div>\n<\/div>\n<div class=\"su-tabs-pane su-u-clearfix su-u-trim\" data-title=\"UCIZONI\">\n<a href=\"https:\/\/www.oaxaca.gob.mx\/sm\/wp-content\/uploads\/sites\/72\/2024\/11\/UCIZONI-SERVICIOS-8.pdf\" class=\"pdfemb-viewer\" style=\"\" data-width=\"max\" data-height=\"max\" data-toolbar=\"top\" data-toolbar-fixed=\"on\">UCIZONI-SERVICIOS-8<\/a>\n<div class=\"su-gmap su-u-responsive-media-no\"><iframe loading=\"lazy\" width=\"1235\" height=\"200\" src=\"\/\/maps.google.com\/maps?q=ucizoni&amp;output=embed\" title=\"ejemplo \"><\/iframe><\/div>\n<\/div>\n<div class=\"su-tabs-pane su-u-clearfix su-u-trim\" data-title=\"N\u00c4\u00c4XWIIN A.C.\">\n<a href=\"https:\/\/www.oaxaca.gob.mx\/sm\/wp-content\/uploads\/sites\/72\/2024\/11\/NAXWIN-SERVICIOS-1-1.pdf\" class=\"pdfemb-viewer\" style=\"\" data-width=\"max\" data-height=\"max\" data-toolbar=\"top\" data-toolbar-fixed=\"on\">NAXWIN-SERVICIOS-1-1<\/a>\n<div class=\"su-gmap su-u-responsive-media-no\"><iframe loading=\"lazy\" width=\"1235\" height=\"200\" src=\"\/\/maps.google.com\/maps?q=Naaxwiin%20A.c.&amp;output=embed\" title=\"ejemplo \"><\/iframe><\/div>\n<\/div>\n<div class=\"su-tabs-pane su-u-clearfix su-u-trim\" data-title=\"NDUVA NDANDI A.C.\">\n<a href=\"https:\/\/www.oaxaca.gob.mx\/sm\/wp-content\/uploads\/sites\/72\/2024\/11\/NDUVA-SERVICIOS-2-1.pdf\" class=\"pdfemb-viewer\" style=\"\" data-width=\"max\" data-height=\"max\" data-toolbar=\"top\" data-toolbar-fixed=\"on\">NDUVA-SERVICIOS-2-1<\/a>\n<div class=\"su-gmap su-u-responsive-media-no\"><iframe loading=\"lazy\" width=\"1235\" height=\"200\" src=\"\/\/maps.google.com\/maps?q=Nduva%20Ndandi%20A.c.&amp;output=embed\" title=\"ejemplo \"><\/iframe><\/div>\n<\/div><\/div><\/div>\n<\/div><\/div>\n<p>Estos servicios son brindados por el Centro de Atenci\u00f3n Estatal Integral a Mujeres en situaci\u00f3n de Violencia (CEATI-MUJERES), el cual se integra por: Unidad de Atenci\u00f3n Integral a Mujeres en Situaci\u00f3n de Violencia Familiar y de G\u00e9nero, Unidad de Atenci\u00f3n a Mujeres en Situaci\u00f3n de Violencia Sexual, Unidad de Atenci\u00f3n y Seguimiento a Casos de Feminicidio en el Estado de Oaxaca y Grupo focalizado para la atenci\u00f3n y seguimiento a casos de violencia digital en raz\u00f3n de g\u00e9nero contra las Mujeres en el Estado de Oaxaca, as\u00ed como por las Unidades Locales de las organizaciones de la sociedad civil:<\/p>\n<div class=\"su-spoiler su-spoiler-style-elegante su-spoiler-icon-plus su-spoiler-closed\" data-scroll-offset=\"0\" data-anchor-in-url=\"no\"><div class=\"su-spoiler-title\" tabindex=\"0\" role=\"button\"><span class=\"su-spoiler-icon\"><\/span>Asesoria Jur\u00eddica<\/div><div class=\"su-spoiler-content su-u-clearfix su-u-trim\">\nLas abogadas del centro brindan asesor\u00eda legal especializada a mujeres en situaci\u00f3n de violencia, asegurando la defensa de sus derechos en procesos judiciales relacionados con violencia de g\u00e9nero. Cuentan con formaci\u00f3n en derecho familiar y el sistema acusatorio, lo que les permite ofrecer acompa\u00f1amiento legal integral, promoviendo el acceso a la justicia y la protecci\u00f3n de los derechos humanos de las mujeres. <\/div><\/div>\n<div class=\"su-spoiler su-spoiler-style-elegante su-spoiler-icon-plus su-spoiler-closed\" data-scroll-offset=\"0\" data-anchor-in-url=\"no\"><div class=\"su-spoiler-title\" tabindex=\"0\" role=\"button\"><span class=\"su-spoiler-icon\"><\/span>Psicolog\u00eda<\/div><div class=\"su-spoiler-content su-u-clearfix su-u-trim\">\nLas psic\u00f3logas proporcionan atenci\u00f3n terap\u00e9utica a mujeres en situaci\u00f3n de violencia, abordando las secuelas emocionales y psicol\u00f3gicas derivadas de la violencia. Su intervenci\u00f3n se enfoca en el apoyo en crisis, la identificaci\u00f3n de riesgos y la aplicaci\u00f3n de herramientas para garantizar una atenci\u00f3n integral, facilitando procesos de recuperaci\u00f3n y fortalecimiento emocional.<\/div><\/div>\n<div class=\"su-spoiler su-spoiler-style-elegante su-spoiler-icon-plus su-spoiler-closed\" data-scroll-offset=\"0\" data-anchor-in-url=\"no\"><div class=\"su-spoiler-title\" tabindex=\"0\" role=\"button\"><span class=\"su-spoiler-icon\"><\/span>Psicolog\u00eda de Adolescentes<\/div><div class=\"su-spoiler-content su-u-clearfix su-u-trim\">\nLas psic\u00f3logas especializadas en adolescentes brindan apoyo a hijas e hijos de mujeres en situaci\u00f3n de violencia, trabajando en la identificaci\u00f3n de secuelas emocionales y psicol\u00f3gicas causadas por el contexto violento. Su labor incluye la intervenci\u00f3n en crisis y la orientaci\u00f3n necesaria para la recuperaci\u00f3n emocional de los adolescentes afectados.Las psic\u00f3logas infantiles est\u00e1n capacitadas para atender a ni\u00f1as y ni\u00f1os que han sido v\u00edctimas o testigos de violencia, proporcionando apoyo emocional y psicol\u00f3gico. Se enfocan en la prevenci\u00f3n de la violencia, la identificaci\u00f3n de situaciones de riesgo y el fomento de un entorno seguro y educativo para los menores.<br \/>\n<\/div><\/div>\n<div class=\"su-spoiler su-spoiler-style-elegante su-spoiler-icon-plus su-spoiler-closed\" data-scroll-offset=\"0\" data-anchor-in-url=\"no\"><div class=\"su-spoiler-title\" tabindex=\"0\" role=\"button\"><span class=\"su-spoiler-icon\"><\/span>Psicolog\u00eda infantil<\/div><div class=\"su-spoiler-content su-u-clearfix su-u-trim\">\nLas psic\u00f3logas infantiles est\u00e1n capacitadas para atender a ni\u00f1as y ni\u00f1os que han sido v\u00edctimas o testigos de violencia, proporcionando apoyo emocional y psicol\u00f3gico. Se enfocan en la prevenci\u00f3n de la violencia, la identificaci\u00f3n de situaciones de riesgo y el fomento de un entorno seguro y educativo para los menores.<br \/>\n<\/div><\/div>\n<div class=\"su-spoiler su-spoiler-style-elegante su-spoiler-icon-plus su-spoiler-closed\" data-scroll-offset=\"0\" data-anchor-in-url=\"no\"><div class=\"su-spoiler-title\" tabindex=\"0\" role=\"button\"><span class=\"su-spoiler-icon\"><\/span>Trabajo social<\/div><div class=\"su-spoiler-content su-u-clearfix su-u-trim\">\nLas trabajadoras sociales realizan evaluaciones socio-familiares, entrevistas y visitas domiciliarias, con el objetivo de identificar las necesidades prioritarias de las mujeres en situaci\u00f3n de violencia. Proporcionan apoyo en la detecci\u00f3n de redes de apoyo y gestionan la referencia y contrarreferencia de casos, asegurando un abordaje integral y adecuado a las circunstancias de cada usuaria.<br \/>\n<\/div><\/div>\n<div class=\"su-spoiler su-spoiler-style-elegante su-spoiler-icon-plus su-spoiler-closed\" data-scroll-offset=\"0\" data-anchor-in-url=\"no\"><div class=\"su-spoiler-title\" tabindex=\"0\" role=\"button\"><span class=\"su-spoiler-icon\"><\/span>Ludoteca<\/div><div class=\"su-spoiler-content su-u-clearfix su-u-trim\">\nLas profesionales encargadas de la ludoteca brindan atenci\u00f3n a ni\u00f1os y ni\u00f1as en situaciones de violencia, enfoc\u00e1ndose en su bienestar emocional y en la prevenci\u00f3n de la violencia. Su intervenci\u00f3n incluye la detecci\u00f3n de riesgos y el desarrollo de estrategias educativas y recreativas que fomentan el desarrollo saludable y la protecci\u00f3n de los menores.<br \/>\n<\/div><\/div>\n<div class=\"su-spoiler su-spoiler-style-elegante su-spoiler-icon-plus su-spoiler-closed\" data-scroll-offset=\"0\" data-anchor-in-url=\"no\"><div class=\"su-spoiler-title\" tabindex=\"0\" role=\"button\"><span class=\"su-spoiler-icon\"><\/span>Tanatolog\u00eda<\/div><div class=\"su-spoiler-content su-u-clearfix su-u-trim\">\nLa tanat\u00f3loga proporciona apoyo especializado a las mujeres y sus familias en proceso de duelo, ofreciendo herramientas para el manejo de la p\u00e9rdida y el dolor. Su enfoque incluye la atenci\u00f3n a las emociones y vivencias relacionadas con el duelo, facilitando el acompa\u00f1amiento en el proceso de aceptaci\u00f3n y sanaci\u00f3n emocional, promoviendo el bienestar psicol\u00f3gico ante situaciones de p\u00e9rdida y sufrimiento.<br \/>\n<\/div><\/div>\n<p><em><\/p>\n<p style=\"text-align: right;color: gray;font-family: 'Arial narrow'\">Publicado el: 15 Nov 2024 a las 17:46<\/p>\n<p><\/em><\/p>\n","protected":false},"excerpt":{"rendered":"<p>Estos servicios son brindados por el Centro de Atenci\u00f3n Estatal Integral a Mujeres en situaci\u00f3n de Violencia (CEATI-MUJERES), el cual se integra por: Unidad de Atenci\u00f3n Integral a Mujeres en Situaci\u00f3n de Violencia Familiar y de G\u00e9nero, Unidad de Atenci\u00f3n a Mujeres en Situaci\u00f3n de Violencia Sexual, Unidad de Atenci\u00f3n y Seguimiento a Casos de [&hellip;]<\/p>\n","protected":false},"author":78,"featured_media":0,"parent":0,"menu_order":0,"comment_status":"closed","ping_status":"closed","template":"","meta":{"episode_type":"","audio_file":"","podmotor_file_id":"","podmotor_episode_id":"","cover_image":"","cover_image_id":"","duration":"","filesize":"","filesize_raw":"","date_recorded":"","explicit":"","block":"","itunes_episode_number":"","itunes_title":"","itunes_season_number":"","itunes_episode_type":"","footnotes":""},"categories":[],"tags":[],"class_list":["post-13746","page","type-page","status-publish","hentry"],"acf":[],"publishpress_future_action":{"enabled":false,"date":"2026-04-23 01:46:06","action":"change-status","newStatus":"draft","terms":[],"taxonomy":"category","extraData":[]},"publishpress_future_workflow_manual_trigger":{"enabledWorkflows":[]},"_links":{"self":[{"href":"https:\/\/www.oaxaca.gob.mx\/sm\/wp-json\/wp\/v2\/pages\/13746","targetHints":{"allow":["GET"]}}],"collection":[{"href":"https:\/\/www.oaxaca.gob.mx\/sm\/wp-json\/wp\/v2\/pages"}],"about":[{"href":"https:\/\/www.oaxaca.gob.mx\/sm\/wp-json\/wp\/v2\/types\/page"}],"author":[{"embeddable":true,"href":"https:\/\/www.oaxaca.gob.mx\/sm\/wp-json\/wp\/v2\/users\/78"}],"replies":[{"embeddable":true,"href":"https:\/\/www.oaxaca.gob.mx\/sm\/wp-json\/wp\/v2\/comments?post=13746"}],"version-history":[{"count":2,"href":"https:\/\/www.oaxaca.gob.mx\/sm\/wp-json\/wp\/v2\/pages\/13746\/revisions"}],"predecessor-version":[{"id":13868,"href":"https:\/\/www.oaxaca.gob.mx\/sm\/wp-json\/wp\/v2\/pages\/13746\/revisions\/13868"}],"wp:attachment":[{"href":"https:\/\/www.oaxaca.gob.mx\/sm\/wp-json\/wp\/v2\/media?parent=13746"}],"wp:term":[{"taxonomy":"category","embeddable":true,"href":"https:\/\/www.oaxaca.gob.mx\/sm\/wp-json\/wp\/v2\/categories?post=13746"},{"taxonomy":"post_tag","embeddable":true,"href":"https:\/\/www.oaxaca.gob.mx\/sm\/wp-json\/wp\/v2\/tags?post=13746"}],"curies":[{"name":"wp","href":"https:\/\/api.w.org\/{rel}","templated":true}]}}