{"id":1314,"date":"2018-06-11T11:20:30","date_gmt":"2018-06-11T17:20:30","guid":{"rendered":"http:\/\/www.smo.oaxaca.gob.mx\/?page_id=1314"},"modified":"2018-06-11T11:20:30","modified_gmt":"2018-06-11T17:20:30","slug":"lgtaip-articulo-70-fraccion-iv","status":"publish","type":"page","link":"https:\/\/www.oaxaca.gob.mx\/sm\/lgtaip-articulo-70-fraccion-iv\/","title":{"rendered":"LGTAIP &#8211; Art\u00edculo 70. Fracci\u00f3n IV"},"content":{"rendered":"<div class=\"su-tabs su-tabs-style-default su-tabs-mobile-stack\" data-active=\"1\" data-scroll-offset=\"0\" data-anchor-in-url=\"no\"><div class=\"su-tabs-nav\"><span class=\"\" data-url=\"\" data-target=\"blank\" tabindex=\"0\" role=\"button\">2018<\/span><span class=\"\" data-url=\"\" data-target=\"blank\" tabindex=\"0\" role=\"button\">2017<\/span><\/div><div class=\"su-tabs-panes\"><div class=\"su-tabs-pane su-u-clearfix su-u-trim\" data-title=\"2018\">\n<div class=\"su-table su-table-alternate\">\n<table>\n<tbody>\n<tr>\n<td width=\"130\"><b>Subsecretar\u00eda de Promoci\u00f3n, Participaci\u00f3n y Equidad de G\u00e9nero<\/b><\/td>\n<td colspan=\"2\" width=\"67\"><\/td>\n<\/tr>\n<tr>\n<td width=\"130\">\n<p style=\"text-align: center\"><strong>Fracci\u00f3n IV<\/strong><\/p>\n<\/td>\n<td width=\"40\">\n<p style=\"text-align: center\"><strong>Documento<\/strong><\/p>\n<\/td>\n<td width=\"30\">\n<p style=\"text-align: center\"><strong>Consultar<\/strong><\/p>\n<\/td>\n<\/tr>\n<tr>\n<td>Las metas y objetivos de las \u00c1reas de conformidad con sus programas operativos.<\/td>\n<td>\n<p style=\"text-align: center\">Formato<\/p>\n<p style=\"text-align: center\">Fracci\u00f3n 4<\/p>\n<\/td>\n<td>\u00a0<img loading=\"lazy\" decoding=\"async\" class=\"aligncenter wp-image-1303\" src=\"\/smo\/wp-content\/uploads\/sites\/72\/2018\/06\/Excel-1.png\" alt=\"\" width=\"52\" height=\"52\" srcset=\"https:\/\/www.oaxaca.gob.mx\/sm\/wp-content\/uploads\/sites\/72\/2018\/06\/Excel-1.png 256w, https:\/\/www.oaxaca.gob.mx\/sm\/wp-content\/uploads\/sites\/72\/2018\/06\/Excel-1-150x150.png 150w\" sizes=\"auto, (max-width: 52px) 100vw, 52px\" \/><\/td>\n<\/tr>\n<tr>\n<td><\/td>\n<td><\/td>\n<td><\/td>\n<\/tr>\n<\/tbody>\n<\/table>\n<p>&nbsp;<\/p>\n<table>\n<tbody>\n<tr>\n<td width=\"130\"><b>Subsecretar\u00eda de Prevenci\u00f3n de la Violencia de G\u00e9nero<\/b><\/td>\n<td colspan=\"2\" width=\"67\"><\/td>\n<\/tr>\n<tr>\n<td width=\"130\">\n<p style=\"text-align: center\"><strong>Fracci\u00f3n IV<\/strong><\/p>\n<\/td>\n<td width=\"40\">\n<p style=\"text-align: center\"><strong>Documento<\/strong><\/p>\n<\/td>\n<td width=\"30\">\n<p style=\"text-align: center\"><strong>Consultar<\/strong><\/p>\n<\/td>\n<\/tr>\n<tr>\n<td>Las metas y objetivos de las \u00c1reas de conformidad con sus programas operativos.<\/td>\n<td>\n<p style=\"text-align: center\">Formato<\/p>\n<p style=\"text-align: center\">Fracci\u00f3n 4<\/p>\n<\/td>\n<td>\u00a0<a href=\"https:\/\/www.oaxaca.gob.mx\/smo\/wp-content\/uploads\/sites\/72\/2018\/12\/LGTA70FIV-T-SPV.xlsx\" target=\"_blank\" rel=\"noopener noreferrer\"><img loading=\"lazy\" decoding=\"async\" class=\"aligncenter wp-image-1303\" src=\"\/smo\/wp-content\/uploads\/sites\/72\/2018\/06\/Excel-1.png\" alt=\"\" width=\"52\" height=\"52\" srcset=\"https:\/\/www.oaxaca.gob.mx\/sm\/wp-content\/uploads\/sites\/72\/2018\/06\/Excel-1.png 256w, https:\/\/www.oaxaca.gob.mx\/sm\/wp-content\/uploads\/sites\/72\/2018\/06\/Excel-1-150x150.png 150w\" sizes=\"auto, (max-width: 52px) 100vw, 52px\" \/><\/a><\/td>\n<\/tr>\n<tr>\n<td><\/td>\n<td><\/td>\n<td><\/td>\n<\/tr>\n<\/tbody>\n<\/table>\n<\/div>\n<\/div>\n<div class=\"su-tabs-pane su-u-clearfix su-u-trim\" data-title=\"2017\">\n<div class=\"su-table su-table-alternate\">\n<table>\n<tbody>\n<tr>\n<td style=\"text-align: center\" width=\"130\"><strong>Fracci\u00f3n IV<\/strong><\/td>\n<td style=\"text-align: center\" width=\"40\"><strong>Documento<\/strong><\/td>\n<td style=\"text-align: center\" width=\"30\"><strong>Consultar<\/strong><\/td>\n<\/tr>\n<tr>\n<td>Las metas y objetivos de las \u00c1reas de conformidad con sus programas operativos.<\/td>\n<td style=\"text-align: center\">Formato Fracci\u00f3n 4<\/td>\n<td>\u00a0<img loading=\"lazy\" decoding=\"async\" class=\"aligncenter wp-image-1303\" src=\"\/smo\/wp-content\/uploads\/sites\/72\/2018\/06\/Excel-1.png\" alt=\"\" width=\"52\" height=\"52\" srcset=\"https:\/\/www.oaxaca.gob.mx\/sm\/wp-content\/uploads\/sites\/72\/2018\/06\/Excel-1.png 256w, https:\/\/www.oaxaca.gob.mx\/sm\/wp-content\/uploads\/sites\/72\/2018\/06\/Excel-1-150x150.png 150w\" sizes=\"auto, (max-width: 52px) 100vw, 52px\" \/><\/td>\n<\/tr>\n<tr>\n<td><\/td>\n<td><\/td>\n<td><\/td>\n<\/tr>\n<\/tbody>\n<\/table>\n<\/div>\n<\/div><\/div><\/div>\n","protected":false},"excerpt":{"rendered":"","protected":false},"author":1,"featured_media":0,"parent":0,"menu_order":0,"comment_status":"closed","ping_status":"closed","template":"","meta":{"episode_type":"","audio_file":"","podmotor_file_id":"","podmotor_episode_id":"","cover_image":"","cover_image_id":"","duration":"","filesize":"","filesize_raw":"","date_recorded":"","explicit":"","block":"","itunes_episode_number":"","itunes_title":"","itunes_season_number":"","itunes_episode_type":"","footnotes":""},"categories":[],"tags":[],"class_list":["post-1314","page","type-page","status-publish","hentry"],"acf":[],"publishpress_future_action":{"enabled":false,"date":"2026-05-05 12:25:03","action":"change-status","newStatus":"draft","terms":[],"taxonomy":"category","extraData":[]},"publishpress_future_workflow_manual_trigger":{"enabledWorkflows":[]},"_links":{"self":[{"href":"https:\/\/www.oaxaca.gob.mx\/sm\/wp-json\/wp\/v2\/pages\/1314","targetHints":{"allow":["GET"]}}],"collection":[{"href":"https:\/\/www.oaxaca.gob.mx\/sm\/wp-json\/wp\/v2\/pages"}],"about":[{"href":"https:\/\/www.oaxaca.gob.mx\/sm\/wp-json\/wp\/v2\/types\/page"}],"author":[{"embeddable":true,"href":"https:\/\/www.oaxaca.gob.mx\/sm\/wp-json\/wp\/v2\/users\/1"}],"replies":[{"embeddable":true,"href":"https:\/\/www.oaxaca.gob.mx\/sm\/wp-json\/wp\/v2\/comments?post=1314"}],"version-history":[{"count":0,"href":"https:\/\/www.oaxaca.gob.mx\/sm\/wp-json\/wp\/v2\/pages\/1314\/revisions"}],"wp:attachment":[{"href":"https:\/\/www.oaxaca.gob.mx\/sm\/wp-json\/wp\/v2\/media?parent=1314"}],"wp:term":[{"taxonomy":"category","embeddable":true,"href":"https:\/\/www.oaxaca.gob.mx\/sm\/wp-json\/wp\/v2\/categories?post=1314"},{"taxonomy":"post_tag","embeddable":true,"href":"https:\/\/www.oaxaca.gob.mx\/sm\/wp-json\/wp\/v2\/tags?post=1314"}],"curies":[{"name":"wp","href":"https:\/\/api.w.org\/{rel}","templated":true}]}}