{"id":12806,"date":"2024-01-24T16:42:40","date_gmt":"2024-01-24T22:42:40","guid":{"rendered":"https:\/\/www.oaxaca.gob.mx\/sm\/?page_id=12806"},"modified":"2024-02-12T17:27:54","modified_gmt":"2024-02-12T23:27:54","slug":"formacion-empresarial-para-mujeres","status":"publish","type":"page","link":"https:\/\/www.oaxaca.gob.mx\/sm\/fortalecimiento-empresarial-para-mujeres\/","title":{"rendered":"Fortalecimiento Empresarial para Mujeres (FEM)"},"content":{"rendered":"<table class=\"default\" border=\"0\" width=\"100%\" cellspacing=\"8\">\n<tbody>\n<tr>\n<th colspan=\"4\"><img loading=\"lazy\" decoding=\"async\" class=\"alignnone size-full wp-image-13049\" src=\"https:\/\/www.oaxaca.gob.mx\/sm\/wp-content\/uploads\/sites\/72\/2024\/02\/MIM-fem-CABEZA-1.png\" alt=\"\" width=\"3604\" height=\"504\" srcset=\"https:\/\/www.oaxaca.gob.mx\/sm\/wp-content\/uploads\/sites\/72\/2024\/02\/MIM-fem-CABEZA-1.png 3604w, https:\/\/www.oaxaca.gob.mx\/sm\/wp-content\/uploads\/sites\/72\/2024\/02\/MIM-fem-CABEZA-1-300x42.png 300w, https:\/\/www.oaxaca.gob.mx\/sm\/wp-content\/uploads\/sites\/72\/2024\/02\/MIM-fem-CABEZA-1-1024x143.png 1024w, https:\/\/www.oaxaca.gob.mx\/sm\/wp-content\/uploads\/sites\/72\/2024\/02\/MIM-fem-CABEZA-1-768x107.png 768w, https:\/\/www.oaxaca.gob.mx\/sm\/wp-content\/uploads\/sites\/72\/2024\/02\/MIM-fem-CABEZA-1-1536x215.png 1536w, https:\/\/www.oaxaca.gob.mx\/sm\/wp-content\/uploads\/sites\/72\/2024\/02\/MIM-fem-CABEZA-1-2048x286.png 2048w\" sizes=\"auto, (max-width: 3604px) 100vw, 3604px\" \/><\/th>\n<\/tr>\n<tr>\n<th width=\"20%\"><img loading=\"lazy\" decoding=\"async\" class=\"alignnone size-full wp-image-12815\" src=\"https:\/\/www.oaxaca.gob.mx\/sm\/wp-content\/uploads\/sites\/72\/2024\/01\/MIM-fem-1.jpg\" alt=\"\" width=\"716\" height=\"1024\" \/><\/th>\n<th width=\"1%\"><\/th>\n<th width=\"58%\">Objetivo: <b>Incrementar<\/b> <b>el<\/b> <b>liderazgo<\/b> <b>econ\u00f3mico<\/b> de las mujeres, reduciendo la brecha de g\u00e9nero por medio del <b>desarrollo<\/b><b> de <\/b><b>competencias<\/b> <b>empresariales<\/b> <b>y <\/b><b>sociales<\/b> que aminoren los obst\u00e1culos que enfrentan al iniciar y durante los primeros a\u00f1os de operaci\u00f3n de sus negocios.<\/p>\n<p>La Secretar\u00eda de Desarrollo Econ\u00f3mico en colaboraci\u00f3n con la Secretar\u00eda de las Mujeres a trav\u00e9s de sus programas de atenci\u00f3n a emprendedoras, artesanas, productoras, micro y peque\u00f1as empresas y colectivos liderados por mujeres <b>promueven<\/b>, <b>vinculan<\/b> y <b>colaboran<\/b> con los diferentes programas de formaci\u00f3n y\/o plataformas de los aliados.<\/p>\n<p>Los programas de formaci\u00f3n y\/o las plataformas de los <b>aliados<\/b> est\u00e1n orientadas a otorgar a las participantes las herramientas y conocimientos que potencien sus <b>capacidades<\/b><b> de <\/b><b>gesti\u00f3n<\/b> <b>empresarial<\/b><b>, <\/b><b>fortalezcan<\/b> <b>su<\/b> <b>autonom\u00eda<\/b> e impacten directamente en la <b>mejora<\/b><b> de <\/b><b>su<\/b> <b>entorno<\/b><b> social.<\/b>&lt;\/th<\/th>\n<th width=\"20%\"><img loading=\"lazy\" decoding=\"async\" class=\"alignnone size-full wp-image-12814\" src=\"https:\/\/www.oaxaca.gob.mx\/sm\/wp-content\/uploads\/sites\/72\/2024\/01\/MIM-fem-2.jpg\" alt=\"\" width=\"673\" height=\"1024\" \/><img \/><\/th>\n<\/tr>\n<tr>\n<th colspan=\"4\"><a href=\"https:\/\/www.oaxaca.gob.mx\/sm\/programa-mim\/\"><img loading=\"lazy\" decoding=\"async\" class=\"wp-image-12938 alignright\" src=\"https:\/\/www.oaxaca.gob.mx\/sm\/wp-content\/uploads\/sites\/72\/2024\/02\/BTN-REGRESAR-300x80.png\" alt=\"\" width=\"203\" height=\"54\" srcset=\"https:\/\/www.oaxaca.gob.mx\/sm\/wp-content\/uploads\/sites\/72\/2024\/02\/BTN-REGRESAR-300x80.png 300w, https:\/\/www.oaxaca.gob.mx\/sm\/wp-content\/uploads\/sites\/72\/2024\/02\/BTN-REGRESAR.png 335w\" sizes=\"auto, (max-width: 203px) 100vw, 203px\" \/><\/a><img \/><\/th>\n<\/tr>\n<\/tbody>\n<\/table>\n","protected":false},"excerpt":{"rendered":"<p>Objetivo: Incrementar el liderazgo econ\u00f3mico de las mujeres, reduciendo la brecha de g\u00e9nero por medio del desarrollo de competencias empresariales y sociales que aminoren los obst\u00e1culos que enfrentan al iniciar y durante los primeros a\u00f1os de operaci\u00f3n de sus negocios. La Secretar\u00eda de Desarrollo Econ\u00f3mico en colaboraci\u00f3n con la Secretar\u00eda de las Mujeres a trav\u00e9s [&hellip;]<\/p>\n","protected":false},"author":78,"featured_media":0,"parent":0,"menu_order":0,"comment_status":"closed","ping_status":"closed","template":"","meta":{"episode_type":"","audio_file":"","podmotor_file_id":"","podmotor_episode_id":"","cover_image":"","cover_image_id":"","duration":"","filesize":"","filesize_raw":"","date_recorded":"","explicit":"","block":"","itunes_episode_number":"","itunes_title":"","itunes_season_number":"","itunes_episode_type":"","footnotes":""},"categories":[],"tags":[],"class_list":["post-12806","page","type-page","status-publish","hentry"],"acf":[],"publishpress_future_action":{"enabled":false,"date":"2026-05-11 06:32:54","action":"change-status","newStatus":"draft","terms":[],"taxonomy":"category","extraData":[]},"publishpress_future_workflow_manual_trigger":{"enabledWorkflows":[]},"_links":{"self":[{"href":"https:\/\/www.oaxaca.gob.mx\/sm\/wp-json\/wp\/v2\/pages\/12806","targetHints":{"allow":["GET"]}}],"collection":[{"href":"https:\/\/www.oaxaca.gob.mx\/sm\/wp-json\/wp\/v2\/pages"}],"about":[{"href":"https:\/\/www.oaxaca.gob.mx\/sm\/wp-json\/wp\/v2\/types\/page"}],"author":[{"embeddable":true,"href":"https:\/\/www.oaxaca.gob.mx\/sm\/wp-json\/wp\/v2\/users\/78"}],"replies":[{"embeddable":true,"href":"https:\/\/www.oaxaca.gob.mx\/sm\/wp-json\/wp\/v2\/comments?post=12806"}],"version-history":[{"count":2,"href":"https:\/\/www.oaxaca.gob.mx\/sm\/wp-json\/wp\/v2\/pages\/12806\/revisions"}],"predecessor-version":[{"id":13052,"href":"https:\/\/www.oaxaca.gob.mx\/sm\/wp-json\/wp\/v2\/pages\/12806\/revisions\/13052"}],"wp:attachment":[{"href":"https:\/\/www.oaxaca.gob.mx\/sm\/wp-json\/wp\/v2\/media?parent=12806"}],"wp:term":[{"taxonomy":"category","embeddable":true,"href":"https:\/\/www.oaxaca.gob.mx\/sm\/wp-json\/wp\/v2\/categories?post=12806"},{"taxonomy":"post_tag","embeddable":true,"href":"https:\/\/www.oaxaca.gob.mx\/sm\/wp-json\/wp\/v2\/tags?post=12806"}],"curies":[{"name":"wp","href":"https:\/\/api.w.org\/{rel}","templated":true}]}}