{"id":12805,"date":"2024-01-24T16:40:23","date_gmt":"2024-01-24T22:40:23","guid":{"rendered":"https:\/\/www.oaxaca.gob.mx\/sm\/?page_id=12805"},"modified":"2024-02-12T17:27:36","modified_gmt":"2024-02-12T23:27:36","slug":"mercaditos-rodantes-violetas","status":"publish","type":"page","link":"https:\/\/www.oaxaca.gob.mx\/sm\/mercaditos-rodantes-violetas\/","title":{"rendered":"Mercaditos Rodantes Violetas"},"content":{"rendered":"<table class=\"default\" border=\"0\" width=\"100%\" cellspacing=\"8\">\n<tbody>\n<tr>\n<th colspan=\"4\"><img loading=\"lazy\" decoding=\"async\" class=\"alignnone size-full wp-image-13048\" src=\"https:\/\/www.oaxaca.gob.mx\/sm\/wp-content\/uploads\/sites\/72\/2024\/02\/MIM-mercaditos-CABEZA.png\" alt=\"\" width=\"3603\" height=\"503\" srcset=\"https:\/\/www.oaxaca.gob.mx\/sm\/wp-content\/uploads\/sites\/72\/2024\/02\/MIM-mercaditos-CABEZA.png 3603w, https:\/\/www.oaxaca.gob.mx\/sm\/wp-content\/uploads\/sites\/72\/2024\/02\/MIM-mercaditos-CABEZA-300x42.png 300w, https:\/\/www.oaxaca.gob.mx\/sm\/wp-content\/uploads\/sites\/72\/2024\/02\/MIM-mercaditos-CABEZA-1024x143.png 1024w, https:\/\/www.oaxaca.gob.mx\/sm\/wp-content\/uploads\/sites\/72\/2024\/02\/MIM-mercaditos-CABEZA-768x107.png 768w, https:\/\/www.oaxaca.gob.mx\/sm\/wp-content\/uploads\/sites\/72\/2024\/02\/MIM-mercaditos-CABEZA-1536x214.png 1536w, https:\/\/www.oaxaca.gob.mx\/sm\/wp-content\/uploads\/sites\/72\/2024\/02\/MIM-mercaditos-CABEZA-2048x286.png 2048w\" sizes=\"auto, (max-width: 3603px) 100vw, 3603px\" \/><\/th>\n<\/tr>\n<tr>\n<th width=\"20%\"><img loading=\"lazy\" decoding=\"async\" class=\"alignnone size-full wp-image-12815\" src=\"https:\/\/www.oaxaca.gob.mx\/sm\/wp-content\/uploads\/sites\/72\/2024\/01\/MIM-mercaditos-1.jpg\" alt=\"\" width=\"716\" height=\"1024\" srcset=\"https:\/\/www.oaxaca.gob.mx\/sm\/wp-content\/uploads\/sites\/72\/2024\/01\/MIM-mercaditos-1.jpg 716w, https:\/\/www.oaxaca.gob.mx\/sm\/wp-content\/uploads\/sites\/72\/2024\/01\/MIM-mercaditos-1-210x300.jpg 210w\" sizes=\"auto, (max-width: 716px) 100vw, 716px\" \/><\/th>\n<th width=\"1%\"><\/th>\n<th width=\"58%\">Objetivo: Incrementar el <b>empoderamiento econ\u00f3mico <\/b>de las mujeres emprendedoras y artesanas, fomentando su <b>autonom\u00eda y avance para la toma de decisiones<\/b>; a trav\u00e9s de la creaci\u00f3n de <b>espacios estrat\u00e9gicos <\/b>para la venta y\/o promoci\u00f3n de sus productos y servicios.<\/p>\n<p>Mujeres que tengan un <b>emprendimiento propio<\/b>, ya sean productos o servicios. Independientemente del nivel de madurez de sus proyectos econ\u00f3micos, ya que se busca que con estas acciones <b>validen<\/b> sus propuestas de valor en los productos y servicios , <b>promuevan <\/b>sus proyectos y estructuren sus modelos de negocios para formalizarlos.<\/p>\n<p>Se tiene como objetivo que los mercaditos rodantes sean un ejercicio de pilotaje comercial y se lleven a cabo en las diferentes <b>regiones del Estado de Oaxaca <\/b>en coordinaci\u00f3n con los <b>ayuntamientos municipales<\/b>.\u00a0 Por otra parte se dar\u00e1 seguimiento a las beneficiarias que <b>deseen iniciar su proceso de formalizaci\u00f3n <\/b>en el mercado a trav\u00e9s del acompa\u00f1amiento\u00a0 con la Secretar\u00eda de Desarrollo Econ\u00f3mico.\u00a0 En todas las estrategias se dar\u00e1 prioridad a las <b>jefas de familia y madres aut\u00f3nomas<\/b>.<\/th>\n<th width=\"20%\"><img loading=\"lazy\" decoding=\"async\" class=\"alignnone size-full wp-image-12814\" src=\"https:\/\/www.oaxaca.gob.mx\/sm\/wp-content\/uploads\/sites\/72\/2024\/01\/MIM-mercaditos-2.jpg\" alt=\"\" width=\"673\" height=\"1024\" srcset=\"https:\/\/www.oaxaca.gob.mx\/sm\/wp-content\/uploads\/sites\/72\/2024\/01\/MIM-mercaditos-2.jpg 673w, https:\/\/www.oaxaca.gob.mx\/sm\/wp-content\/uploads\/sites\/72\/2024\/01\/MIM-mercaditos-2-197x300.jpg 197w\" sizes=\"auto, (max-width: 673px) 100vw, 673px\" \/><img \/><\/th>\n<\/tr>\n<tr>\n<th colspan=\"4\"><a href=\"https:\/\/www.oaxaca.gob.mx\/sm\/programa-mim\/\"><img loading=\"lazy\" decoding=\"async\" class=\"wp-image-12938 alignright\" src=\"https:\/\/www.oaxaca.gob.mx\/sm\/wp-content\/uploads\/sites\/72\/2024\/02\/BTN-REGRESAR-300x80.png\" alt=\"\" width=\"203\" height=\"54\" srcset=\"https:\/\/www.oaxaca.gob.mx\/sm\/wp-content\/uploads\/sites\/72\/2024\/02\/BTN-REGRESAR-300x80.png 300w, https:\/\/www.oaxaca.gob.mx\/sm\/wp-content\/uploads\/sites\/72\/2024\/02\/BTN-REGRESAR.png 335w\" sizes=\"auto, (max-width: 203px) 100vw, 203px\" \/><\/a><img \/><\/th>\n<\/tr>\n<\/tbody>\n<\/table>\n","protected":false},"excerpt":{"rendered":"<p>Objetivo: Incrementar el empoderamiento econ\u00f3mico de las mujeres emprendedoras y artesanas, fomentando su autonom\u00eda y avance para la toma de decisiones; a trav\u00e9s de la creaci\u00f3n de espacios estrat\u00e9gicos para la venta y\/o promoci\u00f3n de sus productos y servicios. Mujeres que tengan un emprendimiento propio, ya sean productos o servicios. Independientemente del nivel de madurez [&hellip;]<\/p>\n","protected":false},"author":78,"featured_media":0,"parent":0,"menu_order":0,"comment_status":"closed","ping_status":"closed","template":"","meta":{"episode_type":"","audio_file":"","podmotor_file_id":"","podmotor_episode_id":"","cover_image":"","cover_image_id":"","duration":"","filesize":"","filesize_raw":"","date_recorded":"","explicit":"","block":"","itunes_episode_number":"","itunes_title":"","itunes_season_number":"","itunes_episode_type":"","footnotes":""},"categories":[],"tags":[],"class_list":["post-12805","page","type-page","status-publish","hentry"],"acf":[],"publishpress_future_action":{"enabled":false,"date":"2026-05-17 12:07:21","action":"change-status","newStatus":"draft","terms":[],"taxonomy":"category","extraData":[]},"publishpress_future_workflow_manual_trigger":{"enabledWorkflows":[]},"_links":{"self":[{"href":"https:\/\/www.oaxaca.gob.mx\/sm\/wp-json\/wp\/v2\/pages\/12805","targetHints":{"allow":["GET"]}}],"collection":[{"href":"https:\/\/www.oaxaca.gob.mx\/sm\/wp-json\/wp\/v2\/pages"}],"about":[{"href":"https:\/\/www.oaxaca.gob.mx\/sm\/wp-json\/wp\/v2\/types\/page"}],"author":[{"embeddable":true,"href":"https:\/\/www.oaxaca.gob.mx\/sm\/wp-json\/wp\/v2\/users\/78"}],"replies":[{"embeddable":true,"href":"https:\/\/www.oaxaca.gob.mx\/sm\/wp-json\/wp\/v2\/comments?post=12805"}],"version-history":[{"count":3,"href":"https:\/\/www.oaxaca.gob.mx\/sm\/wp-json\/wp\/v2\/pages\/12805\/revisions"}],"predecessor-version":[{"id":13051,"href":"https:\/\/www.oaxaca.gob.mx\/sm\/wp-json\/wp\/v2\/pages\/12805\/revisions\/13051"}],"wp:attachment":[{"href":"https:\/\/www.oaxaca.gob.mx\/sm\/wp-json\/wp\/v2\/media?parent=12805"}],"wp:term":[{"taxonomy":"category","embeddable":true,"href":"https:\/\/www.oaxaca.gob.mx\/sm\/wp-json\/wp\/v2\/categories?post=12805"},{"taxonomy":"post_tag","embeddable":true,"href":"https:\/\/www.oaxaca.gob.mx\/sm\/wp-json\/wp\/v2\/tags?post=12805"}],"curies":[{"name":"wp","href":"https:\/\/api.w.org\/{rel}","templated":true}]}}