{"id":12803,"date":"2024-01-24T16:38:14","date_gmt":"2024-01-24T22:38:14","guid":{"rendered":"https:\/\/www.oaxaca.gob.mx\/sm\/?page_id=12803"},"modified":"2024-02-12T17:28:10","modified_gmt":"2024-02-12T23:28:10","slug":"red-de-embajadoras-mim","status":"publish","type":"page","link":"https:\/\/www.oaxaca.gob.mx\/sm\/red-de-embajadoras-mim\/","title":{"rendered":"Red de Embajadoras MIM"},"content":{"rendered":"<table class=\"default\" border=\"0\" width=\"100%\" cellspacing=\"12\">\n<tbody>\n<tr>\n<th colspan=\"4\"><img loading=\"lazy\" decoding=\"async\" class=\"alignnone wp-image-13047 size-full\" src=\"https:\/\/www.oaxaca.gob.mx\/sm\/wp-content\/uploads\/sites\/72\/2024\/02\/MIM-red-CABEZA.png\" alt=\"\" width=\"3603\" height=\"504\" srcset=\"https:\/\/www.oaxaca.gob.mx\/sm\/wp-content\/uploads\/sites\/72\/2024\/02\/MIM-red-CABEZA.png 3603w, https:\/\/www.oaxaca.gob.mx\/sm\/wp-content\/uploads\/sites\/72\/2024\/02\/MIM-red-CABEZA-300x42.png 300w, https:\/\/www.oaxaca.gob.mx\/sm\/wp-content\/uploads\/sites\/72\/2024\/02\/MIM-red-CABEZA-1024x143.png 1024w, https:\/\/www.oaxaca.gob.mx\/sm\/wp-content\/uploads\/sites\/72\/2024\/02\/MIM-red-CABEZA-768x107.png 768w, https:\/\/www.oaxaca.gob.mx\/sm\/wp-content\/uploads\/sites\/72\/2024\/02\/MIM-red-CABEZA-1536x215.png 1536w, https:\/\/www.oaxaca.gob.mx\/sm\/wp-content\/uploads\/sites\/72\/2024\/02\/MIM-red-CABEZA-2048x286.png 2048w\" sizes=\"auto, (max-width: 3603px) 100vw, 3603px\" \/><\/th>\n<\/tr>\n<tr>\n<th width=\"20%\"><img loading=\"lazy\" decoding=\"async\" class=\"alignnone size-full wp-image-12817\" src=\"https:\/\/www.oaxaca.gob.mx\/sm\/wp-content\/uploads\/sites\/72\/2024\/01\/MIM-red-1.jpg\" alt=\"\" width=\"716\" height=\"1024\" \/><\/th>\n<th width=\"1%\"><\/th>\n<th width=\"58%\">Objetivo: Promover y fortalecer el <b>liderazgo de las mujeres<\/b>, el propio y de terceras a trav\u00e9s de acciones que contribuyan al <b>adelanto de las mujeres<\/b>, el robustecimiento de <b>la cultura de paz<\/b> y la <b>prevenci\u00f3n de la violencia de g\u00e9nero<\/b>.<\/p>\n<p>Las <b>embajadoras M<\/b><b>I<\/b><b>M <\/b>han sido <b>reconocidas <\/b>desde sus liderazgos y su intenci\u00f3n de <b>coadyuvar con el avance de las mujeres<\/b>. Tienen la responsabilidad de participar en la <b>promoci\u00f3n y difusi\u00f3n<\/b> de convocatorias y campa\u00f1as dirigidas a mujeres, adem\u00e1s ser\u00e1n participes de <b>mentor\u00edas <\/b>dirigidas a otras mujeres y colaborar\u00e1n con el impulso a las <b>Redes MUCPAZ.<\/b><\/th>\n<th width=\"20%\"><img loading=\"lazy\" decoding=\"async\" class=\"alignnone size-full wp-image-12816\" src=\"https:\/\/www.oaxaca.gob.mx\/sm\/wp-content\/uploads\/sites\/72\/2024\/01\/MIM-red-2.jpg\" alt=\"\" width=\"660\" height=\"1027\" srcset=\"https:\/\/www.oaxaca.gob.mx\/sm\/wp-content\/uploads\/sites\/72\/2024\/01\/MIM-red-2.jpg 660w, https:\/\/www.oaxaca.gob.mx\/sm\/wp-content\/uploads\/sites\/72\/2024\/01\/MIM-red-2-193x300.jpg 193w, https:\/\/www.oaxaca.gob.mx\/sm\/wp-content\/uploads\/sites\/72\/2024\/01\/MIM-red-2-658x1024.jpg 658w\" sizes=\"auto, (max-width: 660px) 100vw, 660px\" \/><img \/><\/th>\n<\/tr>\n<tr>\n<th colspan=\"4\"><div class=\"su-tabs su-tabs-style-default su-tabs-mobile-stack\" data-active=\"1\" data-scroll-offset=\"0\" data-anchor-in-url=\"yes\"><div class=\"su-tabs-nav\"><span class=\"\" data-url=\"\" data-target=\"blank\" tabindex=\"0\" role=\"button\">Liderazgo de Trayectoria<\/span><span class=\"\" data-url=\"\" data-target=\"blank\" tabindex=\"0\" role=\"button\">Liderazgo Sectorial<\/span><span class=\"\" data-url=\"\" data-target=\"blank\" tabindex=\"0\" role=\"button\">Liderazgo Comunitario<\/span><span class=\"\" data-url=\"\" data-target=\"blank\" tabindex=\"0\" role=\"button\">Lideresas Consultoras<\/span><\/div><div class=\"su-tabs-panes\"><div class=\"su-tabs-pane su-u-clearfix su-u-trim\" data-title=\"Liderazgo de Trayectoria\">\n\n<table id=\"tablepress-92\" class=\"tablepress tablepress-id-92\">\n<thead>\n<tr class=\"row-1\">\n\t<th colspan=\"2\" class=\"column-1\">SEMBLANZAS<\/th>\n<\/tr>\n<\/thead>\n<tbody class=\"row-striping row-hover\">\n<tr class=\"row-2\">\n\t<td class=\"column-1\">Nombre <\/td><td class=\"column-2\">        Descargar<br \/>\n      <\/td>\n<\/tr>\n<tr class=\"row-3\">\n\t<td class=\"column-1\">ALEIDA RUIZ SOSA<\/td><td class=\"column-2\"><a href=\"https:\/\/www.oaxaca.gob.mx\/sm\/wp-content\/uploads\/sites\/72\/2024\/01\/SEMBLANZA-ALEIDA-RUIZ-SOSA.pdf\" target=\"_blank\" rel=\"noopener noreferrer\"><i class=\"far fa-file-pdf fa-2x\"> <\/i><\/a><br \/>\n<\/td>\n<\/tr>\n<tr class=\"row-4\">\n\t<td class=\"column-1\">DOLORES PEREZ ISLAS<\/td><td class=\"column-2\"><a href=\"https:\/\/www.oaxaca.gob.mx\/sm\/wp-content\/uploads\/sites\/72\/2024\/01\/SEMBLANZA-DOLORES-PEREZ-ISLAS-.pdf\" target=\"_blank\" rel=\"noopener noreferrer\"><i class=\"far fa-file-pdf fa-2x\">\u00a0<\/i><\/a><br \/>\n<\/td>\n<\/tr>\n<tr class=\"row-5\">\n\t<td class=\"column-1\">ZAZIL NALLELY CHAGOYA LIZAMA<\/td><td class=\"column-2\"><a href=\"https:\/\/www.oaxaca.gob.mx\/sm\/wp-content\/uploads\/sites\/72\/2024\/01\/SEMBLANZA-ZAZIL-NALLELY-CHAGOYA-LIZAMA.pdf\" target=\"_blank\" rel=\"noopener noreferrer\"><i class=\"far fa-file-pdf fa-2x\">\u00a0<\/i><\/a><\/td>\n<\/tr>\n<tr class=\"row-6\">\n\t<td class=\"column-1\">SARA ZENAIDA CLAVEL GUZMAN<\/td><td class=\"column-2\"><a href=\"https:\/\/www.oaxaca.gob.mx\/sm\/wp-content\/uploads\/sites\/72\/2024\/02\/SARA-ZENAIDA-CLAVEL-GUZMAN.pdf\" target=\"_blank\" rel=\"noopener noreferrer\"><i class=\"far fa-file-pdf fa-2x\">\u00a0<\/i><\/a><\/td>\n<\/tr>\n<tr class=\"row-7\">\n\t<td class=\"column-1\">ANA LUZ RAMOS SOTO<\/td><td class=\"column-2\"><a href=\"https:\/\/www.oaxaca.gob.mx\/sm\/wp-content\/uploads\/sites\/72\/2024\/02\/ANA-LUZ-RAMOS-SOTO.pdf\" target=\"_blank\" rel=\"noopener noreferrer\"><i class=\"far fa-file-pdf fa-2x\">\u00a0<\/i><\/a><\/td>\n<\/tr>\n<tr class=\"row-8\">\n\t<td class=\"column-1\">VIRIDIANA HERNANDEZ GABRIEL<\/td><td class=\"column-2\"><a href=\"https:\/\/www.oaxaca.gob.mx\/sm\/wp-content\/uploads\/sites\/72\/2024\/02\/VIRIDIANA-HERNANDEZ-GABRIEL.pdf\" target=\"_blank\" rel=\"noopener noreferrer\"><i class=\"far fa-file-pdf fa-2x\">\u00a0<\/i><\/a><\/td>\n<\/tr>\n<tr class=\"row-9\">\n\t<td class=\"column-1\">ERENDIRA ROMERO GARCIA<\/td><td class=\"column-2\"><a href=\"https:\/\/www.oaxaca.gob.mx\/sm\/wp-content\/uploads\/sites\/72\/2024\/02\/ERENDIRA-ROMERO-GARCIA.pdf\" target=\"_blank\" rel=\"noopener noreferrer\"><i class=\"far fa-file-pdf fa-2x\">\u00a0<\/i><\/a><\/td>\n<\/tr>\n<\/tbody>\n<\/table>\n<!-- #tablepress-92 from cache -->\n<\/div>\n<div class=\"su-tabs-pane su-u-clearfix su-u-trim\" data-title=\"Liderazgo Sectorial\">\n\n<table id=\"tablepress-93\" class=\"tablepress tablepress-id-93\">\n<thead>\n<tr class=\"row-1\">\n\t<th colspan=\"2\" class=\"column-1\">SEMBLANZAS<\/th>\n<\/tr>\n<\/thead>\n<tbody class=\"row-striping row-hover\">\n<tr class=\"row-2\">\n\t<td class=\"column-1\">Nombre <\/td><td class=\"column-2\">        Descargar<br \/>\n      <\/td>\n<\/tr>\n<tr class=\"row-3\">\n\t<td class=\"column-1\">MARIA LINARES<\/td><td class=\"column-2\"><a href=\"https:\/\/www.oaxaca.gob.mx\/sm\/wp-content\/uploads\/sites\/72\/2024\/01\/SEMBLANZA-MARIA-LINARES.pdf\" target=\"_blank\" rel=\"noopener noreferrer\"><i class=\"far fa-file-pdf fa-2x\"> <\/i><\/a><br \/>\n<\/td>\n<\/tr>\n<tr class=\"row-4\">\n\t<td class=\"column-1\">GABRIELA PALMIRA MENDOZA LAGUNAS<\/td><td class=\"column-2\"><a href=\"https:\/\/www.oaxaca.gob.mx\/sm\/wp-content\/uploads\/sites\/72\/2024\/01\/SEMBLANZA-GABRIELA-PALMIRA-MENDOZA-LAGUNAS.pdf\" target=\"_blank\" rel=\"noopener noreferrer\"><i class=\"far fa-file-pdf fa-2x\">\u00a0<\/i><\/a><\/td>\n<\/tr>\n<tr class=\"row-5\">\n\t<td class=\"column-1\">LILIANA MONSERRAT SANTIAGO LUIS<\/td><td class=\"column-2\"><a href=\"https:\/\/www.oaxaca.gob.mx\/sm\/wp-content\/uploads\/sites\/72\/2024\/01\/SEMBLANZA-LILIANA-MONSERRAT-SANTIAGO-LUIS.pdf\" target=\"_blank\" rel=\"noopener noreferrer\"><i class=\"far fa-file-pdf fa-2x\">\u00a0<\/i><\/a><\/td>\n<\/tr>\n<tr class=\"row-6\">\n\t<td class=\"column-1\">EVELYN ASTRID GOMEZ OCAMPO<\/td><td class=\"column-2\"><a href=\"https:\/\/www.oaxaca.gob.mx\/sm\/wp-content\/uploads\/sites\/72\/2024\/02\/EVELYN-ASTRID-GOMEZ-OCAMPO.pdf\" target=\"_blank\" rel=\"noopener noreferrer\"><i class=\"far fa-file-pdf fa-2x\">\u00a0<\/i><\/a><\/td>\n<\/tr>\n<\/tbody>\n<\/table>\n<!-- #tablepress-93 from cache -->\n<\/div>\n<div class=\"su-tabs-pane su-u-clearfix su-u-trim\" data-title=\"Liderazgo Comunitario\">\n\n<table id=\"tablepress-94\" class=\"tablepress tablepress-id-94\">\n<thead>\n<tr class=\"row-1\">\n\t<th colspan=\"2\" class=\"column-1\">SEMBLANZAS<\/th>\n<\/tr>\n<\/thead>\n<tbody class=\"row-striping row-hover\">\n<tr class=\"row-2\">\n\t<td class=\"column-1\">Nombre <\/td><td class=\"column-2\">        Descargar<br \/>\n      <\/td>\n<\/tr>\n<tr class=\"row-3\">\n\t<td class=\"column-1\">LAURA PAULINA LOPEZ<\/td><td class=\"column-2\"><a href=\"https:\/\/www.oaxaca.gob.mx\/sm\/wp-content\/uploads\/sites\/72\/2024\/01\/SEMBLANZA-LAURA-PAULINA-LOPEZ-.pdf\" target=\"_blank\" rel=\"noopener noreferrer\"><i class=\"far fa-file-pdf fa-2x\"> <\/i><\/a><br \/>\n<\/td>\n<\/tr>\n<tr class=\"row-4\">\n\t<td class=\"column-1\">GLADYS CRUZ LOPEZ<\/td><td class=\"column-2\"><a href=\"https:\/\/www.oaxaca.gob.mx\/sm\/wp-content\/uploads\/sites\/72\/2024\/01\/SEMBLANZA-GLADYS-CRUZ-LOPEZ.pdf\" target=\"_blank\" rel=\"noopener noreferrer\"><i class=\"far fa-file-pdf fa-2x\">\u00a0<\/i><\/a><br \/>\n<\/td>\n<\/tr>\n<tr class=\"row-5\">\n\t<td class=\"column-1\">ROSARIO DEL CARMEN CARRASCO SANCHEZ<\/td><td class=\"column-2\"><a href=\"https:\/\/www.oaxaca.gob.mx\/sm\/wp-content\/uploads\/sites\/72\/2024\/01\/SEMBLANZA-ROSARIO-DEL-CARMEN-CARRASCO-SANCHEZ.pdf\" target=\"_blank\" rel=\"noopener noreferrer\"><i class=\"far fa-file-pdf fa-2x\">\u00a0<\/i><\/a><\/td>\n<\/tr>\n<tr class=\"row-6\">\n\t<td class=\"column-1\">EDELMIRA SANCHEZ<\/td><td class=\"column-2\"><a href=\"https:\/\/www.oaxaca.gob.mx\/sm\/wp-content\/uploads\/sites\/72\/2024\/01\/SEMBLANZA-EDELMIRA-SANCHEZ-.pdf\" target=\"_blank\" rel=\"noopener noreferrer\"><i class=\"far fa-file-pdf fa-2x\">\u00a0<\/i><\/a><\/td>\n<\/tr>\n<tr class=\"row-7\">\n\t<td class=\"column-1\">ARIADNA ORTIZ CRUZ<\/td><td class=\"column-2\"><a href=\"https:\/\/www.oaxaca.gob.mx\/sm\/wp-content\/uploads\/sites\/72\/2024\/01\/SEMBLANZA-ROSA-ARIADNA-ORTIZ-CRUZ.pdf\" target=\"_blank\" rel=\"noopener noreferrer\"><i class=\"far fa-file-pdf fa-2x\">\u00a0<\/i><\/a><\/td>\n<\/tr>\n<tr class=\"row-8\">\n\t<td class=\"column-1\">ANEL SANCHEZ CORTES<\/td><td class=\"column-2\"><a href=\"https:\/\/www.oaxaca.gob.mx\/sm\/wp-content\/uploads\/sites\/72\/2024\/01\/SEMBLANZA-ANEL-SANCHEZ-CORTES.pdf\" target=\"_blank\" rel=\"noopener noreferrer\"><i class=\"far fa-file-pdf fa-2x\">\u00a0<\/i><\/a><\/td>\n<\/tr>\n<tr class=\"row-9\">\n\t<td class=\"column-1\">ALMA ROSA NICOLAS GARCIA<\/td><td class=\"column-2\"><a href=\"https:\/\/www.oaxaca.gob.mx\/sm\/wp-content\/uploads\/sites\/72\/2024\/01\/SEMBLANZA-ALMA-ROSA-NICOLAS-GARCIA.pdf\" target=\"_blank\" rel=\"noopener noreferrer\"><i class=\"far fa-file-pdf fa-2x\">\u00a0<\/i><\/a><\/td>\n<\/tr>\n<tr class=\"row-10\">\n\t<td class=\"column-1\">ROSAURA DUARTE REYES<\/td><td class=\"column-2\"><a href=\"https:\/\/www.oaxaca.gob.mx\/sm\/wp-content\/uploads\/sites\/72\/2024\/02\/SEMBLANZA-ROSAURA-DUARTE.pdf\" target=\"_blank\" rel=\"noopener noreferrer\"><i class=\"far fa-file-pdf fa-2x\">\u00a0<\/i><\/a><\/td>\n<\/tr>\n<\/tbody>\n<\/table>\n<!-- #tablepress-94 from cache -->\n<\/div>\n<div class=\"su-tabs-pane su-u-clearfix su-u-trim\" data-title=\"Lideresas Consultoras\">\n\n<table id=\"tablepress-95\" class=\"tablepress tablepress-id-95\">\n<thead>\n<tr class=\"row-1\">\n\t<th colspan=\"2\" class=\"column-1\">SEMBLANZAS<\/th>\n<\/tr>\n<\/thead>\n<tbody class=\"row-striping row-hover\">\n<tr class=\"row-2\">\n\t<td class=\"column-1\">Nombre <\/td><td class=\"column-2\">        Descargar<br \/>\n      <\/td>\n<\/tr>\n<tr class=\"row-3\">\n\t<td class=\"column-1\">JENNY ELIZABETH AMBROSIO MANZANO<\/td><td class=\"column-2\"><a href=\"https:\/\/www.oaxaca.gob.mx\/sm\/wp-content\/uploads\/sites\/72\/2024\/01\/JENNY-ELIZABETH-AMBROSIO-MANZANO.pdf\" target=\"_blank\" rel=\"noopener noreferrer\"><i class=\"far fa-file-pdf fa-2x\"> <\/i><\/a><br \/>\n<\/td>\n<\/tr>\n<tr class=\"row-4\">\n\t<td class=\"column-1\">ELOISA GARCIA VASQUEZ<\/td><td class=\"column-2\"><a href=\"https:\/\/www.oaxaca.gob.mx\/sm\/wp-content\/uploads\/sites\/72\/2024\/01\/ELOISA-GARCIA-VASQUEZ.pdf\" target=\"_blank\" rel=\"noopener noreferrer\"><i class=\"far fa-file-pdf fa-2x\">\u00a0<\/i><\/a><br \/>\n<\/td>\n<\/tr>\n<tr class=\"row-5\">\n\t<td class=\"column-1\">SIRIA LORENA CRUZ MARTINEZ<\/td><td class=\"column-2\"><a href=\"https:\/\/www.oaxaca.gob.mx\/sm\/wp-content\/uploads\/sites\/72\/2024\/01\/SEMBLANZA-SIRIA-LORENA-CRUZ-MARTINEZ-.pdf\" target=\"_blank\" rel=\"noopener noreferrer\"><i class=\"far fa-file-pdf fa-2x\">\u00a0<\/i><\/a><\/td>\n<\/tr>\n<tr class=\"row-6\">\n\t<td class=\"column-1\">YAQUELIN ACEVEDO ORGAS<\/td><td class=\"column-2\"><a href=\"https:\/\/www.oaxaca.gob.mx\/sm\/wp-content\/uploads\/sites\/72\/2024\/01\/SEMBLANZA-YAQUELIN-ACEVEDO-ORGAS.pdf\" target=\"_blank\" rel=\"noopener noreferrer\"><i class=\"far fa-file-pdf fa-2x\">\u00a0<\/i><\/a><\/td>\n<\/tr>\n<tr class=\"row-7\">\n\t<td class=\"column-1\">GLORIA MARGARITA CRUZ<\/td><td class=\"column-2\"><a href=\"https:\/\/www.oaxaca.gob.mx\/sm\/wp-content\/uploads\/sites\/72\/2024\/01\/SEMBLANZA-GLORIA-MARGARITA-CRUZ.pdf\" target=\"_blank\" rel=\"noopener noreferrer\"><i class=\"far fa-file-pdf fa-2x\">\u00a0<\/i><\/a><\/td>\n<\/tr>\n<tr class=\"row-8\">\n\t<td class=\"column-1\">AMBAR LORENA<\/td><td class=\"column-2\"><a href=\"https:\/\/www.oaxaca.gob.mx\/sm\/wp-content\/uploads\/sites\/72\/2024\/02\/SEMBLANZA-AMBAR-LORENA-.pdf\" target=\"_blank\" rel=\"noopener noreferrer\"><i class=\"far fa-file-pdf fa-2x\">\u00a0<\/i><\/a><\/td>\n<\/tr>\n<tr class=\"row-9\">\n\t<td class=\"column-1\">ROSA MARIA SANCHEZ HERNANDEZ<\/td><td class=\"column-2\"><a href=\"https:\/\/www.oaxaca.gob.mx\/sm\/wp-content\/uploads\/sites\/72\/2024\/01\/SEMBLANZA-ROSA-MARIA-SANCHEZ-HERNANDEZ.pdf\" target=\"_blank\" rel=\"noopener noreferrer\"><i class=\"far fa-file-pdf fa-2x\">\u00a0<\/i><\/a><\/td>\n<\/tr>\n<tr class=\"row-10\">\n\t<td class=\"column-1\">SALMA YADIRA RAMIREZ RAMIREZ<\/td><td class=\"column-2\"><a href=\"https:\/\/www.oaxaca.gob.mx\/sm\/wp-content\/uploads\/sites\/72\/2024\/01\/SEMBLANZA-SALMA-YADIRA-RAMIREZ-RAMIREZ.pdf\" target=\"_blank\" rel=\"noopener noreferrer\"><i class=\"far fa-file-pdf fa-2x\">\u00a0<\/i><\/a><\/td>\n<\/tr>\n<tr class=\"row-11\">\n\t<td class=\"column-1\">PERLITA FUENTES<\/td><td class=\"column-2\"><a href=\"https:\/\/www.oaxaca.gob.mx\/sm\/wp-content\/uploads\/sites\/72\/2024\/01\/SEMBLANZA-PERLITA-FUENTES.pdf\" target=\"_blank\" rel=\"noopener noreferrer\"><i class=\"far fa-file-pdf fa-2x\">\u00a0<\/i><\/a><\/td>\n<\/tr>\n<tr class=\"row-12\">\n\t<td class=\"column-1\">JEMIMA MORALES ARGUELLO<\/td><td class=\"column-2\"><a href=\"https:\/\/www.oaxaca.gob.mx\/sm\/wp-content\/uploads\/sites\/72\/2024\/01\/SEMBLANZA-JEMIMA-MORALES-ARGUELLO.pdf\" target=\"_blank\" rel=\"noopener noreferrer\"><i class=\"far fa-file-pdf fa-2x\">\u00a0<\/i><\/a><\/td>\n<\/tr>\n<tr class=\"row-13\">\n\t<td class=\"column-1\">ALEIDA-ISELA-RUBINOS-MARTINEZ<\/td><td class=\"column-2\"><a href=\"https:\/\/www.oaxaca.gob.mx\/sm\/wp-content\/uploads\/sites\/72\/2024\/01\/SEMBLANZA-ALEIDA-ISELA-RUBINOS-MARTINEZ.pdf\" target=\"_blank\" rel=\"noopener noreferrer\"><i class=\"far fa-file-pdf fa-2x\">\u00a0<\/i><\/a><\/td>\n<\/tr>\n<tr class=\"row-14\">\n\t<td class=\"column-1\">MARGARITA VILLALOBOS MIRELES<\/td><td class=\"column-2\"><a href=\"https:\/\/www.oaxaca.gob.mx\/sm\/wp-content\/uploads\/sites\/72\/2024\/01\/MARGARITA-VILLALOBOS-MIRELES.pdf\" target=\"_blank\" rel=\"noopener noreferrer\"><i class=\"far fa-file-pdf fa-2x\">\u00a0<\/i><\/a><\/td>\n<\/tr>\n<tr class=\"row-15\">\n\t<td class=\"column-1\">SIRIA LORENA CRUZ MARTINEZ<\/td><td class=\"column-2\"><a href=\"https:\/\/www.oaxaca.gob.mx\/sm\/wp-content\/uploads\/sites\/72\/2024\/01\/SIRIA-LORENA-CRUZ-MARTINEZ.pdf\" target=\"_blank\" rel=\"noopener noreferrer\"><i class=\"far fa-file-pdf fa-2x\">\u00a0<\/i><\/a><\/td>\n<\/tr>\n<tr class=\"row-16\">\n\t<td class=\"column-1\">CAROLINA JESSICA LOPEZ GONZALEZ<\/td><td class=\"column-2\"><a href=\"https:\/\/www.oaxaca.gob.mx\/sm\/wp-content\/uploads\/sites\/72\/2024\/01\/CAROLINA-JESSICA-LOPEZ-GONZALEZ.pdf.pdf\" target=\"_blank\" rel=\"noopener noreferrer\"><i class=\"far fa-file-pdf fa-2x\">\u00a0<\/i><\/a><\/td>\n<\/tr>\n<tr class=\"row-17\">\n\t<td class=\"column-1\">NINA ESCAMILLA CALLEJA<\/td><td class=\"column-2\"><a href=\"https:\/\/www.oaxaca.gob.mx\/sm\/wp-content\/uploads\/sites\/72\/2024\/01\/SEMBLANZA-NINA-ESCAMILLA-CALLEJA-.pdf\" target=\"_blank\" rel=\"noopener noreferrer\"><i class=\"far fa-file-pdf fa-2x\">\u00a0<\/i><\/a><\/td>\n<\/tr>\n<tr class=\"row-18\">\n\t<td class=\"column-1\">ADRIANA TORIBIO FERRER<\/td><td class=\"column-2\"><a href=\"https:\/\/www.oaxaca.gob.mx\/sm\/wp-content\/uploads\/sites\/72\/2024\/02\/ADRIANA-TORIBIO-FERRER.pdf\" target=\"_blank\" rel=\"noopener noreferrer\"><i class=\"far fa-file-pdf fa-2x\">\u00a0<\/i><\/a><\/td>\n<\/tr>\n<tr class=\"row-19\">\n\t<td class=\"column-1\">BLANCA IRIS SANCHEZ SANCHEZ<\/td><td class=\"column-2\"><a href=\"https:\/\/www.oaxaca.gob.mx\/sm\/wp-content\/uploads\/sites\/72\/2024\/02\/BLANCA-IRIS-SANCHEZ-SANCHEZ.pdf\" target=\"_blank\" rel=\"noopener noreferrer\"><i class=\"far fa-file-pdf fa-2x\">\u00a0<\/i><\/a><\/td>\n<\/tr>\n<\/tbody>\n<\/table>\n<!-- #tablepress-95 from cache -->\n<\/div><\/div><\/div><\/th>\n<\/tr>\n<tr>\n<th colspan=\"4\"><a href=\"https:\/\/www.oaxaca.gob.mx\/sm\/programa-mim\/\"><img loading=\"lazy\" decoding=\"async\" class=\"wp-image-12938 alignright\" src=\"https:\/\/www.oaxaca.gob.mx\/sm\/wp-content\/uploads\/sites\/72\/2024\/02\/BTN-REGRESAR-300x80.png\" alt=\"\" width=\"203\" height=\"54\" srcset=\"https:\/\/www.oaxaca.gob.mx\/sm\/wp-content\/uploads\/sites\/72\/2024\/02\/BTN-REGRESAR-300x80.png 300w, https:\/\/www.oaxaca.gob.mx\/sm\/wp-content\/uploads\/sites\/72\/2024\/02\/BTN-REGRESAR.png 335w\" sizes=\"auto, (max-width: 203px) 100vw, 203px\" \/><\/a><img \/><\/th>\n<\/tr>\n<\/tbody>\n<\/table>\n","protected":false},"excerpt":{"rendered":"<p>Objetivo: Promover y fortalecer el liderazgo de las mujeres, el propio y de terceras a trav\u00e9s de acciones que contribuyan al adelanto de las mujeres, el robustecimiento de la cultura de paz y la prevenci\u00f3n de la violencia de g\u00e9nero. Las embajadoras MIM han sido reconocidas desde sus liderazgos y su intenci\u00f3n de coadyuvar con [&hellip;]<\/p>\n","protected":false},"author":78,"featured_media":0,"parent":0,"menu_order":0,"comment_status":"closed","ping_status":"closed","template":"","meta":{"episode_type":"","audio_file":"","podmotor_file_id":"","podmotor_episode_id":"","cover_image":"","cover_image_id":"","duration":"","filesize":"","filesize_raw":"","date_recorded":"","explicit":"","block":"","itunes_episode_number":"","itunes_title":"","itunes_season_number":"","itunes_episode_type":"","footnotes":""},"categories":[],"tags":[],"class_list":["post-12803","page","type-page","status-publish","hentry"],"acf":[],"publishpress_future_action":{"enabled":false,"date":"2026-04-23 01:47:28","action":"change-status","newStatus":"draft","terms":[],"taxonomy":"category","extraData":[]},"publishpress_future_workflow_manual_trigger":{"enabledWorkflows":[]},"_links":{"self":[{"href":"https:\/\/www.oaxaca.gob.mx\/sm\/wp-json\/wp\/v2\/pages\/12803","targetHints":{"allow":["GET"]}}],"collection":[{"href":"https:\/\/www.oaxaca.gob.mx\/sm\/wp-json\/wp\/v2\/pages"}],"about":[{"href":"https:\/\/www.oaxaca.gob.mx\/sm\/wp-json\/wp\/v2\/types\/page"}],"author":[{"embeddable":true,"href":"https:\/\/www.oaxaca.gob.mx\/sm\/wp-json\/wp\/v2\/users\/78"}],"replies":[{"embeddable":true,"href":"https:\/\/www.oaxaca.gob.mx\/sm\/wp-json\/wp\/v2\/comments?post=12803"}],"version-history":[{"count":3,"href":"https:\/\/www.oaxaca.gob.mx\/sm\/wp-json\/wp\/v2\/pages\/12803\/revisions"}],"predecessor-version":[{"id":13053,"href":"https:\/\/www.oaxaca.gob.mx\/sm\/wp-json\/wp\/v2\/pages\/12803\/revisions\/13053"}],"wp:attachment":[{"href":"https:\/\/www.oaxaca.gob.mx\/sm\/wp-json\/wp\/v2\/media?parent=12803"}],"wp:term":[{"taxonomy":"category","embeddable":true,"href":"https:\/\/www.oaxaca.gob.mx\/sm\/wp-json\/wp\/v2\/categories?post=12803"},{"taxonomy":"post_tag","embeddable":true,"href":"https:\/\/www.oaxaca.gob.mx\/sm\/wp-json\/wp\/v2\/tags?post=12803"}],"curies":[{"name":"wp","href":"https:\/\/api.w.org\/{rel}","templated":true}]}}