{"id":9970,"date":"2020-02-25T17:05:38","date_gmt":"2020-02-25T23:05:38","guid":{"rendered":"https:\/\/www.oaxaca.gob.mx\/sinfra\/?page_id=9970"},"modified":"2020-02-25T17:41:31","modified_gmt":"2020-02-25T23:41:31","slug":"matriz-de-indicadores-de-resultados-mir-2019","status":"publish","type":"page","link":"https:\/\/www.oaxaca.gob.mx\/sinfra\/matriz-de-indicadores-de-resultados-mir-2019\/","title":{"rendered":"Matriz de indicadores de resultados (MIR 2019)"},"content":{"rendered":"<h2>SINFRA &#8211; Unidad responsable<\/h2>\n\n<table id=\"tablepress-13\" class=\"tablepress tablepress-id-13\">\n<thead>\n<tr class=\"row-1\">\n\t<th class=\"column-1\">CLAVE PROGRAMA<\/th><th class=\"column-2\">PROGRAMA<\/th><th class=\"column-3\">ARCHIVO<\/th>\n<\/tr>\n<\/thead>\n<tbody class=\"row-striping row-hover\">\n<tr class=\"row-2\">\n\t<td class=\"column-1\">122<\/td><td class=\"column-2\">MEJORAMIENTO URBANO DE LOS CENTROS DE POBLACI\u00d3N<\/td><td class=\"column-3\"><a href=\"https:\/\/www.oaxaca.gob.mx\/sinfra\/wp-content\/uploads\/sites\/14\/2020\/02\/PROGRAMA-122.pdf\"><i class=\"far fa-file-pdf fa-2x\"><\/i><\/a><\/td>\n<\/tr>\n<tr class=\"row-3\">\n\t<td class=\"column-1\">194<\/td><td class=\"column-2\">ORDENAMIENTO TERRITORIAL Y DESARROLLO URBANO<\/td><td class=\"column-3\"><a href=\"https:\/\/www.oaxaca.gob.mx\/sinfra\/wp-content\/uploads\/sites\/14\/2020\/02\/PROGRAMA-194.pdf\"><i class=\"far fa-file-pdf fa-2x\"><\/i><\/a><\/td>\n<\/tr>\n<\/tbody>\n<\/table>\n<!-- #tablepress-13 from cache -->\n<p><\/br><\/p>\n<h2>SINFRA &#8211; Unidad participante<\/h2>\n\n<table id=\"tablepress-14\" class=\"tablepress tablepress-id-14\">\n<thead>\n<tr class=\"row-1\">\n\t<th class=\"column-1\">CLAVE PROGRAMA<\/th><th class=\"column-2\">PROGRAMA<\/th><th class=\"column-3\">ARCHIVO<\/th>\n<\/tr>\n<\/thead>\n<tbody class=\"row-striping row-hover\">\n<tr class=\"row-2\">\n\t<td class=\"column-1\">101<\/td><td class=\"column-2\">Fortalecimiento a la vivienda<\/td><td class=\"column-3\"><a href=\"\/sinfra\/wp-content\/uploads\/sites\/14\/2020\/02\/PROGRAMA-101.pdf\"><i class=\"far fa-file-pdf fa-2x\"><\/i><\/a><\/td>\n<\/tr>\n<tr class=\"row-3\">\n\t<td class=\"column-1\">108<\/td><td class=\"column-2\">Infraestructura vial en el estado de oaxaca<\/td><td class=\"column-3\"><a href=\"\/sinfra\/wp-content\/uploads\/sites\/14\/2020\/02\/PROGRAMA-108.pdf\"><i class=\"far fa-file-pdf fa-2x\"><\/i><\/a><\/td>\n<\/tr>\n<tr class=\"row-4\">\n\t<td class=\"column-1\">121<\/td><td class=\"column-2\">Fortalecimiento al sistema penitenciario<\/td><td class=\"column-3\"><a href=\"\/sinfra\/wp-content\/uploads\/sites\/14\/2020\/02\/PROGRAMA-121.pdf\"><i class=\"far fa-file-pdf fa-2x\"><\/i><\/a><\/td>\n<\/tr>\n<tr class=\"row-5\">\n\t<td class=\"column-1\">127<\/td><td class=\"column-2\">Incremento a la oferta educativa superior<\/td><td class=\"column-3\"><a href=\"\/sinfra\/wp-content\/uploads\/sites\/14\/2020\/02\/PROGRAMA-127.pdf\"><i class=\"far fa-file-pdf fa-2x\"><\/i><\/a><\/td>\n<\/tr>\n<tr class=\"row-6\">\n\t<td class=\"column-1\">146<\/td><td class=\"column-2\">Ampliaci\u00f3n y mejoramiento de los servicios de agua potable, drenaje y saneamiento<\/td><td class=\"column-3\"><a href=\"\/sinfra\/wp-content\/uploads\/sites\/14\/2020\/02\/PROGRAMA-146.pdf\"><i class=\"far fa-file-pdf fa-2x\"><\/i><\/a><\/td>\n<\/tr>\n<tr class=\"row-7\">\n\t<td class=\"column-1\">147<\/td><td class=\"column-2\">Promoci\u00f3n, fomento y difusi\u00f3n de las diversidades culturales y bioculturales<\/td><td class=\"column-3\"><a href=\"\/sinfra\/wp-content\/uploads\/sites\/14\/2020\/02\/PROGRAMA-147.pdf\"><i class=\"far fa-file-pdf fa-2x\"><\/i><\/a><\/td>\n<\/tr>\n<tr class=\"row-8\">\n\t<td class=\"column-1\">164<\/td><td class=\"column-2\">Fortalecimiento del sistema de salud<\/td><td class=\"column-3\"><a href=\"\/sinfra\/wp-content\/uploads\/sites\/14\/2020\/02\/PROGRAMA-164.pdf\"><i class=\"far fa-file-pdf fa-2x\"><\/i><\/a><\/td>\n<\/tr>\n<tr class=\"row-9\">\n\t<td class=\"column-1\">166<\/td><td class=\"column-2\">Desarrollo y fortalecimiento de las capacidades de los municipios<\/td><td class=\"column-3\"><a href=\"\/sinfra\/wp-content\/uploads\/sites\/14\/2020\/02\/PROGRAMA-166.pdf\"><i class=\"far fa-file-pdf fa-2x\"><\/i><\/a><\/td>\n<\/tr>\n<tr class=\"row-10\">\n\t<td class=\"column-1\">174<\/td><td class=\"column-2\">Promoci\u00f3n, recreaci\u00f3n y fomento de actividad f\u00edsica y deporte<\/td><td class=\"column-3\"><a href=\"\/sinfra\/wp-content\/uploads\/sites\/14\/2020\/02\/PROGRAMA-174.pdf\"><i class=\"far fa-file-pdf fa-2x\"><\/i><\/a><\/td>\n<\/tr>\n<tr class=\"row-11\">\n\t<td class=\"column-1\">192<\/td><td class=\"column-2\">Gesti\u00f3n integral de residuos s\u00f3lidos<\/td><td class=\"column-3\"><a href=\"\/sinfra\/wp-content\/uploads\/sites\/14\/2020\/02\/PROGRAMA-192.pdf\"><i class=\"far fa-file-pdf fa-2x\"><\/i><\/a><\/td>\n<\/tr>\n<tr class=\"row-12\">\n\t<td class=\"column-1\">200<\/td><td class=\"column-2\">Ampliaci\u00f3n de la cobertura de la educaci\u00f3n media superior<\/td><td class=\"column-3\"><a href=\"\/sinfra\/wp-content\/uploads\/sites\/14\/2020\/02\/PROGRAMA-200.pdf\"><i class=\"far fa-file-pdf fa-2x\"><\/i><\/a><\/td>\n<\/tr>\n<tr class=\"row-13\">\n\t<td class=\"column-1\">207<\/td><td class=\"column-2\">Fortalecimiento a la infraestructura f\u00edsica educativa<\/td><td class=\"column-3\"><a href=\"\/sinfra\/wp-content\/uploads\/sites\/14\/2020\/02\/PROGRAMA-207.pdf\"><i class=\"far fa-file-pdf fa-2x\"><\/i><\/a><\/td>\n<\/tr>\n<tr class=\"row-14\">\n\t<td class=\"column-1\">209<\/td><td class=\"column-2\">Movilidad integral urbana<\/td><td class=\"column-3\"><a href=\"\/sinfra\/wp-content\/uploads\/sites\/14\/2020\/02\/PROGRAMA-209.pdf\"><i class=\"far fa-file-pdf fa-2x\"><\/i><\/a><\/td>\n<\/tr>\n<\/tbody>\n<\/table>\n<!-- #tablepress-14 from cache -->\n","protected":false},"excerpt":{"rendered":"<p>SINFRA &#8211; Unidad responsable SINFRA &#8211; Unidad participante<\/p>\n","protected":false},"author":14,"featured_media":0,"parent":0,"menu_order":0,"comment_status":"closed","ping_status":"closed","template":"","meta":{"episode_type":"","audio_file":"","podmotor_file_id":"","podmotor_episode_id":"","cover_image":"","cover_image_id":"","duration":"","filesize":"","filesize_raw":"","date_recorded":"","explicit":"","block":"","itunes_episode_number":"","itunes_title":"","itunes_season_number":"","itunes_episode_type":"","footnotes":""},"categories":[],"tags":[],"class_list":["post-9970","page","type-page","status-publish","hentry"],"acf":[],"publishpress_future_action":{"enabled":false,"date":"2026-05-15 13:26:13","action":"change-status","newStatus":"draft","terms":[],"taxonomy":"category","extraData":[]},"publishpress_future_workflow_manual_trigger":{"enabledWorkflows":[]},"_links":{"self":[{"href":"https:\/\/www.oaxaca.gob.mx\/sinfra\/wp-json\/wp\/v2\/pages\/9970","targetHints":{"allow":["GET"]}}],"collection":[{"href":"https:\/\/www.oaxaca.gob.mx\/sinfra\/wp-json\/wp\/v2\/pages"}],"about":[{"href":"https:\/\/www.oaxaca.gob.mx\/sinfra\/wp-json\/wp\/v2\/types\/page"}],"author":[{"embeddable":true,"href":"https:\/\/www.oaxaca.gob.mx\/sinfra\/wp-json\/wp\/v2\/users\/14"}],"replies":[{"embeddable":true,"href":"https:\/\/www.oaxaca.gob.mx\/sinfra\/wp-json\/wp\/v2\/comments?post=9970"}],"version-history":[{"count":3,"href":"https:\/\/www.oaxaca.gob.mx\/sinfra\/wp-json\/wp\/v2\/pages\/9970\/revisions"}],"predecessor-version":[{"id":9990,"href":"https:\/\/www.oaxaca.gob.mx\/sinfra\/wp-json\/wp\/v2\/pages\/9970\/revisions\/9990"}],"wp:attachment":[{"href":"https:\/\/www.oaxaca.gob.mx\/sinfra\/wp-json\/wp\/v2\/media?parent=9970"}],"wp:term":[{"taxonomy":"category","embeddable":true,"href":"https:\/\/www.oaxaca.gob.mx\/sinfra\/wp-json\/wp\/v2\/categories?post=9970"},{"taxonomy":"post_tag","embeddable":true,"href":"https:\/\/www.oaxaca.gob.mx\/sinfra\/wp-json\/wp\/v2\/tags?post=9970"}],"curies":[{"name":"wp","href":"https:\/\/api.w.org\/{rel}","templated":true}]}}