{"id":9102,"date":"2019-08-14T12:24:11","date_gmt":"2019-08-14T17:24:11","guid":{"rendered":"https:\/\/www.oaxaca.gob.mx\/sinfra\/?page_id=9102"},"modified":"2023-08-15T13:04:12","modified_gmt":"2023-08-15T19:04:12","slug":"comite-de-etica","status":"publish","type":"page","link":"https:\/\/www.oaxaca.gob.mx\/sinfra\/etica_e_integridad_publica\/","title":{"rendered":"\u00c9tica e Integridad P\u00fablica"},"content":{"rendered":"<nav style=\"margin-bottom: 30px\">\n<div id=\"nav-tab\" class=\"nav nav-tabs\" role=\"tablist\"><a id=\"nav_tab_dos\" class=\"nav-item nav-link active \" role=\"tab\" href=\"#nav_dos\" data-toggle=\"tab\">Integraci\u00f3n del Comit\u00e9<\/a><br \/>\n<a id=\"nav_tab_uno\" class=\"nav-item nav-link \" role=\"tab\" href=\"#nav_uno\" data-toggle=\"tab\">Marco Jur\u00eddico<\/a><br \/>\n<a id=\"nav_tab_tres\" class=\"nav-item nav-link \" role=\"tab\" href=\"#nav_cuatro\" data-toggle=\"tab\">Actas de Sesiones<\/a><br \/>\n<a id=\"nav_tab_tres\" class=\"nav-item nav-link \" role=\"tab\" href=\"#nav_tres\" data-toggle=\"tab\">Planes Anuales de Trabajo<\/a><\/div>\n<\/nav>\n<div id=\"nav-tabContent\" class=\"tab-content\">\n<div id=\"nav_dos\" class=\"tab-pane fade show active\" role=\"tabpanel\" aria-labelledby=\"nav_tab_dos\">\n<h4>Conformaci\u00f3n del comit\u00e9<\/h4>\n<p>&nbsp;<\/p>\n<h5>\u00bfQu\u00e9 es el Comit\u00e9 de \u00e9tica y Prevenci\u00f3n de Conflictos de Inter\u00e9s?<\/h5>\n<p>El Comit\u00e9 de \u00c9tica y Prevenci\u00f3n de Conflictos de Inter\u00e9s de la Secretar\u00eda de las Infraestructuras y el Ordenamiento Territorial Sustentable (SINFRA) es un \u00f3rgano plural conformado por servidoras y servidores p\u00fablicos de los distintos niveles jer\u00e1rquicos de la dependencia, encargado de propiciar la integridad p\u00fablica de su personal, a trav\u00e9s de la implementaci\u00f3n de acciones<br \/>\npermanentes que favorezcan su comportamiento \u00e9tico.<\/p>\n<h5>\u00bfC\u00f3mo est\u00e1 integrado el Comit\u00e9 de \u00e9tica y Prevenci\u00f3n de Conflictos de Inter\u00e9s de la SINFRA?<\/h5>\n<p>En el siguiente imagen se muestra el organigrama con la integraci\u00f3n actual de este \u00f3rgano<\/p>\n<p>&nbsp;<\/p>\n<p><img loading=\"lazy\" decoding=\"async\" class=\"alignnone wp-image-10771\" src=\"https:\/\/www.oaxaca.gob.mx\/sinfra\/wp-content\/uploads\/sites\/14\/2021\/12\/organigrama-cepci-agosto-2021-2.png\" alt=\"\" width=\"1016\" height=\"552\" \/><\/p>\n<\/div>\n<div id=\"nav_uno\" class=\"tab-pane fade show\" role=\"tabpanel\" aria-labelledby=\"nav_tab_uno\">\n<h3>MARCO JUR\u00cdDICO INTERNACIONAL<\/h3>\n<p>&nbsp;<\/p>\n<ul>\n<li><a href=\"https:\/\/www.oaxaca.gob.mx\/sinfra\/wp-content\/uploads\/sites\/14\/2020\/12\/Convencion-Americana-sobre-Derechos-Humanos.pdf\" target=\"_blank\" rel=\"noopener noreferrer\"><i class=\"far fa-file-pdf fa-2x\"><\/i> Convenci\u00f3n Americana sobre Derechos Humanos.<\/a><\/li>\n<li><a href=\"https:\/\/www.oaxaca.gob.mx\/sinfra\/wp-content\/uploads\/sites\/14\/2020\/12\/Convencion-de-las-Naciones-Unidas-contra-la-Corrupcion.pdf\" target=\"_blank\" rel=\"noopener noreferrer\"><i class=\"far fa-file-pdf fa-2x\"><\/i> Convenci\u00f3n de las Naciones Unidas contra la Corrupcion<\/a><\/li>\n<li><a href=\"https:\/\/www.oaxaca.gob.mx\/sinfra\/wp-content\/uploads\/sites\/14\/2020\/12\/Convencion-Interamericana-contra-la-Corrupcion.pdf\" target=\"_blank\" rel=\"noopener noreferrer\"><i class=\"far fa-file-pdf fa-2x\"><\/i> Convenci\u00f3n Interamericana contra la Corrupci\u00f3n<\/a><\/li>\n<li><a href=\"https:\/\/www.oaxaca.gob.mx\/sinfra\/wp-content\/uploads\/sites\/14\/2020\/12\/OCDE.pdf\" target=\"_blank\" rel=\"noopener noreferrer\"><i class=\"far fa-file-pdf fa-2x\"><\/i>Convenci\u00f3n para Combatir el Cohecho de Servidores P\u00fablicos Extranjeros en Transacciones Comerciales Internacionales de la Organizaci\u00f3n para la Cooperaci\u00f3n y Desarrollo Econ\u00f3micos (OCDE)<\/a><\/li>\n<li><a href=\"https:\/\/www.oaxaca.gob.mx\/sinfra\/wp-content\/uploads\/sites\/14\/2020\/12\/Declaracion-Universal-de-Derechos-Humanos.pdf\" target=\"_blank\" rel=\"noopener noreferrer\"><i class=\"far fa-file-pdf fa-2x\"><\/i>Declaraci\u00f3n Universal de Derechos Humanos<\/a><\/li>\n<li><a href=\"https:\/\/www.oaxaca.gob.mx\/sinfra\/wp-content\/uploads\/sites\/14\/2020\/12\/Pacto-Civiles-Politicos.pdf\" target=\"_blank\" rel=\"noopener noreferrer\"><i class=\"far fa-file-pdf fa-2x\"><\/i>Pacto Internacional de Derechos Civiles y Pol\u00edticos<\/a><\/li>\n<\/ul>\n<p>&nbsp;<\/p>\n<h3>MARCO JUR\u00cdDICO NACIONAL<\/h3>\n<p>&nbsp;<\/p>\n<ul>\n<li><a href=\"https:\/\/www.oaxaca.gob.mx\/sinfra\/wp-content\/uploads\/sites\/14\/2020\/12\/Constitucion-Politica-de-los-Estados-Unidos-Mexicanos.pdf\" target=\"_blank\" rel=\"noopener noreferrer\"><i class=\"far fa-file-pdf fa-2x\"><\/i> Constituci\u00f3n Pol\u00edtica de los Estados Unidos Mexicanos<\/a><\/li>\n<li><a href=\"https:\/\/www.oaxaca.gob.mx\/sinfra\/wp-content\/uploads\/sites\/14\/2020\/12\/Ley-General-del-Sistema-Nacional-Anticorrupcion.pdf\" target=\"_blank\" rel=\"noopener noreferrer\"><i class=\"far fa-file-pdf fa-2x\"><\/i> Ley General del Sistema Nacional Anticorrupci\u00f3n<\/a><\/li>\n<li><a href=\"https:\/\/www.oaxaca.gob.mx\/sinfra\/wp-content\/uploads\/sites\/14\/2020\/12\/Ley-General-de-Responsabilidades-Administrativas.pdf\" target=\"_blank\" rel=\"noopener noreferrer\"><i class=\"far fa-file-pdf fa-2x\"><\/i> Ley General de Responsabilidades Administrativas<\/a><\/li>\n<li><a href=\"https:\/\/www.oaxaca.gob.mx\/sinfra\/wp-content\/uploads\/sites\/14\/2020\/12\/Ley-General-de-Proteccion-de-Datos-Personales-en-Posesion-de-Sujetos-Obligados.pdf\" target=\"_blank\" rel=\"noopener noreferrer\"><i class=\"far fa-file-pdf fa-2x\"><\/i>Ley General de Protecci\u00f3n de Datos Personales en Posesi\u00f3n de Sujetos Obligados<\/a><\/li>\n<li><a href=\"https:\/\/www.oaxaca.gob.mx\/sinfra\/wp-content\/uploads\/sites\/14\/2020\/12\/Ley-General-para-la-Igualdad-entre-Mujeres-y-Hombres.pdf\" target=\"_blank\" rel=\"noopener noreferrer\"><i class=\"far fa-file-pdf fa-2x\"><\/i>Ley General para la Igualdad entre Mujeres y Hombres<\/a><\/li>\n<li><a href=\"https:\/\/www.oaxaca.gob.mx\/sinfra\/wp-content\/uploads\/sites\/14\/2020\/12\/Ley-General-de-Transparencia-y-Acceso-a-la-Informacion-Publica.pdf\" target=\"_blank\" rel=\"noopener noreferrer\"><i class=\"far fa-file-pdf fa-2x\"><\/i>Ley General de Transparencia y Acceso a la Informaci\u00f3n P\u00fablica<\/a><\/li>\n<li><a href=\"https:\/\/www.oaxaca.gob.mx\/sinfra\/wp-content\/uploads\/sites\/14\/2020\/12\/Plan-Nacional-de-Desarrollo-2019-2024.pdf\" target=\"_blank\" rel=\"noopener noreferrer\"><i class=\"far fa-file-pdf fa-2x\"><\/i>Plan Nacional de Desarrollo 2019-2024<\/a><\/li>\n<li><a href=\"https:\/\/www.oaxaca.gob.mx\/sinfra\/wp-content\/uploads\/sites\/14\/2020\/12\/Programa-Nacional-de-Combate-a-la-corrupcion-2019-2024.pdf\" target=\"_blank\" rel=\"noopener noreferrer\"><i class=\"far fa-file-pdf fa-2x\"><\/i>Programa Nacional de Combate a la Corrupci\u00f3n y a la Impunidad, y de Mejora de la Gesti\u00f3n P\u00fablica (2019-2024)<\/a><\/li>\n<li><a href=\"https:\/\/www.oaxaca.gob.mx\/sinfra\/wp-content\/uploads\/sites\/14\/2020\/12\/Politica-Nacional-Anticorrupcion.pdf\" target=\"_blank\" rel=\"noopener noreferrer\"><i class=\"far fa-file-pdf fa-2x\"><\/i>Politica Nacional Anticorrupci\u00f3n<\/a><\/li>\n<\/ul>\n<p>&nbsp;<\/p>\n<h3>MARCO JUR\u00cdDICO ESTATAL<\/h3>\n<p>&nbsp;<\/p>\n<ul>\n<li><a href=\"https:\/\/www.oaxaca.gob.mx\/sinfra\/wp-content\/uploads\/sites\/14\/2020\/12\/Constitucion-Politica-del-Estado-Libre-y-Soberano-de-Oaxaca.pdf\" target=\"_blank\" rel=\"noopener noreferrer\"><i class=\"far fa-file-pdf fa-2x\"><\/i> Constituci\u00f3n Pol\u00edtica del Estado Libre y Soberano de Oaxaca<\/a><\/li>\n<li><a href=\"https:\/\/www.oaxaca.gob.mx\/sinfra\/wp-content\/uploads\/sites\/14\/2020\/12\/Ley-Organica-del-Poder-Ejecutivo-de-Oaxaca.pdf\" target=\"_blank\" rel=\"noopener noreferrer\"><i class=\"far fa-file-pdf fa-2x\"><\/i> Ley Org\u00e1nica del Poder Ejecutivo del Estado de Oaxaca<\/a><\/li>\n<li><a href=\"https:\/\/www.oaxaca.gob.mx\/sinfra\/wp-content\/uploads\/sites\/14\/2020\/12\/Ley-de-Responsabilidades-Administrativas-del-Estado-y-Municipios-de-Oaxaca.pdf\" target=\"_blank\" rel=\"noopener noreferrer\"><i class=\"far fa-file-pdf fa-2x\"><\/i> Ley de Responsabilidades Administrativas del Estado y Municipios de Oaxaca<\/a><\/li>\n<li><a href=\"https:\/\/www.oaxaca.gob.mx\/sinfra\/wp-content\/uploads\/sites\/14\/2020\/12\/Ley-de-Transparencia-y-Acceso-a-la-Informacion-Publica-para-el-Estado-de-Oaxaca.pdf\" target=\"_blank\" rel=\"noopener noreferrer\"><i class=\"far fa-file-pdf fa-2x\"><\/i>Ley de Transparencia y Acceso a la Informaci\u00f3n P\u00fablica para el Estado de Oaxaca<\/a><\/li>\n<li><a href=\"https:\/\/www.oaxaca.gob.mx\/sinfra\/wp-content\/uploads\/sites\/14\/2020\/12\/Ley-de-Proteccion-de-Datos-Personales-en-posesion-de-sujetos-obligados-del-Estado-de-Oaxaca.pdf\" target=\"_blank\" rel=\"noopener noreferrer\"><i class=\"far fa-file-pdf fa-2x\"><\/i>Ley de Protecci\u00f3n de Datos Personales en posesi\u00f3n de sujetos obligados del Estado de Oaxaca<\/a><\/li>\n<li><a href=\"https:\/\/www.oaxaca.gob.mx\/sinfra\/wp-content\/uploads\/sites\/14\/2020\/12\/Ley-del-Sistema-Estatal-de-Combate-a-la-Corrupcion-del-Estado-de-Oaxaca.pdf\" target=\"_blank\" rel=\"noopener noreferrer\"><i class=\"far fa-file-pdf fa-2x\"><\/i>Ley del Sistema Estatal de Combate a la Corrupci\u00f3n del Estado de Oaxaca<\/a><\/li>\n<li><a href=\"https:\/\/www.oaxaca.gob.mx\/sinfra\/wp-content\/uploads\/sites\/14\/2020\/12\/Plan_Estatal_de_Desarrollo_2016-2022.pdf\" target=\"_blank\" rel=\"noopener noreferrer\"><i class=\"far fa-file-pdf fa-2x\"><\/i>Plan Estatal de Desarrollo 2016-2022 para el Estado de Oaxaca<\/a><\/li>\n<li><a href=\"https:\/\/www.oaxaca.gob.mx\/sinfra\/wp-content\/uploads\/sites\/14\/2020\/12\/Plan-estrategico-transversal-igualdad-mujeres-y-hombres-2016-2022.pdf\" target=\"_blank\" rel=\"noopener noreferrer\"><i class=\"far fa-file-pdf fa-2x\"><\/i>Plan Estrat\u00e9gico transversal Igualdad entre Mujeres y Hombres 2016-2022<\/a><\/li>\n<li><a href=\"Se emiten C\u00f3digo de \u00c9tica, Reglas de integridad, Lineamientos Generales _PO_EXTRA_24-04-2019\" target=\"_blank\" rel=\"noopener noreferrer\"><i class=\"far fa-file-pdf fa-2x\"><\/i>Acuerdo por el que se expide el C\u00f3digo de \u00e9tica para servidoras y servidores p\u00fablicos del Poder Ejecutivo del estado de Oaxaca<\/a><\/li>\n<li><a href=\"Se emiten C\u00f3digo de \u00c9tica, Reglas de integridad, Lineamientos Generales _PO_EXTRA_24-04-2019\" target=\"_blank\" rel=\"noopener noreferrer\"><i class=\"far fa-file-pdf fa-2x\"><\/i>Acuerdo por el que se emiten los Lineamientos generales del C\u00f3digo de \u00c9tica para servidoras y servidores p\u00fablicos del Poder Ejecutivo del Estado de Oaxaca<\/a><\/li>\n<li><a href=\"https:\/\/www.oaxaca.gob.mx\/sinfra\/wp-content\/uploads\/sites\/14\/2020\/12\/PO_EXTRA_24-04-2019.pdf\" target=\"_blank\" rel=\"noopener noreferrer\"><i class=\"far fa-file-pdf fa-2x\"><\/i>Acuerdo por el que se emiten la Reglas de Integridad para servidoras y servidores p\u00fablicos del Poder Ejecutivo del Estado de Oaxaca<\/a><\/li>\n<li><a href=\"https:\/\/www.oaxaca.gob.mx\/sinfra\/wp-content\/uploads\/sites\/14\/2020\/12\/Acuerdo-por-el-que-se-emite-el-Modelo-Estatal-Control-Interno-Estado-de-Oaxaca.pdf\" target=\"_blank\" rel=\"noopener noreferrer\"><i class=\"far fa-file-pdf fa-2x\"><\/i> Acuerdo por el que se emite el Modelo Estatal del Marco Integrado de Control Interno para el Sector P\u00fablico del Estado de Oaxaca<\/a><\/li>\n<li><a href=\"https:\/\/www.oaxaca.gob.mx\/sinfra\/wp-content\/uploads\/sites\/14\/2020\/12\/Acuerdo-por-el-que-se-emiten-las-Disposiciones-y-Manual-Administrativo-Control-Interno_Oaxaca.pdf\" target=\"_blank\" rel=\"noopener noreferrer\"><i class=\"far fa-file-pdf fa-2x\"><\/i> Acuerdo por el que se emiten las Disposiciones y el Manual Administrativo de aplicaci\u00f3n general en materia de Control Interno para la Administraci\u00f3n P\u00fablica Estatal<\/a><\/li>\n<li><a href=\"https:\/\/www.oaxaca.gob.mx\/sinfra\/wp-content\/uploads\/sites\/14\/2020\/12\/Acuerdo-de-coordinacion-Control-Interno-Funcion-Publica-y-Estado-de-Oaxaca.pdf\" target=\"_blank\" rel=\"noopener noreferrer\"><i class=\"far fa-file-pdf fa-2x\"><\/i> Acuerdo de coordinaci\u00f3n en materia de control interno, fiscalizaci\u00f3n, prevenci\u00f3n, detecci\u00f3n, disuasi\u00f3n de hechos de corrupci\u00f3n y mejora de la gesti\u00f3n gubernamental que celebran la Secretar\u00eda de la Funci\u00f3n P\u00fablica y el Ejecutivo del Estado Libre y Soberano de Oaxaca<\/a><\/li>\n<li><a href=\"https:\/\/www.oaxaca.gob.mx\/sinfra\/wp-content\/uploads\/sites\/14\/2021\/05\/GUIA-PARA-IDENTIFICAR-Y-PREVENIR-CONDUCTAS-QUE-PUEDAN-CONSTITUIR-CONFLICTO-DE-INTERES.pdf\" target=\"_blank\" rel=\"noopener noreferrer\"><i class=\"far fa-file-pdf fa-2x\"><\/i> Gu\u00eda para identificar y prevenir conductas que puedan constituir conflicto de inter\u00e9s -Poder Ejecutivo del Estado de Oaxaca<\/a><\/li>\n<\/ul>\n<p>&nbsp;<\/p>\n<h3>INTERNO<\/h3>\n<p>&nbsp;<\/p>\n<ul>\n<li><a href=\"https:\/\/www.oaxaca.gob.mx\/sinfra\/wp-content\/uploads\/sites\/14\/2020\/12\/Reglamento-Interno-SINFRA.pdf\" target=\"_blank\" rel=\"noopener noreferrer\"><i class=\"far fa-file-pdf fa-2x\"><\/i> Reglamento Interno de la Secretar\u00eda de las Infraestructuras y el Ordenamiento Territorial Sustentable<\/a><\/li>\n<li><a href=\"https:\/\/www.oaxaca.gob.mx\/sinfra\/wp-content\/uploads\/sites\/14\/2020\/12\/Manual-de-Organizacion-SINFRA.pdf\" target=\"_blank\" rel=\"noopener noreferrer\"><i class=\"far fa-file-pdf fa-2x\"><\/i> Manual de Organizaci\u00f3n de la Secretar\u00eda de las Infraestructuras y el Ordenamiento Territorial Sustentable<\/a><\/li>\n<li><a href=\"https:\/\/www.oaxaca.gob.mx\/sinfra\/wp-content\/uploads\/sites\/14\/2021\/05\/CEPCI.pdf\" target=\"_blank\" rel=\"noopener noreferrer\"><i class=\"far fa-file-pdf fa-2x\"><\/i> Bases de Integraci\u00f3n y funcionamiento del Comit\u00e9 de \u00c9tica<\/a><\/li>\n<li><a href=\"https:\/\/www.oaxaca.gob.mx\/sinfra\/wp-content\/uploads\/sites\/14\/2021\/12\/Codigo-de-conducta-actualizado-23112021-firmado.pdf\" target=\"_blank\" rel=\"noopener noreferrer\"><i class=\"far fa-file-pdf fa-2x\"><\/i> C\u00f3digo de Conducta de las Servidoras y Servidores de la SINFRA<\/a><\/li>\n<li><a href=\"https:\/\/www.oaxaca.gob.mx\/sinfra\/wp-content\/uploads\/sites\/14\/2021\/12\/1-PROTOCOLO-QUEJAS-CEPCI-firmado.pdf\" target=\"_blank\" rel=\"noopener noreferrer\"><i class=\"far fa-file-pdf fa-2x\"><\/i> Protocolo para someter quejas y\/o denuncias ante el Comit\u00e9, por incumplimiento al C\u00f3digo de \u00c9tica para Servidoras y Servidores P\u00fablicos del Poder Ejecutivo del Estado de Oaxaca; las Reglas de Integridad para Servidoras y Servidores P\u00fablicos del Poder Ejecutivo del Estado de Oaxaca; y al C\u00f3dico de Conducta de la SINFRA, as\u00ed como el Procedimiento para la Presentaci\u00f3n de las Quejas y\/o Denuncias por Presuntos Incumplimientos a estos Instrumentos <\/a><\/li>\n<\/ul>\n<\/div>\n<div id=\"nav_cuatro\" class=\"tab-pane fade show\" role=\"tabpanel\" aria-labelledby=\"nav_tab_cuatro\">\n<p><a href=\"https:\/\/www.oaxaca.gob.mx\/sinfra\/wp-content\/uploads\/sites\/14\/2019\/08\/acta-instalacion.pdf\" target=\"_blank\" rel=\"noopener noreferrer\"><i class=\"far fa-file-pdf fa-2x\"><\/i> Acta de Instalaci\u00f3n del Comit\u00e9 de \u00c9tica.<\/a><\/p>\n<h3>SESIONES ORDINARIAS 2021<\/h3>\n<p><a href=\"https:\/\/www.oaxaca.gob.mx\/sinfra\/wp-content\/uploads\/sites\/14\/2021\/12\/PRIMERA-SESION-ORDINARIA-2021.pdf\" target=\"_blank\" rel=\"noopener noreferrer\"><i class=\"far fa-file-pdf fa-2x\"><\/i> Primera sesi\u00f3n ordinaria 2021<\/a><br \/>\n<a href=\"https:\/\/www.oaxaca.gob.mx\/sinfra\/wp-content\/uploads\/sites\/14\/2021\/12\/SEGUNDA-SESION-ORDINARIA-2021.pdf\" target=\"_blank\" rel=\"noopener noreferrer\"><i class=\"far fa-file-pdf fa-2x\"><\/i> Segunda sesi\u00f3n ordinaria 2021<\/a><\/p>\n<p>&nbsp;<\/p>\n<h3>SESIONES ORDINARIAS 2020<\/h3>\n<p><a href=\"https:\/\/www.oaxaca.gob.mx\/sinfra\/wp-content\/uploads\/sites\/14\/2021\/05\/Primera_sesion_ordinaria_2020.pdf\" target=\"_blank\" rel=\"noopener noreferrer\"><i class=\"far fa-file-pdf fa-2x\"><\/i> Primera sesi\u00f3n ordinaria 2020<\/a><br \/>\n<a href=\"https:\/\/www.oaxaca.gob.mx\/sinfra\/wp-content\/uploads\/sites\/14\/2021\/05\/Segunda_sesion_ordinaria_2020.pdf\" target=\"_blank\" rel=\"noopener noreferrer\"><i class=\"far fa-file-pdf fa-2x\"><\/i> Segunda sesi\u00f3n ordinaria 2020<\/a><br \/>\n<a href=\"https:\/\/www.oaxaca.gob.mx\/sinfra\/wp-content\/uploads\/sites\/14\/2021\/05\/Tercera-sesion_ordinaria_2020.pdf\" target=\"_blank\" rel=\"noopener noreferrer\"><i class=\"far fa-file-pdf fa-2x\"><\/i> Tercera sesi\u00f3n ordinaria 2020<\/a><\/p>\n<h3>SESIONES EXTRAORDINARIAS 2021<\/h3>\n<p><a href=\"https:\/\/www.oaxaca.gob.mx\/sinfra\/wp-content\/uploads\/sites\/14\/2021\/12\/TERCERA-SESION-EXTRAORDINARIA-2021.pdf\" target=\"_blank\" rel=\"noopener noreferrer\"><i class=\"far fa-file-pdf fa-2x\"><\/i> Tercera sesi\u00f3n extraordinaria<\/a><br \/>\n<a href=\"https:\/\/www.oaxaca.gob.mx\/sinfra\/wp-content\/uploads\/sites\/14\/2021\/12\/SEGUNDA-SESION-EXTRAORDINARIA-2021.pdf\" target=\"_blank\" rel=\"noopener noreferrer\"><i class=\"far fa-file-pdf fa-2x\"><\/i> Segunda sesi\u00f3n extraordinaria<\/a><br \/>\n<a href=\"https:\/\/www.oaxaca.gob.mx\/sinfra\/wp-content\/uploads\/sites\/14\/2021\/12\/PRIMERA-SESION-EXTRAORDINARIA-2021.pdf\" target=\"_blank\" rel=\"noopener noreferrer\"><i class=\"far fa-file-pdf fa-2x\"><\/i> Primera sesi\u00f3n extraordinaria<\/a><\/p>\n<h3>SESIONES EXTRAORDINARIAS 2020<\/h3>\n<p><a href=\"https:\/\/www.oaxaca.gob.mx\/sinfra\/wp-content\/uploads\/sites\/14\/2021\/05\/Primera_sesion_extraordinaria_2020.pdf\" target=\"_blank\" rel=\"noopener noreferrer\"><i class=\"far fa-file-pdf fa-2x\"><\/i> Primera sesi\u00f3n extraordinaria<\/a><\/p>\n<\/div>\n<div id=\"nav_tres\" class=\"tab-pane fade show\" role=\"tabpanel\" aria-labelledby=\"nav_tab_tres\">\n<p>&nbsp;<\/p>\n<ul>\n<li><a href=\"https:\/\/www.oaxaca.gob.mx\/sinfra\/wp-content\/uploads\/sites\/14\/2021\/03\/Plan-Anual-de-Trabajo-2021-vf-CEPCI.pdf\" target=\"_blank\" rel=\"noopener noreferrer\"><i class=\"far fa-file-pdf fa-2x\"><\/i> Plan Anual de Trabajo 2021.<\/a><\/li>\n<li><a href=\"https:\/\/www.oaxaca.gob.mx\/sinfra\/wp-content\/uploads\/sites\/14\/2021\/05\/Plan-anual-de-trabajo-2020_.pdf\" target=\"_blank\" rel=\"noopener noreferrer\"><i class=\"far fa-file-pdf fa-2x\"><\/i> Plan Anual de Trabajo 2020.<\/a><\/li>\n<li><a href=\"https:\/\/www.oaxaca.gob.mx\/sinfra\/wp-content\/uploads\/sites\/14\/2021\/03\/Informe-anual-2020-CEPCI-SINFRA.pdf\" target=\"_blank\" rel=\"noopener noreferrer\"><i class=\"far fa-file-pdf fa-2x\"><\/i> Informe Anual de Actividades 2020.<\/a><\/li>\n<\/ul>\n<\/div>\n<\/div>\n","protected":false},"excerpt":{"rendered":"<p>Integraci\u00f3n del Comit\u00e9 Marco Jur\u00eddico Actas de Sesiones Planes Anuales de Trabajo Conformaci\u00f3n del comit\u00e9 &nbsp; \u00bfQu\u00e9 es el Comit\u00e9 de \u00e9tica y Prevenci\u00f3n de Conflictos de Inter\u00e9s? El Comit\u00e9 de \u00c9tica y Prevenci\u00f3n de Conflictos de Inter\u00e9s de la Secretar\u00eda de las Infraestructuras y el Ordenamiento Territorial Sustentable (SINFRA) es un \u00f3rgano plural conformado [&hellip;]<\/p>\n","protected":false},"author":14,"featured_media":0,"parent":0,"menu_order":0,"comment_status":"closed","ping_status":"closed","template":"","meta":{"episode_type":"","audio_file":"","podmotor_file_id":"","podmotor_episode_id":"","cover_image":"","cover_image_id":"","duration":"","filesize":"","filesize_raw":"","date_recorded":"","explicit":"","block":"","itunes_episode_number":"","itunes_title":"","itunes_season_number":"","itunes_episode_type":"","footnotes":""},"categories":[],"tags":[],"class_list":["post-9102","page","type-page","status-publish","hentry"],"acf":[],"publishpress_future_action":{"enabled":false,"date":"2026-05-14 09:56:44","action":"change-status","newStatus":"draft","terms":[],"taxonomy":"category","extraData":[]},"publishpress_future_workflow_manual_trigger":{"enabledWorkflows":[]},"_links":{"self":[{"href":"https:\/\/www.oaxaca.gob.mx\/sinfra\/wp-json\/wp\/v2\/pages\/9102","targetHints":{"allow":["GET"]}}],"collection":[{"href":"https:\/\/www.oaxaca.gob.mx\/sinfra\/wp-json\/wp\/v2\/pages"}],"about":[{"href":"https:\/\/www.oaxaca.gob.mx\/sinfra\/wp-json\/wp\/v2\/types\/page"}],"author":[{"embeddable":true,"href":"https:\/\/www.oaxaca.gob.mx\/sinfra\/wp-json\/wp\/v2\/users\/14"}],"replies":[{"embeddable":true,"href":"https:\/\/www.oaxaca.gob.mx\/sinfra\/wp-json\/wp\/v2\/comments?post=9102"}],"version-history":[{"count":33,"href":"https:\/\/www.oaxaca.gob.mx\/sinfra\/wp-json\/wp\/v2\/pages\/9102\/revisions"}],"predecessor-version":[{"id":11106,"href":"https:\/\/www.oaxaca.gob.mx\/sinfra\/wp-json\/wp\/v2\/pages\/9102\/revisions\/11106"}],"wp:attachment":[{"href":"https:\/\/www.oaxaca.gob.mx\/sinfra\/wp-json\/wp\/v2\/media?parent=9102"}],"wp:term":[{"taxonomy":"category","embeddable":true,"href":"https:\/\/www.oaxaca.gob.mx\/sinfra\/wp-json\/wp\/v2\/categories?post=9102"},{"taxonomy":"post_tag","embeddable":true,"href":"https:\/\/www.oaxaca.gob.mx\/sinfra\/wp-json\/wp\/v2\/tags?post=9102"}],"curies":[{"name":"wp","href":"https:\/\/api.w.org\/{rel}","templated":true}]}}