{"id":88,"date":"2016-02-08T15:07:41","date_gmt":"2016-02-08T21:07:41","guid":{"rendered":"https:\/\/www.oaxaca.gob.mx\/sinfra\/?page_id=88"},"modified":"2023-09-18T13:39:07","modified_gmt":"2023-09-18T19:39:07","slug":"mision-y-vision","status":"publish","type":"page","link":"https:\/\/www.oaxaca.gob.mx\/sinfra\/mision-y-vision\/","title":{"rendered":"Misi\u00f3n, Visi\u00f3n y Objetivo"},"content":{"rendered":"<br \/>\n<h3>Misi\u00f3n<\/h3>\n<p>Impulsar la transformaci\u00f3n del estado de Oaxaca mediante la implementaci\u00f3n de pol\u00edticas p\u00fablicas de infraestructura que atiendan las carencias sociales de la poblaci\u00f3n m\u00e1s necesitada y motiven la reducci\u00f3n de la pobreza, la protecci\u00f3n del medio ambiente y el desarrollo sostenible de las ciudades y comunidades del estado.<br \/>\n<\/br><\/p>\n<h3>Visi\u00f3n<\/h3>\n<p>Ser la Secretar\u00eda que oriente, coordine y promueva el desarrollo de pol\u00edticas y proyectos de infraestructura p\u00fablica sostenible que mejoren la calidad de vida y el bienestar de las oaxaque\u00f1as y los oaxaque\u00f1os a trav\u00e9s de una administraci\u00f3n honesta, transparente y eficiente de los recursos p\u00fablicos.<br \/>\n<\/br><\/p>\n<h3>Objetivo general<\/h3>\n<p>Formular, planear, programar, presupuestar, ejecutar y coordinar las pol\u00edticas p\u00fablicas de infraestructura con criterios de sostenibilidad, austeridad, honestidad, eficiencia, eficacia, econom\u00eda y transparencia, que promuevan el desarrollo integral de las ciudades y comunidades del estado.<br \/>\n<\/br>\t\t<\/p>\n","protected":false},"excerpt":{"rendered":"<p>Misi\u00f3n Impulsar la transformaci\u00f3n del estado de Oaxaca mediante la implementaci\u00f3n de pol\u00edticas p\u00fablicas de infraestructura que atiendan las carencias sociales de la poblaci\u00f3n m\u00e1s necesitada y motiven la reducci\u00f3n de la pobreza, la protecci\u00f3n del medio ambiente y el desarrollo sostenible de las ciudades y comunidades del estado. Visi\u00f3n Ser la Secretar\u00eda que oriente, [&hellip;]<\/p>\n","protected":false},"author":1,"featured_media":0,"parent":0,"menu_order":0,"comment_status":"closed","ping_status":"closed","template":"","meta":{"episode_type":"","audio_file":"","podmotor_file_id":"","podmotor_episode_id":"","cover_image":"","cover_image_id":"","duration":"","filesize":"","filesize_raw":"","date_recorded":"","explicit":"","block":"","itunes_episode_number":"","itunes_title":"","itunes_season_number":"","itunes_episode_type":"","footnotes":""},"categories":[],"tags":[],"class_list":["post-88","page","type-page","status-publish","hentry"],"acf":[],"publishpress_future_action":{"enabled":false,"date":"2026-05-22 11:28:16","action":"change-status","newStatus":"draft","terms":[],"taxonomy":"category","extraData":[]},"publishpress_future_workflow_manual_trigger":{"enabledWorkflows":[]},"_links":{"self":[{"href":"https:\/\/www.oaxaca.gob.mx\/sinfra\/wp-json\/wp\/v2\/pages\/88","targetHints":{"allow":["GET"]}}],"collection":[{"href":"https:\/\/www.oaxaca.gob.mx\/sinfra\/wp-json\/wp\/v2\/pages"}],"about":[{"href":"https:\/\/www.oaxaca.gob.mx\/sinfra\/wp-json\/wp\/v2\/types\/page"}],"author":[{"embeddable":true,"href":"https:\/\/www.oaxaca.gob.mx\/sinfra\/wp-json\/wp\/v2\/users\/1"}],"replies":[{"embeddable":true,"href":"https:\/\/www.oaxaca.gob.mx\/sinfra\/wp-json\/wp\/v2\/comments?post=88"}],"version-history":[{"count":3,"href":"https:\/\/www.oaxaca.gob.mx\/sinfra\/wp-json\/wp\/v2\/pages\/88\/revisions"}],"predecessor-version":[{"id":12593,"href":"https:\/\/www.oaxaca.gob.mx\/sinfra\/wp-json\/wp\/v2\/pages\/88\/revisions\/12593"}],"wp:attachment":[{"href":"https:\/\/www.oaxaca.gob.mx\/sinfra\/wp-json\/wp\/v2\/media?parent=88"}],"wp:term":[{"taxonomy":"category","embeddable":true,"href":"https:\/\/www.oaxaca.gob.mx\/sinfra\/wp-json\/wp\/v2\/categories?post=88"},{"taxonomy":"post_tag","embeddable":true,"href":"https:\/\/www.oaxaca.gob.mx\/sinfra\/wp-json\/wp\/v2\/tags?post=88"}],"curies":[{"name":"wp","href":"https:\/\/api.w.org\/{rel}","templated":true}]}}