{"id":5963,"date":"2019-06-21T21:36:56","date_gmt":"2019-06-21T19:36:56","guid":{"rendered":"https:\/\/www.oaxaca.gob.mx\/sinfra\/?page_id=5963"},"modified":"2025-11-19T17:32:05","modified_gmt":"2025-11-19T23:32:05","slug":"planes-de-desarrollo","status":"publish","type":"page","link":"https:\/\/www.oaxaca.gob.mx\/sinfra\/planes\/","title":{"rendered":"Planes"},"content":{"rendered":"<div class=\"su-spoiler su-spoiler-style-fancy su-spoiler-icon-chevron-circle\" data-scroll-offset=\"0\" data-anchor-in-url=\"no\"><div class=\"su-spoiler-title\" tabindex=\"0\" role=\"button\"><span class=\"su-spoiler-icon\"><\/span>PLANES ESTATALES<\/div><div class=\"su-spoiler-content su-u-clearfix su-u-trim\">\n <div class=\"su-tabs su-tabs-style-default su-tabs-mobile-stack\" data-active=\"1\" data-scroll-offset=\"0\" data-anchor-in-url=\"no\"><div class=\"su-tabs-nav\"><span class=\"\" data-url=\"\" data-target=\"blank\" tabindex=\"0\" role=\"button\">PED<\/span><span class=\"\" data-url=\"\" data-target=\"blank\" tabindex=\"0\" role=\"button\">PES<\/span><span class=\"\" data-url=\"\" data-target=\"blank\" tabindex=\"0\" role=\"button\">PEIs<\/span><span class=\"\" data-url=\"\" data-target=\"blank\" tabindex=\"0\" role=\"button\">PITIC<\/span><\/div><div class=\"su-tabs-panes\"><div class=\"su-tabs-pane su-u-clearfix su-u-trim\" data-title=\"PED\">\n   <div class=\"su-table su-table-responsive su-table-alternate\">\n<table>\n<colgroup>\n<col style=\"width: 90%\">\n<col style=\"width: 10%\">\n     <\/colgroup>\n<thead>\n<tr>\n<th style=\"text-align: left;color: #9D2449\">Planes<\/th>\n<th>Archivo<\/th>\n<\/tr>\n<\/thead>\n<tbody>\n<tr>\n<td>Plan Estatal de Desarrollo 2022 \u2013 2028<\/td>\n<td style=\"text-align: center\"><a href=\"https:\/\/www.oaxaca.gob.mx\/sinfra\/wp-content\/uploads\/sites\/14\/2025\/09\/PLAN-DE-DESARROLLO-ESTATAL-2022-2028-web.pdf\" target=\"_blank\" rel=\"noopener noreferrer\"><img decoding=\"async\" class=\"aligncenter size-large wp-image-12165 mx-auto\" src=\"https:\/\/www.oaxaca.gob.mx\/sinfra\/wp-content\/uploads\/sites\/14\/2023\/07\/icon-pdf-e1689225245800.png\" alt=\"\" width=\"22\" \/><\/a><\/td>\n<\/tr>\n<tr>\n<td>Informe sobre la integraci\u00f3n de objetivos, temas, l\u00edneas de acci\u00f3n correspondientes al Eje V del PED 2022-2028 aprobado<\/td>\n<td style=\"text-align: center\"><a href=\"https:\/\/www.oaxaca.gob.mx\/sinfra\/wp-content\/uploads\/sites\/14\/2023\/08\/Informe-PED-2022_2028-VF.pdf\" target=\"_blank\" rel=\"noopener noreferrer\"><img decoding=\"async\" class=\"aligncenter size-large wp-image-12165 mx-auto\" src=\"https:\/\/www.oaxaca.gob.mx\/sinfra\/wp-content\/uploads\/sites\/14\/2023\/07\/icon-pdf-e1689225245800.png\" alt=\"\" width=\"22\" \/><\/a><\/td>\n<\/tr>\n<tbody>\n    <\/table>\n<p>   <\/div>\n  <\/div>\n<div class=\"su-tabs-pane su-u-clearfix su-u-trim\" data-title=\"PES\">\n   <div class=\"su-table su-table-responsive su-table-alternate\">\n<table>\n<colgroup>\n<col style=\"width: 90%\">\n<col style=\"width: 10%\">\n     <\/colgroup>\n<thead>\n<tr>\n<th>Planes<\/th>\n<th>Archivo<\/th>\n<\/tr>\n<\/thead>\n<tbody>\n<tr>\n<td>Plan Estrat\u00e9gico Sectorial Infraestructuras y Servicios P\u00fablicos 2022 \u2013 2028:<\/td>\n<td style=\"text-align: center\"><a href=\"https:\/\/www.oaxaca.gob.mx\/sinfra\/wp-content\/uploads\/sites\/14\/2024\/12\/PES-Infraestructuras-y-servicios-publicos.pdf\" target=\"_blank\" rel=\"noopener noreferrer\"><img decoding=\"async\" class=\"aligncenter size-large wp-image-12165 mx-auto\" src=\"https:\/\/www.oaxaca.gob.mx\/sinfra\/wp-content\/uploads\/sites\/14\/2023\/07\/icon-pdf-e1689225245800.png\" alt=\"\" width=\"22\" \/><\/a><\/td>\n<\/tr>\n<tr>\n<td><a href=\"https:\/\/www.oaxaca.gob.mx\/planeacion\/planes-estrategicos-sectoriales\/\" target=\"_blank\" rel=\"noopener noreferrer\">Portal oficial de Planes Estrat\u00e9gicos Sectoriales del Instituto de Planeaci\u00f3n para el Bienestar<\/td>\n<td><\/td>\n<\/tr>\n<tbody>\n    <\/table>\n<p>   <\/div>\n  <\/div>\n<div class=\"su-tabs-pane su-u-clearfix su-u-trim\" data-title=\"PEIs\">\n   <div class=\"su-table su-table-responsive su-table-alternate\">\n<table>\n<colgroup>\n<col style=\"width: 90%\">\n<col style=\"width: 10%\">\n     <\/colgroup>\n<thead>\n<tr>\n<th>Planes<\/th>\n<th>Archivo<\/th>\n<\/tr>\n<\/thead>\n<tbody>\n<tr>\n<td>Plan Estrat\u00e9gico Institucional <B>Secretar\u00eda de Infraestructuras y Comunicaciones<\/B><\/td>\n<td style=\"text-align: center\"><a href=\"https:\/\/www.oaxaca.gob.mx\/sinfra\/wp-content\/uploads\/sites\/14\/2025\/09\/PEI_INFRAESTRUCTURAS.pdf\" target=\"_blank\" rel=\"noopener noreferrer\"><img decoding=\"async\" class=\"aligncenter size-large wp-image-12165 mx-auto\" src=\"https:\/\/www.oaxaca.gob.mx\/sinfra\/wp-content\/uploads\/sites\/14\/2023\/07\/icon-pdf-e1689225245800.png\" alt=\"\" width=\"22\" \/><\/a><\/td>\n<\/tr>\n<tr>\n<td>Plan Estrat\u00e9gico Institucional <B>Caminos Bienestar<\/B><\/td>\n<td style=\"text-align: center\"><a href=\"https:\/\/www.oaxaca.gob.mx\/sinfra\/wp-content\/uploads\/sites\/14\/2025\/09\/PEI_CAMINOS-BIENESTAR.pdf\" target=\"_blank\" rel=\"noopener noreferrer\"><img decoding=\"async\" class=\"aligncenter size-large wp-image-12165 mx-auto\" src=\"https:\/\/www.oaxaca.gob.mx\/sinfra\/wp-content\/uploads\/sites\/14\/2023\/07\/icon-pdf-e1689225245800.png\" alt=\"\" width=\"22\" \/><\/a><\/td>\n<\/tr>\n<tr>\n<td>Plan Estrat\u00e9gico Institucional <B>Vivienda Bienestar<\/B><\/td>\n<td style=\"text-align: center\"><a href=\"https:\/\/www.oaxaca.gob.mx\/sinfra\/wp-content\/uploads\/sites\/14\/2025\/09\/PEI_VIVIENDA-BIENESTAR.pdf\" target=\"_blank\" rel=\"noopener noreferrer\"><img decoding=\"async\" class=\"aligncenter size-large wp-image-12165 mx-auto\" src=\"https:\/\/www.oaxaca.gob.mx\/sinfra\/wp-content\/uploads\/sites\/14\/2023\/07\/icon-pdf-e1689225245800.png\" alt=\"\" width=\"22\" \/><\/a><\/td>\n<\/tr>\n<tr>\n<td>Plan Estrat\u00e9gico Institucional <B>Comisi\u00f3n Estatal del Agua para el Bienestar<\/B><\/td>\n<td style=\"text-align: center\"><a href=\"https:\/\/www.oaxaca.gob.mx\/sinfra\/wp-content\/uploads\/sites\/14\/2025\/09\/PEI_AGUA-BIENESTAR.pdf\" target=\"_blank\" rel=\"noopener noreferrer\"><img decoding=\"async\" class=\"aligncenter size-large wp-image-12165 mx-auto\" src=\"https:\/\/www.oaxaca.gob.mx\/sinfra\/wp-content\/uploads\/sites\/14\/2023\/07\/icon-pdf-e1689225245800.png\" alt=\"\" width=\"22\" \/><\/a><\/td>\n<\/tr>\n<tr>\n<td>Plan Estrat\u00e9gico Institucional <B>Sistema Operador de los Servicios de Agua Potable y Alcantarillado<\/B><\/td>\n<td style=\"text-align: center\"><a href=\"https:\/\/www.oaxaca.gob.mx\/sinfra\/wp-content\/uploads\/sites\/14\/2025\/09\/PEI_SERVICIOS-DE-AGUA.pdf\" target=\"_blank\" rel=\"noopener noreferrer\"><img decoding=\"async\" class=\"aligncenter size-large wp-image-12165 mx-auto\" src=\"https:\/\/www.oaxaca.gob.mx\/sinfra\/wp-content\/uploads\/sites\/14\/2023\/07\/icon-pdf-e1689225245800.png\" alt=\"\" width=\"22\" \/><\/a><\/td>\n<\/tr>\n<tr>\n<td>Plan Estrat\u00e9gico Institucional <B>Instituto Oaxaque\u00f1o Constructor de Infraestructura Educativa<\/B><\/td>\n<td style=\"text-align: center\"><a href=\"https:\/\/www.oaxaca.gob.mx\/sinfra\/wp-content\/uploads\/sites\/14\/2025\/09\/PEI_INFRAESTRUCTURA-EDUCATIVA.pdf\" target=\"_blank\" rel=\"noopener noreferrer\"><img decoding=\"async\" class=\"aligncenter size-large wp-image-12165 mx-auto\" src=\"https:\/\/www.oaxaca.gob.mx\/sinfra\/wp-content\/uploads\/sites\/14\/2023\/07\/icon-pdf-e1689225245800.png\" alt=\"\" width=\"22\" \/><\/a><\/td>\n<\/tr>\n<tr>\n<td>Plan Estrat\u00e9gico Institucional <B>Instituto del Patrimonio Cultural del Estado de Oaxaca<\/B><\/td>\n<td style=\"text-align: center\"><a href=\"https:\/\/www.oaxaca.gob.mx\/sinfra\/wp-content\/uploads\/sites\/14\/2025\/09\/PEI_PATRIMONIO-CULTURAL.pdf\" target=\"_blank\" rel=\"noopener noreferrer\"><img decoding=\"async\" class=\"aligncenter size-large wp-image-12165 mx-auto\" src=\"https:\/\/www.oaxaca.gob.mx\/sinfra\/wp-content\/uploads\/sites\/14\/2023\/07\/icon-pdf-e1689225245800.png\" alt=\"\" width=\"22\" \/><\/a><\/td>\n<\/tr>\n<tbody>\n    <\/table>\n<p>   <\/div>\n  <\/div>\n<div class=\"su-tabs-pane su-u-clearfix su-u-trim\" data-title=\"PITIC\">\n   <div class=\"su-table su-table-responsive su-table-alternate\">\n<table>\n<colgroup>\n<col style=\"width: 90%\">\n<col style=\"width: 10%\">\n     <\/colgroup>\n<thead>\n<tr>\n<th>Planes<\/th>\n<th>Archivo<\/th>\n<\/tr>\n<\/thead>\n<tbody>\n<tr>\n<td>Plan Institucional de Tecnolog\u00edas de la Informaci\u00f3n y Comunicaci\u00f3n<\/td>\n<td style=\"text-align: center\"><a href=\"https:\/\/www.oaxaca.gob.mx\/sinfra\/wp-content\/uploads\/sites\/14\/2023\/06\/Plan-Institucional-De-Tecnologias-de-la-Informacion-y-Comunicacion.pdf\" target=\"_blank\" rel=\"noopener noreferrer\"><img decoding=\"async\" class=\"aligncenter size-large wp-image-12165 mx-auto\" src=\"https:\/\/www.oaxaca.gob.mx\/sinfra\/wp-content\/uploads\/sites\/14\/2023\/07\/icon-pdf-e1689225245800.png\" alt=\"\" width=\"22\" \/><\/a><\/td>\n<\/tr>\n<tr>\n<td>Plan de Recuperaci\u00f3n de Desastres<\/td>\n<td style=\"text-align: center\"><a href=\"https:\/\/www.oaxaca.gob.mx\/sinfra\/wp-content\/uploads\/sites\/14\/2025\/11\/SIC_Plan-de-Recuperacion-de-Desastres.pdf\" target=\"_blank\" rel=\"noopener noreferrer\"><img decoding=\"async\" class=\"aligncenter size-large wp-image-12165 mx-auto\" src=\"https:\/\/www.oaxaca.gob.mx\/sinfra\/wp-content\/uploads\/sites\/14\/2023\/07\/icon-pdf-e1689225245800.png\" alt=\"\" width=\"22\" \/><\/a><\/td>\n<\/tr>\n<tbody>\n    <\/table>\n<p>   <\/div>\n  <\/div><\/div><\/div>\n<\/div><\/div>\n<div class=\"su-spoiler su-spoiler-style-fancy su-spoiler-icon-chevron-circle\" data-scroll-offset=\"0\" data-anchor-in-url=\"no\"><div class=\"su-spoiler-title\" tabindex=\"0\" role=\"button\"><span class=\"su-spoiler-icon\"><\/span>PLANES FEDERALES<\/div><div class=\"su-spoiler-content su-u-clearfix su-u-trim\">\n<div class=\"su-tabs su-tabs-style-default su-tabs-mobile-stack\" data-active=\"1\" data-scroll-offset=\"0\" data-anchor-in-url=\"no\"><div class=\"su-tabs-nav\"><span class=\"\" data-url=\"\" data-target=\"blank\" tabindex=\"0\" role=\"button\">PND<\/span><\/div><div class=\"su-tabs-panes\"><div class=\"su-tabs-pane su-u-clearfix su-u-trim\" data-title=\"PND\">\n   <div class=\"su-table su-table-responsive su-table-alternate\">\n<table>\n<colgroup>\n<col style=\"width: 90%\">\n<col style=\"width: 10%\">\n     <\/colgroup>\n<thead>\n<tr>\n<th>Planes<\/th>\n<th>Archivo<\/th>\n<\/tr>\n<\/thead>\n<tbody>\n<tr>\n<td><a href=\"https:\/\/www.dof.gob.mx\/nota_detalle.php?codigo=5755162&amp;fecha=15\/04\/2025#gsc.tab=0\" target=\"_blank\" rel=\"noopener noreferrer\">Publicaci\u00f3n del Plan Nacional de Desarrollo 2024 \u2013 2030 <\/a><\/td>\n<td><\/td>\n<\/tr>\n<tbody>\n    <\/table>\n<p>   <\/div>\n  <\/div><\/div><\/div>\n<\/div><\/div>\n","protected":false},"excerpt":{"rendered":"","protected":false},"author":14,"featured_media":0,"parent":0,"menu_order":0,"comment_status":"closed","ping_status":"closed","template":"","meta":{"episode_type":"","audio_file":"","podmotor_file_id":"","podmotor_episode_id":"","cover_image":"","cover_image_id":"","duration":"","filesize":"","filesize_raw":"","date_recorded":"","explicit":"","block":"","itunes_episode_number":"","itunes_title":"","itunes_season_number":"","itunes_episode_type":"","footnotes":""},"categories":[],"tags":[],"class_list":["post-5963","page","type-page","status-publish","hentry"],"acf":[],"publishpress_future_action":{"enabled":false,"date":"2026-04-21 18:51:45","action":"change-status","newStatus":"draft","terms":[],"taxonomy":"category","extraData":[]},"publishpress_future_workflow_manual_trigger":{"enabledWorkflows":[]},"_links":{"self":[{"href":"https:\/\/www.oaxaca.gob.mx\/sinfra\/wp-json\/wp\/v2\/pages\/5963","targetHints":{"allow":["GET"]}}],"collection":[{"href":"https:\/\/www.oaxaca.gob.mx\/sinfra\/wp-json\/wp\/v2\/pages"}],"about":[{"href":"https:\/\/www.oaxaca.gob.mx\/sinfra\/wp-json\/wp\/v2\/types\/page"}],"author":[{"embeddable":true,"href":"https:\/\/www.oaxaca.gob.mx\/sinfra\/wp-json\/wp\/v2\/users\/14"}],"replies":[{"embeddable":true,"href":"https:\/\/www.oaxaca.gob.mx\/sinfra\/wp-json\/wp\/v2\/comments?post=5963"}],"version-history":[{"count":2,"href":"https:\/\/www.oaxaca.gob.mx\/sinfra\/wp-json\/wp\/v2\/pages\/5963\/revisions"}],"predecessor-version":[{"id":14724,"href":"https:\/\/www.oaxaca.gob.mx\/sinfra\/wp-json\/wp\/v2\/pages\/5963\/revisions\/14724"}],"wp:attachment":[{"href":"https:\/\/www.oaxaca.gob.mx\/sinfra\/wp-json\/wp\/v2\/media?parent=5963"}],"wp:term":[{"taxonomy":"category","embeddable":true,"href":"https:\/\/www.oaxaca.gob.mx\/sinfra\/wp-json\/wp\/v2\/categories?post=5963"},{"taxonomy":"post_tag","embeddable":true,"href":"https:\/\/www.oaxaca.gob.mx\/sinfra\/wp-json\/wp\/v2\/tags?post=5963"}],"curies":[{"name":"wp","href":"https:\/\/api.w.org\/{rel}","templated":true}]}}