{"id":525,"date":"2016-04-06T11:59:34","date_gmt":"2016-04-06T17:59:34","guid":{"rendered":"https:\/\/www.oaxaca.gob.mx\/sinfra\/?page_id=525"},"modified":"2023-12-06T14:14:32","modified_gmt":"2023-12-06T20:14:32","slug":"mapa-del-sitio","status":"publish","type":"page","link":"https:\/\/www.oaxaca.gob.mx\/sinfra\/mapa-del-sitio\/","title":{"rendered":"Mapa del Sitio"},"content":{"rendered":"<div class=\"wsp-container\"><h2 class=\"wsp-pages-title\">P\u00e1ginas<\/h2>\n<ul class=\"wsp-pages-list\">\n<li class=\"page_item page-item-578\"><a href=\"https:\/\/www.oaxaca.gob.mx\/sinfra\/obras-fais-fise\/\">Actas FAIS-FISE<\/a><\/li>\n<li class=\"page_item page-item-12122\"><a href=\"https:\/\/www.oaxaca.gob.mx\/sinfra\/acuerdos\/\">Acuerdos<\/a><\/li>\n<li class=\"page_item page-item-12794\"><a href=\"https:\/\/www.oaxaca.gob.mx\/sinfra\/administracion-documental\/\">Administraci\u00f3n documental<\/a><\/li>\n<li class=\"page_item page-item-164\"><a href=\"https:\/\/www.oaxaca.gob.mx\/sinfra\/administracion-urbana\/\">Administraci\u00f3n Urbana<\/a><\/li>\n<li class=\"page_item page-item-3748\"><a href=\"https:\/\/www.oaxaca.gob.mx\/sinfra\/alta-de-proveedores\/\">ALTA DE PROVEEDORES<\/a><\/li>\n<li class=\"page_item page-item-154\"><a href=\"https:\/\/www.oaxaca.gob.mx\/sinfra\/asesoria-y-apoyo-para-autoridades-municipales\/\">Asesor\u00eda y Apoyo para Autoridades Municipales<\/a><\/li>\n<li class=\"page_item page-item-10178\"><a href=\"https:\/\/www.oaxaca.gob.mx\/sinfra\/aviso-de-privacidad\/\">Aviso de Privacidad<\/a><\/li>\n<li class=\"page_item page-item-4114\"><a href=\"https:\/\/www.oaxaca.gob.mx\/sinfra\/4114-2\/\">Aviso de Privacidad Integral<\/a><\/li>\n<li class=\"page_item page-item-4110\"><a href=\"https:\/\/www.oaxaca.gob.mx\/sinfra\/aviso-de-privacidad-simplificado\/\">Aviso de Privacidad Simplificado<\/a><\/li>\n<li class=\"page_item page-item-3591\"><a href=\"https:\/\/www.oaxaca.gob.mx\/sinfra\/baja-documental\/\">Baja documental<\/a><\/li>\n<li class=\"page_item page-item-11014\"><a href=\"https:\/\/www.oaxaca.gob.mx\/sinfra\/buzon-de-quejas-y-sugerencias\/\">Buz\u00f3n de Quejas y Sugerencias<\/a><\/li>\n<li class=\"page_item page-item-5337\"><a href=\"https:\/\/www.oaxaca.gob.mx\/sinfra\/calendar\/\">Calendar<\/a><\/li>\n<li class=\"page_item page-item-8903\"><a href=\"https:\/\/www.oaxaca.gob.mx\/sinfra\/calendar-2\/\">Calendar<\/a><\/li>\n<li class=\"page_item page-item-37\"><a href=\"https:\/\/www.oaxaca.gob.mx\/sinfra\/comision-para-la-regularizacion-de-la-tenencia-de-la-tierra-urbana-del-estado-de-oaxaca\/\">Comisi\u00f3n para la Regularizaci\u00f3n de la Tenencia de la Tierra Urbana del Estado de Oaxaca<\/a><\/li>\n<li class=\"page_item page-item-11292\"><a href=\"https:\/\/www.oaxaca.gob.mx\/sinfra\/comite-de-etica\/\">Comit\u00e9 de \u00c9tica<\/a><\/li>\n<li class=\"page_item page-item-5967\"><a href=\"https:\/\/www.oaxaca.gob.mx\/sinfra\/consejos-y-comites\/\">Consejos y Comit\u00e9s<\/a><\/li>\n<li class=\"page_item page-item-5327\"><a href=\"https:\/\/www.oaxaca.gob.mx\/sinfra\/contacto\/\">Contacto<\/a><\/li>\n<li class=\"page_item page-item-12384\"><a href=\"https:\/\/www.oaxaca.gob.mx\/sinfra\/control-interno\/\">Control Interno<\/a><\/li>\n<li class=\"page_item page-item-12445\"><a href=\"https:\/\/www.oaxaca.gob.mx\/sinfra\/control-interno-ejercicios-anteriores\/\">Control interno ejercicios anteriores<\/a><\/li>\n<li class=\"page_item page-item-264\"><a href=\"https:\/\/www.oaxaca.gob.mx\/sinfra\/coordinacion-tecnica\/\">Coordinaci\u00f3n T\u00e9cnica<\/a><\/li>\n<li class=\"page_item page-item-2857\"><a href=\"https:\/\/www.oaxaca.gob.mx\/sinfra\/cumplimiento-a-la-lgtip-2\/\">Cumplimiento a la LGTAIP<\/a><\/li>\n<li class=\"page_item page-item-3495\"><a href=\"https:\/\/www.oaxaca.gob.mx\/sinfra\/cumplimiento-a-la-lgtip-2018\/\">Cumplimiento a la LGTAIP 2018<\/a><\/li>\n<li class=\"page_item page-item-1945\"><a href=\"https:\/\/www.oaxaca.gob.mx\/sinfra\/cumplimiento-a-la-lgtip\/\">Cumplimiento a la LGTIP: Art\u00edculo 70<\/a><\/li>\n<li class=\"page_item page-item-2848\"><a href=\"https:\/\/www.oaxaca.gob.mx\/sinfra\/cumplimiento-a-la-lgtip-articulo-71\/\">Cumplimiento a la LGTIP: Art\u00edculo 71<\/a><\/li>\n<li class=\"page_item page-item-3716\"><a href=\"https:\/\/www.oaxaca.gob.mx\/sinfra\/cumplimiento-a-la-ltaipo\/\">Cumplimiento a la LTAIPO<\/a><\/li>\n<li class=\"page_item page-item-4883\"><a href=\"https:\/\/www.oaxaca.gob.mx\/sinfra\/cumplimiento-obligaciones-lgtaip\/\">CUMPLIMIENTO DE OBLIGACIONES DE TRANSPARENCIA<\/a><\/li>\n<li class=\"page_item page-item-5275\"><a href=\"https:\/\/www.oaxaca.gob.mx\/sinfra\/transparencia\/\">CUMPLIMIENTO DE OBLIGACIONES DE TRANSPARENCIA<\/a><\/li>\n<li class=\"page_item page-item-4620\"><a href=\"https:\/\/www.oaxaca.gob.mx\/sinfra\/derechos-humanos-de-las-personas\/\">Derechos humanos<\/a><\/li>\n<li class=\"page_item page-item-233\"><a href=\"https:\/\/www.oaxaca.gob.mx\/sinfra\/direccion-administrativa\/\">Direcci\u00f3n Administrativa<\/a><\/li>\n<li class=\"page_item page-item-253\"><a href=\"https:\/\/www.oaxaca.gob.mx\/sinfra\/direccion-de-centros-de-poblacion\/\">Direcci\u00f3n de Centros de Poblaci\u00f3n<\/a><\/li>\n<li class=\"page_item page-item-239\"><a href=\"https:\/\/www.oaxaca.gob.mx\/sinfra\/direccion-de-construccion\/\">Direcci\u00f3n de Construcci\u00f3n<\/a><\/li>\n<li class=\"page_item page-item-241\"><a href=\"https:\/\/www.oaxaca.gob.mx\/sinfra\/direccion-de-control-y-evaluacion-de-obra-publica\/\">Direcci\u00f3n de Control y Evaluaci\u00f3n de Obra P\u00fablica<\/a><\/li>\n<li class=\"page_item page-item-249\"><a href=\"https:\/\/www.oaxaca.gob.mx\/sinfra\/direccion-de-estudios-y-proyectos\/\">Direcci\u00f3n de Estudios y Proyectos<\/a><\/li>\n<li class=\"page_item page-item-251\"><a href=\"https:\/\/www.oaxaca.gob.mx\/sinfra\/direccion-de-ordenamiento-territorial\/\">Direcci\u00f3n de Ordenamiento Territorial<\/a><\/li>\n<li class=\"page_item page-item-237\"><a href=\"https:\/\/www.oaxaca.gob.mx\/sinfra\/direccion-juridica\/\">Direcci\u00f3n Jur\u00eddica<\/a><\/li>\n<li class=\"page_item page-item-170\"><a href=\"https:\/\/www.oaxaca.gob.mx\/sinfra\/director-responsable-de-obra\/\">Director Responsable de Obra<\/a><\/li>\n<li class=\"page_item page-item-370\"><a href=\"https:\/\/www.oaxaca.gob.mx\/sinfra\/directorio\/\">Directorio<\/a><\/li>\n<li class=\"page_item page-item-4711\"><a href=\"https:\/\/www.oaxaca.gob.mx\/sinfra\/mapa-de-distribucion-territorial\/\">Distribuci\u00f3n territorial del estado de Oaxaca<\/a><\/li>\n<li class=\"page_item page-item-366\"><a href=\"https:\/\/www.oaxaca.gob.mx\/sinfra\/estructura\/\">Estructura Org\u00e1nica<\/a><\/li>\n<li class=\"page_item page-item-9102\"><a href=\"https:\/\/www.oaxaca.gob.mx\/sinfra\/etica_e_integridad_publica\/\">\u00c9tica e Integridad P\u00fablica<\/a><\/li>\n<li class=\"page_item page-item-3430\"><a href=\"https:\/\/www.oaxaca.gob.mx\/sinfra\/evaluacion-2\/\">Evaluaci\u00f3n<\/a><\/li>\n<li class=\"page_item page-item-3334\"><a href=\"https:\/\/www.oaxaca.gob.mx\/sinfra\/evaluacion-2017\/\">Evaluaci\u00f3n diagn\u00f3stica anual (2017)<\/a><\/li>\n<li class=\"page_item page-item-9940\"><a href=\"https:\/\/www.oaxaca.gob.mx\/sinfra\/evaluacion-diagnostica-anual-2018\/\">Evaluaci\u00f3n diagn\u00f3stica anual (2018)<\/a><\/li>\n<li class=\"page_item page-item-11448\"><a href=\"https:\/\/www.oaxaca.gob.mx\/sinfra\/evaluaciones-y-autoevaluaciones-sicocoi-sinfra\/\">Evaluaciones y Autoevaluaciones SICOCOI-SINFRA<\/a><\/li>\n<li class=\"page_item page-item-12143 page_item_has_children\"><a href=\"https:\/\/www.oaxaca.gob.mx\/sinfra\/eventos\/\">Eventos<\/a>\n<ul class='children'>\n\t<li class=\"page_item page-item-12145\"><a href=\"https:\/\/www.oaxaca.gob.mx\/sinfra\/eventos\/categorias\/\">Categor\u00edas<\/a><\/li>\n\t<li class=\"page_item page-item-12146\"><a href=\"https:\/\/www.oaxaca.gob.mx\/sinfra\/eventos\/etiquetas\/\">Etiquetas<\/a><\/li>\n\t<li class=\"page_item page-item-12147\"><a href=\"https:\/\/www.oaxaca.gob.mx\/sinfra\/eventos\/mis-reservas\/\">Mis Reservas<\/a><\/li>\n\t<li class=\"page_item page-item-12144\"><a href=\"https:\/\/www.oaxaca.gob.mx\/sinfra\/eventos\/ubicaciones\/\">Ubicaciones<\/a><\/li>\n<\/ul>\n<\/li>\n<li class=\"page_item page-item-9645\"><a href=\"https:\/\/www.oaxaca.gob.mx\/sinfra\/fondo-minero\/\">Fondo Minero<\/a><\/li>\n<li class=\"page_item page-item-35\"><a href=\"https:\/\/www.oaxaca.gob.mx\/sinfra\/fotogaleria\/\">Fotogaler\u00eda<\/a><\/li>\n<li class=\"page_item page-item-348\"><a href=\"https:\/\/www.oaxaca.gob.mx\/sinfra\/funciones\/\">Funciones<\/a><\/li>\n<li class=\"page_item page-item-9141\"><a href=\"https:\/\/www.oaxaca.gob.mx\/sinfra\/informacion-de-interes-publico\/\">Informaci\u00f3n de Interes P\u00fablico<\/a><\/li>\n<li class=\"page_item page-item-13169\"><a href=\"https:\/\/www.oaxaca.gob.mx\/sinfra\/informacion-tramite\/\">Informaci\u00f3n del Tr\u00e1mite<\/a><\/li>\n<li class=\"page_item page-item-3903\"><a href=\"https:\/\/www.oaxaca.gob.mx\/sinfra\/informe-de-evaluacion-diagnostica\/\">Informe de Evaluaci\u00f3n Diagn\u00f3stica<\/a><\/li>\n<li class=\"page_item page-item-9961\"><a href=\"https:\/\/www.oaxaca.gob.mx\/sinfra\/informe-del-avance-de-gestion-2019\/\">Informe del avance de gesti\u00f3n 2019<\/a><\/li>\n<li class=\"page_item page-item-11544\"><a href=\"https:\/\/www.oaxaca.gob.mx\/sinfra\/resultado-de-auditorias-de-desempeno-realizada-a-la-cuenta-publica-estatal-2021\/\">Informe o Reportes de Obra<\/a><\/li>\n<li class=\"page_item page-item-12256\"><a href=\"https:\/\/www.oaxaca.gob.mx\/sinfra\/informes\">Informes<\/a><\/li>\n<li class=\"page_item page-item-10191\"><a href=\"https:\/\/www.oaxaca.gob.mx\/sinfra\/informes-fonmetro\/\">Informes FONMETRO<\/a><\/li>\n<li class=\"page_item page-item-9120\"><a href=\"https:\/\/www.oaxaca.gob.mx\/sinfra\/informes-trimestrales-fifonregion-2018-2019\/\">Informes trimestrales FIFONREGI\u00d3N 2018-2021<\/a><\/li>\n<li class=\"page_item page-item-27\"><a href=\"https:\/\/www.oaxaca.gob.mx\/sinfra\/\">Inicio<\/a><\/li>\n<li class=\"page_item page-item-1270\"><a href=\"https:\/\/www.oaxaca.gob.mx\/sinfra\/leyes-estatales\/\">LEYES ESTATALES<\/a><\/li>\n<li class=\"page_item page-item-1310\"><a href=\"https:\/\/www.oaxaca.gob.mx\/sinfra\/leyes-federales\/\">LEYES FEDERALES<\/a><\/li>\n<li class=\"page_item page-item-12087\"><a href=\"https:\/\/www.oaxaca.gob.mx\/sinfra\/leyes-federales-y-estatales\/\">Leyes Federales y Estatales<\/a><\/li>\n<li class=\"page_item page-item-3445\"><a href=\"https:\/\/www.oaxaca.gob.mx\/sinfra\/lgti-70-prueba\/\">LGTI 70 Prueba<\/a><\/li>\n<li class=\"page_item page-item-419\"><a href=\"https:\/\/www.oaxaca.gob.mx\/sinfra\/licitaciones-publicas\/\">Licitaciones P\u00fablicas<\/a><\/li>\n<li class=\"page_item page-item-12229\"><a href=\"https:\/\/www.oaxaca.gob.mx\/sinfra\/licitaciones-publicas-anos-anteriores\/\">Licitaciones P\u00fablicas a\u00f1os anteriores<\/a><\/li>\n<li class=\"page_item page-item-5336\"><a href=\"https:\/\/www.oaxaca.gob.mx\/sinfra\/loginpress\/\">LoginPress<\/a><\/li>\n<li class=\"page_item page-item-5305\"><a href=\"https:\/\/www.oaxaca.gob.mx\/sinfra\/manual-de-organizacion\/\">Manual de Organizaci\u00f3n<\/a><\/li>\n<li class=\"page_item page-item-525\"><a href=\"https:\/\/www.oaxaca.gob.mx\/sinfra\/mapa-del-sitio\/\">Mapa del Sitio<\/a><\/li>\n<li class=\"page_item page-item-14630\"><a href=\"https:\/\/www.oaxaca.gob.mx\/sinfra\/mapas-del-programa-de-ordenamiento-de-la-zona-metropolitana-de-oaxaca-version-abreviada\/\">Mapas del Programa de Ordenamiento de la Zona Metropolitana de Oaxaca (Versi\u00f3n abreviada)<\/a><\/li>\n<li class=\"page_item page-item-14653\"><a href=\"https:\/\/www.oaxaca.gob.mx\/sinfra\/mapas-del-programa-de-ordenamiento-de-la-zona-metropolitana-de-oaxaca-version-ampliada\/\">Mapas del Programa de Ordenamiento de la Zona Metropolitana de Oaxaca (Versi\u00f3n ampliada)<\/a><\/li>\n<li class=\"page_item page-item-14857\"><a href=\"https:\/\/www.oaxaca.gob.mx\/sinfra\/mapas-del-programa-estatal-de-ordenamiento-territorial-y-desarrollo-urbano-de-oaxaca\/\">Mapas del Programa Estatal de Ordenamiento Territorial y Desarrollo Urbano de Oaxaca<\/a><\/li>\n<li class=\"page_item page-item-173\"><a href=\"https:\/\/www.oaxaca.gob.mx\/sinfra\/marco-juridico\/\">Marco Jur\u00eddico<\/a><\/li>\n<li class=\"page_item page-item-3383\"><a href=\"https:\/\/www.oaxaca.gob.mx\/sinfra\/mirs-2018\/\">MATRICES DE INDICADORES DE RESULTADOS (MIR)<\/a><\/li>\n<li class=\"page_item page-item-9970\"><a href=\"https:\/\/www.oaxaca.gob.mx\/sinfra\/matriz-de-indicadores-de-resultados-mir-2019\/\">Matriz de indicadores de resultados (MIR 2019)<\/a><\/li>\n<li class=\"page_item page-item-11723\"><a href=\"https:\/\/www.oaxaca.gob.mx\/sinfra\/matriz-de-indicadores-para-resultados\/\">Matriz de Indicadores para Resultados<\/a><\/li>\n<li class=\"page_item page-item-14029\"><a href=\"https:\/\/www.oaxaca.gob.mx\/sinfra\/mi_obra_primavera\/\">Mi Obra Primavera<\/a><\/li>\n<li class=\"page_item page-item-88\"><a href=\"https:\/\/www.oaxaca.gob.mx\/sinfra\/mision-y-vision\/\">Misi\u00f3n, Visi\u00f3n y Objetivo<\/a><\/li>\n<li class=\"page_item page-item-387\"><a href=\"https:\/\/www.oaxaca.gob.mx\/sinfra\/noticias\/\">Noticias<\/a><\/li>\n<li class=\"page_item page-item-12471\"><a href=\"https:\/\/www.oaxaca.gob.mx\/sinfra\/ordenamiento-territorial_\/\">Ordenamiento Territorial<\/a><\/li>\n<li class=\"page_item page-item-9467\"><a href=\"https:\/\/www.oaxaca.gob.mx\/sinfra\/ordenamiento-territorial-publicaciones\/\">Ordenamiento Territorial &#8211; Publicaciones<\/a><\/li>\n<li class=\"page_item page-item-13235\"><a href=\"https:\/\/www.oaxaca.gob.mx\/sinfra\/ordenamiento-territorial-y-desarrollo-urbano\">Ordenamiento Territorial y Desarrollo Urbano<\/a><\/li>\n<li class=\"page_item page-item-1787\"><a href=\"https:\/\/www.oaxaca.gob.mx\/sinfra\/padron-de-contratistas\/\">PADR\u00d3N DE CONTRATISTAS<\/a><\/li>\n<li class=\"page_item page-item-4240\"><a href=\"https:\/\/www.oaxaca.gob.mx\/sinfra\/padron-de-contratistas-2\/\">Padr\u00f3n de Contratistas<\/a><\/li>\n<li class=\"page_item page-item-12355\"><a href=\"https:\/\/www.oaxaca.gob.mx\/sinfra\/padron-de-contratistas\/\">Padr\u00f3n de Contratistas<\/a><\/li>\n<li class=\"page_item page-item-148\"><a href=\"https:\/\/www.oaxaca.gob.mx\/sinfra\/padron-de-directores-responsables-de-obra-del-estado\/\">Padr\u00f3n de Directores Responsables de Obra del Estado<\/a><\/li>\n<li class=\"page_item page-item-2\"><a href=\"https:\/\/www.oaxaca.gob.mx\/sinfra\/pagina-ejemplo\/\">P\u00e1gina de ejemplo<\/a><\/li>\n<li class=\"page_item page-item-162\"><a href=\"https:\/\/www.oaxaca.gob.mx\/sinfra\/planeacion-urbana\/\">Planeaci\u00f3n Urbana<\/a><\/li>\n<li class=\"page_item page-item-5963\"><a href=\"https:\/\/www.oaxaca.gob.mx\/sinfra\/planes\/\">Planes<\/a><\/li>\n<li class=\"page_item page-item-5378\"><a href=\"https:\/\/www.oaxaca.gob.mx\/sinfra\/planes-estrategicos-sectoriales\/\">Planes Estrat\u00e9gicos Sectoriales<\/a><\/li>\n<li class=\"page_item page-item-9061\"><a href=\"https:\/\/www.oaxaca.gob.mx\/sinfra\/procedimientos-de-adjudicacion-directa-2017\/\">Procedimientos de Adjudicaci\u00f3n Directa 2017<\/a><\/li>\n<li class=\"page_item page-item-10159\"><a href=\"https:\/\/www.oaxaca.gob.mx\/sinfra\/programa-anual-de-obras\/\">Programa Anual de Obras<\/a><\/li>\n<li class=\"page_item page-item-215\"><a href=\"https:\/\/www.oaxaca.gob.mx\/sinfra\/programa-de-infraestructura-indigena-proii\/\">Programa de Infraestructura Ind\u00edgena (PROII)<\/a><\/li>\n<li class=\"page_item page-item-167\"><a href=\"https:\/\/www.oaxaca.gob.mx\/sinfra\/proyectos-y-diseno-urbano\/\">Proyectos y Dise\u00f1o Urbano<\/a><\/li>\n<li class=\"page_item page-item-3992\"><a href=\"https:\/\/www.oaxaca.gob.mx\/sinfra\/recursos-federales-transferidos-rft\/\">RECURSOS FEDERALES TRANSFERIDOS (RFT).<\/a><\/li>\n<li class=\"page_item page-item-198\"><a href=\"https:\/\/www.oaxaca.gob.mx\/sinfra\/reglamentos-2\/\">Reglamentos<\/a><\/li>\n<li class=\"page_item page-item-12115\"><a href=\"https:\/\/www.oaxaca.gob.mx\/sinfra\/reglamentos-3\/\">Reglamentos<\/a><\/li>\n<li class=\"page_item page-item-15110\"><a href=\"https:\/\/www.oaxaca.gob.mx\/sinfra\/reportes-producto-pes\/\">Reportes Producto PES<\/a><\/li>\n<li class=\"page_item page-item-194\"><a href=\"https:\/\/www.oaxaca.gob.mx\/sinfra\/requisitos-del-expediente-tecnico\/\">Requisitos del Expediente T\u00e9cnico<\/a><\/li>\n<li class=\"page_item page-item-196\"><a href=\"https:\/\/www.oaxaca.gob.mx\/sinfra\/requisitos-para-la-memoria-de-calculo\/\">Requisitos para la Memoria de C\u00e1lculo<\/a><\/li>\n<li class=\"page_item page-item-262\"><a href=\"https:\/\/www.oaxaca.gob.mx\/sinfra\/secretario-particular\/\">Secretario Particular<\/a><\/li>\n<li class=\"page_item page-item-158\"><a href=\"https:\/\/www.oaxaca.gob.mx\/sinfra\/158-2\/\">Sistema de Formato \u00danico (SFU-PASH)<\/a><\/li>\n<li class=\"page_item page-item-222\"><a href=\"https:\/\/www.oaxaca.gob.mx\/sinfra\/subsecretaria-de-obras-publicas\/\">Subsecretar\u00eda de Obras P\u00fablicas<\/a><\/li>\n<li class=\"page_item page-item-224\"><a href=\"https:\/\/www.oaxaca.gob.mx\/sinfra\/subsecretaria-de-ordenamiento-territorial\/\">Subsecretar\u00eda de Ordenamiento Territorial<\/a><\/li>\n<li class=\"page_item page-item-228\"><a href=\"https:\/\/www.oaxaca.gob.mx\/sinfra\/subsecretaria-de-planeacion-y-programacion-de-obra\/\">Subsecretar\u00eda de Planeaci\u00f3n y Programaci\u00f3n de Obra<\/a><\/li>\n<li class=\"page_item page-item-12382\"><a href=\"https:\/\/www.oaxaca.gob.mx\/sinfra\/telecomunicaciones\/\">Telecomunicaciones<\/a><\/li>\n<li class=\"page_item page-item-4222\"><a href=\"https:\/\/www.oaxaca.gob.mx\/sinfra\/temporamente-fuera-de-linea\/\">Temporalmente Fuera de L\u00ednea<\/a><\/li>\n<li class=\"page_item page-item-350\"><a href=\"https:\/\/www.oaxaca.gob.mx\/sinfra\/titular\/\">Titular<\/a><\/li>\n<li class=\"page_item page-item-5322\"><a href=\"https:\/\/www.oaxaca.gob.mx\/sinfra\/tramites-y-servicios\/\">Tr\u00e1mites y Servicios<\/a><\/li>\n<li class=\"page_item page-item-255\"><a href=\"https:\/\/www.oaxaca.gob.mx\/sinfra\/unidad-de-comunicacion-social\/\">Unidad de Comunicaci\u00f3n Social<\/a><\/li>\n<li class=\"page_item page-item-257\"><a href=\"https:\/\/www.oaxaca.gob.mx\/sinfra\/unidad-de-licitaciones\/\">Unidad de Licitaciones<\/a><\/li>\n<li class=\"page_item page-item-259\"><a href=\"https:\/\/www.oaxaca.gob.mx\/sinfra\/unidad-de-programacion-de-inversiones\/\">Unidad de Programaci\u00f3n de Inversiones<\/a><\/li>\n<\/ul>\n<\/div>\n","protected":false},"excerpt":{"rendered":"","protected":false},"author":1,"featured_media":0,"parent":0,"menu_order":0,"comment_status":"closed","ping_status":"closed","template":"","meta":{"episode_type":"","audio_file":"","podmotor_file_id":"","podmotor_episode_id":"","cover_image":"","cover_image_id":"","duration":"","filesize":"","filesize_raw":"","date_recorded":"","explicit":"","block":"","itunes_episode_number":"","itunes_title":"","itunes_season_number":"","itunes_episode_type":"","footnotes":""},"categories":[],"tags":[],"class_list":["post-525","page","type-page","status-publish","hentry"],"acf":[],"publishpress_future_action":{"enabled":false,"date":"2026-05-23 18:42:54","action":"change-status","newStatus":"draft","terms":[],"taxonomy":"category","extraData":[]},"publishpress_future_workflow_manual_trigger":{"enabledWorkflows":[]},"_links":{"self":[{"href":"https:\/\/www.oaxaca.gob.mx\/sinfra\/wp-json\/wp\/v2\/pages\/525","targetHints":{"allow":["GET"]}}],"collection":[{"href":"https:\/\/www.oaxaca.gob.mx\/sinfra\/wp-json\/wp\/v2\/pages"}],"about":[{"href":"https:\/\/www.oaxaca.gob.mx\/sinfra\/wp-json\/wp\/v2\/types\/page"}],"author":[{"embeddable":true,"href":"https:\/\/www.oaxaca.gob.mx\/sinfra\/wp-json\/wp\/v2\/users\/1"}],"replies":[{"embeddable":true,"href":"https:\/\/www.oaxaca.gob.mx\/sinfra\/wp-json\/wp\/v2\/comments?post=525"}],"version-history":[{"count":1,"href":"https:\/\/www.oaxaca.gob.mx\/sinfra\/wp-json\/wp\/v2\/pages\/525\/revisions"}],"predecessor-version":[{"id":12838,"href":"https:\/\/www.oaxaca.gob.mx\/sinfra\/wp-json\/wp\/v2\/pages\/525\/revisions\/12838"}],"wp:attachment":[{"href":"https:\/\/www.oaxaca.gob.mx\/sinfra\/wp-json\/wp\/v2\/media?parent=525"}],"wp:term":[{"taxonomy":"category","embeddable":true,"href":"https:\/\/www.oaxaca.gob.mx\/sinfra\/wp-json\/wp\/v2\/categories?post=525"},{"taxonomy":"post_tag","embeddable":true,"href":"https:\/\/www.oaxaca.gob.mx\/sinfra\/wp-json\/wp\/v2\/tags?post=525"}],"curies":[{"name":"wp","href":"https:\/\/api.w.org\/{rel}","templated":true}]}}