{"id":4222,"date":"2018-12-14T17:27:56","date_gmt":"2018-12-14T23:27:56","guid":{"rendered":"https:\/\/www.oaxaca.gob.mx\/sinfra\/?page_id=4222"},"modified":"2018-12-14T17:27:56","modified_gmt":"2018-12-14T23:27:56","slug":"temporamente-fuera-de-linea","status":"publish","type":"page","link":"https:\/\/www.oaxaca.gob.mx\/sinfra\/temporamente-fuera-de-linea\/","title":{"rendered":"Temporalmente Fuera de L\u00ednea"},"content":{"rendered":"<h1>Por mantenimiento a las instalaciones el\u00e9ctricas, el servidor que aloja la Plataforma para la Inversi\u00f3n en Infraestructura estar\u00e1 fuera de servicio desde las 16 hrs. del d\u00eda viernes 14 de diciembre y hasta las 10 am del d\u00eda 17 de diciembre del 2018.<\/h1>\n","protected":false},"excerpt":{"rendered":"<p>Por mantenimiento a las instalaciones el\u00e9ctricas, el servidor que aloja la Plataforma para la Inversi\u00f3n en Infraestructura estar\u00e1 fuera de servicio desde las 16 hrs. del d\u00eda viernes 14 de diciembre y hasta las 10 am del d\u00eda 17 de diciembre del 2018.<\/p>\n","protected":false},"author":1,"featured_media":0,"parent":0,"menu_order":0,"comment_status":"closed","ping_status":"closed","template":"","meta":{"episode_type":"","audio_file":"","podmotor_file_id":"","podmotor_episode_id":"","cover_image":"","cover_image_id":"","duration":"","filesize":"","filesize_raw":"","date_recorded":"","explicit":"","block":"","itunes_episode_number":"","itunes_title":"","itunes_season_number":"","itunes_episode_type":"","footnotes":""},"categories":[],"tags":[],"class_list":["post-4222","page","type-page","status-publish","hentry"],"acf":[],"publishpress_future_action":{"enabled":false,"date":"2026-05-23 20:07:36","action":"change-status","newStatus":"draft","terms":[],"taxonomy":"category","extraData":[]},"publishpress_future_workflow_manual_trigger":{"enabledWorkflows":[]},"_links":{"self":[{"href":"https:\/\/www.oaxaca.gob.mx\/sinfra\/wp-json\/wp\/v2\/pages\/4222","targetHints":{"allow":["GET"]}}],"collection":[{"href":"https:\/\/www.oaxaca.gob.mx\/sinfra\/wp-json\/wp\/v2\/pages"}],"about":[{"href":"https:\/\/www.oaxaca.gob.mx\/sinfra\/wp-json\/wp\/v2\/types\/page"}],"author":[{"embeddable":true,"href":"https:\/\/www.oaxaca.gob.mx\/sinfra\/wp-json\/wp\/v2\/users\/1"}],"replies":[{"embeddable":true,"href":"https:\/\/www.oaxaca.gob.mx\/sinfra\/wp-json\/wp\/v2\/comments?post=4222"}],"version-history":[{"count":0,"href":"https:\/\/www.oaxaca.gob.mx\/sinfra\/wp-json\/wp\/v2\/pages\/4222\/revisions"}],"wp:attachment":[{"href":"https:\/\/www.oaxaca.gob.mx\/sinfra\/wp-json\/wp\/v2\/media?parent=4222"}],"wp:term":[{"taxonomy":"category","embeddable":true,"href":"https:\/\/www.oaxaca.gob.mx\/sinfra\/wp-json\/wp\/v2\/categories?post=4222"},{"taxonomy":"post_tag","embeddable":true,"href":"https:\/\/www.oaxaca.gob.mx\/sinfra\/wp-json\/wp\/v2\/tags?post=4222"}],"curies":[{"name":"wp","href":"https:\/\/api.w.org\/{rel}","templated":true}]}}