{"id":4114,"date":"2018-12-04T18:16:34","date_gmt":"2018-12-05T00:16:34","guid":{"rendered":"https:\/\/www.oaxaca.gob.mx\/sinfra\/?page_id=4114"},"modified":"2023-09-11T12:46:34","modified_gmt":"2023-09-11T18:46:34","slug":"4114-2","status":"publish","type":"page","link":"https:\/\/www.oaxaca.gob.mx\/sinfra\/4114-2\/","title":{"rendered":"Aviso de Privacidad Integral"},"content":{"rendered":"<p style=\"text-align: center\"><strong>UNIDAD DE TRANSPARENCIA<br \/>\nAVISO DE PRIVACIDAD INTEGRAL<\/strong><\/p>\n<p>&nbsp;<\/p>\n<p><strong>DENOMINACI\u00d3N DEL RESPONSABLE.<\/strong><\/p>\n<p>La Secretar\u00eda de Infraestructuras y Comunicaciones (SIC), con domicilio ubicado en el Centro Administrativo del Poder Ejecutivo y Judicial \u201cGeneral Porfirio D\u00edaz Soldado de la Patria\u201d Edificio General Heliodoro Charis Castro, Av. Gerardo Pandal Graff, No. 01, Reyes Mantec\u00f3n, San Bartolo Coyotepec, Oaxaca, C.P. 71257, Tel. Conmutador 01 (951) 501 6900, Ext. 25657 y 25018, es el responsable del tratamiento de los datos personales que nos proporcione, los cuales ser\u00e1n protegidos conforme a lo dispuesto por la Ley General de Protecci\u00f3n de Datos Personales en Posesi\u00f3n de Sujetos Obligados, la Ley de Protecci\u00f3n de Datos Personales en Posesi\u00f3n de Sujetos Obligados del Estado de Oaxaca y dem\u00e1s normatividad que resulte aplicable.<\/p>\n<p>&nbsp;<\/p>\n<p><strong>FINALIDADES DEL TRATAMIENTO DE DATOS PERSONALES.<\/strong><\/p>\n<p>Los datos personales que usted proporcione, a la Secretar\u00eda de Infraestructuras y Comunicaciones (SIC), ser\u00e1n utilizados para las siguientes finalidades:<\/p>\n<ul>\n<li>\u00a0 \u00a0\u2022 \u00a0 Integraci\u00f3n de expedientes del personal en el proceso de contrataci\u00f3n de prestaci\u00f3n de servicios laborales.<\/li>\n<li>\u00a0 \u00a0\u2022 \u00a0 Llevar a cabo los contratos y convenios en materia de obra p\u00fablica<\/li>\n<li>\u00a0 \u00a0\u2022 \u00a0 Tr\u00e1mite de registros de Director Responsable de Obra, (D.R.O.).<\/li>\n<li>\u00a0 \u00a0\u2022 \u00a0 Tr\u00e1mite de registros en el Padr\u00f3n de Contratistas.<\/li>\n<li>\u00a0 \u00a0\u2022 \u00a0 Tramite y resoluci\u00f3n de solicitudes de los derechos de ARCO (Acceso, Rectificaci\u00f3n, Cancelaci\u00f3n u Oposici\u00f3n).<\/li>\n<\/ul>\n<p>&nbsp;<\/p>\n<p><strong>DATOS PERSONALES QUE SER\u00c1N SOMEDITOS A TRATAMIENTO<\/strong><\/p>\n<p>Los datos que se recaban y son objeto de tratamiento, corresponden a los datos personales de una persona f\u00edsica identificada o identificable relativos a:<\/p>\n<p>DATOS DE IDENTIFICACI\u00d3N:<br \/>\nNombre completo<br \/>\nGenero<br \/>\nFecha de nacimiento<br \/>\nLugar de nacimiento<br \/>\nFirma<br \/>\nDomicilio particular, donde reside.<br \/>\nEstado civil<br \/>\nTel\u00e9fono particular<br \/>\nCorreo electr\u00f3nico<br \/>\n\u00c1rea de conocimiento<br \/>\nGrado Acad\u00e9mico<br \/>\nRegistro Federal de Contribuyentes (RFC)<br \/>\nClave \u00danica de Registro de Poblaci\u00f3n (CURP)<br \/>\nCartilla Militar<\/p>\n<p>DATOS ACADEMICOS:<br \/>\nTrayectoria educativa<br \/>\nT\u00edtulos<br \/>\nC\u00e9dula profesional<br \/>\nCertificados<br \/>\nReconocimientos<\/p>\n<p>DATOS SENSIBLES<br \/>\nLe informamos que, para cumplir con las finalidades relacionadas al \u00e1rea de Recursos Humanos, ser\u00e1n recabados y tratados los siguientes datos personales sensibles:<\/p>\n<p>&#8211; Incapacidades m\u00e9dicas<br \/>\n&#8211; Tipo de sangre<\/p>\n<p>Nos comprometemos a que los Datos Personales que proporcione ser\u00e1n tratados bajo las m\u00e1s estrictas medidas de seguridad que garanticen su confidencialidad, observando siempre lo establecido en la Ley de Protecci\u00f3n de Datos Personales en Posesi\u00f3n de Sujetos Obligados del Estado de Oaxaca.<\/p>\n<p>De conformidad con lo que establece el art\u00edculo 5 de la Ley de Protecci\u00f3n de Datos Personales en Posesi\u00f3n de Sujetos Obligados del Estado de Oaxaca, requerimos de su consentimiento expreso para el tratamiento de sus datos personales sensibles, salvo que se trate de alguno de los casos establecidos en el art\u00edculo 15 de la multicitada ley.<\/p>\n<p>&nbsp;<\/p>\n<p><strong>FUNDAMENTO PARA EL TRATAMIENTO DE DATOS PERSONALES<\/strong><\/p>\n<p>Los datos personales recabados ser\u00e1n protegidos, incorporados y tratados de conformidad a lo establecido en el art\u00edculo 6\u00b0 inciso A y 16 segundo p\u00e1rrafo de la Constituci\u00f3n Pol\u00edtica de los Estados Unidos Mexicanos; 3 de la Constituci\u00f3n Pol\u00edtica del Estado Libre y Soberano de Oaxaca; 16, 17, 18, 25 y 26 de la Ley General de Protecci\u00f3n de Datos Personales en Posesi\u00f3n de Sujetos Obligados; 9, 10, 11, 14 y 19 de la Ley de Protecci\u00f3n de Datos Personales en Posesi\u00f3n de Sujetos Obligados del Estado de Oaxaca; 23 y 68 de la Ley General de Transparencia y Acceso a la Informaci\u00f3n P\u00fablica; 10 fracci\u00f3n III y 12 de la Ley de Transparencia, Acceso a la Informaci\u00f3n P\u00fablica y Buen Gobierno del Estado de Oaxaca y dem\u00e1s normatividad que resulte aplicable.<\/p>\n<p>&nbsp;<\/p>\n<p><strong>DOMICILIO PARA EJERCER LOS DERECHOS DE ACCESO, CORRECCI\u00d3N, RATIFICACI\u00d3N, CANCELACI\u00d3N, OPOSICI\u00d3N Y DE PORTABILIDAD DE DATOS PERSONALES (DERECHOS ARCO)<\/strong><\/p>\n<p>El interesado podr\u00e1 ejercer sus derechos de Acceso, Rectificaci\u00f3n, Cancelaci\u00f3n u Oposici\u00f3n (ARCO), directamente a la Unidad de Transparencia de la Secretar\u00eda de Infraestructuras y Comunicaciones (SIC), ubicada en el Centro Administrativo del Poder Ejecutivo y Judicial \u201cGeneral Porfirio D\u00edaz Soldado de la Patria\u201d, Edificio General Heliodoro Charis Castro, planta baja, Av. Gerardo Pandal Graff, No. 01, Reyes Mantec\u00f3n, San Bartolo Coyotepec, Oaxaca, C.P. 71257, Tel. Conmutador 01 (951)501 6900, Ext. 25657 y 25018, o bien, a trav\u00e9s de la Plataforma Nacional de Transparencia <em>http:\/\/www.plataformadetransparencia.org.mx\/<\/em> o, bien, en el correo institucional de la Unidad de Transparencia <em>rosalia.rasgado@oaxaca.gob.mx<\/em> en un horario de lunes a viernes de 09:00 a 15:00 horas.<\/p>\n<p>Si desea conocer el procedimiento para el ejercicio de estos derechos puede acudir a la Unidad de Transparencia, enviar un correo electr\u00f3nico a la direcci\u00f3n electr\u00f3nica antes se\u00f1alada o comunicarse a los n\u00fameros telef\u00f3nicos antes descritos.<\/p>\n<p>&nbsp;<\/p>\n<p><strong>TRANSFERENCIA DE DATOS. <\/strong><\/p>\n<p>Si usted no manifiesta su oposici\u00f3n para que sus datos personales sean transferidos, se entender\u00e1 que ha otorgado su consentimiento para ello.<\/p>\n<p>Sin embargo, se hace de su conocimiento que con la finalidad de dar cumplimiento a las obligaciones derivadas de alguna relaci\u00f3n jur\u00eddica, as\u00ed como aquellas finalidades previstas en este Aviso de Privacidad, la Secretar\u00eda de Infraestructuras y Comunicaciones podr\u00e1 transferir los datos personales necesarios en los casos previstos en el art\u00edculo 15 de la Ley de Protecci\u00f3n de Datos Personales en Posesi\u00f3n de Sujetos Obligados del Estado de Oaxaca y a otros \u00f3rganos responsables de la Administraci\u00f3n P\u00fablica Estatal con la finalidad de revisi\u00f3n e instrumentaci\u00f3n legal y en raz\u00f3n de procedimientos derivados del propio tr\u00e1mite en gesti\u00f3n.<\/p>\n<p>No se realizar\u00e1n transferencias de datos personales, salvo aquellas que sean necesarias para atender requerimientos de informaci\u00f3n de autoridad competente, que se encuentren debidamente fundados y motivados.<\/p>\n<p>As\u00ed mismo, le informamos que los datos personales que este sujeto obligado capta por transferencia de otros sujetos obligados, o bien, por el uso de mecanismos en medios remotos o locales de comunicaci\u00f3n electr\u00f3nica, \u00f3ptica u otra tecnolog\u00eda, recibe el mismo trato que la presentada de forma presencial o f\u00edsica en nuestras oficinas.<\/p>\n<p>&nbsp;<\/p>\n<p><strong>MODIFICACIONES AL AVISO DE PRIVACIDAD.<\/strong><\/p>\n<p>El Aviso de Privacidad puede sufrir modificaciones, cambios o actualizaciones derivadas de nuestros requerimientos legales; de nuestras propias necesidades por mejorar los procedimientos y pr\u00e1cticas de privacidad, o por otras causas. En tal caso, la Secretar\u00eda publicar\u00e1 dichas modificaciones en el sitio de internet: <em>https:\/\/www.oaxaca.gob.mx\/sinfra\/<\/em> e indicar\u00e1 la fecha de la \u00faltima versi\u00f3n del aviso. Le recomendamos visitar peri\u00f3dicamente esta p\u00e1gina con la finalidad de informarse si ocurre alg\u00fan cambio al presente.<\/p>\n<p>Si usted considera que su derecho de protecci\u00f3n de datos personales ha sido vulnerado por alguna conducta de nuestros empleados o de nuestras actuaciones o respuesta, puede contactar a nuestra Unidad de Transparencia en las oficinas ubicadas en el Centro Administrativo del Poder Ejecutivo y Judicial \u201cGeneral Porfirio D\u00edaz Soldado de la Patria\u201d Edificio General Heliodoro Charis Castro, planta baja, Av. Gerardo Pandal Graff, No. 01, Reyes Mantec\u00f3n, San Bartolo Coyotepec, Oaxaca en un horario de 09:00 a 15:00 horas de lunes a viernes.<\/p>\n","protected":false},"excerpt":{"rendered":"<p>UNIDAD DE TRANSPARENCIA AVISO DE PRIVACIDAD INTEGRAL &nbsp; DENOMINACI\u00d3N DEL RESPONSABLE. La Secretar\u00eda de Infraestructuras y Comunicaciones (SIC), con domicilio ubicado en el Centro Administrativo del Poder Ejecutivo y Judicial \u201cGeneral Porfirio D\u00edaz Soldado de la Patria\u201d Edificio General Heliodoro Charis Castro, Av. Gerardo Pandal Graff, No. 01, Reyes Mantec\u00f3n, San Bartolo Coyotepec, Oaxaca, C.P. [&hellip;]<\/p>\n","protected":false},"author":1,"featured_media":0,"parent":0,"menu_order":0,"comment_status":"closed","ping_status":"closed","template":"","meta":{"episode_type":"","audio_file":"","podmotor_file_id":"","podmotor_episode_id":"","cover_image":"","cover_image_id":"","duration":"","filesize":"","filesize_raw":"","date_recorded":"","explicit":"","block":"","itunes_episode_number":"","itunes_title":"","itunes_season_number":"","itunes_episode_type":"","footnotes":""},"categories":[],"tags":[],"class_list":["post-4114","page","type-page","status-publish","hentry"],"acf":[],"publishpress_future_action":{"enabled":false,"date":"2026-05-23 20:07:35","action":"change-status","newStatus":"draft","terms":[],"taxonomy":"category","extraData":[]},"publishpress_future_workflow_manual_trigger":{"enabledWorkflows":[]},"_links":{"self":[{"href":"https:\/\/www.oaxaca.gob.mx\/sinfra\/wp-json\/wp\/v2\/pages\/4114","targetHints":{"allow":["GET"]}}],"collection":[{"href":"https:\/\/www.oaxaca.gob.mx\/sinfra\/wp-json\/wp\/v2\/pages"}],"about":[{"href":"https:\/\/www.oaxaca.gob.mx\/sinfra\/wp-json\/wp\/v2\/types\/page"}],"author":[{"embeddable":true,"href":"https:\/\/www.oaxaca.gob.mx\/sinfra\/wp-json\/wp\/v2\/users\/1"}],"replies":[{"embeddable":true,"href":"https:\/\/www.oaxaca.gob.mx\/sinfra\/wp-json\/wp\/v2\/comments?post=4114"}],"version-history":[{"count":2,"href":"https:\/\/www.oaxaca.gob.mx\/sinfra\/wp-json\/wp\/v2\/pages\/4114\/revisions"}],"predecessor-version":[{"id":12578,"href":"https:\/\/www.oaxaca.gob.mx\/sinfra\/wp-json\/wp\/v2\/pages\/4114\/revisions\/12578"}],"wp:attachment":[{"href":"https:\/\/www.oaxaca.gob.mx\/sinfra\/wp-json\/wp\/v2\/media?parent=4114"}],"wp:term":[{"taxonomy":"category","embeddable":true,"href":"https:\/\/www.oaxaca.gob.mx\/sinfra\/wp-json\/wp\/v2\/categories?post=4114"},{"taxonomy":"post_tag","embeddable":true,"href":"https:\/\/www.oaxaca.gob.mx\/sinfra\/wp-json\/wp\/v2\/tags?post=4114"}],"curies":[{"name":"wp","href":"https:\/\/api.w.org\/{rel}","templated":true}]}}