{"id":4110,"date":"2018-12-04T18:07:59","date_gmt":"2018-12-05T00:07:59","guid":{"rendered":"https:\/\/www.oaxaca.gob.mx\/sinfra\/?page_id=4110"},"modified":"2023-09-11T12:42:44","modified_gmt":"2023-09-11T18:42:44","slug":"aviso-de-privacidad-simplificado","status":"publish","type":"page","link":"https:\/\/www.oaxaca.gob.mx\/sinfra\/aviso-de-privacidad-simplificado\/","title":{"rendered":"Aviso de Privacidad Simplificado"},"content":{"rendered":"<p style=\"text-align: center\"><strong>UNIDAD DE TRANSPARENCIA<\/strong><br \/>\n<strong> AVISO DE PRIVACIDAD SIMPLIFICADO<\/strong><\/p>\n<p>&nbsp;<\/p>\n<p>La Secretar\u00eda de Infraestructuras y Comunicaciones (SIC) es el responsable del tratamiento de sus datos personales.<\/p>\n<p>&nbsp;<\/p>\n<p>Sus datos personales ser\u00e1n utilizados \u00fanicamente para la finalidad que se requiera, de acuerdo al tr\u00e1mite a realizar, que puede ser:<\/p>\n<p>&nbsp;<\/p>\n<ul>\n<li style=\"list-style-type: disc;padding-bottom: 7px\">Integraci\u00f3n de expedientes del personal en el proceso de contrataci\u00f3n de prestaci\u00f3n de servicios laborales.<\/li>\n<li style=\"list-style-type: disc;padding-bottom: 7px\">Llevar a cabo los contratos y convenios en materia de obra p\u00fablica<\/li>\n<li style=\"list-style-type: disc;padding-bottom: 7px\">Tr\u00e1mite de registros de Director Responsable de Obra, (D.R.O.).<\/li>\n<li style=\"list-style-type: disc;padding-bottom: 7px\">Tr\u00e1mite de registros en el Padr\u00f3n de Contratistas.<\/li>\n<li style=\"list-style-type: disc;padding-bottom: 7px\">Tramite y resoluci\u00f3n de solicitudes de los derechos de ARCO (Acceso, Rectificaci\u00f3n, Cancelaci\u00f3n u Oposici\u00f3n).<\/li>\n<\/ul>\n<p>&nbsp;<\/p>\n<p>De conformidad con lo que establece el art\u00edculo 5 de la Ley de Protecci\u00f3n de Datos Personales en Posesi\u00f3n de Sujetos Obligados del Estado de Oaxaca, requerimos de su consentimiento expreso para el tratamiento de sus datos personales sensibles, salvo que se trate de alguno de los casos establecidos en el art\u00edculo 15 de la multicitada ley.<\/p>\n<p>&nbsp;<\/p>\n<p>Con la finalidad de dar cumplimiento a las obligaciones derivadas de alguna relaci\u00f3n jur\u00eddica, as\u00ed como aquellas finalidades previstas en este Aviso de Privacidad, la Secretar\u00eda de Infraestructuras y Comunicaciones podr\u00e1 transferir los datos personales necesarios en los casos previstos en el art\u00edculo 15 de la Ley de Protecci\u00f3n de Datos Personales en Posesi\u00f3n de Sujetos Obligados del Estado de Oaxaca y a otros \u00f3rganos responsables de la Administraci\u00f3n P\u00fablica Estatal con la finalidad de revisi\u00f3n e instrumentaci\u00f3n legal y en raz\u00f3n de procedimientos derivados del propio tr\u00e1mite en gesti\u00f3n.<\/p>\n<p>&nbsp;<\/p>\n<p>En todo momento, usted podr\u00e1 manifestar su negativa o revocar el consentimiento que nos haya otorgado para el tratamiento de sus datos personales, para ello, es necesario que presente su petici\u00f3n, acreditando su personalidad, en las oficina de la Unidad de Transparencia de la SIC ubicada en Centro Administrativo del Poder Ejecutivo y Judicial \u201cGeneral Porfirio D\u00edaz Soldado de la Patria\u201d Edificio General Heliodoro Charis Castro, planta baja, Av. Gerardo Pandal Graff, No. 01, Reyes Mantec\u00f3n, San Bartolo Coyotepec, Oaxaca en un horario de 09:00 a 15:00 horas de lunes a viernes.<\/p>\n<p>&nbsp;<\/p>\n<p>Si requiere mayor informaci\u00f3n, puede acceder a nuestro aviso de privacidad integral a trav\u00e9s del sitio <strong><em>https:\/\/www.oaxaca.gob.mx\/sinfra<\/em><\/strong>\u00a0o directamente en las oficinas ubicadas en el Centro Administrativo del Poder Ejecutivo y Judicial \u201cGeneral Porfirio D\u00edaz Soldado de la Patria\u201d Edificio General Heliodoro Charis Castro, planta baja, Av. Gerardo Pandal Graff, No. 01, Reyes Mantec\u00f3n, San Bartolo Coyotepec, Oaxaca en un horario de 09:00 a 15:00 horas de lunes a viernes.<\/p>\n<p>&nbsp;<\/p>\n","protected":false},"excerpt":{"rendered":"<p>UNIDAD DE TRANSPARENCIA AVISO DE PRIVACIDAD SIMPLIFICADO &nbsp; La Secretar\u00eda de Infraestructuras y Comunicaciones (SIC) es el responsable del tratamiento de sus datos personales. &nbsp; Sus datos personales ser\u00e1n utilizados \u00fanicamente para la finalidad que se requiera, de acuerdo al tr\u00e1mite a realizar, que puede ser: &nbsp; Integraci\u00f3n de expedientes del personal en el proceso [&hellip;]<\/p>\n","protected":false},"author":1,"featured_media":0,"parent":0,"menu_order":0,"comment_status":"closed","ping_status":"closed","template":"","meta":{"episode_type":"","audio_file":"","podmotor_file_id":"","podmotor_episode_id":"","cover_image":"","cover_image_id":"","duration":"","filesize":"","filesize_raw":"","date_recorded":"","explicit":"","block":"","itunes_episode_number":"","itunes_title":"","itunes_season_number":"","itunes_episode_type":"","footnotes":""},"categories":[],"tags":[],"class_list":["post-4110","page","type-page","status-publish","hentry"],"acf":[],"publishpress_future_action":{"enabled":false,"date":"2026-05-23 20:07:06","action":"change-status","newStatus":"draft","terms":[],"taxonomy":"category","extraData":[]},"publishpress_future_workflow_manual_trigger":{"enabledWorkflows":[]},"_links":{"self":[{"href":"https:\/\/www.oaxaca.gob.mx\/sinfra\/wp-json\/wp\/v2\/pages\/4110","targetHints":{"allow":["GET"]}}],"collection":[{"href":"https:\/\/www.oaxaca.gob.mx\/sinfra\/wp-json\/wp\/v2\/pages"}],"about":[{"href":"https:\/\/www.oaxaca.gob.mx\/sinfra\/wp-json\/wp\/v2\/types\/page"}],"author":[{"embeddable":true,"href":"https:\/\/www.oaxaca.gob.mx\/sinfra\/wp-json\/wp\/v2\/users\/1"}],"replies":[{"embeddable":true,"href":"https:\/\/www.oaxaca.gob.mx\/sinfra\/wp-json\/wp\/v2\/comments?post=4110"}],"version-history":[{"count":3,"href":"https:\/\/www.oaxaca.gob.mx\/sinfra\/wp-json\/wp\/v2\/pages\/4110\/revisions"}],"predecessor-version":[{"id":12577,"href":"https:\/\/www.oaxaca.gob.mx\/sinfra\/wp-json\/wp\/v2\/pages\/4110\/revisions\/12577"}],"wp:attachment":[{"href":"https:\/\/www.oaxaca.gob.mx\/sinfra\/wp-json\/wp\/v2\/media?parent=4110"}],"wp:term":[{"taxonomy":"category","embeddable":true,"href":"https:\/\/www.oaxaca.gob.mx\/sinfra\/wp-json\/wp\/v2\/categories?post=4110"},{"taxonomy":"post_tag","embeddable":true,"href":"https:\/\/www.oaxaca.gob.mx\/sinfra\/wp-json\/wp\/v2\/tags?post=4110"}],"curies":[{"name":"wp","href":"https:\/\/api.w.org\/{rel}","templated":true}]}}