{"id":3903,"date":"2018-10-15T17:52:55","date_gmt":"2018-10-15T23:52:55","guid":{"rendered":"https:\/\/www.oaxaca.gob.mx\/sinfra\/?page_id=3903"},"modified":"2018-10-15T17:52:55","modified_gmt":"2018-10-15T23:52:55","slug":"informe-de-evaluacion-diagnostica","status":"publish","type":"page","link":"https:\/\/www.oaxaca.gob.mx\/sinfra\/informe-de-evaluacion-diagnostica\/","title":{"rendered":"Informe de Evaluaci\u00f3n Diagn\u00f3stica"},"content":{"rendered":"<table border=\"1\" width=\"100%\">\n<tbody align=\"center\">\n<tr>\n<th>\u00a0PROGRAMA<\/th>\n<th>\u00a0INFORME<\/th>\n<th>\u00a0DESCARGA<\/th>\n<\/tr>\n<tr>\n<td>\u00a0122<\/td>\n<td>\u00a0MEJORAMIENTO URBANO DE LOS CENTROS DE POBLACI\u00d3N<\/td>\n<td><a href=\"https:\/\/www.oaxaca.gob.mx\/sinfra\/wp-content\/uploads\/sites\/14\/2018\/10\/122MUCP.pdf\" target=\"_blank\" rel=\"noopener noreferrer\"><img loading=\"lazy\" decoding=\"async\" class=\"aligncenter size-full wp-image-57\" src=\"https:\/\/www.oaxaca.gob.mx\/sinfra\/wp-content\/uploads\/sites\/14\/2016\/02\/descargar.png\" alt=\"descargar\" width=\"30\" height=\"30\" \/><\/a><\/td>\n<\/tr>\n<tr>\n<td>\u00a0137<\/td>\n<td>\u00a0AMPLIACI\u00d3N Y MEJORAMIENTO DE LA COBERTURA EL\u00c9CTRICA<\/td>\n<td><a href=\"https:\/\/www.oaxaca.gob.mx\/sinfra\/wp-content\/uploads\/sites\/14\/2018\/10\/137aMPLIACION_ELECTRICA.pdf\" target=\"_blank\" rel=\"noopener noreferrer\"><img loading=\"lazy\" decoding=\"async\" class=\"aligncenter size-full wp-image-57\" src=\"https:\/\/www.oaxaca.gob.mx\/sinfra\/wp-content\/uploads\/sites\/14\/2016\/02\/descargar.png\" alt=\"descargar\" width=\"30\" height=\"30\" \/> <\/a><\/td>\n<\/tr>\n<tr>\n<td>\u00a0174<\/td>\n<td>\u00a0PROMOCI\u00d3N, RECREACI\u00d3N Y FOMENTO DE LA ACTIVACI\u00d3N F\u00cdSICA Y EL DEPORTE<\/td>\n<td><a href=\"https:\/\/www.oaxaca.gob.mx\/sinfra\/wp-content\/uploads\/sites\/14\/2018\/10\/174PROMOCION_FISICA.pdf\" target=\"_blank\" rel=\"noopener noreferrer\"><img loading=\"lazy\" decoding=\"async\" class=\"aligncenter size-full wp-image-57\" src=\"https:\/\/www.oaxaca.gob.mx\/sinfra\/wp-content\/uploads\/sites\/14\/2016\/02\/descargar.png\" alt=\"descargar\" width=\"30\" height=\"30\" \/><\/a><\/td>\n<\/tr>\n<tr>\n<td>\u00a0188<\/td>\n<td>\u00a0CAMBIO CLIM\u00c1TICO<\/td>\n<td><a href=\"https:\/\/www.oaxaca.gob.mx\/sinfra\/wp-content\/uploads\/sites\/14\/2018\/10\/188_Cambio_Climatico.pdf\" target=\"_blank\" rel=\"noopener noreferrer\"><img loading=\"lazy\" decoding=\"async\" class=\"aligncenter size-full wp-image-57\" src=\"https:\/\/www.oaxaca.gob.mx\/sinfra\/wp-content\/uploads\/sites\/14\/2016\/02\/descargar.png\" alt=\"descargar\" width=\"30\" height=\"30\" \/> <\/a><\/td>\n<\/tr>\n<tr>\n<td>\u00a0194<\/td>\n<td>\u00a0ORDENAMIENTO TERRITORIAL Y DESARROLLO HUMANO<\/td>\n<td><a href=\"https:\/\/www.oaxaca.gob.mx\/sinfra\/wp-content\/uploads\/sites\/14\/2018\/10\/194OTH.pdf\" target=\"_blank\" rel=\"noopener noreferrer\"><img loading=\"lazy\" decoding=\"async\" class=\"aligncenter size-full wp-image-57\" src=\"https:\/\/www.oaxaca.gob.mx\/sinfra\/wp-content\/uploads\/sites\/14\/2016\/02\/descargar.png\" alt=\"descargar\" width=\"30\" height=\"30\" \/> <\/a><\/td>\n<\/tr>\n<tr>\n<td>\u00a0200<\/td>\n<td>AMPLIACI\u00d3N DE LA COBERTURA DE EDUCACI\u00d3N MEDIA SUPERIOR<\/td>\n<td><a href=\"https:\/\/www.oaxaca.gob.mx\/sinfra\/wp-content\/uploads\/sites\/14\/2018\/10\/200Ampliacion_Educacion_Media_superior.pdf\" target=\"_blank\" rel=\"noopener noreferrer\"><img loading=\"lazy\" decoding=\"async\" class=\"aligncenter size-full wp-image-57\" src=\"https:\/\/www.oaxaca.gob.mx\/sinfra\/wp-content\/uploads\/sites\/14\/2016\/02\/descargar.png\" alt=\"descargar\" width=\"30\" height=\"30\" \/> <\/a><\/td>\n<\/tr>\n<tr>\n<td>\u00a0201<\/td>\n<td>\u00a0SALVAGUARDAR EL PATRIMONIO CULTURAL Y BIOCULTURAL<\/td>\n<td><a href=\"https:\/\/www.oaxaca.gob.mx\/sinfra\/wp-content\/uploads\/sites\/14\/2018\/10\/20_Patrimonio_Cultural_Biocultural.pdf\" target=\"_blank\" rel=\"noopener noreferrer\"><img loading=\"lazy\" decoding=\"async\" class=\"aligncenter size-full wp-image-57\" src=\"https:\/\/www.oaxaca.gob.mx\/sinfra\/wp-content\/uploads\/sites\/14\/2016\/02\/descargar.png\" alt=\"descargar\" width=\"30\" height=\"30\" \/> <\/a><\/td>\n<\/tr>\n<tr>\n<td>\u00a0207<\/td>\n<td>\u00a0FORTALECIMIENTO A LA INFRAESTRUCTURA F\u00cdSICA EDUCATIVA<\/td>\n<td><a href=\"https:\/\/www.oaxaca.gob.mx\/sinfra\/wp-content\/uploads\/sites\/14\/2018\/10\/207Fortalecimiento.pdf\" target=\"_blank\" rel=\"noopener noreferrer\"><img loading=\"lazy\" decoding=\"async\" class=\"aligncenter size-full wp-image-57\" src=\"https:\/\/www.oaxaca.gob.mx\/sinfra\/wp-content\/uploads\/sites\/14\/2016\/02\/descargar.png\" alt=\"descargar\" width=\"30\" height=\"30\" \/><\/a><\/td>\n<\/tr>\n<\/tbody>\n<\/table>\n","protected":false},"excerpt":{"rendered":"<p>\u00a0PROGRAMA \u00a0INFORME \u00a0DESCARGA \u00a0122 \u00a0MEJORAMIENTO URBANO DE LOS CENTROS DE POBLACI\u00d3N \u00a0137 \u00a0AMPLIACI\u00d3N Y MEJORAMIENTO DE LA COBERTURA EL\u00c9CTRICA \u00a0174 \u00a0PROMOCI\u00d3N, RECREACI\u00d3N Y FOMENTO DE LA ACTIVACI\u00d3N F\u00cdSICA Y EL DEPORTE \u00a0188 \u00a0CAMBIO CLIM\u00c1TICO \u00a0194 \u00a0ORDENAMIENTO TERRITORIAL Y DESARROLLO HUMANO \u00a0200 AMPLIACI\u00d3N DE LA COBERTURA DE EDUCACI\u00d3N MEDIA SUPERIOR \u00a0201 \u00a0SALVAGUARDAR EL PATRIMONIO CULTURAL Y [&hellip;]<\/p>\n","protected":false},"author":1,"featured_media":0,"parent":0,"menu_order":0,"comment_status":"closed","ping_status":"closed","template":"","meta":{"episode_type":"","audio_file":"","podmotor_file_id":"","podmotor_episode_id":"","cover_image":"","cover_image_id":"","duration":"","filesize":"","filesize_raw":"","date_recorded":"","explicit":"","block":"","itunes_episode_number":"","itunes_title":"","itunes_season_number":"","itunes_episode_type":"","footnotes":""},"categories":[],"tags":[],"class_list":["post-3903","page","type-page","status-publish","hentry"],"acf":[],"publishpress_future_action":{"enabled":false,"date":"2026-05-23 20:07:26","action":"change-status","newStatus":"draft","terms":[],"taxonomy":"category","extraData":[]},"publishpress_future_workflow_manual_trigger":{"enabledWorkflows":[]},"_links":{"self":[{"href":"https:\/\/www.oaxaca.gob.mx\/sinfra\/wp-json\/wp\/v2\/pages\/3903","targetHints":{"allow":["GET"]}}],"collection":[{"href":"https:\/\/www.oaxaca.gob.mx\/sinfra\/wp-json\/wp\/v2\/pages"}],"about":[{"href":"https:\/\/www.oaxaca.gob.mx\/sinfra\/wp-json\/wp\/v2\/types\/page"}],"author":[{"embeddable":true,"href":"https:\/\/www.oaxaca.gob.mx\/sinfra\/wp-json\/wp\/v2\/users\/1"}],"replies":[{"embeddable":true,"href":"https:\/\/www.oaxaca.gob.mx\/sinfra\/wp-json\/wp\/v2\/comments?post=3903"}],"version-history":[{"count":0,"href":"https:\/\/www.oaxaca.gob.mx\/sinfra\/wp-json\/wp\/v2\/pages\/3903\/revisions"}],"wp:attachment":[{"href":"https:\/\/www.oaxaca.gob.mx\/sinfra\/wp-json\/wp\/v2\/media?parent=3903"}],"wp:term":[{"taxonomy":"category","embeddable":true,"href":"https:\/\/www.oaxaca.gob.mx\/sinfra\/wp-json\/wp\/v2\/categories?post=3903"},{"taxonomy":"post_tag","embeddable":true,"href":"https:\/\/www.oaxaca.gob.mx\/sinfra\/wp-json\/wp\/v2\/tags?post=3903"}],"curies":[{"name":"wp","href":"https:\/\/api.w.org\/{rel}","templated":true}]}}