{"id":37,"date":"2016-02-07T22:50:24","date_gmt":"2016-02-08T04:50:24","guid":{"rendered":"https:\/\/www.oaxaca.gob.mx\/sinfra\/?page_id=37"},"modified":"2016-02-07T22:50:24","modified_gmt":"2016-02-08T04:50:24","slug":"comision-para-la-regularizacion-de-la-tenencia-de-la-tierra-urbana-del-estado-de-oaxaca","status":"publish","type":"page","link":"https:\/\/www.oaxaca.gob.mx\/sinfra\/comision-para-la-regularizacion-de-la-tenencia-de-la-tierra-urbana-del-estado-de-oaxaca\/","title":{"rendered":"Comisi\u00f3n para la Regularizaci\u00f3n de la Tenencia de la Tierra Urbana del Estado de Oaxaca"},"content":{"rendered":"<p>\t\t\t\tDirecci\u00f3n: Ciudad Judicial Gral. Porfirio D\u00edaz Soldado de la Patria Edificio G Maria Sabina Nivel 1, Av. Gerardo PandalGraff No. 1, Reyes Mantec\u00f3n. CP. 71257, San Bartolo Coyotepec, Oaxaca.<\/p>\n<p>Tel\u00e9fono(s): 5016900 Ext. 26250 &#8211; 26261<\/p>\n<p><a href=\"https:\/\/www.google.com.mx\/maps\/place\/Ciudad+Judicial\/@16.9103869,-96.7235284,17z\/data=!3m1!4b1!4m2!3m1!1s0x85c73dc4f3b1672b:0x974fc509203b4a7?hl=es-419\" target=\"_blank\" rel=\"noopener noreferrer\"><img decoding=\"async\" class=\"aligncenter\" src=\"https:\/\/www.oaxaca.gob.mx\/sinfra\/wp-content\/uploads\/sites\/14\/2016\/02\/mapa_coreturo.png\" alt=\"mapa_coreturo\" \/><\/a>\t\t<\/p>\n","protected":false},"excerpt":{"rendered":"<p>Direcci\u00f3n: Ciudad Judicial Gral. Porfirio D\u00edaz Soldado de la Patria Edificio G Maria Sabina Nivel 1, Av. Gerardo PandalGraff No. 1, Reyes Mantec\u00f3n. CP. 71257, San Bartolo Coyotepec, Oaxaca. Tel\u00e9fono(s): 5016900 Ext. 26250 &#8211; 26261<\/p>\n","protected":false},"author":1,"featured_media":0,"parent":0,"menu_order":0,"comment_status":"closed","ping_status":"closed","template":"","meta":{"episode_type":"","audio_file":"","podmotor_file_id":"","podmotor_episode_id":"","cover_image":"","cover_image_id":"","duration":"","filesize":"","filesize_raw":"","date_recorded":"","explicit":"","block":"","itunes_episode_number":"","itunes_title":"","itunes_season_number":"","itunes_episode_type":"","footnotes":""},"categories":[],"tags":[],"class_list":["post-37","page","type-page","status-publish","hentry"],"acf":[],"publishpress_future_action":{"enabled":false,"date":"2026-05-23 20:07:26","action":"change-status","newStatus":"draft","terms":[],"taxonomy":"category","extraData":[]},"publishpress_future_workflow_manual_trigger":{"enabledWorkflows":[]},"_links":{"self":[{"href":"https:\/\/www.oaxaca.gob.mx\/sinfra\/wp-json\/wp\/v2\/pages\/37","targetHints":{"allow":["GET"]}}],"collection":[{"href":"https:\/\/www.oaxaca.gob.mx\/sinfra\/wp-json\/wp\/v2\/pages"}],"about":[{"href":"https:\/\/www.oaxaca.gob.mx\/sinfra\/wp-json\/wp\/v2\/types\/page"}],"author":[{"embeddable":true,"href":"https:\/\/www.oaxaca.gob.mx\/sinfra\/wp-json\/wp\/v2\/users\/1"}],"replies":[{"embeddable":true,"href":"https:\/\/www.oaxaca.gob.mx\/sinfra\/wp-json\/wp\/v2\/comments?post=37"}],"version-history":[{"count":1,"href":"https:\/\/www.oaxaca.gob.mx\/sinfra\/wp-json\/wp\/v2\/pages\/37\/revisions"}],"predecessor-version":[{"id":11500,"href":"https:\/\/www.oaxaca.gob.mx\/sinfra\/wp-json\/wp\/v2\/pages\/37\/revisions\/11500"}],"wp:attachment":[{"href":"https:\/\/www.oaxaca.gob.mx\/sinfra\/wp-json\/wp\/v2\/media?parent=37"}],"wp:term":[{"taxonomy":"category","embeddable":true,"href":"https:\/\/www.oaxaca.gob.mx\/sinfra\/wp-json\/wp\/v2\/categories?post=37"},{"taxonomy":"post_tag","embeddable":true,"href":"https:\/\/www.oaxaca.gob.mx\/sinfra\/wp-json\/wp\/v2\/tags?post=37"}],"curies":[{"name":"wp","href":"https:\/\/api.w.org\/{rel}","templated":true}]}}