{"id":348,"date":"2016-02-12T12:30:08","date_gmt":"2016-02-12T18:30:08","guid":{"rendered":"https:\/\/www.oaxaca.gob.mx\/sinfra\/?page_id=348"},"modified":"2019-06-25T18:13:43","modified_gmt":"2019-06-25T16:13:43","slug":"funciones","status":"publish","type":"page","link":"https:\/\/www.oaxaca.gob.mx\/sinfra\/funciones\/","title":{"rendered":"Funciones"},"content":{"rendered":"<p>\t\t\t\tI. Formular las pol\u00edticas p\u00fablicas del sector de las infraestructuras y ejecutar por s\u00ed o por conducto de terceros la obra p\u00fablica y servicios relacionados con:<\/p>\n<p>a) Infraestructura social:<\/p>\n<p>Entendi\u00e9ndose por \u00e9sta, las edificaciones e instalaciones para ofrecer servicios de salud, educaci\u00f3n, patrimonio edificado, vivienda e infraestructura urbana.<\/p>\n<p>b) Infraestructura b\u00e1sica:<\/p>\n<p>Entendi\u00e9ndose por \u00e9sta, el desarrollo de obras e instalaciones para agua, as\u00ed como promover actividades para el cuidado, mejoramiento y restauraci\u00f3n del medio ambiente, comunicaciones, transportes y energ\u00edas; y<\/p>\n<p>c) Infraestructura productiva:<\/p>\n<p>Entendi\u00e9ndose por \u00e9sta, las edificaciones e instalaciones en materia agr\u00edcola, ganadera, forestal, pesca, turismo, comercio e industria.<\/p>\n<p>II. Aplicar las disposiciones t\u00e9cnicas y normativas en materia de infraestructura en lo general, y en lo particular en materia de obra p\u00fablica, construcci\u00f3n, fraccionamiento, ordenamiento territorial y desarrollo urbano;<\/p>\n<p>III. Procurar que en la generaci\u00f3n de infraestructura social, b\u00e1sica y productiva se fomente la cohesi\u00f3n social, se propicie el equilibrio regional y la competitividad econ\u00f3mica, articulando y ordenando el territorio para lograr la igualdad de oportunidades mediante la consolidaci\u00f3n de una infraestructura integral, sustentable y compensatoria;<\/p>\n<p>IV. Impulsar criterios de sustentabilidad en la construcci\u00f3n de infraestructura social, b\u00e1sica y productiva, as\u00ed como la conservaci\u00f3n y mejoramiento del medio ambiente en coordinaci\u00f3n con las instancias competentes;<\/p>\n<p>V. Coordinar en el \u00e1mbito de su competencia la planeaci\u00f3n integral de las infraestructuras con visi\u00f3n de largo plazo, fomentando la participaci\u00f3n ciudadana a trav\u00e9s de \u00f3rganos consultivos;<\/p>\n<p>VI. Promover la creaci\u00f3n de reserva territorial y suelo para el establecimiento de las infraestructuras.<\/p>\n<p>VII. Promover, vigilar y operar de manera permanente en el sector de las infraestructuras la innovaci\u00f3n como pol\u00edtica para la competitividad, la mejora continua y la eficiencia para que los servicios que proporciona tengan la calidad que requieren los oaxaque\u00f1os.<\/p>\n<p>VIII. Promover y asegurar que la construcci\u00f3n de infraestructura coadyuve a la competitividad del Estado y sus regiones.<\/p>\n<p>IX. Crear un banco de proyectos ejecutivos de obras, que permitan una planeaci\u00f3n y ejecuci\u00f3n eficiente con los objetivos del Plan Estatal de Desarrollo.<\/p>\n<p>X. Formular proyectos ejecutivos de obras que permitan una planeaci\u00f3n y ejecuci\u00f3n eficiente con los objetivos del Plan Estatal de Desarrollo.<\/p>\n<p>XI. Integrar un registro de los contratistas que deseen ejecutar obra p\u00fablica en cualquiera de las Dependencias y Entidades de la Administraci\u00f3n P\u00fablica Estatal, que cubran los requisitos de capacidad t\u00e9cnica, competencia, experiencia y solvencia econ\u00f3mica;<\/p>\n<p>XII. Presidir el Comit\u00e9 Estatal de Licitaci\u00f3n de Obra P\u00fablica y emitir las pol\u00edticas, bases y lineamientos para su funcionamiento;<\/p>\n<p>XIII. Participar en la gesti\u00f3n, suscripci\u00f3n y ejecuci\u00f3n de los convenios en materia de infraestructuras con los gobiernos federal, estatales y municipales, as\u00ed como con el sector privado y social para el cumplimiento de sus funciones y de los objetivos del Plan Estatal de Desarrollo.<\/p>\n<p>XIV. Coordinar las condiciones que permitan la inversi\u00f3n privada en las infraestructuras a trav\u00e9s de las diversas modalidades de asociaciones p\u00fablico-privadas;<\/p>\n<p>XV. Coordinar la elaboraci\u00f3n y ejecuci\u00f3n de programas y acciones en materia de infraestructura para la movilidad y el transporte en el Estado.<\/p>\n<p>XVI. Coordinar la integraci\u00f3n y actualizaci\u00f3n del inventario de las infraestructuras del Estado.<\/p>\n<p>XVII. Formular, regular, vigilar y ejecutar el Plan Estatal de Ordenamiento Territorial, Desarrollo Urbano y de las Infraestructuras en coordinaci\u00f3n con las instancias federales, estatales y municipales competentes.<\/p>\n<p>XVIII. Reglamentar las normas t\u00e9cnicas y operativas para el tr\u00e1nsito de veh\u00edculos en las poblaciones, carreteras y caminos de jurisdicci\u00f3n estatal;<\/p>\n<p>XIX. Formular, coordinar y ejecutar obras de abastecimiento de agua potable, de servicios de drenaje y alcantarillado, las relacionadas con el desarrollo y equipamiento urbano y las obras y servicios que le sean asignadas;<\/p>\n<p>XX. Proponer y ejecutar el programa anual de obra p\u00fablica del Estado, en coordinaci\u00f3n con las Entidades del sector.<\/p>\n<p>XXI. Coadyuvar en el \u00e1mbito de su competencia a la regularizaci\u00f3n de la Tenencia de la tierra urbana; y<\/p>\n<p>XXII. Las dem\u00e1s que en el \u00e1mbito de su competencia le confiera directamente el Gobernador del Estado, su Reglamento Interno y dem\u00e1s disposiciones normativas aplicables.\t\t<\/p>\n","protected":false},"excerpt":{"rendered":"<p>I. Formular las pol\u00edticas p\u00fablicas del sector de las infraestructuras y ejecutar por s\u00ed o por conducto de terceros la obra p\u00fablica y servicios relacionados con: a) Infraestructura social: Entendi\u00e9ndose por \u00e9sta, las edificaciones e instalaciones para ofrecer servicios de salud, educaci\u00f3n, patrimonio edificado, vivienda e infraestructura urbana. b) Infraestructura b\u00e1sica: Entendi\u00e9ndose por \u00e9sta, el [&hellip;]<\/p>\n","protected":false},"author":1,"featured_media":0,"parent":0,"menu_order":0,"comment_status":"closed","ping_status":"closed","template":"","meta":{"episode_type":"","audio_file":"","podmotor_file_id":"","podmotor_episode_id":"","cover_image":"","cover_image_id":"","duration":"","filesize":"","filesize_raw":"","date_recorded":"","explicit":"","block":"","itunes_episode_number":"","itunes_title":"","itunes_season_number":"","itunes_episode_type":"","footnotes":""},"categories":[],"tags":[],"class_list":["post-348","page","type-page","status-publish","hentry"],"acf":[],"publishpress_future_action":{"enabled":false,"date":"2026-05-22 10:00:27","action":"change-status","newStatus":"draft","terms":[],"taxonomy":"category","extraData":[]},"publishpress_future_workflow_manual_trigger":{"enabledWorkflows":[]},"_links":{"self":[{"href":"https:\/\/www.oaxaca.gob.mx\/sinfra\/wp-json\/wp\/v2\/pages\/348","targetHints":{"allow":["GET"]}}],"collection":[{"href":"https:\/\/www.oaxaca.gob.mx\/sinfra\/wp-json\/wp\/v2\/pages"}],"about":[{"href":"https:\/\/www.oaxaca.gob.mx\/sinfra\/wp-json\/wp\/v2\/types\/page"}],"author":[{"embeddable":true,"href":"https:\/\/www.oaxaca.gob.mx\/sinfra\/wp-json\/wp\/v2\/users\/1"}],"replies":[{"embeddable":true,"href":"https:\/\/www.oaxaca.gob.mx\/sinfra\/wp-json\/wp\/v2\/comments?post=348"}],"version-history":[{"count":2,"href":"https:\/\/www.oaxaca.gob.mx\/sinfra\/wp-json\/wp\/v2\/pages\/348\/revisions"}],"predecessor-version":[{"id":11882,"href":"https:\/\/www.oaxaca.gob.mx\/sinfra\/wp-json\/wp\/v2\/pages\/348\/revisions\/11882"}],"wp:attachment":[{"href":"https:\/\/www.oaxaca.gob.mx\/sinfra\/wp-json\/wp\/v2\/media?parent=348"}],"wp:term":[{"taxonomy":"category","embeddable":true,"href":"https:\/\/www.oaxaca.gob.mx\/sinfra\/wp-json\/wp\/v2\/categories?post=348"},{"taxonomy":"post_tag","embeddable":true,"href":"https:\/\/www.oaxaca.gob.mx\/sinfra\/wp-json\/wp\/v2\/tags?post=348"}],"curies":[{"name":"wp","href":"https:\/\/api.w.org\/{rel}","templated":true}]}}