{"id":3430,"date":"2018-04-05T17:03:14","date_gmt":"2018-04-05T23:03:14","guid":{"rendered":"https:\/\/www.oaxaca.gob.mx\/sinfra\/?page_id=3430"},"modified":"2020-02-25T17:07:00","modified_gmt":"2020-02-25T23:07:00","slug":"evaluacion-2","status":"publish","type":"page","link":"https:\/\/www.oaxaca.gob.mx\/sinfra\/evaluacion-2\/","title":{"rendered":"Evaluaci\u00f3n"},"content":{"rendered":"<br \/>\n<h2>Programa anual de evaluaci\u00f3n<\/h2>\n<ul class=\"listas-geo\">\n<li>\n<h4><a href=\"\/sinfra\/evaluacion-diagnostica-anual-2018\/\">Evaluaci\u00f3n 2018<\/a><\/h4>\n<\/li>\n<li>\n<h4><a href=\"\/sinfra\/?page_id=3334\">Evaluaci\u00f3n 2017<\/a><\/h4>\n<\/li>\n<li>\n<h4>Evaluaci\u00f3n 2016<\/h4>\n<li>\n<h4>Informe de resultados<\/h4>\n<li>\n<h4><a href=\"https:\/\/www.oaxaca.gob.mx\/sinfra\/wp-content\/uploads\/sites\/14\/2017\/06\/fdr_RESULTADOS-FISE.pdf\">FISE<\/a><\/h4>\n<\/li>\n<li>\n<h4><a href=\"https:\/\/www.oaxaca.gob.mx\/sinfra\/wp-content\/uploads\/sites\/14\/2017\/06\/fdr_RESULTADOS-FONREGION.pdf\">FONREGION<\/a><\/h4>\n<\/li>\n<li>\n<h4><a href=\"https:\/\/www.oaxaca.gob.mx\/sinfra\/wp-content\/uploads\/sites\/14\/2017\/06\/fdrRESULTADOS_FAFEF.pdf\">FAFEF<\/a><\/h4>\n<\/li>\n<\/ul>\n<\/li>\n<\/ul>\n<\/li>\n<\/ul>\n<p>&nbsp;<\/p>\n<h2>Monitoreo<\/h2>\n<ul class=\"listas-geo\">\n<li>\n<h4><a href=\"\/sinfra\/informe-del-avance-de-gestion-2019\/3\">Avance de gesti\u00f3n<\/a><\/h4>\n<\/li>\n<li>\n<h4><a href=\"\/sinfra\/matriz-de-indicadores-de-resultados-mir-2019\/\">Programas MIR 2019<\/a><\/h4>\n<\/li>\n<li>\n<h4><a href=\"\/sinfra\/?page_id=3383\">Programas MIR 2018<\/a><\/h4>\n<\/li>\n<\/ul>\n<p>&nbsp;<\/p>\n<h2>Aspectos Susceptibles de Mejora (ASM)<\/h2>\n<ul class=\"listas-geo\">\n<li>\n<h4><a href=\"http:\/\/www.jefaturadelagubernatura.oaxaca.gob.mx\/index.php\/evaluacion\/asm\/maasm-2017\">Mecanismo de seguimiento a ASM 2017<\/a><\/h4>\n<\/li>\n<\/ul>\n","protected":false},"excerpt":{"rendered":"<p>Programa anual de evaluaci\u00f3n Evaluaci\u00f3n 2018 Evaluaci\u00f3n 2017 Evaluaci\u00f3n 2016 Informe de resultados FISE FONREGION FAFEF &nbsp; Monitoreo Avance de gesti\u00f3n Programas MIR 2019 Programas MIR 2018 &nbsp; Aspectos Susceptibles de Mejora (ASM) Mecanismo de seguimiento a ASM 2017<\/p>\n","protected":false},"author":1,"featured_media":0,"parent":0,"menu_order":0,"comment_status":"closed","ping_status":"closed","template":"","meta":{"episode_type":"","audio_file":"","podmotor_file_id":"","podmotor_episode_id":"","cover_image":"","cover_image_id":"","duration":"","filesize":"","filesize_raw":"","date_recorded":"","explicit":"","block":"","itunes_episode_number":"","itunes_title":"","itunes_season_number":"","itunes_episode_type":"","footnotes":""},"categories":[],"tags":[],"class_list":["post-3430","page","type-page","status-publish","hentry"],"acf":[],"publishpress_future_action":{"enabled":false,"date":"2026-05-15 11:54:00","action":"change-status","newStatus":"draft","terms":[],"taxonomy":"category","extraData":[]},"publishpress_future_workflow_manual_trigger":{"enabledWorkflows":[]},"_links":{"self":[{"href":"https:\/\/www.oaxaca.gob.mx\/sinfra\/wp-json\/wp\/v2\/pages\/3430","targetHints":{"allow":["GET"]}}],"collection":[{"href":"https:\/\/www.oaxaca.gob.mx\/sinfra\/wp-json\/wp\/v2\/pages"}],"about":[{"href":"https:\/\/www.oaxaca.gob.mx\/sinfra\/wp-json\/wp\/v2\/types\/page"}],"author":[{"embeddable":true,"href":"https:\/\/www.oaxaca.gob.mx\/sinfra\/wp-json\/wp\/v2\/users\/1"}],"replies":[{"embeddable":true,"href":"https:\/\/www.oaxaca.gob.mx\/sinfra\/wp-json\/wp\/v2\/comments?post=3430"}],"version-history":[{"count":6,"href":"https:\/\/www.oaxaca.gob.mx\/sinfra\/wp-json\/wp\/v2\/pages\/3430\/revisions"}],"predecessor-version":[{"id":9973,"href":"https:\/\/www.oaxaca.gob.mx\/sinfra\/wp-json\/wp\/v2\/pages\/3430\/revisions\/9973"}],"wp:attachment":[{"href":"https:\/\/www.oaxaca.gob.mx\/sinfra\/wp-json\/wp\/v2\/media?parent=3430"}],"wp:term":[{"taxonomy":"category","embeddable":true,"href":"https:\/\/www.oaxaca.gob.mx\/sinfra\/wp-json\/wp\/v2\/categories?post=3430"},{"taxonomy":"post_tag","embeddable":true,"href":"https:\/\/www.oaxaca.gob.mx\/sinfra\/wp-json\/wp\/v2\/tags?post=3430"}],"curies":[{"name":"wp","href":"https:\/\/api.w.org\/{rel}","templated":true}]}}