{"id":3383,"date":"2018-04-04T16:09:58","date_gmt":"2018-04-04T22:09:58","guid":{"rendered":"https:\/\/www.oaxaca.gob.mx\/sinfra\/?page_id=3383"},"modified":"2020-03-02T11:17:03","modified_gmt":"2020-03-02T17:17:03","slug":"mirs-2018","status":"publish","type":"page","link":"https:\/\/www.oaxaca.gob.mx\/sinfra\/mirs-2018\/","title":{"rendered":"MATRICES DE INDICADORES DE RESULTADOS (MIR)"},"content":{"rendered":"<p>&nbsp;<\/p>\n<h3>RESPONSABLE DEL PROGRAMA (SINFRA)<\/h3>\n\n<table id=\"tablepress-15\" class=\"tablepress tablepress-id-15\">\n<thead>\n<tr class=\"row-1\">\n\t<th class=\"column-1\">CLAVE PROGRAMA<\/th><th class=\"column-2\">PROGRAMA<\/th><th class=\"column-3\">ARCHIVO<\/th>\n<\/tr>\n<\/thead>\n<tbody class=\"row-striping row-hover\">\n<tr class=\"row-2\">\n\t<td class=\"column-1\">122<\/td><td class=\"column-2\">MEJORAMIENTO URBANO DE LOS CENTROS DE POBLACI\u00d3N<\/td><td class=\"column-3\"><a href=\"https:\/\/www.oaxaca.gob.mx\/sinfra\/wp-content\/uploads\/sites\/14\/2020\/03\/122-2018.pdf\"><i class=\"far fa-file-pdf fa-2x\"><\/i><\/a><\/td>\n<\/tr>\n<tr class=\"row-3\">\n\t<td class=\"column-1\">137<\/td><td class=\"column-2\">AMPLIACI\u00d3N Y MEJORAMIENTO DE LA COBERTURA EL\u00c9CTRICA<\/td><td class=\"column-3\"><a href=\"https:\/\/www.oaxaca.gob.mx\/sinfra\/wp-content\/uploads\/sites\/14\/2020\/03\/MIR_137-2018.pdf\"><i class=\"far fa-file-pdf fa-2x\"><\/i><\/a><\/td>\n<\/tr>\n<tr class=\"row-4\">\n\t<td class=\"column-1\">194<\/td><td class=\"column-2\">ORDENAMIENTO TERRITORIAL Y DESARROLLO HUMANO<\/td><td class=\"column-3\"><a href=\"https:\/\/www.oaxaca.gob.mx\/sinfra\/wp-content\/uploads\/sites\/14\/2020\/03\/194-2018.pdf\"><i class=\"far fa-file-pdf fa-2x\"><\/i><\/a><\/td>\n<\/tr>\n<\/tbody>\n<\/table>\n<!-- #tablepress-15 from cache -->\n<\/br><br \/>\n&nbsp;<\/p>\n<h2>PARTICIPANTE SINFRA CON OTROS PROGRAMAS<\/h2>\n\n<table id=\"tablepress-16\" class=\"tablepress tablepress-id-16\">\n<thead>\n<tr class=\"row-1\">\n\t<th class=\"column-1\">CLAVE PROGRAMA<\/th><th class=\"column-2\">PROGRAMA<\/th><th class=\"column-3\">ARCHIVO<\/th>\n<\/tr>\n<\/thead>\n<tbody class=\"row-striping row-hover\">\n<tr class=\"row-2\">\n\t<td class=\"column-1\">101<\/td><td class=\"column-2\">FORTALECIMIENTO A LA VIVIENDA<\/td><td class=\"column-3\"><a href=\"https:\/\/www.oaxaca.gob.mx\/sinfra\/wp-content\/uploads\/sites\/14\/2020\/03\/MIR_101-2018.pdf\"><i class=\"far fa-file-pdf fa-2x\"><\/i><\/a><\/td>\n<\/tr>\n<tr class=\"row-3\">\n\t<td class=\"column-1\">108<\/td><td class=\"column-2\">AMPLIACI\u00d3N Y MEJORA DE CAMINOS RURALES<\/td><td class=\"column-3\"><a href=\"https:\/\/www.oaxaca.gob.mx\/sinfra\/wp-content\/uploads\/sites\/14\/2020\/03\/108-2018.pdf\"><i class=\"far fa-file-pdf fa-2x\"><\/i><\/a><\/td>\n<\/tr>\n<tr class=\"row-4\">\n\t<td class=\"column-1\">116<\/td><td class=\"column-2\">AMPLIACI\u00d3N Y MEJORA DE CARRETERAS ALIMENTADORAS<\/td><td class=\"column-3\"><a href=\"https:\/\/www.oaxaca.gob.mx\/sinfra\/wp-content\/uploads\/sites\/14\/2020\/03\/116-2018.pdf\"><i class=\"far fa-file-pdf fa-2x\"><\/i><\/a><\/td>\n<\/tr>\n<tr class=\"row-5\">\n\t<td class=\"column-1\">121<\/td><td class=\"column-2\">FORTALECIMIENTO DEL SISTEMA PENITENCIARIO<\/td><td class=\"column-3\"><a href=\"https:\/\/www.oaxaca.gob.mx\/sinfra\/wp-content\/uploads\/sites\/14\/2020\/03\/121-2018.pdf\"><i class=\"far fa-file-pdf fa-2x\"><\/i><\/a><\/td>\n<\/tr>\n<tr class=\"row-6\">\n\t<td class=\"column-1\">146<\/td><td class=\"column-2\">AMPLIACI\u00d3N Y MEJORAMIENTO DE LA COBERTURA DE AGUA POTABLE<\/td><td class=\"column-3\"><a href=\"https:\/\/www.oaxaca.gob.mx\/sinfra\/wp-content\/uploads\/sites\/14\/2020\/03\/146-2018.pdf\"><i class=\"far fa-file-pdf fa-2x\"><\/i><\/a><\/td>\n<\/tr>\n<tr class=\"row-7\">\n\t<td class=\"column-1\">147<\/td><td class=\"column-2\">PROMOCION, FOMENTO Y DIFUSION DE LAS DIVERSIDADES CULTURALES Y BIOCULTURALES<\/td><td class=\"column-3\"><a href=\"https:\/\/www.oaxaca.gob.mx\/sinfra\/wp-content\/uploads\/sites\/14\/2020\/03\/147-2018.pdf\"><i class=\"far fa-file-pdf fa-2x\"><\/i><\/a><\/td>\n<\/tr>\n<tr class=\"row-8\">\n\t<td class=\"column-1\">153<\/td><td class=\"column-2\">AMPLIACI\u00d3N Y MEJORA DE LA COBERTURA DE SANEAMIENTO B\u00c1SICO<\/td><td class=\"column-3\"><a href=\"https:\/\/www.oaxaca.gob.mx\/sinfra\/wp-content\/uploads\/sites\/14\/2020\/03\/153-2018.pdf\"><i class=\"far fa-file-pdf fa-2x\"><\/i><\/a><\/td>\n<\/tr>\n<tr class=\"row-9\">\n\t<td class=\"column-1\">164<\/td><td class=\"column-2\">FORTALECIMIENTO DEL SISTEMA DE SALUD<\/td><td class=\"column-3\"><a href=\"https:\/\/www.oaxaca.gob.mx\/sinfra\/wp-content\/uploads\/sites\/14\/2020\/03\/164-208.pdf\"><i class=\"far fa-file-pdf fa-2x\"><\/i><\/a><\/td>\n<\/tr>\n<tr class=\"row-10\">\n\t<td class=\"column-1\">166<\/td><td class=\"column-2\">DESARROLLO Y FORTALECIMIENTO DE CAPACIDADES DE LOS MUNICIPIOS<\/td><td class=\"column-3\"><a href=\"https:\/\/www.oaxaca.gob.mx\/sinfra\/wp-content\/uploads\/sites\/14\/2020\/03\/166-2018.pdf\"><i class=\"far fa-file-pdf fa-2x\"><\/i><\/a><\/td>\n<\/tr>\n<tr class=\"row-11\">\n\t<td class=\"column-1\">174<\/td><td class=\"column-2\">PROMOCI\u00d3N, RECREACI\u00d3N Y FOMENTO DE LA ACTIVACI\u00d3N F\u00cdSICA Y DEL DEPORTE<\/td><td class=\"column-3\"><a href=\"https:\/\/www.oaxaca.gob.mx\/sinfra\/wp-content\/uploads\/sites\/14\/2020\/03\/174-2018.pdf\"><i class=\"far fa-file-pdf fa-2x\"><\/i><\/a><\/td>\n<\/tr>\n<tr class=\"row-12\">\n\t<td class=\"column-1\">192<\/td><td class=\"column-2\">GESTI\u00d3N INTEGRAL DE RESIDUOS S\u00d3LIDOS<\/td><td class=\"column-3\"><a href=\"https:\/\/www.oaxaca.gob.mx\/sinfra\/wp-content\/uploads\/sites\/14\/2020\/03\/192-2018.pdf\"><i class=\"far fa-file-pdf fa-2x\"><\/i><\/a><\/td>\n<\/tr>\n<tr class=\"row-13\">\n\t<td class=\"column-1\">200<\/td><td class=\"column-2\">AMPLIACI\u00d3N DE LA COBERTURA DE EDUCACI\u00d3N MEDIA SUPERIOR<\/td><td class=\"column-3\"><a href=\"https:\/\/www.oaxaca.gob.mx\/sinfra\/wp-content\/uploads\/sites\/14\/2020\/03\/200-2018.pdf\"><i class=\"far fa-file-pdf fa-2x\"><\/i><\/a><\/td>\n<\/tr>\n<tr class=\"row-14\">\n\t<td class=\"column-1\">201<\/td><td class=\"column-2\">SALVAGUARDAR EL PATRIMONIO CULTURAL E INMATERIAL<\/td><td class=\"column-3\"><a href=\"https:\/\/www.oaxaca.gob.mx\/sinfra\/wp-content\/uploads\/sites\/14\/2020\/03\/201-2018.pdf\"><i class=\"far fa-file-pdf fa-2x\"><\/i><\/a><\/td>\n<\/tr>\n<tr class=\"row-15\">\n\t<td class=\"column-1\">207<\/td><td class=\"column-2\">FORTALECIMIENTO A LA INFRAESTRUCTURA F\u00cdSICA EDUCATIVA<\/td><td class=\"column-3\"><a href=\"https:\/\/www.oaxaca.gob.mx\/sinfra\/wp-content\/uploads\/sites\/14\/2020\/03\/207-2018.pdf\"><i class=\"far fa-file-pdf fa-2x\"><\/i><\/a><\/td>\n<\/tr>\n<tr class=\"row-16\">\n\t<td class=\"column-1\">209<\/td><td class=\"column-2\">MOVILIDAD INTEGRAL URBANA<\/td><td class=\"column-3\"><a href=\"https:\/\/www.oaxaca.gob.mx\/sinfra\/wp-content\/uploads\/sites\/14\/2020\/03\/209-2018.pdf\"><i class=\"far fa-file-pdf fa-2x\"><\/i><\/a><\/td>\n<\/tr>\n<\/tbody>\n<\/table>\n<!-- #tablepress-16 from cache -->\n","protected":false},"excerpt":{"rendered":"<p>&nbsp; RESPONSABLE DEL PROGRAMA (SINFRA) &nbsp; PARTICIPANTE SINFRA CON OTROS PROGRAMAS<\/p>\n","protected":false},"author":1,"featured_media":0,"parent":0,"menu_order":0,"comment_status":"closed","ping_status":"closed","template":"","meta":{"episode_type":"","audio_file":"","podmotor_file_id":"","podmotor_episode_id":"","cover_image":"","cover_image_id":"","duration":"","filesize":"","filesize_raw":"","date_recorded":"","explicit":"","block":"","itunes_episode_number":"","itunes_title":"","itunes_season_number":"","itunes_episode_type":"","footnotes":""},"categories":[],"tags":[],"class_list":["post-3383","page","type-page","status-publish","hentry"],"acf":[],"publishpress_future_action":{"enabled":false,"date":"2026-05-15 13:14:54","action":"change-status","newStatus":"draft","terms":[],"taxonomy":"category","extraData":[]},"publishpress_future_workflow_manual_trigger":{"enabledWorkflows":[]},"_links":{"self":[{"href":"https:\/\/www.oaxaca.gob.mx\/sinfra\/wp-json\/wp\/v2\/pages\/3383","targetHints":{"allow":["GET"]}}],"collection":[{"href":"https:\/\/www.oaxaca.gob.mx\/sinfra\/wp-json\/wp\/v2\/pages"}],"about":[{"href":"https:\/\/www.oaxaca.gob.mx\/sinfra\/wp-json\/wp\/v2\/types\/page"}],"author":[{"embeddable":true,"href":"https:\/\/www.oaxaca.gob.mx\/sinfra\/wp-json\/wp\/v2\/users\/1"}],"replies":[{"embeddable":true,"href":"https:\/\/www.oaxaca.gob.mx\/sinfra\/wp-json\/wp\/v2\/comments?post=3383"}],"version-history":[{"count":4,"href":"https:\/\/www.oaxaca.gob.mx\/sinfra\/wp-json\/wp\/v2\/pages\/3383\/revisions"}],"predecessor-version":[{"id":10027,"href":"https:\/\/www.oaxaca.gob.mx\/sinfra\/wp-json\/wp\/v2\/pages\/3383\/revisions\/10027"}],"wp:attachment":[{"href":"https:\/\/www.oaxaca.gob.mx\/sinfra\/wp-json\/wp\/v2\/media?parent=3383"}],"wp:term":[{"taxonomy":"category","embeddable":true,"href":"https:\/\/www.oaxaca.gob.mx\/sinfra\/wp-json\/wp\/v2\/categories?post=3383"},{"taxonomy":"post_tag","embeddable":true,"href":"https:\/\/www.oaxaca.gob.mx\/sinfra\/wp-json\/wp\/v2\/tags?post=3383"}],"curies":[{"name":"wp","href":"https:\/\/api.w.org\/{rel}","templated":true}]}}