{"id":3334,"date":"2018-04-04T12:03:23","date_gmt":"2018-04-04T18:03:23","guid":{"rendered":"https:\/\/www.oaxaca.gob.mx\/sinfra\/?page_id=3334"},"modified":"2018-04-04T12:03:23","modified_gmt":"2018-04-04T18:03:23","slug":"evaluacion-2017","status":"publish","type":"page","link":"https:\/\/www.oaxaca.gob.mx\/sinfra\/evaluacion-2017\/","title":{"rendered":"Evaluaci\u00f3n diagn\u00f3stica anual (2017)"},"content":{"rendered":"<h3>RESPONSABLE DEL PROGRAMA (SINFRA)<\/h3>\n<table class=\"sipot\" style=\"margin: 10px\" border=\"1\" cellspacing=\"15\">\n<tbody>\n<tr>\n<th>N\u00b0<\/th>\n<th width=\"80%\">Programa<\/th>\n<th>Informe de Resultados<\/th>\n<th>Fichas de Difusi\u00f3n de Resultados<\/th>\n<\/tr>\n<tr>\n<td>101<\/td>\n<td>FORTALECIMIENTO A LA VIVIENDA<\/td>\n<td style=\"text-align: center\"><a href=\"https:\/\/www.oaxaca.gob.mx\/sinfra\/wp-content\/uploads\/sites\/14\/2018\/04\/resultados_101.pdf\" target=\"_blank\" rel=\"noopener noreferrer\"><i class=\"far fa-file-pdf fa-2x\">&nbsp;<\/i> <\/a><\/td>\n<td style=\"text-align: center\"><a href=\"https:\/\/www.oaxaca.gob.mx\/sinfra\/wp-content\/uploads\/sites\/14\/2018\/04\/FicHA_101.pdf\" target=\"_blank\" rel=\"noopener noreferrer\"><i class=\"far fa-file-pdf fa-2x\">&nbsp;<\/i> <\/a><\/td>\n<\/tr>\n<tr>\n<td>122<\/td>\n<td>MEJORAMIENTO URBANO DE LOS CENTROS DE POBLACI\u00d3N<\/td>\n<td style=\"text-align: center\"><a href=\"https:\/\/www.oaxaca.gob.mx\/sinfra\/wp-content\/uploads\/sites\/14\/2018\/04\/resultados_122.pdf\" target=\"_blank\" rel=\"noopener noreferrer\"><i class=\"far fa-file-pdf fa-2x\">&nbsp;<\/i> <\/a><\/td>\n<td style=\"text-align: center\"><a href=\"https:\/\/www.oaxaca.gob.mx\/sinfra\/wp-content\/uploads\/sites\/14\/2018\/04\/Ficha_122.pdf\" target=\"_blank\" rel=\"noopener noreferrer\"><i class=\"far fa-file-pdf fa-2x\">&nbsp;<\/i> <\/a><\/td>\n<\/tr>\n<tr>\n<td>137<\/td>\n<td>AMPLIACI\u00d3N Y MEJORAMIENTO DE LA COBERTURA EL\u00c9CTRICA<\/td>\n<td style=\"text-align: center\"><a href=\"https:\/\/www.oaxaca.gob.mx\/sinfra\/wp-content\/uploads\/sites\/14\/2018\/04\/resultados_137.pdf\" target=\"_blank\" rel=\"noopener noreferrer\"><i class=\"far fa-file-pdf fa-2x\">&nbsp;<\/i> <\/a><\/td>\n<td style=\"text-align: center\"><a href=\"https:\/\/www.oaxaca.gob.mx\/sinfra\/wp-content\/uploads\/sites\/14\/2018\/04\/Ficha_137.pdf\" target=\"_blank\" rel=\"noopener noreferrer\"><i class=\"far fa-file-pdf fa-2x\">&nbsp;<\/i> <\/a><\/td>\n<\/tr>\n<tr>\n<td>194<\/td>\n<td>ORDENAMIENTO TERRITORIAL Y DESARROLLO\u00a0URBANO<\/td>\n<td style=\"text-align: center\"><a href=\"https:\/\/www.oaxaca.gob.mx\/sinfra\/wp-content\/uploads\/sites\/14\/2018\/04\/resultados_194.pdf\" target=\"_blank\" rel=\"noopener noreferrer\"><i class=\"far fa-file-pdf fa-2x\">&nbsp;<\/i> <\/a><\/td>\n<td style=\"text-align: center\"><a href=\"https:\/\/www.oaxaca.gob.mx\/sinfra\/wp-content\/uploads\/sites\/14\/2018\/04\/Ficha_194.pdf\" target=\"_blank\" rel=\"noopener noreferrer\"><i class=\"far fa-file-pdf fa-2x\">&nbsp;<\/i> <\/a><\/td>\n<\/tr>\n<\/tbody>\n<\/table>\n<p>&nbsp;<\/p>\n<h2>PARTICIPANTE SINFRA CON OTROS PROGRAMAS<\/h2>\n<table class=\"sipot\" style=\"margin: 10px\" border=\"1\" cellspacing=\"15\">\n<tbody>\n<tr>\n<th>N\u00b0<\/th>\n<th>Programa<\/th>\n<th>Informe de Resultados<\/th>\n<th>Fichas de Difusi\u00f3n de Resultados<\/th>\n<\/tr>\n<tr>\n<td width=\"25px\">108<\/td>\n<td>AMPLIACI\u00d3N Y MEJORA DE CAMINOS RURALES<\/td>\n<td style=\"text-align: center\"><a href=\"https:\/\/www.oaxaca.gob.mx\/sinfra\/wp-content\/uploads\/sites\/14\/2018\/04\/Reporte108.pdf\" target=\"_blank\" rel=\"noopener noreferrer\"><i class=\"far fa-file-pdf fa-2x\">&nbsp;<\/i> <\/a><\/td>\n<td style=\"text-align: center\"><a href=\"https:\/\/www.oaxaca.gob.mx\/sinfra\/wp-content\/uploads\/sites\/14\/2018\/04\/Ficha_108.pdf\" target=\"_blank\" rel=\"noopener noreferrer\"><i class=\"far fa-file-pdf fa-2x\">&nbsp;<\/i> <\/a><\/td>\n<\/tr>\n<tr>\n<td width=\"25px\">116<\/td>\n<td>AMPLIACI\u00d3N Y MEJORA DE CARRETERAS ALIMENTADORAS<\/td>\n<td style=\"text-align: center\"><a href=\"https:\/\/www.oaxaca.gob.mx\/sinfra\/wp-content\/uploads\/sites\/14\/2018\/04\/Reporte_116.pdf\" target=\"_blank\" rel=\"noopener noreferrer\"><i class=\"far fa-file-pdf fa-2x\">&nbsp;<\/i> <\/a><\/td>\n<td style=\"text-align: center\"><a href=\"https:\/\/www.oaxaca.gob.mx\/sinfra\/wp-content\/uploads\/sites\/14\/2018\/04\/Ficha_116.pdf\" target=\"_blank\" rel=\"noopener noreferrer\"><i class=\"far fa-file-pdf fa-2x\">&nbsp;<\/i> <\/a><\/td>\n<\/tr>\n<tr>\n<td width=\"25px\">121<\/td>\n<td>FORTALECIMIENTO DEL SISTEMA PENITENCIARIO<\/td>\n<td style=\"text-align: center\"><a href=\"https:\/\/www.oaxaca.gob.mx\/sinfra\/wp-content\/uploads\/sites\/14\/2018\/04\/Reporte_121.pdf\" target=\"_blank\" rel=\"noopener noreferrer\"><i class=\"far fa-file-pdf fa-2x\">&nbsp;<\/i> <\/a><\/td>\n<td style=\"text-align: center\"><a href=\"https:\/\/www.oaxaca.gob.mx\/sinfra\/wp-content\/uploads\/sites\/14\/2018\/04\/Ficha_121.pdf\" target=\"_blank\" rel=\"noopener noreferrer\"><i class=\"far fa-file-pdf fa-2x\">&nbsp;<\/i> <\/a><\/td>\n<\/tr>\n<tr>\n<td width=\"25px\">146<\/td>\n<td>AMPLIACI\u00d3N Y MEJORAMIENTO DE LA COBERTURA DE AGUA POTABLE<\/td>\n<td style=\"text-align: center\"><a href=\"https:\/\/www.oaxaca.gob.mx\/sinfra\/wp-content\/uploads\/sites\/14\/2018\/04\/Reporte_146.pdf\" target=\"_blank\" rel=\"noopener noreferrer\"><i class=\"far fa-file-pdf fa-2x\">&nbsp;<\/i> <\/a><\/td>\n<td style=\"text-align: center\"><a href=\"https:\/\/www.oaxaca.gob.mx\/sinfra\/wp-content\/uploads\/sites\/14\/2018\/04\/Ficha_146.pdf\" target=\"_blank\" rel=\"noopener noreferrer\"><i class=\"far fa-file-pdf fa-2x\">&nbsp;<\/i> <\/a><\/td>\n<\/tr>\n<tr>\n<td width=\"25px\">153<\/td>\n<td>AMPLIACI\u00d3N Y MEJORA DE LA COBERTURA DE SANEAMIENTO B\u00c1SICO<\/td>\n<td style=\"text-align: center\"><a href=\"https:\/\/www.oaxaca.gob.mx\/sinfra\/wp-content\/uploads\/sites\/14\/2018\/04\/Reporte_153.pdf\" target=\"_blank\" rel=\"noopener noreferrer\"><i class=\"far fa-file-pdf fa-2x\">&nbsp;<\/i> <\/a><\/td>\n<td style=\"text-align: center\"><a href=\"https:\/\/www.oaxaca.gob.mx\/sinfra\/wp-content\/uploads\/sites\/14\/2018\/04\/Ficha_153.pdf\" target=\"_blank\" rel=\"noopener noreferrer\"><i class=\"far fa-file-pdf fa-2x\">&nbsp;<\/i> <\/a><\/td>\n<\/tr>\n<tr>\n<td width=\"25px\">166<\/td>\n<td>DESARROLLO Y FORTALECIMIENTO DE CAPACIDADES DE LOS MUNICIPIOS<\/td>\n<td style=\"text-align: center\"><a href=\"https:\/\/www.oaxaca.gob.mx\/sinfra\/wp-content\/uploads\/sites\/14\/2018\/04\/Reporte_166.pdf\" target=\"_blank\" rel=\"noopener noreferrer\"><i class=\"far fa-file-pdf fa-2x\">&nbsp;<\/i> <\/a><\/td>\n<td style=\"text-align: center\"><a href=\"https:\/\/www.oaxaca.gob.mx\/sinfra\/wp-content\/uploads\/sites\/14\/2018\/04\/Ficha_166.pdf\" target=\"_blank\" rel=\"noopener noreferrer\"><i class=\"far fa-file-pdf fa-2x\">&nbsp;<\/i> <\/a><\/td>\n<\/tr>\n<tr>\n<td width=\"25px\">174<\/td>\n<td>PROMOCI\u00d3N, RECREACI\u00d3N Y FOMENTO DE LA ACTIVACI\u00d3N F\u00cdSICA Y DEL DEPORTE<\/td>\n<td style=\"text-align: center\"><a href=\"https:\/\/www.oaxaca.gob.mx\/sinfra\/wp-content\/uploads\/sites\/14\/2018\/04\/Reporte_174.pdf\" target=\"_blank\" rel=\"noopener noreferrer\"><i class=\"far fa-file-pdf fa-2x\">&nbsp;<\/i> <\/a><\/td>\n<td style=\"text-align: center\"><a href=\"https:\/\/www.oaxaca.gob.mx\/sinfra\/wp-content\/uploads\/sites\/14\/2018\/04\/Ficha_174.pdf\" target=\"_blank\" rel=\"noopener noreferrer\"><i class=\"far fa-file-pdf fa-2x\">&nbsp;<\/i> <\/a><\/td>\n<\/tr>\n<tr>\n<td width=\"25px\">200<\/td>\n<td>AMPLIACI\u00d3N DE LA COBERTURA DE EDUCACI\u00d3N MEDIA SUPERIOR<\/td>\n<td style=\"text-align: center\"><a href=\"https:\/\/www.oaxaca.gob.mx\/sinfra\/wp-content\/uploads\/sites\/14\/2018\/05\/Reporte-200.pdf\" target=\"_blank\" rel=\"noopener noreferrer\"><i class=\"far fa-file-pdf fa-2x\">&nbsp;<\/i> <\/a><\/td>\n<td style=\"text-align: center\"><a href=\"https:\/\/www.oaxaca.gob.mx\/sinfra\/wp-content\/uploads\/sites\/14\/2018\/05\/Ficha_200.pdf\" target=\"_blank\" rel=\"noopener noreferrer\"><i class=\"far fa-file-pdf fa-2x\">&nbsp;<\/i> <\/a><\/td>\n<\/tr>\n<tr>\n<td width=\"25px\">201<\/td>\n<td>SALVAGUARDAR EL PATRIMONIO CULTURAL Y BIOCULTURAL<\/td>\n<td style=\"text-align: center\"><a href=\"https:\/\/www.oaxaca.gob.mx\/sinfra\/wp-content\/uploads\/sites\/14\/2018\/05\/Reporte_201.pdf\" target=\"_blank\" rel=\"noopener noreferrer\"><i class=\"far fa-file-pdf fa-2x\">&nbsp;<\/i> <\/a><\/td>\n<td style=\"text-align: center\"><a href=\"https:\/\/www.oaxaca.gob.mx\/sinfra\/wp-content\/uploads\/sites\/14\/2018\/05\/Ficha_201.pdf\" target=\"_blank\" rel=\"noopener noreferrer\"><i class=\"far fa-file-pdf fa-2x\">&nbsp;<\/i> <\/a><\/td>\n<\/tr>\n<tr>\n<td width=\"25px\">206<\/td>\n<td>VAMOS JUNTOS A LA ESCUELA<\/td>\n<td style=\"text-align: center\"><a href=\"https:\/\/www.oaxaca.gob.mx\/sinfra\/wp-content\/uploads\/sites\/14\/2018\/04\/Reporte_206.pdf\" target=\"_blank\" rel=\"noopener noreferrer\"><i class=\"far fa-file-pdf fa-2x\">&nbsp;<\/i> <\/a><\/td>\n<td style=\"text-align: center\"><a href=\"https:\/\/www.oaxaca.gob.mx\/sinfra\/wp-content\/uploads\/sites\/14\/2018\/04\/Ficha_206.pdf\" target=\"_blank\" rel=\"noopener noreferrer\"><i class=\"far fa-file-pdf fa-2x\">&nbsp;<\/i> <\/a><\/td>\n<\/tr>\n<tr>\n<td width=\"25px\">207<\/td>\n<td>FORTALECIMIENTO A LA INFRAESTRUCTURA F\u00cdSICA EDUCATIVA<\/td>\n<td style=\"text-align: center\"><a href=\"https:\/\/www.oaxaca.gob.mx\/sinfra\/wp-content\/uploads\/sites\/14\/2018\/04\/Reporte_207.pdf\" target=\"_blank\" rel=\"noopener noreferrer\"><i class=\"far fa-file-pdf fa-2x\">&nbsp;<\/i> <\/a><\/td>\n<td style=\"text-align: center\"><a href=\"https:\/\/www.oaxaca.gob.mx\/sinfra\/wp-content\/uploads\/sites\/14\/2018\/04\/Ficha_207.pdf\" target=\"_blank\" rel=\"noopener noreferrer\"><i class=\"far fa-file-pdf fa-2x\">&nbsp;<\/i> <\/a><\/td>\n<\/tr>\n<tr>\n<td width=\"25px\">209<\/td>\n<td>MOVILIDAD INTEGRAL URBANA<\/td>\n<td style=\"text-align: center\"><a href=\"https:\/\/www.oaxaca.gob.mx\/sinfra\/wp-content\/uploads\/sites\/14\/2018\/04\/Reporte_209.pdf\" target=\"_blank\" rel=\"noopener noreferrer\"><i class=\"far fa-file-pdf fa-2x\">&nbsp;<\/i> <\/a><\/td>\n<td style=\"text-align: center\"><a href=\"https:\/\/www.oaxaca.gob.mx\/sinfra\/wp-content\/uploads\/sites\/14\/2018\/04\/Ficha_209.pdf\" target=\"_blank\" rel=\"noopener noreferrer\"><i class=\"far fa-file-pdf fa-2x\">&nbsp;<\/i> <\/a><\/td>\n<\/tr>\n<\/tbody>\n<\/table>\n","protected":false},"excerpt":{"rendered":"<p>RESPONSABLE DEL PROGRAMA (SINFRA) N\u00b0 Programa Informe de Resultados Fichas de Difusi\u00f3n de Resultados 101 FORTALECIMIENTO A LA VIVIENDA &nbsp; &nbsp; 122 MEJORAMIENTO URBANO DE LOS CENTROS DE POBLACI\u00d3N &nbsp; &nbsp; 137 AMPLIACI\u00d3N Y MEJORAMIENTO DE LA COBERTURA EL\u00c9CTRICA &nbsp; &nbsp; 194 ORDENAMIENTO TERRITORIAL Y DESARROLLO\u00a0URBANO &nbsp; &nbsp; &nbsp; PARTICIPANTE SINFRA CON OTROS PROGRAMAS N\u00b0 [&hellip;]<\/p>\n","protected":false},"author":1,"featured_media":0,"parent":0,"menu_order":0,"comment_status":"closed","ping_status":"closed","template":"","meta":{"episode_type":"","audio_file":"","podmotor_file_id":"","podmotor_episode_id":"","cover_image":"","cover_image_id":"","duration":"","filesize":"","filesize_raw":"","date_recorded":"","explicit":"","block":"","itunes_episode_number":"","itunes_title":"","itunes_season_number":"","itunes_episode_type":"","footnotes":""},"categories":[],"tags":[],"class_list":["post-3334","page","type-page","status-publish","hentry"],"acf":[],"publishpress_future_action":{"enabled":false,"date":"2026-05-15 13:16:03","action":"change-status","newStatus":"draft","terms":[],"taxonomy":"category","extraData":[]},"publishpress_future_workflow_manual_trigger":{"enabledWorkflows":[]},"_links":{"self":[{"href":"https:\/\/www.oaxaca.gob.mx\/sinfra\/wp-json\/wp\/v2\/pages\/3334","targetHints":{"allow":["GET"]}}],"collection":[{"href":"https:\/\/www.oaxaca.gob.mx\/sinfra\/wp-json\/wp\/v2\/pages"}],"about":[{"href":"https:\/\/www.oaxaca.gob.mx\/sinfra\/wp-json\/wp\/v2\/types\/page"}],"author":[{"embeddable":true,"href":"https:\/\/www.oaxaca.gob.mx\/sinfra\/wp-json\/wp\/v2\/users\/1"}],"replies":[{"embeddable":true,"href":"https:\/\/www.oaxaca.gob.mx\/sinfra\/wp-json\/wp\/v2\/comments?post=3334"}],"version-history":[{"count":0,"href":"https:\/\/www.oaxaca.gob.mx\/sinfra\/wp-json\/wp\/v2\/pages\/3334\/revisions"}],"wp:attachment":[{"href":"https:\/\/www.oaxaca.gob.mx\/sinfra\/wp-json\/wp\/v2\/media?parent=3334"}],"wp:term":[{"taxonomy":"category","embeddable":true,"href":"https:\/\/www.oaxaca.gob.mx\/sinfra\/wp-json\/wp\/v2\/categories?post=3334"},{"taxonomy":"post_tag","embeddable":true,"href":"https:\/\/www.oaxaca.gob.mx\/sinfra\/wp-json\/wp\/v2\/tags?post=3334"}],"curies":[{"name":"wp","href":"https:\/\/api.w.org\/{rel}","templated":true}]}}