{"id":2848,"date":"2018-02-12T23:45:29","date_gmt":"2018-02-13T05:45:29","guid":{"rendered":"https:\/\/www.oaxaca.gob.mx\/sinfra\/?page_id=2848"},"modified":"2018-02-12T23:45:29","modified_gmt":"2018-02-13T05:45:29","slug":"cumplimiento-a-la-lgtip-articulo-71","status":"publish","type":"page","link":"https:\/\/www.oaxaca.gob.mx\/sinfra\/cumplimiento-a-la-lgtip-articulo-71\/","title":{"rendered":"Cumplimiento a la LGTIP: Art\u00edculo 71"},"content":{"rendered":"<div id=\"transparencia\">\n<table class=\"sipot\" style=\"margin: 10px\" border=\"1\" cellspacing=\"15\">\n<tbody>\n<tr>\n<th>FRACCION<\/th>\n<th>APLICA \/NO APLICA<\/th>\n<th>UNIDAD ADMINISTRATIVA RESPONSABLE DE GENERAR LA INFORMACI\u00d3N<\/th>\n<\/tr>\n<tr>\n<td width=\"25px\">Fracci\u00f3n I inciso B (I): Presupuesto de egresos y las f\u00f3rmulas de distribuci\u00f3n de los recursos otorgados <\/td>\n<td>Aplica<\/td>\n<td>Direcci\u00f3n Administrativa<\/br> <a href=\"\/sinfra\/wp-content\/uploads\/2018\/02\/LGTA71FIB.rar\" target=\"_blank\" rel=\"noopener noreferrer\">Archivo<\/a> <\/td>\n<\/tr>\n<tr>\n<td width=\"25px\">Fracci\u00f3n I inciso B-bis (I): La publicaci\u00f3n y actualizaci\u00f3n de la informaci\u00f3n est\u00e1 a cargo del sujeto obligado<\/td>\n<td>Aplica<\/td>\n<td>Direcci\u00f3n Administrativa<\/br> <a href=\"\/sinfra\/wp-content\/uploads\/2018\/02\/LGTA71FIB-BIS.rar\" target=\"_blank\" rel=\"noopener noreferrer\">Archivo<\/a> <\/td>\n<\/tr>\n<tr>\n<td width=\"25px\">Fracci\u00f3n I inciso F (I): Planes de Desarrollo Urbano<\/td>\n<td>Aplica<\/td>\n<td>Subsecretaria de Ordenamiento Territorial<\/br> <a href=\"https:\/\/www.oaxaca.gob.mx\/sinfra\/wp-content\/uploads\/sites\/14\/2018\/02\/LGTA71FIFI.xlsx\" target=\"_blank\" rel=\"noopener noreferrer\">Archivo<\/a> <\/td>\n<\/tr>\n<tr>\n<td width=\"25px\">Fracci\u00f3n I inciso F (II): Planes y Programas de Ordenamiento Territorial<\/td>\n<td>Aplica<\/td>\n<td>Subsecretaria de Ordenamiento Territorial<\/br> <a href=\"https:\/\/www.oaxaca.gob.mx\/sinfra\/wp-content\/uploads\/sites\/14\/2018\/02\/LGTA71FIFII.xlsx\" target=\"_blank\" rel=\"noopener noreferrer\">Archivo<\/a> <\/td>\n<\/tr>\n<tr>\n<td width=\"25px\">Fracci\u00f3n I inciso F (III): Planes y Programas de Ordenamiento Ecol\u00f3gico<\/td>\n<td>Aplica<\/td>\n<td>Subsecretaria de Ordenamiento Territorial<\/br> <a href=\"https:\/\/www.oaxaca.gob.mx\/sinfra\/wp-content\/uploads\/sites\/14\/2018\/02\/LGTA71FIFIII.xlsx\" target=\"_blank\" rel=\"noopener noreferrer\">Archivo<\/a> <\/td>\n<\/tr>\n<tr>\n<td width=\"25px\">Fracci\u00f3n I inciso F (IV): Tipos de uso de Suelo<\/td>\n<td>Aplica<\/td>\n<td>Subsecretaria de Ordenamiento Territorial<\/br> <a href=\"https:\/\/www.oaxaca.gob.mx\/sinfra\/wp-content\/uploads\/sites\/14\/2018\/02\/LGTA71FIFIV.xlsx\" target=\"_blank\" rel=\"noopener noreferrer\">Archivo<\/a> <\/td>\n<\/tr>\n<tr>\n<td>Fracci\u00f3n I inciso F (V): Licencias de uso de suelo<\/td>\n<td>Aplica<\/td>\n<td>Coordinaci\u00f3n T\u00e9cnica<\/br><a href=\"https:\/\/www.oaxaca.gob.mx\/sinfra\/wp-content\/uploads\/sites\/14\/2018\/02\/LGTA71FIFV.xlsx\" target=\"_blank\" rel=\"noopener noreferrer\">Archivo<\/a><\/td>\n<\/tr>\n<tr>\n<td>Fracci\u00f3n I inciso F(VI): Licencias de construcci\u00f3n;<\/td>\n<td>Aplica<\/td>\n<td>Coordinaci\u00f3n T\u00e9cnica<\/br> <a href=\"https:\/\/www.oaxaca.gob.mx\/sinfra\/wp-content\/uploads\/sites\/14\/2018\/02\/LGTA71FIFVI.xlsx\" target=\"_blank\" rel=\"noopener noreferrer\">Archivo<\/a><\/td>\n<\/tr>\n<tr>\n<td>Fracci\u00f3n I inciso G: Disposiciones Administrativas;<\/td>\n<td>Aplica<\/td>\n<td>Direcci\u00f3n Administrativa<\/br> <a href=\"https:\/\/www.oaxaca.gob.mx\/sinfra\/wp-content\/uploads\/sites\/14\/2018\/02\/LGTA71FIG.xlsx\" target=\"_blank\" rel=\"noopener noreferrer\">Archivo<\/a><\/td>\n<\/tr>\n<\/tr>\n<\/tbody>\n<\/table>\n<\/div>\n<p>&nbsp;\t\t<\/p>\n","protected":false},"excerpt":{"rendered":"<p>FRACCION APLICA \/NO APLICA UNIDAD ADMINISTRATIVA RESPONSABLE DE GENERAR LA INFORMACI\u00d3N Fracci\u00f3n I inciso B (I): Presupuesto de egresos y las f\u00f3rmulas de distribuci\u00f3n de los recursos otorgados Aplica Direcci\u00f3n Administrativa Archivo Fracci\u00f3n I inciso B-bis (I): La publicaci\u00f3n y actualizaci\u00f3n de la informaci\u00f3n est\u00e1 a cargo del sujeto obligado Aplica Direcci\u00f3n Administrativa Archivo Fracci\u00f3n [&hellip;]<\/p>\n","protected":false},"author":1,"featured_media":0,"parent":0,"menu_order":0,"comment_status":"closed","ping_status":"closed","template":"","meta":{"episode_type":"","audio_file":"","podmotor_file_id":"","podmotor_episode_id":"","cover_image":"","cover_image_id":"","duration":"","filesize":"","filesize_raw":"","date_recorded":"","explicit":"","block":"","itunes_episode_number":"","itunes_title":"","itunes_season_number":"","itunes_episode_type":"","footnotes":""},"categories":[],"tags":[],"class_list":["post-2848","page","type-page","status-publish","hentry"],"acf":[],"publishpress_future_action":{"enabled":false,"date":"2026-05-23 20:07:08","action":"change-status","newStatus":"draft","terms":[],"taxonomy":"category","extraData":[]},"publishpress_future_workflow_manual_trigger":{"enabledWorkflows":[]},"_links":{"self":[{"href":"https:\/\/www.oaxaca.gob.mx\/sinfra\/wp-json\/wp\/v2\/pages\/2848","targetHints":{"allow":["GET"]}}],"collection":[{"href":"https:\/\/www.oaxaca.gob.mx\/sinfra\/wp-json\/wp\/v2\/pages"}],"about":[{"href":"https:\/\/www.oaxaca.gob.mx\/sinfra\/wp-json\/wp\/v2\/types\/page"}],"author":[{"embeddable":true,"href":"https:\/\/www.oaxaca.gob.mx\/sinfra\/wp-json\/wp\/v2\/users\/1"}],"replies":[{"embeddable":true,"href":"https:\/\/www.oaxaca.gob.mx\/sinfra\/wp-json\/wp\/v2\/comments?post=2848"}],"version-history":[{"count":0,"href":"https:\/\/www.oaxaca.gob.mx\/sinfra\/wp-json\/wp\/v2\/pages\/2848\/revisions"}],"wp:attachment":[{"href":"https:\/\/www.oaxaca.gob.mx\/sinfra\/wp-json\/wp\/v2\/media?parent=2848"}],"wp:term":[{"taxonomy":"category","embeddable":true,"href":"https:\/\/www.oaxaca.gob.mx\/sinfra\/wp-json\/wp\/v2\/categories?post=2848"},{"taxonomy":"post_tag","embeddable":true,"href":"https:\/\/www.oaxaca.gob.mx\/sinfra\/wp-json\/wp\/v2\/tags?post=2848"}],"curies":[{"name":"wp","href":"https:\/\/api.w.org\/{rel}","templated":true}]}}