{"id":264,"date":"2016-02-10T16:29:35","date_gmt":"2016-02-10T22:29:35","guid":{"rendered":"https:\/\/www.oaxaca.gob.mx\/sinfra\/?page_id=264"},"modified":"2016-02-10T16:29:35","modified_gmt":"2016-02-10T22:29:35","slug":"coordinacion-tecnica","status":"publish","type":"page","link":"https:\/\/www.oaxaca.gob.mx\/sinfra\/coordinacion-tecnica\/","title":{"rendered":"Coordinaci\u00f3n T\u00e9cnica"},"content":{"rendered":"<p>\t\t\t\t<strong>Funciones<\/strong><\/p>\n<p>I. Dar seguimiento a los acuerdos que emita el Secretario para su cumplimiento en coordinaci\u00f3n con el Secretario Particular;<\/p>\n<p>II. Dise\u00f1ar, proponer y ejecutar las pol\u00edticas p\u00fablicas en materia de concertaci\u00f3n y gesti\u00f3n social, con el objeto de lograr que las obras y acciones que desarrolle la Secretar\u00eda se realicen con apego a la Ley, sin trastocar los usos y costumbres de los pueblos y comunidades y se cuente con la participaci\u00f3n de la ciudadan\u00eda;<\/p>\n<p>III. Requerir a las \u00c1reas Administrativas la informaci\u00f3n necesaria respecto de las acciones que lleven a cabo, para el cumplimiento de los acuerdos y compromisos asumidos;<\/p>\n<p>IV. Organizar los informes que deban remitirse a la Gubernatura, respecto de los asuntos encomendados por el Gobernador;<\/p>\n<p>V. Dise\u00f1ar, implementar y operar un sistema de informaci\u00f3n eficiente entre la Secretar\u00eda y entidades del sector, para dar respuesta oportuna sobre las solicitudes y demandas de la ciudadan\u00eda;<\/p>\n<p>VI. Fomentar las relaciones p\u00fablicas entre la Secretar\u00eda y los sectores p\u00fablicos, social y privado, para el adecuado desempe\u00f1o de la Dependencia;<\/p>\n<p>VII. Asistir en representaci\u00f3n del Secretario a las Comisiones, Juntas, Consejos y reuniones que le encomiende expresamente;<\/p>\n<p>VIII. Organizar la recopilaci\u00f3n de la informaci\u00f3n relativa a las actividades generadas por las \u00c1reas Administrativas para integrar el Informe de Gobierno;<\/p>\n<p>IX. Dar seguimiento a los acuerdos, compromisos y acciones de las reuniones internas del Secretario con los titulares de las \u00c1reas Administrativas de la Secretar\u00eda;<\/p>\n<p>X. Impulsar la mejora continua y aplicaci\u00f3n de calidad en los procesos internos relacionados con los tr\u00e1mites y servicios que ofrece la Secretar\u00eda, con el objeto de lograr la mayor simplificaci\u00f3n administrativa;<\/p>\n<p>XI. Dar seguimiento a las reuniones con las dependencias y entidades, estatales y federales y de las \u00c1reas Administrativas de la Secretar\u00eda, para el informe del Secretario, y<\/p>\n<p>XII. Las que le se\u00f1alen las dem\u00e1s disposiciones normativas aplicables y le confiera el Secretario, en el \u00e1mbito de su competencia.\t\t<\/p>\n","protected":false},"excerpt":{"rendered":"<p>Funciones I. Dar seguimiento a los acuerdos que emita el Secretario para su cumplimiento en coordinaci\u00f3n con el Secretario Particular; II. Dise\u00f1ar, proponer y ejecutar las pol\u00edticas p\u00fablicas en materia de concertaci\u00f3n y gesti\u00f3n social, con el objeto de lograr que las obras y acciones que desarrolle la Secretar\u00eda se realicen con apego a la [&hellip;]<\/p>\n","protected":false},"author":1,"featured_media":0,"parent":0,"menu_order":0,"comment_status":"closed","ping_status":"closed","template":"","meta":{"episode_type":"","audio_file":"","podmotor_file_id":"","podmotor_episode_id":"","cover_image":"","cover_image_id":"","duration":"","filesize":"","filesize_raw":"","date_recorded":"","explicit":"","block":"","itunes_episode_number":"","itunes_title":"","itunes_season_number":"","itunes_episode_type":"","footnotes":""},"categories":[],"tags":[],"class_list":["post-264","page","type-page","status-publish","hentry"],"acf":[],"publishpress_future_action":{"enabled":false,"date":"2026-05-23 20:07:26","action":"change-status","newStatus":"draft","terms":[],"taxonomy":"category","extraData":[]},"publishpress_future_workflow_manual_trigger":{"enabledWorkflows":[]},"_links":{"self":[{"href":"https:\/\/www.oaxaca.gob.mx\/sinfra\/wp-json\/wp\/v2\/pages\/264","targetHints":{"allow":["GET"]}}],"collection":[{"href":"https:\/\/www.oaxaca.gob.mx\/sinfra\/wp-json\/wp\/v2\/pages"}],"about":[{"href":"https:\/\/www.oaxaca.gob.mx\/sinfra\/wp-json\/wp\/v2\/types\/page"}],"author":[{"embeddable":true,"href":"https:\/\/www.oaxaca.gob.mx\/sinfra\/wp-json\/wp\/v2\/users\/1"}],"replies":[{"embeddable":true,"href":"https:\/\/www.oaxaca.gob.mx\/sinfra\/wp-json\/wp\/v2\/comments?post=264"}],"version-history":[{"count":0,"href":"https:\/\/www.oaxaca.gob.mx\/sinfra\/wp-json\/wp\/v2\/pages\/264\/revisions"}],"wp:attachment":[{"href":"https:\/\/www.oaxaca.gob.mx\/sinfra\/wp-json\/wp\/v2\/media?parent=264"}],"wp:term":[{"taxonomy":"category","embeddable":true,"href":"https:\/\/www.oaxaca.gob.mx\/sinfra\/wp-json\/wp\/v2\/categories?post=264"},{"taxonomy":"post_tag","embeddable":true,"href":"https:\/\/www.oaxaca.gob.mx\/sinfra\/wp-json\/wp\/v2\/tags?post=264"}],"curies":[{"name":"wp","href":"https:\/\/api.w.org\/{rel}","templated":true}]}}