{"id":262,"date":"2016-02-10T16:24:25","date_gmt":"2016-02-10T22:24:25","guid":{"rendered":"https:\/\/www.oaxaca.gob.mx\/sinfra\/?page_id=262"},"modified":"2016-02-10T16:24:25","modified_gmt":"2016-02-10T22:24:25","slug":"secretario-particular","status":"publish","type":"page","link":"https:\/\/www.oaxaca.gob.mx\/sinfra\/secretario-particular\/","title":{"rendered":"Secretario Particular"},"content":{"rendered":"<p>\t\t\t\t<strong>Funciones<\/strong><\/p>\n<p>I. Establecer y mantener coordinaci\u00f3n con delegaciones del Poder Ejecutivo Federal, representantes del Poder Legislativo Federal y Estatal, y autoridades municipales, para facilitar el cumplimiento de los objetivos de la Secretar\u00eda;<\/p>\n<p>II. Organizar y coordinar la agenda de actividades p\u00fablicas y compromisos del Secretario, tanto con las instancias de Gobierno como c\u00e1maras, colegios e iniciativa privada, para dar el seguimiento correspondiente;<\/p>\n<p>III. Programar y colaborar en la atenci\u00f3n de audiencias p\u00fablicas, as\u00ed como canalizar las peticiones y solicitudes ciudadanas, previa instrucci\u00f3n directa del Secretario, e informarle de la situaci\u00f3n que al respecto exista;<\/p>\n<p>IV. Dar puntual seguimiento a los acuerdos del Secretario con el Gobernador del Estado, dependencias, entidades, \u00f3rganos desconcentrados y auxiliares que integran la administraci\u00f3n p\u00fablica, municipios, organismos civiles y asociaciones de diversa \u00edndole, para informar el resultado de los mismos;<span class=\"apple-converted-space\">\u00a0<\/span><\/p>\n<p>V. Administrar la documentaci\u00f3n del despacho del Secretario conforme a la normatividad aplicable;<\/p>\n<p>VI. Servir de enlace ante la Secretar\u00eda Particular del Gobernador en asuntos vinculados con la Secretar\u00eda, para la atenci\u00f3n oportuna de los mismos;<\/p>\n<p>VII. Proporcionar los elementos necesarios al Secretario para el adecuado cumplimiento de las giras de trabajo;<\/p>\n<p>VIII. Dar seguimiento a las minutas llevadas a cabo en reuniones a las que asista el Secretario, para informarle el estado de cumplimiento de las mismas;<\/p>\n<p>IX. Auxiliar en la organizaci\u00f3n de eventos p\u00fablicos en los que intervenga el Secretario, incluyendo el de los \u00f3rganos de participaci\u00f3n ciudadana, en los t\u00e9rminos que le indique el propio titular, y<\/p>\n<p>X. Las que le se\u00f1alen las dem\u00e1s disposiciones normativas aplicables y le confiera el Secretario, en el \u00e1mbito de su competencia.\t\t<\/p>\n","protected":false},"excerpt":{"rendered":"<p>Funciones I. Establecer y mantener coordinaci\u00f3n con delegaciones del Poder Ejecutivo Federal, representantes del Poder Legislativo Federal y Estatal, y autoridades municipales, para facilitar el cumplimiento de los objetivos de la Secretar\u00eda; II. Organizar y coordinar la agenda de actividades p\u00fablicas y compromisos del Secretario, tanto con las instancias de Gobierno como c\u00e1maras, colegios e [&hellip;]<\/p>\n","protected":false},"author":1,"featured_media":0,"parent":0,"menu_order":0,"comment_status":"closed","ping_status":"closed","template":"","meta":{"episode_type":"","audio_file":"","podmotor_file_id":"","podmotor_episode_id":"","cover_image":"","cover_image_id":"","duration":"","filesize":"","filesize_raw":"","date_recorded":"","explicit":"","block":"","itunes_episode_number":"","itunes_title":"","itunes_season_number":"","itunes_episode_type":"","footnotes":""},"categories":[],"tags":[],"class_list":["post-262","page","type-page","status-publish","hentry"],"acf":[],"publishpress_future_action":{"enabled":false,"date":"2026-05-23 20:07:26","action":"change-status","newStatus":"draft","terms":[],"taxonomy":"category","extraData":[]},"publishpress_future_workflow_manual_trigger":{"enabledWorkflows":[]},"_links":{"self":[{"href":"https:\/\/www.oaxaca.gob.mx\/sinfra\/wp-json\/wp\/v2\/pages\/262","targetHints":{"allow":["GET"]}}],"collection":[{"href":"https:\/\/www.oaxaca.gob.mx\/sinfra\/wp-json\/wp\/v2\/pages"}],"about":[{"href":"https:\/\/www.oaxaca.gob.mx\/sinfra\/wp-json\/wp\/v2\/types\/page"}],"author":[{"embeddable":true,"href":"https:\/\/www.oaxaca.gob.mx\/sinfra\/wp-json\/wp\/v2\/users\/1"}],"replies":[{"embeddable":true,"href":"https:\/\/www.oaxaca.gob.mx\/sinfra\/wp-json\/wp\/v2\/comments?post=262"}],"version-history":[{"count":0,"href":"https:\/\/www.oaxaca.gob.mx\/sinfra\/wp-json\/wp\/v2\/pages\/262\/revisions"}],"wp:attachment":[{"href":"https:\/\/www.oaxaca.gob.mx\/sinfra\/wp-json\/wp\/v2\/media?parent=262"}],"wp:term":[{"taxonomy":"category","embeddable":true,"href":"https:\/\/www.oaxaca.gob.mx\/sinfra\/wp-json\/wp\/v2\/categories?post=262"},{"taxonomy":"post_tag","embeddable":true,"href":"https:\/\/www.oaxaca.gob.mx\/sinfra\/wp-json\/wp\/v2\/tags?post=262"}],"curies":[{"name":"wp","href":"https:\/\/api.w.org\/{rel}","templated":true}]}}