{"id":257,"date":"2016-02-10T16:14:54","date_gmt":"2016-02-10T22:14:54","guid":{"rendered":"https:\/\/www.oaxaca.gob.mx\/sinfra\/?page_id=257"},"modified":"2016-02-10T16:14:54","modified_gmt":"2016-02-10T22:14:54","slug":"unidad-de-licitaciones","status":"publish","type":"page","link":"https:\/\/www.oaxaca.gob.mx\/sinfra\/unidad-de-licitaciones\/","title":{"rendered":"Unidad de Licitaciones"},"content":{"rendered":"<p>\t\t\t\t<strong>Funciones<\/strong><\/p>\n<p>I. Someter a consideraci\u00f3n del Subsecretario de Obras P\u00fablicas la contrataci\u00f3n de obra de acuerdo a las modalidades de contrataci\u00f3n y sus montos autorizados, conforme a la normatividad vigente;<\/p>\n<p>II. Revisar las convocatorias y bases de licitaci\u00f3n p\u00fablica, invitaci\u00f3n a cuando menos tres personas, e invitaci\u00f3n restringida a cuando menos tres contratistas de los concursos de obra p\u00fablica y servicios relacionados conforme a la normatividad correspondiente; envi\u00e1ndolas para su revisi\u00f3n y opini\u00f3n a la Secretar\u00eda de la Contralor\u00eda y Transparencia Gubernamental dentro del plazo de Ley;<\/p>\n<p>III. Coordinar la publicaci\u00f3n de las convocatorias de licitaci\u00f3n p\u00fablica, invitaci\u00f3n a cuando menos tres personas, e invitaci\u00f3n restringida a cuando menos tres contratistas de los concursos de obra p\u00fablica y servicios relacionados en el Sistema Electr\u00f3nico de Informaci\u00f3n P\u00fablica Gubernamental CompraNet, en el Diario Oficial de la Federaci\u00f3n y en el Peri\u00f3dico Oficial, seg\u00fan correspondan;<\/p>\n<p>IV. Desarrollar el desahogo de las fases o etapas de los procedimientos de adjudicaci\u00f3n y contrataci\u00f3n de obra p\u00fablica y servicios relacionados con las mismas, conforme a la normatividad correspondiente;<\/p>\n<p>V. Revisar el procedimiento de adjudicaci\u00f3n directa de la obra p\u00fablica y servicios relacionados con las mismas;<\/p>\n<p>VI. Dirigir la elaboraci\u00f3n de los contratos de obra p\u00fablica y servicios relacionados con las mismas, que celebre la Secretar\u00eda;<\/p>\n<p>VII. Coadyuvar en la integraci\u00f3n de la documentaci\u00f3n del expediente unitario de las obras y de los servicios relacionados que la Secretar\u00eda realice por si o a trav\u00e9s de terceros;<\/p>\n<p>VIII. Participar en el Comit\u00e9 de Obras P\u00fablicas de la Secretar\u00eda, en ejercicio y aplicaci\u00f3n de los recursos federales, y<\/p>\n<p>IX. Las dem\u00e1s que le se\u00f1alen las disposiciones normativas aplicables y le confiera su superior jer\u00e1rquico, en el \u00e1mbito de su competencia.\t\t<\/p>\n","protected":false},"excerpt":{"rendered":"<p>Funciones I. Someter a consideraci\u00f3n del Subsecretario de Obras P\u00fablicas la contrataci\u00f3n de obra de acuerdo a las modalidades de contrataci\u00f3n y sus montos autorizados, conforme a la normatividad vigente; II. Revisar las convocatorias y bases de licitaci\u00f3n p\u00fablica, invitaci\u00f3n a cuando menos tres personas, e invitaci\u00f3n restringida a cuando menos tres contratistas de los [&hellip;]<\/p>\n","protected":false},"author":1,"featured_media":0,"parent":0,"menu_order":0,"comment_status":"closed","ping_status":"closed","template":"","meta":{"episode_type":"","audio_file":"","podmotor_file_id":"","podmotor_episode_id":"","cover_image":"","cover_image_id":"","duration":"","filesize":"","filesize_raw":"","date_recorded":"","explicit":"","block":"","itunes_episode_number":"","itunes_title":"","itunes_season_number":"","itunes_episode_type":"","footnotes":""},"categories":[],"tags":[],"class_list":["post-257","page","type-page","status-publish","hentry"],"acf":[],"publishpress_future_action":{"enabled":false,"date":"2026-05-23 20:07:04","action":"change-status","newStatus":"draft","terms":[],"taxonomy":"category","extraData":[]},"publishpress_future_workflow_manual_trigger":{"enabledWorkflows":[]},"_links":{"self":[{"href":"https:\/\/www.oaxaca.gob.mx\/sinfra\/wp-json\/wp\/v2\/pages\/257","targetHints":{"allow":["GET"]}}],"collection":[{"href":"https:\/\/www.oaxaca.gob.mx\/sinfra\/wp-json\/wp\/v2\/pages"}],"about":[{"href":"https:\/\/www.oaxaca.gob.mx\/sinfra\/wp-json\/wp\/v2\/types\/page"}],"author":[{"embeddable":true,"href":"https:\/\/www.oaxaca.gob.mx\/sinfra\/wp-json\/wp\/v2\/users\/1"}],"replies":[{"embeddable":true,"href":"https:\/\/www.oaxaca.gob.mx\/sinfra\/wp-json\/wp\/v2\/comments?post=257"}],"version-history":[{"count":0,"href":"https:\/\/www.oaxaca.gob.mx\/sinfra\/wp-json\/wp\/v2\/pages\/257\/revisions"}],"wp:attachment":[{"href":"https:\/\/www.oaxaca.gob.mx\/sinfra\/wp-json\/wp\/v2\/media?parent=257"}],"wp:term":[{"taxonomy":"category","embeddable":true,"href":"https:\/\/www.oaxaca.gob.mx\/sinfra\/wp-json\/wp\/v2\/categories?post=257"},{"taxonomy":"post_tag","embeddable":true,"href":"https:\/\/www.oaxaca.gob.mx\/sinfra\/wp-json\/wp\/v2\/tags?post=257"}],"curies":[{"name":"wp","href":"https:\/\/api.w.org\/{rel}","templated":true}]}}