{"id":255,"date":"2016-02-10T16:11:44","date_gmt":"2016-02-10T22:11:44","guid":{"rendered":"https:\/\/www.oaxaca.gob.mx\/sinfra\/?page_id=255"},"modified":"2016-02-10T16:11:44","modified_gmt":"2016-02-10T22:11:44","slug":"unidad-de-comunicacion-social","status":"publish","type":"page","link":"https:\/\/www.oaxaca.gob.mx\/sinfra\/unidad-de-comunicacion-social\/","title":{"rendered":"Unidad de Comunicaci\u00f3n Social"},"content":{"rendered":"<p>\t\t\t\t<strong>Funciones<\/strong><\/p>\n<p>I. Coordinar entrevistas, conferencias, boletines y, en general las actividades de comunicaci\u00f3n social, actos o acontecimientos de la Secretar\u00eda, para su difusi\u00f3n en medios de comunicaci\u00f3n;<\/p>\n<p>II. Integrar las bases de datos de informaci\u00f3n de noticias en materia de infraestructuras y ordenamiento territorial, para su difusi\u00f3n;<\/p>\n<p>III. Emitir informaci\u00f3n a trav\u00e9s de los diferentes medios de comunicaci\u00f3n y relaciones p\u00fablicas sobre el desarrollo de los programas y actividades de la Secretar\u00eda;<\/p>\n<p>IV. Coordinar las acciones de difusi\u00f3n y divulgaci\u00f3n de material informativo del Sector de las infraestructuras del Estado, en medios masivos alternativos;<\/p>\n<p>V. Coordinar las entrevistas, boletines y presentaciones ante diversos medios de comunicaci\u00f3n del Secretario y de otros servidores p\u00fablicos de la Secretar\u00eda;<\/p>\n<p>VI. Organizar programas y campa\u00f1as institucionales para la difusi\u00f3n de actividades tendientes al desarrollo de las infraestructuras y el ordenamiento territorial en los diferentes sectores;<\/p>\n<p>VII. Supervisar el desarrollo de estrategias de comunicaci\u00f3n orientadas a mejorar la imagen de la Secretar\u00eda, sus entidades sectorizadas y \u00f3rganos auxiliares;<\/p>\n<p>VIII. Implementar acciones en materia de comunicaci\u00f3n interna con el prop\u00f3sito de difundir las acciones, planes, programas y proyectos emprendidos por la Secretar\u00eda entre los servidores p\u00fablicos que la integran, y<\/p>\n<p>IX. Las dem\u00e1s que le se\u00f1alen las disposiciones normativas aplicables y le confiera el Secretario, en el \u00e1mbito de su competencia.\t\t<\/p>\n","protected":false},"excerpt":{"rendered":"<p>Funciones I. Coordinar entrevistas, conferencias, boletines y, en general las actividades de comunicaci\u00f3n social, actos o acontecimientos de la Secretar\u00eda, para su difusi\u00f3n en medios de comunicaci\u00f3n; II. Integrar las bases de datos de informaci\u00f3n de noticias en materia de infraestructuras y ordenamiento territorial, para su difusi\u00f3n; III. Emitir informaci\u00f3n a trav\u00e9s de los diferentes [&hellip;]<\/p>\n","protected":false},"author":1,"featured_media":0,"parent":0,"menu_order":0,"comment_status":"closed","ping_status":"closed","template":"","meta":{"episode_type":"","audio_file":"","podmotor_file_id":"","podmotor_episode_id":"","cover_image":"","cover_image_id":"","duration":"","filesize":"","filesize_raw":"","date_recorded":"","explicit":"","block":"","itunes_episode_number":"","itunes_title":"","itunes_season_number":"","itunes_episode_type":"","footnotes":""},"categories":[],"tags":[],"class_list":["post-255","page","type-page","status-publish","hentry"],"acf":[],"publishpress_future_action":{"enabled":false,"date":"2026-05-19 10:45:41","action":"change-status","newStatus":"draft","terms":[],"taxonomy":"category","extraData":[]},"publishpress_future_workflow_manual_trigger":{"enabledWorkflows":[]},"_links":{"self":[{"href":"https:\/\/www.oaxaca.gob.mx\/sinfra\/wp-json\/wp\/v2\/pages\/255","targetHints":{"allow":["GET"]}}],"collection":[{"href":"https:\/\/www.oaxaca.gob.mx\/sinfra\/wp-json\/wp\/v2\/pages"}],"about":[{"href":"https:\/\/www.oaxaca.gob.mx\/sinfra\/wp-json\/wp\/v2\/types\/page"}],"author":[{"embeddable":true,"href":"https:\/\/www.oaxaca.gob.mx\/sinfra\/wp-json\/wp\/v2\/users\/1"}],"replies":[{"embeddable":true,"href":"https:\/\/www.oaxaca.gob.mx\/sinfra\/wp-json\/wp\/v2\/comments?post=255"}],"version-history":[{"count":0,"href":"https:\/\/www.oaxaca.gob.mx\/sinfra\/wp-json\/wp\/v2\/pages\/255\/revisions"}],"wp:attachment":[{"href":"https:\/\/www.oaxaca.gob.mx\/sinfra\/wp-json\/wp\/v2\/media?parent=255"}],"wp:term":[{"taxonomy":"category","embeddable":true,"href":"https:\/\/www.oaxaca.gob.mx\/sinfra\/wp-json\/wp\/v2\/categories?post=255"},{"taxonomy":"post_tag","embeddable":true,"href":"https:\/\/www.oaxaca.gob.mx\/sinfra\/wp-json\/wp\/v2\/tags?post=255"}],"curies":[{"name":"wp","href":"https:\/\/api.w.org\/{rel}","templated":true}]}}