{"id":251,"date":"2016-02-10T16:03:36","date_gmt":"2016-02-10T22:03:36","guid":{"rendered":"https:\/\/www.oaxaca.gob.mx\/sinfra\/?page_id=251"},"modified":"2016-02-10T16:03:36","modified_gmt":"2016-02-10T22:03:36","slug":"direccion-de-ordenamiento-territorial","status":"publish","type":"page","link":"https:\/\/www.oaxaca.gob.mx\/sinfra\/direccion-de-ordenamiento-territorial\/","title":{"rendered":"Direcci\u00f3n de Ordenamiento Territorial"},"content":{"rendered":"<p>\t\t\t\t<strong>Funciones<\/strong><\/p>\n<p>I. Promover y coordinar la elaboraci\u00f3n de los planes y programas de ordenamiento territorial de los asentamientos humanos y de zonas metropolitanas o conurbadas, supervisando su observancia y permanente actualizaci\u00f3n;<\/p>\n<p>II. Coordinar la formulaci\u00f3n y evaluaci\u00f3n de las pol\u00edticas y estrategias para promover y consolidar el Sistema Estatal de Planeaci\u00f3n Urbana;<\/p>\n<p>III. Promover y orientar sobre la ubicaci\u00f3n y el uso de suelo para las infraestructuras, obra p\u00fablica y privada, con fundamento en las leyes, reglamentos, planes y programas vigentes en la materia, con la finalidad de coadyuvar a la competitividad, al desarrollo equitativo, ordenado y sustentable de las regiones y centros de poblaci\u00f3n que componen el Estado;<\/p>\n<p>IV. Proponer la actualizaci\u00f3n de reformas y adiciones a las leyes y reglamentos en materia de infraestructuras y en particular de obra p\u00fablica, ordenamiento territorial, y desarrollo urbano;<\/p>\n<p>V. Definir y elaborar proyectos estrat\u00e9gicos de impacto al desarrollo territorial en coordinaci\u00f3n con las autoridades federales, estatales y municipales que impulsen el desarrollo del Estado y sus regiones de conformidad con los planes y programas vigentes;<\/p>\n<p>VI. Proponer, concertar y establecer programas, proyectos, acciones y medidas complementarias para el fortalecimiento de zonas estrat\u00e9gicas y zonas prioritarias, as\u00ed como para la atenci\u00f3n de zonas marginadas en las zonas metropolitanas y\/o conurbadas del Estado;<\/p>\n<p>VII. Impulsar y coordinar la elaboraci\u00f3n de los estudios y procedimientos t\u00e9cnicos entre las instancias federales y municipales, as\u00ed como las dem\u00e1s que se se\u00f1alen en el marco de las facultades conferidas a la Subsecretar\u00eda de Ordenamiento Territorial;<\/p>\n<p>VIII. Promover y elaborar las declaratorias de conurbaci\u00f3n intermunicipal y de zonas metropolitanas que se originen como resultado de planes y programas en la materia;<\/p>\n<p>IX. Definir y promover en coordinaci\u00f3n con las autoridades municipales e instancias federales o estatales que corresponda, el uso del suelo de las reservas territoriales determinadas por los planes y programas en la materia;<\/p>\n<p>X. Proponer medidas preventivas y\/o correctivas a nivel municipal, metropolitano y regional relacionadas con el impacto urbano ambiental, para el cumplimiento de objetivos y metas establecidos en el Plan Estatal de Desarrollo y el Plan Estatal de Ordenamiento Territorial;<\/p>\n<p>XI. Promover la observancia y evaluar mediante indicadores de desempe\u00f1o los instrumentos de planeaci\u00f3n relativos al ordenamiento territorial y desarrollo urbano en el Estado, conforme a las disposiciones legales aplicables;<\/p>\n<p>XII. Promover y participar en la elaboraci\u00f3n de pol\u00edticas y programas de difusi\u00f3n, asesor\u00eda t\u00e9cnica y jur\u00eddica destinados a las autoridades municipales para la elaboraci\u00f3n y ejecuci\u00f3n del ordenamiento territorial, as\u00ed como para la administraci\u00f3n efectiva del territorio;<span class=\"apple-converted-space\">\u00a0<\/span><\/p>\n<p>XIII. Promover y establecer en coordinaci\u00f3n con las autoridades federales, estatales y municipales, un sistema de informaci\u00f3n para la evaluaci\u00f3n del desempe\u00f1o y seguimiento del ordenamiento territorial de los asentamientos humanos en el Estado;<\/p>\n<p>XIV. Integrar y mantener actualizado un banco de estudios y proyectos urbanos, que permitan una planeaci\u00f3n y ejecuci\u00f3n eficiente y congruente con el Plan Estatal de Desarrollo;<\/p>\n<p>XV. Supervisar y coordinar los trabajos encomendados a las \u00c1reas Administrativas que conforman la Direcci\u00f3n de Ordenamiento Territorial, y en su caso coordinarse con las dem\u00e1s \u00c1reas Administrativa que correspondan;<\/p>\n<p>XVI. Coordinar la elaboraci\u00f3n de la Licencia Estatal de Uso de Suelo de conformidad con las leyes, planes, programas y reglamentos vigentes en materia de ordenamiento territorial y desarrollo urbano, y<\/p>\n<p>XVII. Las dem\u00e1s que le se\u00f1alen las disposiciones normativas aplicables y le confiera su superior jer\u00e1rquico, en el \u00e1mbito de su competencia.\t\t<\/p>\n","protected":false},"excerpt":{"rendered":"<p>Funciones I. Promover y coordinar la elaboraci\u00f3n de los planes y programas de ordenamiento territorial de los asentamientos humanos y de zonas metropolitanas o conurbadas, supervisando su observancia y permanente actualizaci\u00f3n; II. Coordinar la formulaci\u00f3n y evaluaci\u00f3n de las pol\u00edticas y estrategias para promover y consolidar el Sistema Estatal de Planeaci\u00f3n Urbana; III. Promover y [&hellip;]<\/p>\n","protected":false},"author":1,"featured_media":0,"parent":0,"menu_order":0,"comment_status":"closed","ping_status":"closed","template":"","meta":{"episode_type":"","audio_file":"","podmotor_file_id":"","podmotor_episode_id":"","cover_image":"","cover_image_id":"","duration":"","filesize":"","filesize_raw":"","date_recorded":"","explicit":"","block":"","itunes_episode_number":"","itunes_title":"","itunes_season_number":"","itunes_episode_type":"","footnotes":""},"categories":[],"tags":[],"class_list":["post-251","page","type-page","status-publish","hentry"],"acf":[],"publishpress_future_action":{"enabled":false,"date":"2026-05-23 20:08:44","action":"change-status","newStatus":"draft","terms":[],"taxonomy":"category","extraData":[]},"publishpress_future_workflow_manual_trigger":{"enabledWorkflows":[]},"_links":{"self":[{"href":"https:\/\/www.oaxaca.gob.mx\/sinfra\/wp-json\/wp\/v2\/pages\/251","targetHints":{"allow":["GET"]}}],"collection":[{"href":"https:\/\/www.oaxaca.gob.mx\/sinfra\/wp-json\/wp\/v2\/pages"}],"about":[{"href":"https:\/\/www.oaxaca.gob.mx\/sinfra\/wp-json\/wp\/v2\/types\/page"}],"author":[{"embeddable":true,"href":"https:\/\/www.oaxaca.gob.mx\/sinfra\/wp-json\/wp\/v2\/users\/1"}],"replies":[{"embeddable":true,"href":"https:\/\/www.oaxaca.gob.mx\/sinfra\/wp-json\/wp\/v2\/comments?post=251"}],"version-history":[{"count":0,"href":"https:\/\/www.oaxaca.gob.mx\/sinfra\/wp-json\/wp\/v2\/pages\/251\/revisions"}],"wp:attachment":[{"href":"https:\/\/www.oaxaca.gob.mx\/sinfra\/wp-json\/wp\/v2\/media?parent=251"}],"wp:term":[{"taxonomy":"category","embeddable":true,"href":"https:\/\/www.oaxaca.gob.mx\/sinfra\/wp-json\/wp\/v2\/categories?post=251"},{"taxonomy":"post_tag","embeddable":true,"href":"https:\/\/www.oaxaca.gob.mx\/sinfra\/wp-json\/wp\/v2\/tags?post=251"}],"curies":[{"name":"wp","href":"https:\/\/api.w.org\/{rel}","templated":true}]}}