{"id":249,"date":"2016-02-10T15:59:03","date_gmt":"2016-02-10T21:59:03","guid":{"rendered":"https:\/\/www.oaxaca.gob.mx\/sinfra\/?page_id=249"},"modified":"2016-02-10T15:59:03","modified_gmt":"2016-02-10T21:59:03","slug":"direccion-de-estudios-y-proyectos","status":"publish","type":"page","link":"https:\/\/www.oaxaca.gob.mx\/sinfra\/direccion-de-estudios-y-proyectos\/","title":{"rendered":"Direcci\u00f3n de Estudios y Proyectos"},"content":{"rendered":"<p>\t\t\t\t<strong>Funciones<\/strong><\/p>\n<p>I. Coordinar la formulaci\u00f3n y revisi\u00f3n de proyectos ejecutivos de obras p\u00fablicas, de acuerdo al Plan Estatal de Desarrollo, relacionados con las infraestructuras social, b\u00e1sica y productiva;<\/p>\n<p>II. Coordinar la formulaci\u00f3n y revisi\u00f3n de estudios t\u00e9cnicos, factibilidades, opiniones t\u00e9cnicas y asesor\u00edas que le sean encomendados;<\/p>\n<p>III. Opinar en el \u00e1mbito de su competencia y a petici\u00f3n de parte, los estudios y proyectos para la construcci\u00f3n de obra p\u00fablica en general ingresados a la Secretar\u00eda de Finanzas;<\/p>\n<p>IV. Proporcionar en el \u00e1mbito de su competencia y a petici\u00f3n de parte, apoyo t\u00e9cnico a los municipios, comunidades y organizaciones sociales del Estado, para la elaboraci\u00f3n de proyectos ejecutivos de obra p\u00fablica, relacionados con las infraestructuras social, b\u00e1sica y productiva;<\/p>\n<p>V. Revisar y\/o emitir opini\u00f3n t\u00e9cnica en el \u00e1mbito de su competencia y a petici\u00f3n de parte, de proyectos ejecutivos presentados por los municipios, comunidades y organizaciones sociales del Estado, relacionados con las infraestructuras social, b\u00e1sica y productiva, para solicitud de recursos ante instancias correspondientes;<\/p>\n<p>VI. Coordinar la integraci\u00f3n de la informaci\u00f3n requerida para generar los informes de avances f\u00edsicos y financieros de los servicios relacionados de la obra p\u00fablica que se ejecutan por y\/o a trav\u00e9s de la Secretar\u00eda, a fin de presentarlos a las instancias competentes;<\/p>\n<p>VII. Fungir como vocal en el Comit\u00e9 de Obras P\u00fablicas de la Secretar\u00eda, en ejercicio y aplicaci\u00f3n de los recursos federales;<\/p>\n<p>VIII. Coadyuvar en la integraci\u00f3n de la documentaci\u00f3n del expediente unitario de las obras y de los servicios relacionados que la Secretar\u00eda realice por si o a trav\u00e9s de terceros;<\/p>\n<p>IX. Vigilar el apego a la normatividad y a los par\u00e1metros establecidos durante la realizaci\u00f3n de los estudios y proyectos ejecutivos de obra que se elaboren por si o se contraten a trav\u00e9s de la Secretar\u00eda, y<\/p>\n<p>X. Las dem\u00e1s que le se\u00f1alen las disposiciones normativas aplicables y le confiera su superior jer\u00e1rquico, en el \u00e1mbito de su competencia.\t\t<\/p>\n","protected":false},"excerpt":{"rendered":"<p>Funciones I. Coordinar la formulaci\u00f3n y revisi\u00f3n de proyectos ejecutivos de obras p\u00fablicas, de acuerdo al Plan Estatal de Desarrollo, relacionados con las infraestructuras social, b\u00e1sica y productiva; II. Coordinar la formulaci\u00f3n y revisi\u00f3n de estudios t\u00e9cnicos, factibilidades, opiniones t\u00e9cnicas y asesor\u00edas que le sean encomendados; III. Opinar en el \u00e1mbito de su competencia y [&hellip;]<\/p>\n","protected":false},"author":1,"featured_media":0,"parent":0,"menu_order":0,"comment_status":"closed","ping_status":"closed","template":"","meta":{"episode_type":"","audio_file":"","podmotor_file_id":"","podmotor_episode_id":"","cover_image":"","cover_image_id":"","duration":"","filesize":"","filesize_raw":"","date_recorded":"","explicit":"","block":"","itunes_episode_number":"","itunes_title":"","itunes_season_number":"","itunes_episode_type":"","footnotes":""},"categories":[],"tags":[],"class_list":["post-249","page","type-page","status-publish","hentry"],"acf":[],"publishpress_future_action":{"enabled":false,"date":"2026-05-04 11:07:29","action":"change-status","newStatus":"draft","terms":[],"taxonomy":"category","extraData":[]},"publishpress_future_workflow_manual_trigger":{"enabledWorkflows":[]},"_links":{"self":[{"href":"https:\/\/www.oaxaca.gob.mx\/sinfra\/wp-json\/wp\/v2\/pages\/249","targetHints":{"allow":["GET"]}}],"collection":[{"href":"https:\/\/www.oaxaca.gob.mx\/sinfra\/wp-json\/wp\/v2\/pages"}],"about":[{"href":"https:\/\/www.oaxaca.gob.mx\/sinfra\/wp-json\/wp\/v2\/types\/page"}],"author":[{"embeddable":true,"href":"https:\/\/www.oaxaca.gob.mx\/sinfra\/wp-json\/wp\/v2\/users\/1"}],"replies":[{"embeddable":true,"href":"https:\/\/www.oaxaca.gob.mx\/sinfra\/wp-json\/wp\/v2\/comments?post=249"}],"version-history":[{"count":0,"href":"https:\/\/www.oaxaca.gob.mx\/sinfra\/wp-json\/wp\/v2\/pages\/249\/revisions"}],"wp:attachment":[{"href":"https:\/\/www.oaxaca.gob.mx\/sinfra\/wp-json\/wp\/v2\/media?parent=249"}],"wp:term":[{"taxonomy":"category","embeddable":true,"href":"https:\/\/www.oaxaca.gob.mx\/sinfra\/wp-json\/wp\/v2\/categories?post=249"},{"taxonomy":"post_tag","embeddable":true,"href":"https:\/\/www.oaxaca.gob.mx\/sinfra\/wp-json\/wp\/v2\/tags?post=249"}],"curies":[{"name":"wp","href":"https:\/\/api.w.org\/{rel}","templated":true}]}}