{"id":241,"date":"2016-02-10T13:49:58","date_gmt":"2016-02-10T19:49:58","guid":{"rendered":"https:\/\/www.oaxaca.gob.mx\/sinfra\/?page_id=241"},"modified":"2016-02-10T13:49:58","modified_gmt":"2016-02-10T19:49:58","slug":"direccion-de-control-y-evaluacion-de-obra-publica","status":"publish","type":"page","link":"https:\/\/www.oaxaca.gob.mx\/sinfra\/direccion-de-control-y-evaluacion-de-obra-publica\/","title":{"rendered":"Direcci\u00f3n de Control y Evaluaci\u00f3n de Obra P\u00fablica"},"content":{"rendered":"<p>\t\t\t\t<strong>Funciones<\/strong><\/p>\n<p>I. Controlar y supervisar que las estimaciones cumplan con su respectiva documentaci\u00f3n comprobatoria as\u00ed como con las normas establecidas en las leyes y reglamentos del ejecuci\u00f3n de obra y ejercicio del gasto, previo a su env\u00edo a la Direcci\u00f3n Administrativa para su pago correspondiente;<\/p>\n<p>II. Coordinar la recopilaci\u00f3n, verificaci\u00f3n y envi\u00f3 de la documentaci\u00f3n que requieran los \u00f3rganos fiscalizadores federales y estatales con las \u00c1reas Administrativas de la Secretar\u00eda que intervienen en los procesos de ejecuci\u00f3n de las obras y acciones;<\/p>\n<p>III. Participar en las reuniones de trabajo con el prop\u00f3sito de solventar las observaciones que puedan surgir de las revisiones correspondientes por parte de los \u00f3rganos fiscalizadores federales y estatales;<span class=\"apple-converted-space\">\u00a0<\/span><\/p>\n<p>IV. Fungir como Secretario T\u00e9cnico en el Comit\u00e9 de Obras P\u00fablicas de la Secretar\u00eda, en ejercicio y aplicaci\u00f3n de los recursos federales;<\/p>\n<p>V. Coordinar la integraci\u00f3n del expediente unitario de las obras y\/o acciones que la Secretar\u00eda realice por s\u00ed o a trav\u00e9s de terceros, as\u00ed como la custodia y vigilancia de los mismos, y<\/p>\n<p>VI. Las dem\u00e1s que le se\u00f1alen las disposiciones normativas aplicables y le confiera su superior jer\u00e1rquico, en el \u00e1mbito de su competencia.\t\t<\/p>\n","protected":false},"excerpt":{"rendered":"<p>Funciones I. Controlar y supervisar que las estimaciones cumplan con su respectiva documentaci\u00f3n comprobatoria as\u00ed como con las normas establecidas en las leyes y reglamentos del ejecuci\u00f3n de obra y ejercicio del gasto, previo a su env\u00edo a la Direcci\u00f3n Administrativa para su pago correspondiente; II. Coordinar la recopilaci\u00f3n, verificaci\u00f3n y envi\u00f3 de la documentaci\u00f3n [&hellip;]<\/p>\n","protected":false},"author":1,"featured_media":0,"parent":0,"menu_order":0,"comment_status":"closed","ping_status":"closed","template":"","meta":{"episode_type":"","audio_file":"","podmotor_file_id":"","podmotor_episode_id":"","cover_image":"","cover_image_id":"","duration":"","filesize":"","filesize_raw":"","date_recorded":"","explicit":"","block":"","itunes_episode_number":"","itunes_title":"","itunes_season_number":"","itunes_episode_type":"","footnotes":""},"categories":[],"tags":[],"class_list":["post-241","page","type-page","status-publish","hentry"],"acf":[],"publishpress_future_action":{"enabled":false,"date":"2026-05-23 20:07:10","action":"change-status","newStatus":"draft","terms":[],"taxonomy":"category","extraData":[]},"publishpress_future_workflow_manual_trigger":{"enabledWorkflows":[]},"_links":{"self":[{"href":"https:\/\/www.oaxaca.gob.mx\/sinfra\/wp-json\/wp\/v2\/pages\/241","targetHints":{"allow":["GET"]}}],"collection":[{"href":"https:\/\/www.oaxaca.gob.mx\/sinfra\/wp-json\/wp\/v2\/pages"}],"about":[{"href":"https:\/\/www.oaxaca.gob.mx\/sinfra\/wp-json\/wp\/v2\/types\/page"}],"author":[{"embeddable":true,"href":"https:\/\/www.oaxaca.gob.mx\/sinfra\/wp-json\/wp\/v2\/users\/1"}],"replies":[{"embeddable":true,"href":"https:\/\/www.oaxaca.gob.mx\/sinfra\/wp-json\/wp\/v2\/comments?post=241"}],"version-history":[{"count":0,"href":"https:\/\/www.oaxaca.gob.mx\/sinfra\/wp-json\/wp\/v2\/pages\/241\/revisions"}],"wp:attachment":[{"href":"https:\/\/www.oaxaca.gob.mx\/sinfra\/wp-json\/wp\/v2\/media?parent=241"}],"wp:term":[{"taxonomy":"category","embeddable":true,"href":"https:\/\/www.oaxaca.gob.mx\/sinfra\/wp-json\/wp\/v2\/categories?post=241"},{"taxonomy":"post_tag","embeddable":true,"href":"https:\/\/www.oaxaca.gob.mx\/sinfra\/wp-json\/wp\/v2\/tags?post=241"}],"curies":[{"name":"wp","href":"https:\/\/api.w.org\/{rel}","templated":true}]}}