{"id":239,"date":"2016-02-10T13:34:20","date_gmt":"2016-02-10T19:34:20","guid":{"rendered":"https:\/\/www.oaxaca.gob.mx\/sinfra\/?page_id=239"},"modified":"2016-02-10T13:34:20","modified_gmt":"2016-02-10T19:34:20","slug":"direccion-de-construccion","status":"publish","type":"page","link":"https:\/\/www.oaxaca.gob.mx\/sinfra\/direccion-de-construccion\/","title":{"rendered":"Direcci\u00f3n de Construcci\u00f3n"},"content":{"rendered":"<p>\t\t\t\t<strong>Funciones<\/strong><\/p>\n<p>I. Supervisar la congruencia de los proyectos con especificaciones de construcci\u00f3n, vol\u00famenes de obra y su cat\u00e1logo de conceptos, que realicen los departamentos del \u00e1rea a su cargo;<\/p>\n<p>II. Coordinar y supervisar la construcci\u00f3n de la obra p\u00fablica administrada y contratada autorizada a la Secretar\u00eda, verificando que se respeten las especificaciones estipuladas para el cumplimiento de las metas programadas;<\/p>\n<p>III. Coordinar la generaci\u00f3n de los informes de avances f\u00edsicos y financieros de la obra p\u00fablica y acciones autorizadas a la Secretar\u00eda e informar al Subsecretario de Obras P\u00fablicas;<\/p>\n<p>IV. Autorizar las pr\u00f3rrogas o diferimientos, justificados, de los per\u00edodos de ejecuci\u00f3n de la obra p\u00fablica propuestos por los departamentos a su cargo;<\/p>\n<p>V. Considerar y solicitar el inicio de procesos de rescisi\u00f3n administrativa o de terminaci\u00f3n anticipada de la obra p\u00fablica y servicios relacionados cuando procedan;<\/p>\n<p>VI. Verificar las estimaciones de obra autorizadas por los departamentos a su cargo;<\/p>\n<p>VII. Coordinar la atenci\u00f3n a las verificaciones f\u00edsicas de las auditor\u00edas de la obra p\u00fablica;<\/p>\n<p>VIII. Solicitar la liberaci\u00f3n de las fianzas de los contratos;<\/p>\n<p>IX. Participar en los eventos de las etapas correspondientes de licitaci\u00f3n de obra;<span class=\"apple-converted-space\">\u00a0<\/span><\/p>\n<p>X. Coadyuvar en la integraci\u00f3n de la documentaci\u00f3n del expediente unitario de las obras y de los servicios relacionados que la Secretar\u00eda realice por si o a trav\u00e9s de terceros;<\/p>\n<p>XI. Participar en el cierre de obra p\u00fablica, as\u00ed como en la determinaci\u00f3n de los movimientos presupuestales de la misma, en forma conjunta con las \u00e1reas involucradas;<\/p>\n<p>XII. Validar las sanciones derivadas de los incumplimientos en la ejecuci\u00f3n de las obras, indicada en los contratos respectivos;<\/p>\n<p>XIII. Fungir como vocal en el Comit\u00e9 de Obras P\u00fablicas de la Secretar\u00eda, en ejercicio y aplicaci\u00f3n de los recursos federales;<\/p>\n<p>XIV. Coordinar y definir el uso de la maquinaria a cargo de la Secretar\u00eda;<\/p>\n<p>XV. Las dem\u00e1s que le se\u00f1alen las disposiciones normativas aplicables y le confiera su superior jer\u00e1rquico, en el \u00e1mbito de su competencia.\t\t<\/p>\n","protected":false},"excerpt":{"rendered":"<p>Funciones I. Supervisar la congruencia de los proyectos con especificaciones de construcci\u00f3n, vol\u00famenes de obra y su cat\u00e1logo de conceptos, que realicen los departamentos del \u00e1rea a su cargo; II. Coordinar y supervisar la construcci\u00f3n de la obra p\u00fablica administrada y contratada autorizada a la Secretar\u00eda, verificando que se respeten las especificaciones estipuladas para el [&hellip;]<\/p>\n","protected":false},"author":1,"featured_media":0,"parent":0,"menu_order":0,"comment_status":"closed","ping_status":"closed","template":"","meta":{"episode_type":"","audio_file":"","podmotor_file_id":"","podmotor_episode_id":"","cover_image":"","cover_image_id":"","duration":"","filesize":"","filesize_raw":"","date_recorded":"","explicit":"","block":"","itunes_episode_number":"","itunes_title":"","itunes_season_number":"","itunes_episode_type":"","footnotes":""},"categories":[],"tags":[],"class_list":["post-239","page","type-page","status-publish","hentry"],"acf":[],"publishpress_future_action":{"enabled":false,"date":"2026-05-23 20:07:27","action":"change-status","newStatus":"draft","terms":[],"taxonomy":"category","extraData":[]},"publishpress_future_workflow_manual_trigger":{"enabledWorkflows":[]},"_links":{"self":[{"href":"https:\/\/www.oaxaca.gob.mx\/sinfra\/wp-json\/wp\/v2\/pages\/239","targetHints":{"allow":["GET"]}}],"collection":[{"href":"https:\/\/www.oaxaca.gob.mx\/sinfra\/wp-json\/wp\/v2\/pages"}],"about":[{"href":"https:\/\/www.oaxaca.gob.mx\/sinfra\/wp-json\/wp\/v2\/types\/page"}],"author":[{"embeddable":true,"href":"https:\/\/www.oaxaca.gob.mx\/sinfra\/wp-json\/wp\/v2\/users\/1"}],"replies":[{"embeddable":true,"href":"https:\/\/www.oaxaca.gob.mx\/sinfra\/wp-json\/wp\/v2\/comments?post=239"}],"version-history":[{"count":0,"href":"https:\/\/www.oaxaca.gob.mx\/sinfra\/wp-json\/wp\/v2\/pages\/239\/revisions"}],"wp:attachment":[{"href":"https:\/\/www.oaxaca.gob.mx\/sinfra\/wp-json\/wp\/v2\/media?parent=239"}],"wp:term":[{"taxonomy":"category","embeddable":true,"href":"https:\/\/www.oaxaca.gob.mx\/sinfra\/wp-json\/wp\/v2\/categories?post=239"},{"taxonomy":"post_tag","embeddable":true,"href":"https:\/\/www.oaxaca.gob.mx\/sinfra\/wp-json\/wp\/v2\/tags?post=239"}],"curies":[{"name":"wp","href":"https:\/\/api.w.org\/{rel}","templated":true}]}}