{"id":237,"date":"2016-02-10T13:30:54","date_gmt":"2016-02-10T19:30:54","guid":{"rendered":"https:\/\/www.oaxaca.gob.mx\/sinfra\/?page_id=237"},"modified":"2016-02-10T13:30:54","modified_gmt":"2016-02-10T19:30:54","slug":"direccion-juridica","status":"publish","type":"page","link":"https:\/\/www.oaxaca.gob.mx\/sinfra\/direccion-juridica\/","title":{"rendered":"Direcci\u00f3n Jur\u00eddica"},"content":{"rendered":"<p>\t\t\t\t<strong>Funciones<\/strong><\/p>\n<p>I. Representar legalmente a la Secretar\u00eda, al Secretario y en su caso a los titulares de las \u00c1reas Administrativa, ante cualquier autoridad administrativa, civil, penal, del trabajo, as\u00ed como en los tribunales, ya sean del fuero com\u00fan o federal, en los procedimientos contenciosos, administrativos o de cualquier otro car\u00e1cter jurisdiccional, con el objeto de garantizar la adecuada defensa de los intereses de la Dependencia;<\/p>\n<p>II. Intervenir en los juicios de amparo, como apoderado o delegado acreditado en t\u00e9rminos del art\u00edculo 9\u00ba, de la Ley de Amparo, Reglamentaria de los art\u00edculos 103 y 107, de la Constituci\u00f3n Pol\u00edtica de los Estados Unidos Mexicanos; rindiendo informes previos y justificados cuando se tenga al Secretario como autoridad responsable y en general promover todo lo conducente en defensa de la Secretar\u00eda, sin perjuicio de las facultades que correspondan a otras \u00e1reas;<\/p>\n<p>III. Formular e interponer a nombre de la Secretar\u00eda las denuncias y querellas ante el ministerio p\u00fablico que legalmente procedan, as\u00ed como desistirse y otorgar el perd\u00f3n en aquellos delitos que se persigan a petici\u00f3n de parte;<\/p>\n<p>IV. Presentar demandas o contestarlas, reconvenir a la contraparte, ejercitar acciones y oponer excepciones, as\u00ed como ofrecer pruebas, formular alegatos, absolver posiciones, interponer toda clase de recursos y en general, vigilar, y atender la tramitaci\u00f3n de los juicios y procedimientos contenciosos y legales en los que la Secretar\u00eda sea parte;<\/p>\n<p>V. Opinar sobre las consultas que formulen los servidores p\u00fablicos de la Secretar\u00eda y entidades sectorizadas, con motivo del desempe\u00f1o de sus funciones;<\/p>\n<p>VI. Proporcionar asesor\u00eda jur\u00eddica a todas las \u00c1reas Administrativas de la Secretar\u00eda y entidades sectorizadas cuando \u00e9stas lo requieran;<\/p>\n<p>VII. Asesorar, a la Unidad de Licitaciones, en materia de Procedimientos para la Contrataci\u00f3n y Adjudicaci\u00f3n de Obra;<span class=\"apple-converted-space\">\u00a0<\/span><\/p>\n<p>VIII. Requerir a las \u00c1reas Administrativas y servidores p\u00fablicos de la Secretar\u00eda, la documentaci\u00f3n e informaci\u00f3n necesarias para el cumplimiento de sus facultades;<\/p>\n<p>IX. Emitir opiniones sobre proyectos de leyes, decretos, reglamentos, procedimientos, acuerdos, actas, circulares, manuales, convenios y contratos relacionados con la competencia de la Secretar\u00eda, que le sean sometidos a su consideraci\u00f3n;<\/p>\n<p>X. Dictaminar convenios, acuerdos, contratos y bases de coordinaci\u00f3n celebrados con las autoridades locales, dependencias o entidades de la Administraci\u00f3n P\u00fablica Estatal y Municipal, as\u00ed como de los sectores p\u00fablico y privado, para el desarrollo y operaci\u00f3n de las acciones y programas del \u00e1mbito de competencia de la Secretar\u00eda, cuando sean sometidos a su consideraci\u00f3n;<\/p>\n<p>XI. Supervisar el registro de convenios, acuerdos y dem\u00e1s actos jur\u00eddicos en los que se generen derechos y obligaciones para la Secretar\u00eda;<\/p>\n<p>XII. Proponer los procesos de actualizaci\u00f3n y adecuaci\u00f3n del orden jur\u00eddico que rige el funcionamiento de la Secretar\u00eda;<\/p>\n<p>XIII. Ser Titular de la Unidad de Enlace en t\u00e9rminos de la Ley de Transparencia y Acceso a la Informaci\u00f3n P\u00fablica para el Estado de Oaxaca;<\/p>\n<p>XIV. Certificar, previo cotejo con su original, los documentos o instrumentos que generen las \u00c1reas Administrativas de la Secretar\u00eda, en el ejercicio de sus funciones, cuando as\u00ed le sea requerido por autoridad competente o cuando lo soliciten los ciudadanos en ejercicio de su derecho de acceso a la informaci\u00f3n;<\/p>\n<p>XV. Coadyuvar con el Consejero Jur\u00eddico del Gobierno del Estado y los titulares de las \u00e1reas jur\u00eddicas de las dependencias, entidades paraestatales, para promover las acciones civiles, fiscales, administrativas o de cualquier \u00edndole ante los tribunales del fuero com\u00fan o federal, cuando se afecten los intereses patrimoniales del Ejecutivo del Estado;<\/p>\n<p>XVI. Dictaminar los proyectos de respuesta de la Secretar\u00eda a los requerimientos formulados por las diversas instancias gubernamentales, personas f\u00edsicas o morales, cuando sean sometidos a su consideraci\u00f3n;<\/p>\n<p>XVII. Iniciar, instruir, dictar acuerdos y resolver a petici\u00f3n de las \u00c1reas Administrativas de la Secretar\u00eda, los procedimientos de rescisi\u00f3n administrativa y de terminaci\u00f3n anticipada de los contratos y convenios de obra p\u00fablica, servicios relacionados, adquisiciones, arrendamientos y servicios de cualquier naturaleza<\/p>\n<p>XVIII. Notificar el inicio de procedimientos y resoluciones administrativas derivadas de los procedimientos o actuaciones dictadas por el Secretario, la propia Direcci\u00f3n o las \u00c1reas Administrativas de la Secretar\u00eda, sin perjuicio de las facultades que correspondan a otras \u00c1reas Administrativas de la Secretar\u00eda;<span class=\"apple-converted-space\">\u00a0<\/span><\/p>\n<p>XIX. Suscribir y emitir todo tipo de requerimiento en materia administrativa, de recursos humanos, obra p\u00fablica, servicios relacionados, adquisiciones, arrendamientos y servicios;<\/p>\n<p>XX. Representar a la Secretar\u00eda, al Secretario y a los titulares de las \u00c1reas Administrativas en las controversias, investigaciones y procedimientos administrativos relativos a los derechos humanos, as\u00ed como ejercitar las negociaciones, excepciones y defensas que procedan;<\/p>\n<p>XXI. Designar a los servidores p\u00fablicos para que se apersonen en los juicios, procedimientos e investigaciones que se ventilen ante autoridades administrativas, tribunales judiciales y administrativos, estatales y federales competentes;<\/p>\n<p>XXII. Validar los convenios, acuerdos, contratos y documentaci\u00f3n en general relacionada con la obra p\u00fablica y servicios relacionados, as\u00ed como lo concerniente a las adquisiciones en general, cuando sean sometidos a su consideraci\u00f3n;<\/p>\n<p>XXIII. Revisar y remitir los documentos que requieren ser publicados en el Peri\u00f3dico Oficial, con excepci\u00f3n de los relativos a las licitaciones p\u00fablicas;<span class=\"apple-converted-space\">\u00a0<\/span><\/p>\n<p>XXIV. Habilitar personal como notificador, y horas inh\u00e1biles cuando as\u00ed lo determinen las necesidades del servicio, y<\/p>\n<p>XXV. Las dem\u00e1s que le se\u00f1alen las disposiciones normativas aplicables y le confiera el Secretario, en el \u00e1mbito de su competencia.\t\t<\/p>\n","protected":false},"excerpt":{"rendered":"<p>Funciones I. Representar legalmente a la Secretar\u00eda, al Secretario y en su caso a los titulares de las \u00c1reas Administrativa, ante cualquier autoridad administrativa, civil, penal, del trabajo, as\u00ed como en los tribunales, ya sean del fuero com\u00fan o federal, en los procedimientos contenciosos, administrativos o de cualquier otro car\u00e1cter jurisdiccional, con el objeto de [&hellip;]<\/p>\n","protected":false},"author":1,"featured_media":0,"parent":0,"menu_order":0,"comment_status":"closed","ping_status":"closed","template":"","meta":{"episode_type":"","audio_file":"","podmotor_file_id":"","podmotor_episode_id":"","cover_image":"","cover_image_id":"","duration":"","filesize":"","filesize_raw":"","date_recorded":"","explicit":"","block":"","itunes_episode_number":"","itunes_title":"","itunes_season_number":"","itunes_episode_type":"","footnotes":""},"categories":[],"tags":[],"class_list":["post-237","page","type-page","status-publish","hentry"],"acf":[],"publishpress_future_action":{"enabled":false,"date":"2026-05-23 20:07:26","action":"change-status","newStatus":"draft","terms":[],"taxonomy":"category","extraData":[]},"publishpress_future_workflow_manual_trigger":{"enabledWorkflows":[]},"_links":{"self":[{"href":"https:\/\/www.oaxaca.gob.mx\/sinfra\/wp-json\/wp\/v2\/pages\/237","targetHints":{"allow":["GET"]}}],"collection":[{"href":"https:\/\/www.oaxaca.gob.mx\/sinfra\/wp-json\/wp\/v2\/pages"}],"about":[{"href":"https:\/\/www.oaxaca.gob.mx\/sinfra\/wp-json\/wp\/v2\/types\/page"}],"author":[{"embeddable":true,"href":"https:\/\/www.oaxaca.gob.mx\/sinfra\/wp-json\/wp\/v2\/users\/1"}],"replies":[{"embeddable":true,"href":"https:\/\/www.oaxaca.gob.mx\/sinfra\/wp-json\/wp\/v2\/comments?post=237"}],"version-history":[{"count":0,"href":"https:\/\/www.oaxaca.gob.mx\/sinfra\/wp-json\/wp\/v2\/pages\/237\/revisions"}],"wp:attachment":[{"href":"https:\/\/www.oaxaca.gob.mx\/sinfra\/wp-json\/wp\/v2\/media?parent=237"}],"wp:term":[{"taxonomy":"category","embeddable":true,"href":"https:\/\/www.oaxaca.gob.mx\/sinfra\/wp-json\/wp\/v2\/categories?post=237"},{"taxonomy":"post_tag","embeddable":true,"href":"https:\/\/www.oaxaca.gob.mx\/sinfra\/wp-json\/wp\/v2\/tags?post=237"}],"curies":[{"name":"wp","href":"https:\/\/api.w.org\/{rel}","templated":true}]}}