{"id":233,"date":"2016-02-10T13:13:30","date_gmt":"2016-02-10T19:13:30","guid":{"rendered":"https:\/\/www.oaxaca.gob.mx\/sinfra\/?page_id=233"},"modified":"2016-02-10T13:13:30","modified_gmt":"2016-02-10T19:13:30","slug":"direccion-administrativa","status":"publish","type":"page","link":"https:\/\/www.oaxaca.gob.mx\/sinfra\/direccion-administrativa\/","title":{"rendered":"Direcci\u00f3n Administrativa"},"content":{"rendered":"<p>\t\t\t\t<strong>Funciones<\/strong><\/p>\n<p>I. Administrar los recursos humanos, materiales y financieros de la Secretar\u00eda;<\/p>\n<p>II. Vigilar la aplicaci\u00f3n correcta de los registros presupuestales y contables de las operaciones que se derivan del ejercicio del presupuesto autorizado, en los sistemas de control presupuestal y de contabilidad gubernamental;<\/p>\n<p>III. Vigilar el ejercicio del gasto, estableciendo las medidas de control internas necesarias para su correcta aplicaci\u00f3n;<\/p>\n<p>IV. Dirigir la revisi\u00f3n de la documentaci\u00f3n comprobatoria del ejercicio del gasto p\u00fablico efectuado por la Secretaria, vigilando que cumpla con los requisitos fiscales y administrativos vigentes;<\/p>\n<p>V. Gestionar ante la Secretar\u00eda de Finanzas la administraci\u00f3n de los recursos financieros para la Secretar\u00eda;<\/p>\n<p>VI. Recibir de la Subsecretar\u00eda de Obras P\u00fablicas las facturas y documentaci\u00f3n de obra p\u00fablica autorizada, supervisando la revisi\u00f3n de la misma para realizar el tr\u00e1mite de solicitud de recursos y autorizar el pago correspondiente;<\/p>\n<p>VII. Autorizar el pago a proveedores, prestadores de servicios y contratistas de obra p\u00fablica;<\/p>\n<p>VIII. Revisar y autorizar los estados financieros y contables de la Secretar\u00eda;<\/p>\n<p>IX. Aplicar los lineamientos emitidos por la Secretar\u00eda de Administraci\u00f3n en materia de recursos humanos;<\/p>\n<p>X. Solicitar la impartici\u00f3n de cursos de capacitaci\u00f3n que ayuden al desarrollo personal y profesional de los servidores p\u00fablicos de la Secretar\u00eda;<\/p>\n<p>XI. Validar el tr\u00e1mite ante la Secretar\u00eda de Administraci\u00f3n de los nombramientos, promociones, cambios de adscripci\u00f3n, renuncias, bajas y jubilaciones del personal de la Secretar\u00eda;<\/p>\n<p>XII. Proponer y desarrollar el Sistema de Servicio Social que los estudiantes presten en la Secretar\u00eda;<\/p>\n<p>XIII. Coordinar el sistema de control de inventarios, resguardos, actualizaci\u00f3n, equipamiento, conservaci\u00f3n y mantenimiento de los bienes muebles e inmuebles asignados a la Secretar\u00eda, determinando la baja y destino final de los bienes muebles;<\/p>\n<p>XIV. Organizar el otorgamiento de vestuario y equipo para el personal de campo de acuerdo a lo establecido en el convenio firmado entre el Sindicato de Trabajadores al Servicio de los Poderes del Estado e Instituciones Descentralizadas de Car\u00e1cter Estatal y el Gobierno del Estado;<\/p>\n<p>XV. Autorizar el tr\u00e1mite ante la Secretar\u00eda de Administraci\u00f3n, del mantenimiento y reparaci\u00f3n de los veh\u00edculos asignados a la Secretar\u00eda, y del suministro de combustible y lubricantes conforme al presupuesto autorizado;<\/p>\n<p>XVI. Vigilar la actualizaci\u00f3n de metas del presupuesto autorizado;<\/p>\n<p>XVII. Revisar el estado que guarda el pago de proveedores y contratistas con motivo de los adeudos contra\u00eddos por la Secretar\u00eda en materia de inversi\u00f3n p\u00fablica, vigilando que se encuentren contemplados en el presupuesto autorizado;<\/p>\n<p>XVIII. Coordinar la elaboraci\u00f3n de los informes requeridos por las Secretar\u00edas de Administraci\u00f3n y Finanzas que permitan medir la eficiencia del ejercicio del gasto p\u00fablico;<\/p>\n<p>XIX. Mantener informado al Secretario sobre la situaci\u00f3n financiera que guarda la Secretar\u00eda, as\u00ed como acordar alternativas que permitan eficientar su operatividad y funcionamiento;<\/p>\n<p>XX. Coordinar las \u00c1reas Administrativas de la Secretar\u00eda para la integraci\u00f3n del Programa Operativo Anual (POA);<\/p>\n<p>XXI. Coordinar los procesos de entrega-recepci\u00f3n y cambio de servidores p\u00fablicos;<\/p>\n<p>XXII. Solicitar la autorizaci\u00f3n y coordinar la instalaci\u00f3n y sesiones del sub-comit\u00e9 de Adquisiciones de Bienes y Servicios de la Secretar\u00eda;<\/p>\n<p>XXIII. Presidir el Comit\u00e9 de Obras P\u00fablicas de la Secretar\u00eda, en ejercicio y aplicaci\u00f3n de los recursos federales;<\/p>\n<p>XXIV. Coordinar los tr\u00e1mites que se realizan ante la Secretar\u00eda de Administraci\u00f3n, para la adquisici\u00f3n de materiales que afecten el proyecto de compras consolidadas;<\/p>\n<p>XXV. Controlar la planilla vehicular con que cuenta la Secretar\u00eda;<\/p>\n<p>XXVI. Atender y dar respuesta a los requerimientos de los \u00d3rganos Fiscalizadores en coordinaci\u00f3n con la Direcci\u00f3n de Control y Evaluaci\u00f3n de Obra P\u00fablica;<\/p>\n<p>XXVII. Proponer la actualizaci\u00f3n del Reglamento Interno, as\u00ed como a los manuales generales de organizaci\u00f3n y de procedimientos de la Secretar\u00eda;<\/p>\n<p>XXVIII. Integrar, actualizar y difundir conforme a los lineamientos emitidos por la Secretar\u00eda de Administraci\u00f3n, los manuales de organizaci\u00f3n, de procedimientos y de servicios de la Secretar\u00eda;<\/p>\n<p>XXIX. Las dem\u00e1s que le se\u00f1alen las disposiciones normativas aplicables y le confiera el Secretario, en el \u00e1mbito de su competencia.\t\t<\/p>\n","protected":false},"excerpt":{"rendered":"<p>Funciones I. Administrar los recursos humanos, materiales y financieros de la Secretar\u00eda; II. Vigilar la aplicaci\u00f3n correcta de los registros presupuestales y contables de las operaciones que se derivan del ejercicio del presupuesto autorizado, en los sistemas de control presupuestal y de contabilidad gubernamental; III. Vigilar el ejercicio del gasto, estableciendo las medidas de control [&hellip;]<\/p>\n","protected":false},"author":1,"featured_media":0,"parent":0,"menu_order":0,"comment_status":"closed","ping_status":"closed","template":"","meta":{"episode_type":"","audio_file":"","podmotor_file_id":"","podmotor_episode_id":"","cover_image":"","cover_image_id":"","duration":"","filesize":"","filesize_raw":"","date_recorded":"","explicit":"","block":"","itunes_episode_number":"","itunes_title":"","itunes_season_number":"","itunes_episode_type":"","footnotes":""},"categories":[],"tags":[],"class_list":["post-233","page","type-page","status-publish","hentry"],"acf":[],"publishpress_future_action":{"enabled":false,"date":"2026-04-28 11:06:19","action":"change-status","newStatus":"draft","terms":[],"taxonomy":"category","extraData":[]},"publishpress_future_workflow_manual_trigger":{"enabledWorkflows":[]},"_links":{"self":[{"href":"https:\/\/www.oaxaca.gob.mx\/sinfra\/wp-json\/wp\/v2\/pages\/233","targetHints":{"allow":["GET"]}}],"collection":[{"href":"https:\/\/www.oaxaca.gob.mx\/sinfra\/wp-json\/wp\/v2\/pages"}],"about":[{"href":"https:\/\/www.oaxaca.gob.mx\/sinfra\/wp-json\/wp\/v2\/types\/page"}],"author":[{"embeddable":true,"href":"https:\/\/www.oaxaca.gob.mx\/sinfra\/wp-json\/wp\/v2\/users\/1"}],"replies":[{"embeddable":true,"href":"https:\/\/www.oaxaca.gob.mx\/sinfra\/wp-json\/wp\/v2\/comments?post=233"}],"version-history":[{"count":0,"href":"https:\/\/www.oaxaca.gob.mx\/sinfra\/wp-json\/wp\/v2\/pages\/233\/revisions"}],"wp:attachment":[{"href":"https:\/\/www.oaxaca.gob.mx\/sinfra\/wp-json\/wp\/v2\/media?parent=233"}],"wp:term":[{"taxonomy":"category","embeddable":true,"href":"https:\/\/www.oaxaca.gob.mx\/sinfra\/wp-json\/wp\/v2\/categories?post=233"},{"taxonomy":"post_tag","embeddable":true,"href":"https:\/\/www.oaxaca.gob.mx\/sinfra\/wp-json\/wp\/v2\/tags?post=233"}],"curies":[{"name":"wp","href":"https:\/\/api.w.org\/{rel}","templated":true}]}}