{"id":228,"date":"2016-02-10T13:06:41","date_gmt":"2016-02-10T19:06:41","guid":{"rendered":"https:\/\/www.oaxaca.gob.mx\/sinfra\/?page_id=228"},"modified":"2016-02-10T13:06:41","modified_gmt":"2016-02-10T19:06:41","slug":"subsecretaria-de-planeacion-y-programacion-de-obra","status":"publish","type":"page","link":"https:\/\/www.oaxaca.gob.mx\/sinfra\/subsecretaria-de-planeacion-y-programacion-de-obra\/","title":{"rendered":"Subsecretar\u00eda de Planeaci\u00f3n y Programaci\u00f3n de Obra"},"content":{"rendered":"<p>\t\t\t\t<strong>Funciones<\/strong><\/p>\n<p>I. Someter, a consideraci\u00f3n del Secretario; el Programa Anual de Obras P\u00fablicas del Estado;<\/p>\n<p>II. Aprobar los expedientes t\u00e9cnicos simplificados para la ejecuci\u00f3n de obras p\u00fablicas y proyectos de infraestructura social, b\u00e1sica y productiva propuestos por la Secretar\u00eda para el tr\u00e1mite de autorizaci\u00f3n de recursos, ante las instancias correspondientes;<\/p>\n<p>III. Supervisar los reportes trimestrales de avances f\u00edsico financieros de las obras autorizadas a la Secretar\u00eda para su tr\u00e1mite ante las instancias normativas;<\/p>\n<p>IV. Vincular la formulaci\u00f3n e implementaci\u00f3n de los programas de inversi\u00f3n gubernamental a los objetivos sociales y a las l\u00edneas del Plan Estatal de Desarrollo;<\/p>\n<p>V. Evaluar los avances de las acciones derivadas del proceso program\u00e1tico presupuestal en materia de obra p\u00fablica y de los servicios relacionados con las infraestructuras social, b\u00e1sica y productiva;<\/p>\n<p>VI. Promover la observancia de la normatividad establecida por los \u00f3rganos competentes de los niveles federal y estatal, en materia de obra p\u00fablica y de los servicios relacionados con las infraestructuras social, b\u00e1sica y productiva;<\/p>\n<p>VII. Coadyuvar con los cierres de ejercicio de las obras p\u00fablicas y acciones autorizadas a la Secretar\u00eda, de todas las fuentes de financiamiento disponibles, incluyendo aquellas que operen bajo convenio;<\/p>\n<p>VIII. Supervisar de conformidad con la normatividad la integraci\u00f3n de la documentaci\u00f3n relativa al Programa de Infraestructura Ind\u00edgena;<\/p>\n<p>IX. Coordinar a las instancias que participan en el ejercicio de recursos presupuestales destinados a la urbanizaci\u00f3n, investigaci\u00f3n, vivienda e infraestructura social;<\/p>\n<p>X. Solicitar a la Direcci\u00f3n Administrativa la elaboraci\u00f3n de las Cuentas por Liquidar Certificadas para la ministraci\u00f3n de recursos de las fuentes del Fondo de Aportaciones para el Fortalecimiento de las Entidades Federativas (FAFEF), del Fondo para la Infraestructura Social estatal (FISE) y del Fondo de Aportaciones M\u00faltiples (FAM), as\u00ed como del Fondo Metropolitano;<\/p>\n<p>XI. Supervisar la informaci\u00f3n a registrar, del avance f\u00edsico financiero de obra de la Secretar\u00eda, en el Portal de la Secretar\u00eda de Hacienda y Cr\u00e9dito P\u00fablico, correspondientes a los recursos federales;<\/p>\n<p>XII. Organizar e informar respecto a la inversi\u00f3n de recursos p\u00fablicos que le solicite el titular de la Dependencia;<\/p>\n<p>XIII. Solicitar a la Direcci\u00f3n Administrativa la elaboraci\u00f3n de las cancelaciones de recursos por obra p\u00fablica;<\/p>\n<p>XIV. Aprobar el cierre de la obra p\u00fablica al termino del ejercicio presupuestal, generando los movimientos presupuestales respectivos, en tiempo y forma, de acuerdo a lo requerido por la Subsecretar\u00eda de Planeaci\u00f3n, Programaci\u00f3n y Presupuestaci\u00f3n de la Secretar\u00eda de Finanzas, coordin\u00e1ndose para tal efecto con las \u00e1reas involucradas;<\/p>\n<p>XV. Coordinar las reuniones con las dependencias y entidades, estatales y federales, a los programas de infraestructura gubernamental y de las \u00c1reas Administrativas de la Secretar\u00eda, para el informe del Secretario;<\/p>\n<p>XVI. Someter a consideraci\u00f3n del Secretario el Programa Operativo Anual, en el \u00e1mbito de su competencia, y<\/p>\n<p>XVII. Las dem\u00e1s que le se\u00f1alen las disposiciones normativas aplicables y le confiera el Secretario, en el \u00e1mbito de su competencia.\t\t<\/p>\n","protected":false},"excerpt":{"rendered":"<p>Funciones I. Someter, a consideraci\u00f3n del Secretario; el Programa Anual de Obras P\u00fablicas del Estado; II. Aprobar los expedientes t\u00e9cnicos simplificados para la ejecuci\u00f3n de obras p\u00fablicas y proyectos de infraestructura social, b\u00e1sica y productiva propuestos por la Secretar\u00eda para el tr\u00e1mite de autorizaci\u00f3n de recursos, ante las instancias correspondientes; III. Supervisar los reportes trimestrales [&hellip;]<\/p>\n","protected":false},"author":1,"featured_media":0,"parent":0,"menu_order":0,"comment_status":"closed","ping_status":"closed","template":"","meta":{"episode_type":"","audio_file":"","podmotor_file_id":"","podmotor_episode_id":"","cover_image":"","cover_image_id":"","duration":"","filesize":"","filesize_raw":"","date_recorded":"","explicit":"","block":"","itunes_episode_number":"","itunes_title":"","itunes_season_number":"","itunes_episode_type":"","footnotes":""},"categories":[],"tags":[],"class_list":["post-228","page","type-page","status-publish","hentry"],"acf":[],"publishpress_future_action":{"enabled":false,"date":"2026-05-23 20:07:09","action":"change-status","newStatus":"draft","terms":[],"taxonomy":"category","extraData":[]},"publishpress_future_workflow_manual_trigger":{"enabledWorkflows":[]},"_links":{"self":[{"href":"https:\/\/www.oaxaca.gob.mx\/sinfra\/wp-json\/wp\/v2\/pages\/228","targetHints":{"allow":["GET"]}}],"collection":[{"href":"https:\/\/www.oaxaca.gob.mx\/sinfra\/wp-json\/wp\/v2\/pages"}],"about":[{"href":"https:\/\/www.oaxaca.gob.mx\/sinfra\/wp-json\/wp\/v2\/types\/page"}],"author":[{"embeddable":true,"href":"https:\/\/www.oaxaca.gob.mx\/sinfra\/wp-json\/wp\/v2\/users\/1"}],"replies":[{"embeddable":true,"href":"https:\/\/www.oaxaca.gob.mx\/sinfra\/wp-json\/wp\/v2\/comments?post=228"}],"version-history":[{"count":0,"href":"https:\/\/www.oaxaca.gob.mx\/sinfra\/wp-json\/wp\/v2\/pages\/228\/revisions"}],"wp:attachment":[{"href":"https:\/\/www.oaxaca.gob.mx\/sinfra\/wp-json\/wp\/v2\/media?parent=228"}],"wp:term":[{"taxonomy":"category","embeddable":true,"href":"https:\/\/www.oaxaca.gob.mx\/sinfra\/wp-json\/wp\/v2\/categories?post=228"},{"taxonomy":"post_tag","embeddable":true,"href":"https:\/\/www.oaxaca.gob.mx\/sinfra\/wp-json\/wp\/v2\/tags?post=228"}],"curies":[{"name":"wp","href":"https:\/\/api.w.org\/{rel}","templated":true}]}}