{"id":224,"date":"2016-02-10T13:01:47","date_gmt":"2016-02-10T19:01:47","guid":{"rendered":"https:\/\/www.oaxaca.gob.mx\/sinfra\/?page_id=224"},"modified":"2016-02-10T13:01:47","modified_gmt":"2016-02-10T19:01:47","slug":"subsecretaria-de-ordenamiento-territorial","status":"publish","type":"page","link":"https:\/\/www.oaxaca.gob.mx\/sinfra\/subsecretaria-de-ordenamiento-territorial\/","title":{"rendered":"Subsecretar\u00eda de Ordenamiento Territorial"},"content":{"rendered":"<p>\t\t\t\t<strong>Funciones<\/strong><\/p>\n<p>I. Proponer la formulaci\u00f3n, ejecuci\u00f3n, evaluaci\u00f3n y control de las acciones y programas sectoriales, institucionales y especiales en el \u00e1mbito de su competencia;<\/p>\n<p>II. Suscribir los documentos relativos al ejercicio de sus facultades y aquellos que les sean se\u00f1alados por delegaci\u00f3n o le correspondan por suplencia;<\/p>\n<p>III. Expedir copias certificadas de documentos que existan en los archivos a su cargo o los de las \u00c1reas Administrativas de su adscripci\u00f3n;<\/p>\n<p>IV. Coordinar la implementaci\u00f3n y el seguimiento al Plan Estatal de Ordenamiento Territorial y Desarrollo Urbano, a los programas estatales y regionales que correspondan en el \u00e1mbito de su competencia, en coordinaci\u00f3n con las instancias federales, estatales y municipales;<\/p>\n<p>V. Coordinar la planeaci\u00f3n, el ordenamiento y la regulaci\u00f3n del desarrollo territorial y urbano, en concurrencia con las instancias federales, estatales, municipales y la sociedad civil, en regiones y localidades del Estado;<\/p>\n<p>VI. Proponer las directrices que definan la localizaci\u00f3n de infraestructura social, b\u00e1sica y productiva, las reservas territoriales, las pol\u00edticas generales de crecimiento de los centros de poblaci\u00f3n, as\u00ed como las de desarrollo urbano;<\/p>\n<p>VII. Participar en las decisiones del sector de las infraestructuras sobre la ubicaci\u00f3n de la infraestructura social, b\u00e1sica y productiva en el Estado;<\/p>\n<p>VIII. Acordar con el Secretario los asuntos, comisiones y actos que en representaci\u00f3n de la Secretar\u00eda tenga que realizar de acuerdo a los ordenamientos jur\u00eddicos en la materia;<span class=\"apple-converted-space\">\u00a0<\/span><\/p>\n<p>IX. Impulsar y coordinar la realizaci\u00f3n de los planes y programas de ordenamiento territorial, de desarrollo urbano, de zona conurbada y\/o metropolitana en los municipios y centros de poblaci\u00f3n para las inversiones p\u00fablicas y privadas en las regiones del estado, fomentando el uso racional y sustentable de los recursos del territorio;<\/p>\n<p>X. Promover mediante la elaboraci\u00f3n de planes, programas, proyectos y acciones, el ordenamiento territorial, el desarrollo urbano y el desarrollo metropolitano orientados a la preservaci\u00f3n del equilibrio ecol\u00f3gico, la protecci\u00f3n del ambiente y el aprovechamiento racional de los recursos naturales;<\/p>\n<p>XI. Planear y proponer a las autoridades competentes la fundaci\u00f3n de centros de poblaci\u00f3n;<\/p>\n<p>XII. Proponer y\/o definir la habilitaci\u00f3n y ubicaci\u00f3n geogr\u00e1fica de la reserva territorial en los planes y programas de desarrollo urbano que coordine, elabore o dictamine la Secretar\u00eda;<\/p>\n<p>XIII. Promover y establecer en coordinaci\u00f3n con las instancias federales, estatales o municipales la ubicaci\u00f3n de los usos, destinos y reservas de suelo para las infraestructuras y la obra p\u00fablica en general, con base en los planes y programas de ordenamiento territorial, de desarrollo urbano y de zona conurbada o metropolitana;<\/p>\n<p>XIV. Proponer la suscripci\u00f3n de convenios de colaboraci\u00f3n para la realizaci\u00f3n de los planes y programas de ordenamiento territorial, de desarrollo urbano y de zona metropolitana o conurbada con las instituciones p\u00fablicas y privadas que correspondan, para orientar el crecimiento urbano de los centros de poblaci\u00f3n de la entidad;<span class=\"apple-converted-space\">\u00a0<\/span><\/p>\n<p>XV. Coadyuvar en el \u00e1mbito de las competencias de la Secretar\u00eda a la regularizaci\u00f3n de la tenencia de la tierra urbana;<\/p>\n<p>XVI. Impulsar las pol\u00edticas y programas de difusi\u00f3n, asesor\u00eda t\u00e9cnica y jur\u00eddica destinados a las autoridades municipales para la elaboraci\u00f3n, planeaci\u00f3n y ejecuci\u00f3n del ordenamiento territorial y urbano de sus municipios;<\/p>\n<p>XVII. Proponer y acordar con el Secretario los proyectos de iniciativa, reforma y adiciones de leyes, reglamentos, decretos, acuerdos, \u00f3rdenes y dem\u00e1s disposiciones jur\u00eddicas que competan a la Subsecretar\u00eda de Ordenamiento Territorial;<\/p>\n<p>XVIII. Proponer y convenir los criterios e indicadores en materia de desarrollo urbano y ordenamiento territorial para la definici\u00f3n y delimitaci\u00f3n geogr\u00e1fica de las zonas estrat\u00e9gicas, zonas prioritarias y zonas marginadas en los centros de poblaci\u00f3n; zonas metropolitanas y regiones en el estado en colaboraci\u00f3n con las instituciones p\u00fablicas y privadas que correspondan;<\/p>\n<p>XIX. Coordinar los programas, proyectos y acciones para el fortalecimiento y atenci\u00f3n de las zonas estrat\u00e9gicas, zonas prioritarias y zonas marginadas en los centros de poblaci\u00f3n, zonas metropolitanas y regiones en el estado, en colaboraci\u00f3n con las instituciones p\u00fablicas y privadas que correspondan;<\/p>\n<p>XX. Coordinar con las autoridades municipales las acciones para el desarrollo sostenible de las zonas conurbadas y\/o metropolitanas de la entidad;<\/p>\n<p>XXI. Proponer y coordinar los procedimientos t\u00e9cnicos entre las instancias federales y municipales en el marco de las facultades conferidas a la Secretar\u00eda y a la Subsecretar\u00eda de Ordenamiento Territorial para la fundaci\u00f3n, reubicaci\u00f3n y\/o consolidaci\u00f3n de centros de poblaci\u00f3n en el estado;<\/p>\n<p>XXII. Presidir la Comisi\u00f3n de Admisi\u00f3n de Directores Responsables de Obra y Corresponsables;<\/p>\n<p>XXIII. Autorizar las licencias, el registro, la clasificaci\u00f3n, revalidaci\u00f3n y la reclasificaci\u00f3n de los Directores Responsables de Obra (DRO);<\/p>\n<p>XXIV. Organizar el padr\u00f3n y control de actuaci\u00f3n profesional de los Directores Responsables de Obra (DRO) en el estado;<\/p>\n<p>XXV. Proponer y efectuar acuerdos, convenios y\/o programas de trabajo intersectorial e interinstitucional para definir l\u00edneas de acuerdos y criterios en materia de ordenamiento territorial, desarrollo urbano y desarrollo metropolitano previo acuerdo con el Secretario;<\/p>\n<p>XXVI. Promover y establecer convenios, estudios e investigaciones especializadas en el \u00e1mbito de competencia de la Subsecretar\u00eda de Ordenamiento Territorial, en colaboraci\u00f3n con organizaciones e instituciones p\u00fablicas y privadas;<\/p>\n<p>XXVII. Proponer y coordinar los procedimientos t\u00e9cnicos entre las instancias federales y municipales, as\u00ed como las dem\u00e1s que se se\u00f1alen en el marco de las facultades conferidas a la Secretar\u00eda para la fundaci\u00f3n, reubicaci\u00f3n y\/o consolidaci\u00f3n de centros de poblaci\u00f3n en el estado;<\/p>\n<p>XXVIII. Promover e impulsar la ejecuci\u00f3n de proyectos y acciones para la rehabilitaci\u00f3n de espacios p\u00fablicos y mejoramiento de zonas urbanas subutilizadas o abandonadas de los centros de poblaci\u00f3n y zonas conurbadas y\/o metropolitanas, en concurrencia con las autoridades federales, estatales y municipales que correspondan, as\u00ed como con la sociedad civil;<\/p>\n<p>XXIX. Proponer y coordinar medidas correctivas y\/o preventivas relacionadas con el impacto urbano para el cumplimiento de planes y programas vigentes en materia de desarrollo urbano, desarrollo metropolitano y ordenamiento del territorio en el estado;<\/p>\n<p>XXX. Expedir la licencia estatal de uso de suelo, de conformidad con las leyes, planes, programas y reglamentos vigentes en materia de desarrollo urbano y ordenamiento territorial;<span class=\"apple-converted-space\">\u00a0<\/span><\/p>\n<p>XXXI. Expedir y autorizar el dictamen de congruencia de los planes y programas de ordenamiento territorial y de desarrollo urbano en el Estado, de conformidad con las leyes vigentes en la materia, as\u00ed como con el Plan Estatal de Desarrollo;<\/p>\n<p>XXXII. Coordinar los anteproyectos de los programas que les correspondan, as\u00ed como el anteproyecto anual de presupuesto de las \u00c1reas Administrativas que tenga adscritas y una vez aprobados, vigilar su operaci\u00f3n y aplicaci\u00f3n;<\/p>\n<p>XXXIII. Coordinar la integraci\u00f3n, desarrollo y actualizaci\u00f3n permanente del sistema de informaci\u00f3n geogr\u00e1fica para el desarrollo urbano y el ordenamiento territorial del estado de Oaxaca, de conformidad con las disposiciones jur\u00eddicas aplicables;<\/p>\n<p>XXXIV. Participar en la elaboraci\u00f3n del Programa Operativo Anual, en el \u00e1mbito de su competencia, y<\/p>\n<p>XXXV. Las dem\u00e1s que le se\u00f1alen las disposiciones normativas aplicables y le confiera el Secretario, en el \u00e1mbito de su competencia.\t\t<\/p>\n","protected":false},"excerpt":{"rendered":"<p>Funciones I. Proponer la formulaci\u00f3n, ejecuci\u00f3n, evaluaci\u00f3n y control de las acciones y programas sectoriales, institucionales y especiales en el \u00e1mbito de su competencia; II. Suscribir los documentos relativos al ejercicio de sus facultades y aquellos que les sean se\u00f1alados por delegaci\u00f3n o le correspondan por suplencia; III. Expedir copias certificadas de documentos que existan [&hellip;]<\/p>\n","protected":false},"author":1,"featured_media":0,"parent":0,"menu_order":0,"comment_status":"closed","ping_status":"closed","template":"","meta":{"episode_type":"","audio_file":"","podmotor_file_id":"","podmotor_episode_id":"","cover_image":"","cover_image_id":"","duration":"","filesize":"","filesize_raw":"","date_recorded":"","explicit":"","block":"","itunes_episode_number":"","itunes_title":"","itunes_season_number":"","itunes_episode_type":"","footnotes":""},"categories":[],"tags":[],"class_list":["post-224","page","type-page","status-publish","hentry"],"acf":[],"publishpress_future_action":{"enabled":false,"date":"2026-05-07 11:32:08","action":"change-status","newStatus":"draft","terms":[],"taxonomy":"category","extraData":[]},"publishpress_future_workflow_manual_trigger":{"enabledWorkflows":[]},"_links":{"self":[{"href":"https:\/\/www.oaxaca.gob.mx\/sinfra\/wp-json\/wp\/v2\/pages\/224","targetHints":{"allow":["GET"]}}],"collection":[{"href":"https:\/\/www.oaxaca.gob.mx\/sinfra\/wp-json\/wp\/v2\/pages"}],"about":[{"href":"https:\/\/www.oaxaca.gob.mx\/sinfra\/wp-json\/wp\/v2\/types\/page"}],"author":[{"embeddable":true,"href":"https:\/\/www.oaxaca.gob.mx\/sinfra\/wp-json\/wp\/v2\/users\/1"}],"replies":[{"embeddable":true,"href":"https:\/\/www.oaxaca.gob.mx\/sinfra\/wp-json\/wp\/v2\/comments?post=224"}],"version-history":[{"count":0,"href":"https:\/\/www.oaxaca.gob.mx\/sinfra\/wp-json\/wp\/v2\/pages\/224\/revisions"}],"wp:attachment":[{"href":"https:\/\/www.oaxaca.gob.mx\/sinfra\/wp-json\/wp\/v2\/media?parent=224"}],"wp:term":[{"taxonomy":"category","embeddable":true,"href":"https:\/\/www.oaxaca.gob.mx\/sinfra\/wp-json\/wp\/v2\/categories?post=224"},{"taxonomy":"post_tag","embeddable":true,"href":"https:\/\/www.oaxaca.gob.mx\/sinfra\/wp-json\/wp\/v2\/tags?post=224"}],"curies":[{"name":"wp","href":"https:\/\/api.w.org\/{rel}","templated":true}]}}