{"id":198,"date":"2016-02-09T16:35:15","date_gmt":"2016-02-09T22:35:15","guid":{"rendered":"https:\/\/www.oaxaca.gob.mx\/sinfra\/?page_id=198"},"modified":"2025-06-02T15:01:10","modified_gmt":"2025-06-02T21:01:10","slug":"reglamentos-2","status":"publish","type":"page","link":"https:\/\/www.oaxaca.gob.mx\/sinfra\/reglamentos-2\/","title":{"rendered":"Reglamentos"},"content":{"rendered":"<p>\t\t\t\tREGLAMENTOS PARA EDIFICACI\u00d3N<\/p>\n<table border=\"1\" width=\"100%\">\n<tbody>\n<tr>\n<th>\u00a0 Clasificaci\u00f3n<\/th>\n<th>\u00a0 Reglamento<\/th>\n<\/tr>\n<tr>\n<td rowspan=\"4\">\u00a0Estructuras de concreto<\/td>\n<td>\u00a0<a href=\"https:\/\/www.oaxaca.gob.mx\/sinfra\/wp-content\/uploads\/sites\/14\/2016\/02\/REGLAMENTO_DE_CONSTRUCCION_PARA_EL_D.F.pdf\" target=\"_blank\" rel=\"noopener noreferrer\"><i class=\"far fa-file-pdf fa-2x\"><\/i> Reglamento de construcciones para el D.F.<\/a><\/td>\n<\/tr>\n<tr>\n<td>\u00a0<a href=\"https:\/\/www.oaxaca.gob.mx\/sinfra\/wp-content\/uploads\/sites\/14\/2023\/03\/REGLAMENTO-DE-CONSTRUCCIONES-DEL-ESTADO-DE-OAXACA.pdf\" target=\"_blank\" rel=\"noopener noreferrer\"><i class=\"far fa-file-pdf fa-2x\"><\/i> Reglamento de construcciones del Estado de Oaxaca<\/a><\/td>\n<\/tr>\n<tr>\n<td>\u00a0<a href=\"https:\/\/www.oaxaca.gob.mx\/sinfra\/wp-content\/uploads\/sites\/14\/2016\/02\/ACI_318_2005.pdf\" target=\"_blank\" rel=\"noopener noreferrer\"><i class=\"far fa-file-pdf fa-2x\"><\/i> ACI 318 2005<\/a><\/td>\n<\/tr>\n<tr>\n<td>\u00a0<a href=\"https:\/\/www.oaxaca.gob.mx\/sinfra\/wp-content\/uploads\/sites\/14\/2016\/02\/aci_318-05_building_code_requirements_for_structural_concrete_and_commentary_aci_318r-05.pdf\" target=\"_blank\" rel=\"noopener noreferrer\"><i class=\"far fa-file-pdf fa-2x\"><\/i> ACI 318-05<\/a><\/td>\n<\/tr>\n<tr>\n<td rowspan=\"3\">\u00a0Estructuras de acero<\/td>\n<td>\u00a0<a href=\"https:\/\/www.oaxaca.gob.mx\/sinfra\/wp-content\/uploads\/sites\/14\/2016\/02\/REGLAMENTO_DE_CONSTRUCCION_PARA_EL_D.F.pdf\" target=\"_blank\" rel=\"noopener noreferrer\"><i class=\"far fa-file-pdf fa-2x\"><\/i> Reglamento de construcciones para el D.F.<\/a><\/td>\n<\/tr>\n<tr>\n<td>\u00a0<a href=\"https:\/\/www.oaxaca.gob.mx\/sinfra\/wp-content\/uploads\/sites\/14\/2016\/02\/Manual_de_diseno_para_la_construccion_en_acero-AISC-ahmsa.pdf\" target=\"_blank\" rel=\"noopener noreferrer\"><i class=\"far fa-file-pdf fa-2x\"><\/i> Manual de dise\u00f1o para la construcci\u00f3n en acero &#8211; AISC<\/a><\/td>\n<\/tr>\n<tr>\n<td>\u00a0<a href=\"https:\/\/www.oaxaca.gob.mx\/sinfra\/wp-content\/uploads\/sites\/14\/2016\/02\/manual_of_steel_construction-load_and_resistance_factor_design-2nd_edition.pdf\" target=\"_blank\" rel=\"noopener noreferrer\"><i class=\"far fa-file-pdf fa-2x\"><\/i> Manual of steel construction<\/a><\/td>\n<\/tr>\n<tr>\n<td>\u00a0Puentes<\/td>\n<td>\u00a0<a href=\"https:\/\/www.oaxaca.gob.mx\/sinfra\/wp-content\/uploads\/sites\/14\/2016\/02\/AASHTO-LRFD_Bridge_Design_Specifications_2010.pdf\" target=\"_blank\" rel=\"noopener noreferrer\"><i class=\"far fa-file-pdf fa-2x\"><\/i> AASHTO<\/a><\/td>\n<\/tr>\n<tr>\n<td>\u00a0Para an\u00e1lisis del viento<\/td>\n<td>\u00a0C.F.E.<\/td>\n<\/tr>\n<tr>\n<td>\u00a0Para an\u00e1lisis por sismo<\/td>\n<td>\u00a0C.F.E.<\/td>\n<\/tr>\n<\/tbody>\n<\/table>\n<p>&nbsp;<\/p>\n<p>M\u00c9TODOS DE AN\u00c1LISIS Y DISE\u00d1O<\/p>\n<table border=\"1\" width=\"100%\">\n<tbody>\n<tr>\n<th>\u00a0 M\u00e9todo<\/th>\n<th>\u00a0 Componentes<\/th>\n<\/tr>\n<tr>\n<td rowspan=\"3\">\u00a0M\u00e9todos para estructuras de concreto<\/td>\n<td>\u00a0El\u00e1stico<\/td>\n<\/tr>\n<tr>\n<td>\u00a0Por resistencia ultima<\/td>\n<\/tr>\n<tr>\n<td>\u00a0Por factores de carga y resistencia<\/td>\n<\/tr>\n<tr>\n<td rowspan=\"3\">\u00a0M\u00e9todos para estructuras de acero<\/td>\n<td>\u00a0El\u00e1stico<\/td>\n<\/tr>\n<tr>\n<td>\u00a0Pl\u00e1stico<\/td>\n<\/tr>\n<tr>\n<td>\u00a0Por factores de carga y resistencia<\/td>\n<\/tr>\n<\/tbody>\n<\/table>\n","protected":false},"excerpt":{"rendered":"<p>REGLAMENTOS PARA EDIFICACI\u00d3N \u00a0 Clasificaci\u00f3n \u00a0 Reglamento \u00a0Estructuras de concreto \u00a0 Reglamento de construcciones para el D.F. \u00a0 Reglamento de construcciones del Estado de Oaxaca \u00a0 ACI 318 2005 \u00a0 ACI 318-05 \u00a0Estructuras de acero \u00a0 Reglamento de construcciones para el D.F. \u00a0 Manual de dise\u00f1o para la construcci\u00f3n en acero &#8211; AISC \u00a0 Manual [&hellip;]<\/p>\n","protected":false},"author":1,"featured_media":0,"parent":0,"menu_order":0,"comment_status":"closed","ping_status":"closed","template":"","meta":{"episode_type":"","audio_file":"","podmotor_file_id":"","podmotor_episode_id":"","cover_image":"","cover_image_id":"","duration":"","filesize":"","filesize_raw":"","date_recorded":"","explicit":"","block":"","itunes_episode_number":"","itunes_title":"","itunes_season_number":"","itunes_episode_type":"","footnotes":""},"categories":[],"tags":[],"class_list":["post-198","page","type-page","status-publish","hentry"],"acf":[],"publishpress_future_action":{"enabled":false,"date":"2026-05-23 17:24:10","action":"change-status","newStatus":"draft","terms":[],"taxonomy":"category","extraData":[]},"publishpress_future_workflow_manual_trigger":{"enabledWorkflows":[]},"_links":{"self":[{"href":"https:\/\/www.oaxaca.gob.mx\/sinfra\/wp-json\/wp\/v2\/pages\/198","targetHints":{"allow":["GET"]}}],"collection":[{"href":"https:\/\/www.oaxaca.gob.mx\/sinfra\/wp-json\/wp\/v2\/pages"}],"about":[{"href":"https:\/\/www.oaxaca.gob.mx\/sinfra\/wp-json\/wp\/v2\/types\/page"}],"author":[{"embeddable":true,"href":"https:\/\/www.oaxaca.gob.mx\/sinfra\/wp-json\/wp\/v2\/users\/1"}],"replies":[{"embeddable":true,"href":"https:\/\/www.oaxaca.gob.mx\/sinfra\/wp-json\/wp\/v2\/comments?post=198"}],"version-history":[{"count":1,"href":"https:\/\/www.oaxaca.gob.mx\/sinfra\/wp-json\/wp\/v2\/pages\/198\/revisions"}],"predecessor-version":[{"id":14067,"href":"https:\/\/www.oaxaca.gob.mx\/sinfra\/wp-json\/wp\/v2\/pages\/198\/revisions\/14067"}],"wp:attachment":[{"href":"https:\/\/www.oaxaca.gob.mx\/sinfra\/wp-json\/wp\/v2\/media?parent=198"}],"wp:term":[{"taxonomy":"category","embeddable":true,"href":"https:\/\/www.oaxaca.gob.mx\/sinfra\/wp-json\/wp\/v2\/categories?post=198"},{"taxonomy":"post_tag","embeddable":true,"href":"https:\/\/www.oaxaca.gob.mx\/sinfra\/wp-json\/wp\/v2\/tags?post=198"}],"curies":[{"name":"wp","href":"https:\/\/api.w.org\/{rel}","templated":true}]}}