{"id":170,"date":"2016-02-09T11:06:09","date_gmt":"2016-02-09T17:06:09","guid":{"rendered":"https:\/\/www.oaxaca.gob.mx\/sinfra\/?page_id=170"},"modified":"2016-02-09T11:06:09","modified_gmt":"2016-02-09T17:06:09","slug":"director-responsable-de-obra","status":"publish","type":"page","link":"https:\/\/www.oaxaca.gob.mx\/sinfra\/director-responsable-de-obra\/","title":{"rendered":"Director Responsable de Obra"},"content":{"rendered":"<p>\t\t\t\tCon el objeto de profesionalizar el ejercicio de la construcci\u00f3n de obras p\u00fablicas y privadas, el Legislador Estatal, cre\u00f3 la figura del Director Responsable de Obra en la Entidad.<\/p>\n<p><strong>\u00bfQU\u00c9 ES UN DIRECTOR RESPONSABLE DE OBRA?<\/strong><\/p>\n<p>Director Responsable de Obra es la persona f\u00edsica que cuenta con t\u00edtulo y c\u00e9dula profesional en las carreras de Arquitecto, Ingeniero Civil o Ingeniero-Arquitecto con autorizaci\u00f3n y registro otorgado pos la Secretar\u00eda, que adquiere derechos y obligaciones en el acto en que otorga su responsiva relativa al \u00e1mbito de su intervenci\u00f3n profesional, en la ejecuci\u00f3n de obras p\u00fablicas y\/o privadas. (Art\u00edculo 200 de la Ley de Ordenamiento Territorial y Desarrollo Urbano para el Estado de Oaxaca)<\/p>\n<p><strong>\u00bfQUI\u00c9N PUEDE SER DIRECTOR RESPONSABLE DE UNA OBRA?<\/strong><\/p>\n<p>Podr\u00e1n obtener el Registro de Director Responsable de Obra, adem\u00e1s de los profesionistas citados, los egresados de carreras equivalentes con las anteriores, que cuenten con t\u00edtulo, c\u00e9dula profesional y el Dictamen de Equivalencia expedido por la autoridad competente. (Art. 200 de la Ley de Ordenamiento Territorial y Desarrollo Urbano para el Estado de Oaxaca)<\/p>\n<p><strong>\u00bfQUI\u00c9N AUTORIZA EL REGISTRO DE D.R.O?<\/strong><\/p>\n<p>De conformidad con los art\u00edculos 7 fracci\u00f3n XXXVI de la Ley de Ordenamiento Territorial y Desarrollo Urbano para el Estado de Oaxaca y 49 fracci\u00f3n XXIII, corresponde al Ejecutivo del Estado a trav\u00e9s de la Subsecretar\u00eda de Ordenamiento Territorial de esta Secretar\u00eda de las Infraestructuras y el Ordenamiento Territorial Sustentable, autorizar el registro, clasificaci\u00f3n, revalidaci\u00f3n o refrendo y reclasificaci\u00f3n de los Directores Responsables de Obra en el Estado previa opini\u00f3n de la Comisi\u00f3n de Admisi\u00f3n de Directores Responsables de Obra, el cual ser\u00e1 v\u00e1lido en todo el Estado; para tal efecto, integrar\u00e1 el padr\u00f3n estatal correspondiente.<\/p>\n<p><strong>\u00bfQU\u00c9 OBRAS REQUIEREN DE LA FIRMA DE UN D.R.O?<\/strong><\/p>\n<p>Toda construcci\u00f3n de obra mayor, p\u00fablica o privada, debe contar para su autorizaci\u00f3n, con la firma responsiva de un Director Responsable de Obra, con registro vigente en el Estado, lo cual garantiza la seguridad f\u00edsica y jur\u00eddica del inmueble y el apego de \u00e9ste a las disposiciones vigentes en la materia; recayendo la responsabilidad legal respectiva en un profesionista del ramo de la construcci\u00f3n debidamente acreditado ante la autoridad estatal correspondiente.<\/p>\n<p><strong>\u00bfQU\u00c9 ES LA COMISI\u00d3N DE ADMISI\u00d3N DE DIRECTORES RESPONSABLES DE OBRA EN EL ESTADO?<\/strong><\/p>\n<p>La Comisi\u00f3n de Admisi\u00f3n de Directores Responsables de Obra en el Estado de Oaxaca, es el \u00f3rgano de consulta y de apoyo de la Secretar\u00eda, que tiene por objeto verificar y evaluar que los profesionistas aspirantes a obtener el registro de Director Responsable de Obra, clasificaci\u00f3n, revalidaci\u00f3n o refrendo, y reclasificaci\u00f3n cumplan con los requisitos establecidos en la presente Ley y su reglamento, as\u00ed como emitir opini\u00f3n sobre su actuaci\u00f3n cuando le sea solicitado por la autoridad competente. (Art\u00edculo 204 de la Ley de Ordenamiento Territorial y Desarrollo Urbano para el Estado de Oaxaca)<\/p>\n<p><strong>\u00bfC\u00d3MO SE ESTRUCTURA LA COMISI\u00d3N DE ADMISI\u00d3N DE DIRECTORES RESPONSABLES DE OBRA EN EL ESTADO?<\/strong><br \/>\nLa estructura interna de la Comisi\u00f3n de Admisi\u00f3n de Directores Responsables de Obra en el Estado de Oaxaca, sus atribuciones, obligaciones, funciones y remoci\u00f3n de sus miembros, as\u00ed como los procedimientos de tramitaci\u00f3n, registro, clasificaci\u00f3n, revalidaci\u00f3n o refrendo, reclasificaci\u00f3n y de opini\u00f3n de actuaci\u00f3n a que se refiere el art\u00edculo anterior, se establecer\u00e1n en el reglamento correspondiente y en el Manual de Funcionamiento de la Comisi\u00f3n de Admisi\u00f3n de Directores Responsables de Obra.(Art. 205 de la Ley de Ordenamiento Territorial y Desarrollo Urbano para el Estado de Oaxaca)<\/p>\n<p>Actualmente la se encuentra integrada por: Dos representantes de la Secretar\u00eda, uno de los cuales es el presidente Titular de la Comisi\u00f3n y el otro es el suplente, por un representante de cada uno de los Colegios y C\u00e1maras siguientes: Colegio de Arquitectos del Estado de Oaxaca A.C., Colegio Libre e Independiente de Arquitectos de Oaxaca A.C., Colegio de Ingenieros Civiles de Oaxaca A.C., Colegio Oaxaque\u00f1o de Ingenieros Civiles Unidos para el Desarrollo del Estado A.C., C\u00e1mara Mexicana de la Industria de la Construcci\u00f3n Delegaci\u00f3n Oaxaca, C\u00e1mara Nacional de Empresas de Consultor\u00eda delegaci\u00f3n Oaxaca.\t\t<\/p>\n","protected":false},"excerpt":{"rendered":"<p>Con el objeto de profesionalizar el ejercicio de la construcci\u00f3n de obras p\u00fablicas y privadas, el Legislador Estatal, cre\u00f3 la figura del Director Responsable de Obra en la Entidad. \u00bfQU\u00c9 ES UN DIRECTOR RESPONSABLE DE OBRA? Director Responsable de Obra es la persona f\u00edsica que cuenta con t\u00edtulo y c\u00e9dula profesional en las carreras de [&hellip;]<\/p>\n","protected":false},"author":1,"featured_media":0,"parent":0,"menu_order":0,"comment_status":"closed","ping_status":"closed","template":"","meta":{"episode_type":"","audio_file":"","podmotor_file_id":"","podmotor_episode_id":"","cover_image":"","cover_image_id":"","duration":"","filesize":"","filesize_raw":"","date_recorded":"","explicit":"","block":"","itunes_episode_number":"","itunes_title":"","itunes_season_number":"","itunes_episode_type":"","footnotes":""},"categories":[],"tags":[],"class_list":["post-170","page","type-page","status-publish","hentry"],"acf":[],"publishpress_future_action":{"enabled":false,"date":"2026-05-24 01:31:20","action":"change-status","newStatus":"draft","terms":[],"taxonomy":"category","extraData":[]},"publishpress_future_workflow_manual_trigger":{"enabledWorkflows":[]},"_links":{"self":[{"href":"https:\/\/www.oaxaca.gob.mx\/sinfra\/wp-json\/wp\/v2\/pages\/170","targetHints":{"allow":["GET"]}}],"collection":[{"href":"https:\/\/www.oaxaca.gob.mx\/sinfra\/wp-json\/wp\/v2\/pages"}],"about":[{"href":"https:\/\/www.oaxaca.gob.mx\/sinfra\/wp-json\/wp\/v2\/types\/page"}],"author":[{"embeddable":true,"href":"https:\/\/www.oaxaca.gob.mx\/sinfra\/wp-json\/wp\/v2\/users\/1"}],"replies":[{"embeddable":true,"href":"https:\/\/www.oaxaca.gob.mx\/sinfra\/wp-json\/wp\/v2\/comments?post=170"}],"version-history":[{"count":0,"href":"https:\/\/www.oaxaca.gob.mx\/sinfra\/wp-json\/wp\/v2\/pages\/170\/revisions"}],"wp:attachment":[{"href":"https:\/\/www.oaxaca.gob.mx\/sinfra\/wp-json\/wp\/v2\/media?parent=170"}],"wp:term":[{"taxonomy":"category","embeddable":true,"href":"https:\/\/www.oaxaca.gob.mx\/sinfra\/wp-json\/wp\/v2\/categories?post=170"},{"taxonomy":"post_tag","embeddable":true,"href":"https:\/\/www.oaxaca.gob.mx\/sinfra\/wp-json\/wp\/v2\/tags?post=170"}],"curies":[{"name":"wp","href":"https:\/\/api.w.org\/{rel}","templated":true}]}}