{"id":167,"date":"2016-02-09T11:02:51","date_gmt":"2016-02-09T17:02:51","guid":{"rendered":"https:\/\/www.oaxaca.gob.mx\/sinfra\/?page_id=167"},"modified":"2016-02-09T11:02:51","modified_gmt":"2016-02-09T17:02:51","slug":"proyectos-y-diseno-urbano","status":"publish","type":"page","link":"https:\/\/www.oaxaca.gob.mx\/sinfra\/proyectos-y-diseno-urbano\/","title":{"rendered":"Proyectos y Dise\u00f1o Urbano"},"content":{"rendered":"<p>\t\t\t\tApoyo en la elaboraci\u00f3n de proyectos arquitect\u00f3nicos y urbanos que coadyuven al desarrollo y mejoramiento de la calidad de vida de la poblaci\u00f3n de los municipios.<\/p>\n<p><strong>ESTUDIOS Y PROYECTOS<\/strong><\/p>\n<p>1) Parques o jardines.<br \/>\n2) Palacios municipales.<br \/>\n3) Unidades deportivas.<br \/>\n4) Salones de usos m\u00faltiples.<br \/>\n5) Mercados.<br \/>\n6) Panteones.<br \/>\n7) \u00c1reas de recreaci\u00f3n o esparcimiento.<br \/>\n8) Mejoramiento de imagen urbana.<br \/>\n9) Vialidades urbanas.<br \/>\n10) Unidades habitacionales.<br \/>\n11) Lotificaciones de terrenos ejidales o comunales.<br \/>\n12) Otros.<\/p>\n<p><strong>REQUISITOS<\/strong><\/p>\n<ul>\n<li>Solicitud de la autoridad municipal dirigida al Secretario de las Infraestructuras y el Ordenamiento Territorial Sustentable.<\/li>\n<li>El terrreno sea propiedad del municipio.<\/li>\n<li>Contar con la aceptacion de los beneficiarios.(aprobaci\u00f3n en asamblea por partes de los ejidatarios o comuneros, en su caso).<\/li>\n<li>Acta de acuerdo de cabildo.<\/li>\n<li>Infraestructura con que cuenta el terreno (agua, drenaje, energ\u00eda el\u00e9ctrica).<\/li>\n<\/ul>\n","protected":false},"excerpt":{"rendered":"<p>Apoyo en la elaboraci\u00f3n de proyectos arquitect\u00f3nicos y urbanos que coadyuven al desarrollo y mejoramiento de la calidad de vida de la poblaci\u00f3n de los municipios. ESTUDIOS Y PROYECTOS 1) Parques o jardines. 2) Palacios municipales. 3) Unidades deportivas. 4) Salones de usos m\u00faltiples. 5) Mercados. 6) Panteones. 7) \u00c1reas de recreaci\u00f3n o esparcimiento. 8) [&hellip;]<\/p>\n","protected":false},"author":1,"featured_media":0,"parent":0,"menu_order":0,"comment_status":"closed","ping_status":"closed","template":"","meta":{"episode_type":"","audio_file":"","podmotor_file_id":"","podmotor_episode_id":"","cover_image":"","cover_image_id":"","duration":"","filesize":"","filesize_raw":"","date_recorded":"","explicit":"","block":"","itunes_episode_number":"","itunes_title":"","itunes_season_number":"","itunes_episode_type":"","footnotes":""},"categories":[],"tags":[],"class_list":["post-167","page","type-page","status-publish","hentry"],"acf":[],"publishpress_future_action":{"enabled":false,"date":"2026-05-23 20:07:24","action":"change-status","newStatus":"draft","terms":[],"taxonomy":"category","extraData":[]},"publishpress_future_workflow_manual_trigger":{"enabledWorkflows":[]},"_links":{"self":[{"href":"https:\/\/www.oaxaca.gob.mx\/sinfra\/wp-json\/wp\/v2\/pages\/167","targetHints":{"allow":["GET"]}}],"collection":[{"href":"https:\/\/www.oaxaca.gob.mx\/sinfra\/wp-json\/wp\/v2\/pages"}],"about":[{"href":"https:\/\/www.oaxaca.gob.mx\/sinfra\/wp-json\/wp\/v2\/types\/page"}],"author":[{"embeddable":true,"href":"https:\/\/www.oaxaca.gob.mx\/sinfra\/wp-json\/wp\/v2\/users\/1"}],"replies":[{"embeddable":true,"href":"https:\/\/www.oaxaca.gob.mx\/sinfra\/wp-json\/wp\/v2\/comments?post=167"}],"version-history":[{"count":1,"href":"https:\/\/www.oaxaca.gob.mx\/sinfra\/wp-json\/wp\/v2\/pages\/167\/revisions"}],"predecessor-version":[{"id":5992,"href":"https:\/\/www.oaxaca.gob.mx\/sinfra\/wp-json\/wp\/v2\/pages\/167\/revisions\/5992"}],"wp:attachment":[{"href":"https:\/\/www.oaxaca.gob.mx\/sinfra\/wp-json\/wp\/v2\/media?parent=167"}],"wp:term":[{"taxonomy":"category","embeddable":true,"href":"https:\/\/www.oaxaca.gob.mx\/sinfra\/wp-json\/wp\/v2\/categories?post=167"},{"taxonomy":"post_tag","embeddable":true,"href":"https:\/\/www.oaxaca.gob.mx\/sinfra\/wp-json\/wp\/v2\/tags?post=167"}],"curies":[{"name":"wp","href":"https:\/\/api.w.org\/{rel}","templated":true}]}}