{"id":164,"date":"2016-02-09T10:59:56","date_gmt":"2016-02-09T16:59:56","guid":{"rendered":"https:\/\/www.oaxaca.gob.mx\/sinfra\/?page_id=164"},"modified":"2016-02-09T10:59:56","modified_gmt":"2016-02-09T16:59:56","slug":"administracion-urbana","status":"publish","type":"page","link":"https:\/\/www.oaxaca.gob.mx\/sinfra\/administracion-urbana\/","title":{"rendered":"Administraci\u00f3n Urbana"},"content":{"rendered":"<p>\t\t\t\tAsesor\u00eda y apoyo para la expedici\u00f3n y\/o autorizaci\u00f3n de tr\u00e1mites que realicen los particulares, en la construcci\u00f3n y\/o lotificaci\u00f3n de inmuebles, con fundamento en los planes, leyes y reglamentos vigentes en la materia.<\/p>\n<p><strong>ASESOR\u00cdAS<\/strong><\/p>\n<p>1) Uso de suelo.<br \/>\n2) Alineamiento.<br \/>\n3) Lic. de construcci\u00f3n, de obra mayor, (nueva, regularizaci\u00f3n y\/o ampliaci\u00f3n).<br \/>\n4) Lic.de construcci\u00f3n, de obra menor, (nueva, regularizaci\u00f3n y\/o ampliaci\u00f3n).<br \/>\n5) Renovaci\u00f3n de licencia de construcci\u00f3n.<br \/>\n6) Subdivisi\u00f3n \u00f3 fusi\u00f3n de predios.<br \/>\n7) Lotificaci\u00f3n.<br \/>\n8) Fraccionamientos.<br \/>\n9) Condominios y<br \/>\n10) En el procedimiento administrativo para la aplicaci\u00f3n de sanciones y medidas de seguridad en la obra p\u00fablica y privada.<\/p>\n<p><strong>APOYO T\u00c9CNICO<\/strong><\/p>\n<p>1.- Levantamientos topogr\u00e1ficos de terrenos y\/o colonias,<br \/>\n2.- Estudios de alineamiento de calles.<br \/>\n3.- Trazo de calles.\t\t<\/p>\n","protected":false},"excerpt":{"rendered":"<p>Asesor\u00eda y apoyo para la expedici\u00f3n y\/o autorizaci\u00f3n de tr\u00e1mites que realicen los particulares, en la construcci\u00f3n y\/o lotificaci\u00f3n de inmuebles, con fundamento en los planes, leyes y reglamentos vigentes en la materia. ASESOR\u00cdAS 1) Uso de suelo. 2) Alineamiento. 3) Lic. de construcci\u00f3n, de obra mayor, (nueva, regularizaci\u00f3n y\/o ampliaci\u00f3n). 4) Lic.de construcci\u00f3n, de [&hellip;]<\/p>\n","protected":false},"author":1,"featured_media":0,"parent":0,"menu_order":0,"comment_status":"closed","ping_status":"closed","template":"","meta":{"episode_type":"","audio_file":"","podmotor_file_id":"","podmotor_episode_id":"","cover_image":"","cover_image_id":"","duration":"","filesize":"","filesize_raw":"","date_recorded":"","explicit":"","block":"","itunes_episode_number":"","itunes_title":"","itunes_season_number":"","itunes_episode_type":"","footnotes":""},"categories":[],"tags":[],"class_list":["post-164","page","type-page","status-publish","hentry"],"acf":[],"publishpress_future_action":{"enabled":false,"date":"2026-05-23 21:36:11","action":"change-status","newStatus":"draft","terms":[],"taxonomy":"category","extraData":[]},"publishpress_future_workflow_manual_trigger":{"enabledWorkflows":[]},"_links":{"self":[{"href":"https:\/\/www.oaxaca.gob.mx\/sinfra\/wp-json\/wp\/v2\/pages\/164","targetHints":{"allow":["GET"]}}],"collection":[{"href":"https:\/\/www.oaxaca.gob.mx\/sinfra\/wp-json\/wp\/v2\/pages"}],"about":[{"href":"https:\/\/www.oaxaca.gob.mx\/sinfra\/wp-json\/wp\/v2\/types\/page"}],"author":[{"embeddable":true,"href":"https:\/\/www.oaxaca.gob.mx\/sinfra\/wp-json\/wp\/v2\/users\/1"}],"replies":[{"embeddable":true,"href":"https:\/\/www.oaxaca.gob.mx\/sinfra\/wp-json\/wp\/v2\/comments?post=164"}],"version-history":[{"count":0,"href":"https:\/\/www.oaxaca.gob.mx\/sinfra\/wp-json\/wp\/v2\/pages\/164\/revisions"}],"wp:attachment":[{"href":"https:\/\/www.oaxaca.gob.mx\/sinfra\/wp-json\/wp\/v2\/media?parent=164"}],"wp:term":[{"taxonomy":"category","embeddable":true,"href":"https:\/\/www.oaxaca.gob.mx\/sinfra\/wp-json\/wp\/v2\/categories?post=164"},{"taxonomy":"post_tag","embeddable":true,"href":"https:\/\/www.oaxaca.gob.mx\/sinfra\/wp-json\/wp\/v2\/tags?post=164"}],"curies":[{"name":"wp","href":"https:\/\/api.w.org\/{rel}","templated":true}]}}