{"id":154,"date":"2016-02-08T18:36:43","date_gmt":"2016-02-09T00:36:43","guid":{"rendered":"https:\/\/www.oaxaca.gob.mx\/sinfra\/?page_id=154"},"modified":"2016-02-08T18:36:43","modified_gmt":"2016-02-09T00:36:43","slug":"asesoria-y-apoyo-para-autoridades-municipales","status":"publish","type":"page","link":"https:\/\/www.oaxaca.gob.mx\/sinfra\/asesoria-y-apoyo-para-autoridades-municipales\/","title":{"rendered":"Asesor\u00eda y Apoyo para Autoridades Municipales"},"content":{"rendered":"<p>\t\t\t\t<a href=\"\/sinfra\/?p=162\">PLANEACI\u00d3N URBANA<\/a><\/p>\n<p><a href=\"\/sinfra\/?p=164\">ADMINISTRACI\u00d3N URBANA<\/a><\/p>\n<p><a href=\"\/sinfra\/?p=167\">PROYECTOS Y DISE\u00d1O URBANO<\/a><\/p>\n<p><a href=\"\/sinfra\/?p=170\">DIRECTOR RESPONSABLE DE OBRA<\/a><\/p>\n<p><a href=\"\/sinfra\/?p=173\">MARCO JUR\u00cdDICO<\/a>\t\t<\/p>\n","protected":false},"excerpt":{"rendered":"<p>PLANEACI\u00d3N URBANA ADMINISTRACI\u00d3N URBANA PROYECTOS Y DISE\u00d1O URBANO DIRECTOR RESPONSABLE DE OBRA MARCO JUR\u00cdDICO<\/p>\n","protected":false},"author":1,"featured_media":0,"parent":0,"menu_order":0,"comment_status":"closed","ping_status":"closed","template":"","meta":{"episode_type":"","audio_file":"","podmotor_file_id":"","podmotor_episode_id":"","cover_image":"","cover_image_id":"","duration":"","filesize":"","filesize_raw":"","date_recorded":"","explicit":"","block":"","itunes_episode_number":"","itunes_title":"","itunes_season_number":"","itunes_episode_type":"","footnotes":""},"categories":[],"tags":[],"class_list":["post-154","page","type-page","status-publish","hentry"],"acf":[],"publishpress_future_action":{"enabled":false,"date":"2026-05-23 20:07:26","action":"change-status","newStatus":"draft","terms":[],"taxonomy":"category","extraData":[]},"publishpress_future_workflow_manual_trigger":{"enabledWorkflows":[]},"_links":{"self":[{"href":"https:\/\/www.oaxaca.gob.mx\/sinfra\/wp-json\/wp\/v2\/pages\/154","targetHints":{"allow":["GET"]}}],"collection":[{"href":"https:\/\/www.oaxaca.gob.mx\/sinfra\/wp-json\/wp\/v2\/pages"}],"about":[{"href":"https:\/\/www.oaxaca.gob.mx\/sinfra\/wp-json\/wp\/v2\/types\/page"}],"author":[{"embeddable":true,"href":"https:\/\/www.oaxaca.gob.mx\/sinfra\/wp-json\/wp\/v2\/users\/1"}],"replies":[{"embeddable":true,"href":"https:\/\/www.oaxaca.gob.mx\/sinfra\/wp-json\/wp\/v2\/comments?post=154"}],"version-history":[{"count":0,"href":"https:\/\/www.oaxaca.gob.mx\/sinfra\/wp-json\/wp\/v2\/pages\/154\/revisions"}],"wp:attachment":[{"href":"https:\/\/www.oaxaca.gob.mx\/sinfra\/wp-json\/wp\/v2\/media?parent=154"}],"wp:term":[{"taxonomy":"category","embeddable":true,"href":"https:\/\/www.oaxaca.gob.mx\/sinfra\/wp-json\/wp\/v2\/categories?post=154"},{"taxonomy":"post_tag","embeddable":true,"href":"https:\/\/www.oaxaca.gob.mx\/sinfra\/wp-json\/wp\/v2\/tags?post=154"}],"curies":[{"name":"wp","href":"https:\/\/api.w.org\/{rel}","templated":true}]}}