{"id":148,"date":"2016-02-08T18:15:51","date_gmt":"2016-02-09T00:15:51","guid":{"rendered":"https:\/\/www.oaxaca.gob.mx\/sinfra\/?page_id=148"},"modified":"2025-10-28T15:06:57","modified_gmt":"2025-10-28T21:06:57","slug":"padron-de-directores-responsables-de-obra-del-estado","status":"publish","type":"page","link":"https:\/\/www.oaxaca.gob.mx\/sinfra\/padron-de-directores-responsables-de-obra-del-estado\/","title":{"rendered":"Padr\u00f3n de Directores Responsables de Obra del Estado"},"content":{"rendered":"<h3 style=\"color: #9D2449\">Aviso:<\/h3>\n<p><P>Las credenciales y Oficios de Autorizaci\u00f3n como Director Responsable de Obra podr\u00e1n ser verificados con cualquier dispositivo m\u00f3vil con c\u00e1mara, mediante la lectura del c\u00f3digo QR integrado en ellos y conexi\u00f3n a internet.<\/P><\/p>\n<nav style=\"margin-bottom: 30px\">\n<a href=\"https:\/\/bit.ly\/droValTrm\" class=\"su-button su-button-style-default\" style=\"color:#FFFFFF;background-color:#B38E5D;border-color:#90724b;border-radius:5px\" target=\"_blank\" rel=\"noopener noreferrer\"><span style=\"color:#FFFFFF;padding:0px 16px;font-size:13px;line-height:26px;border-color:#cab08e;border-radius:5px;text-shadow:none\"> Consulta de Estatus de Tr\u00e1mite<\/span><\/a>\n<a href=\"https:\/\/bit.ly\/droTablero\" class=\"su-button su-button-style-default\" style=\"color:#FFFFFF;background-color:#9D2449;border-color:#7e1d3b;border-radius:5px\" target=\"_blank\" rel=\"noopener noreferrer\"><span style=\"color:#FFFFFF;padding:0px 16px;font-size:13px;line-height:26px;border-color:#bb6680;border-radius:5px;text-shadow:none\"> Tablero de Avisos<\/span><\/a><\/br><\/p>\n<div class=\"su-tabs su-tabs-style-default su-tabs-mobile-stack\" data-active=\"1\" data-scroll-offset=\"0\" data-anchor-in-url=\"no\"><div class=\"su-tabs-nav\"><span class=\"\" data-url=\"\" data-target=\"blank\" tabindex=\"0\" role=\"button\">DIRECTORIO DE LA CADRO<\/span><span class=\"\" data-url=\"\" data-target=\"blank\" tabindex=\"0\" role=\"button\">PADRON DE D.R.O<\/span><span class=\"\" data-url=\"\" data-target=\"blank\" tabindex=\"0\" role=\"button\">REQUISITOS Y FORMATOS<\/span><\/div><div class=\"su-tabs-panes\"><div class=\"su-tabs-pane su-u-clearfix su-u-trim\" data-title=\"DIRECTORIO DE LA CADRO\">\n<h3>Integrantes de la Comisi\u00f3n de Admisi\u00f3n de Directores Responsables de Obra<\/h3>\n\n<table id=\"tablepress-27\" class=\"tablepress tablepress-id-27\">\n<thead>\n<tr class=\"row-1\">\n\t<th class=\"column-1\">NOMBRE<\/th><th class=\"column-2\">CARGO<\/th>\n<\/tr>\n<\/thead>\n<tbody class=\"row-striping row-hover\">\n<tr class=\"row-2\">\n\t<td class=\"column-1\">Ing. Carlos Alberto Barahona Torres<\/td><td class=\"column-2\">Presidente de la CADRO.<\/td>\n<\/tr>\n<tr class=\"row-3\">\n\t<td class=\"column-1\">Arq. Victor Manuel Hern\u00e1ndez Como<\/td><td class=\"column-2\">Representante Propietario por el Colegio de Arquitectos del Estado de Oaxaca, A.C.<\/td>\n<\/tr>\n<tr class=\"row-4\">\n\t<td class=\"column-1\">Arq. Eligio Ju\u00e1rez P\u00e9rez<\/td><td class=\"column-2\">Representante suplente por el Colegio de Arquitectos del Estado de Oaxaca, A.C.<\/td>\n<\/tr>\n<tr class=\"row-5\">\n\t<td class=\"column-1\">Ing. Marco Tulio Caballero Villegas<\/td><td class=\"column-2\">Representante Propietario del Colegio de Ingenieros Civiles de Oaxaca, A.C.<\/td>\n<\/tr>\n<tr class=\"row-6\">\n\t<td class=\"column-1\">Ing. Rafael Mart\u00edn Esc\u00e1rraga Reyes<\/td><td class=\"column-2\">Representante suplente del Colegio de Ingenieros Civiles de Oaxaca, A.C.<\/td>\n<\/tr>\n<tr class=\"row-7\">\n\t<td class=\"column-1\">Arq. Ericel Adolfo P\u00e9rez Rosales<\/td><td class=\"column-2\">Representante Propietario del Colegio Libre e Independiente de Arquitectos de Oaxaca, A.C.<\/td>\n<\/tr>\n<tr class=\"row-8\">\n\t<td class=\"column-1\">Arq. Aid\u00e9e X\u00f3chitl Hern\u00e1ndez Espina<\/td><td class=\"column-2\">Representante suplente del Colegio Libre e Independiente de Arquitectos de Oaxaca, A.C.<\/td>\n<\/tr>\n<tr class=\"row-9\">\n\t<td class=\"column-1\">Ing. Leobardo Manuel Cruz Hern\u00e1ndez<\/td><td class=\"column-2\">Representante Propietario del Colegio Oaxaque\u00f1o de Ingenieros Civiles, Unidos para el Desarrollo del Estado, A.C.<\/td>\n<\/tr>\n<tr class=\"row-10\">\n\t<td class=\"column-1\">Ing. Luis Enrique Ram\u00edrez Vera<\/td><td class=\"column-2\">Representante suplente del Colegio Oaxaque\u00f1o de Ingenieros Civiles, Unidos para el Desarrollo del Estado, A.C.<\/td>\n<\/tr>\n<tr class=\"row-11\">\n\t<td class=\"column-1\">Ing. Jos\u00e9 Luis Mart\u00ednez Pe\u00f1a<\/td><td class=\"column-2\">Representante Propietario por la C\u00e1mara Nacional de Empresas de Consultor\u00eda.<\/td>\n<\/tr>\n<tr class=\"row-12\">\n\t<td class=\"column-1\">Ing. Rolando Ortiz Ramos<\/td><td class=\"column-2\">Representante Suplente por la C\u00e1mara Nacional de Empresas de Consultor\u00eda.<\/td>\n<\/tr>\n<tr class=\"row-13\">\n\t<td class=\"column-1\">Ing. Marco Antonio Castellanos Roldan<\/td><td class=\"column-2\">Representante Propietario por la C\u00e1mara Mexicana de la Industria de la Construcci\u00f3n, Delegaci\u00f3n Oaxaca.<\/td>\n<\/tr>\n<tr class=\"row-14\">\n\t<td class=\"column-1\">Ing. Humberto Garc\u00eda Cruz<\/td><td class=\"column-2\">Representante suplente por la C\u00e1mara Mexicana de la Industria de la Construcci\u00f3n, Delegaci\u00f3n Oaxaca.<\/td>\n<\/tr>\n<\/tbody>\n<\/table>\n<!-- #tablepress-27 from cache -->\n<\/div>\n<div class=\"su-tabs-pane su-u-clearfix su-u-trim\" data-title=\"PADRON DE D.R.O\">\n<a href=\"https:\/\/www.oaxaca.gob.mx\/sinfra\/wp-content\/uploads\/sites\/14\/2024\/06\/Padron.DRO_.2024.pdf\" target=\"_blank\" rel=\"noopener noreferrer\"><i class=\"far fa-file-pdf fa-2x\"><\/i> Padr\u00f3n D.R.O. 2024<\/a>\t<\/BR><br \/>\n<a href=\"https:\/\/www.oaxaca.gob.mx\/sinfra\/wp-content\/uploads\/sites\/14\/2024\/01\/padron.dro_.2023.pdf\" target=\"_blank\" rel=\"noopener noreferrer\"><i class=\"far fa-file-pdf fa-2x\"><\/i> Padr\u00f3n D.R.O. 2023<\/a><br \/>\n<\/div>\n<div class=\"su-tabs-pane su-u-clearfix su-u-trim\" data-title=\"REQUISITOS Y FORMATOS\">\n<h3>Requisitos y Formatos para Directores Responsables de Obra<\/h3>\n<p>        \n<table id=\"tablepress-32\" class=\"tablepress tablepress-id-32\">\n<thead>\n<tr class=\"row-1\">\n\t<th class=\"column-1\">TR\u00c1MITE<\/th><th class=\"column-2\">FORMATO<\/th>\n<\/tr>\n<\/thead>\n<tbody class=\"row-striping row-hover\">\n<tr class=\"row-2\">\n\t<td class=\"column-1\">Solicitud de Registro<\/td><td class=\"column-2\"><a href=\"https:\/\/www.oaxaca.gob.mx\/sinfra\/wp-content\/uploads\/sites\/14\/2025\/12\/rqs01rgDRO.pdf\" target=\"_blank\" rel=\"noopener\"><i class=\"far fa-file-pdf fa-2x\"><\/i><\/a><\/td>\n<\/tr>\n<tr class=\"row-3\">\n\t<td class=\"column-1\">Solicitud de Revalidaci\u00f3n<\/td><td class=\"column-2\"><a href=\"https:\/\/www.oaxaca.gob.mx\/sinfra\/wp-content\/uploads\/sites\/14\/2025\/12\/rqs02rvDRO.pdf\" target=\"_blank\" rel=\"noopener\"><i class=\"far fa-file-pdf fa-2x\"><\/i><\/a><\/td>\n<\/tr>\n<tr class=\"row-4\">\n\t<td class=\"column-1\">Solicitud de Reclasificaci\u00f3n<\/td><td class=\"column-2\"><a href=\"https:\/\/www.oaxaca.gob.mx\/sinfra\/wp-content\/uploads\/sites\/14\/2025\/12\/rqs03rcDRO.pdf\" target=\"_blank\" rel=\"noopener\"><i class=\"far fa-file-pdf fa-2x\"><\/i><\/a><\/td>\n<\/tr>\n<tr class=\"row-5\">\n\t<td class=\"column-1\">Solicitud de Reposici\u00f3n<\/td><td class=\"column-2\"><a href=\"https:\/\/www.oaxaca.gob.mx\/sinfra\/wp-content\/uploads\/sites\/14\/2025\/12\/rqs04rpDRO.pdf\" target=\"_blank\" rel=\"noopener\"><i class=\"far fa-file-pdf fa-2x\"><\/i><\/a><\/td>\n<\/tr>\n<tr class=\"row-6\">\n\t<td class=\"column-1\">Solicitud de B\u00fasqueda<\/td><td class=\"column-2\"><a href=\"https:\/\/www.oaxaca.gob.mx\/sinfra\/wp-content\/uploads\/sites\/14\/2025\/12\/rqs05bqDRO.pdf\" target=\"_blank\" rel=\"noopener\"><i class=\"far fa-file-pdf fa-2x\"><\/i><\/a><\/td>\n<\/tr>\n<\/tbody>\n<\/table>\n<!-- #tablepress-32 from cache -->\n<\/div><\/div><\/div>\n","protected":false},"excerpt":{"rendered":"<p>Aviso: Las credenciales y Oficios de Autorizaci\u00f3n como Director Responsable de Obra podr\u00e1n ser verificados con cualquier dispositivo m\u00f3vil con c\u00e1mara, mediante la lectura del c\u00f3digo QR integrado en ellos y conexi\u00f3n a internet.<\/p>\n","protected":false},"author":1,"featured_media":0,"parent":0,"menu_order":0,"comment_status":"closed","ping_status":"closed","template":"","meta":{"episode_type":"","audio_file":"","podmotor_file_id":"","podmotor_episode_id":"","cover_image":"","cover_image_id":"","duration":"","filesize":"","filesize_raw":"","date_recorded":"","explicit":"","block":"","itunes_episode_number":"","itunes_title":"","itunes_season_number":"","itunes_episode_type":"","footnotes":""},"categories":[],"tags":[],"class_list":["post-148","page","type-page","status-publish","hentry"],"acf":[],"publishpress_future_action":{"enabled":false,"date":"2026-05-01 09:32:35","action":"change-status","newStatus":"draft","terms":[],"taxonomy":"category","extraData":[]},"publishpress_future_workflow_manual_trigger":{"enabledWorkflows":[]},"_links":{"self":[{"href":"https:\/\/www.oaxaca.gob.mx\/sinfra\/wp-json\/wp\/v2\/pages\/148","targetHints":{"allow":["GET"]}}],"collection":[{"href":"https:\/\/www.oaxaca.gob.mx\/sinfra\/wp-json\/wp\/v2\/pages"}],"about":[{"href":"https:\/\/www.oaxaca.gob.mx\/sinfra\/wp-json\/wp\/v2\/types\/page"}],"author":[{"embeddable":true,"href":"https:\/\/www.oaxaca.gob.mx\/sinfra\/wp-json\/wp\/v2\/users\/1"}],"replies":[{"embeddable":true,"href":"https:\/\/www.oaxaca.gob.mx\/sinfra\/wp-json\/wp\/v2\/comments?post=148"}],"version-history":[{"count":2,"href":"https:\/\/www.oaxaca.gob.mx\/sinfra\/wp-json\/wp\/v2\/pages\/148\/revisions"}],"predecessor-version":[{"id":14676,"href":"https:\/\/www.oaxaca.gob.mx\/sinfra\/wp-json\/wp\/v2\/pages\/148\/revisions\/14676"}],"wp:attachment":[{"href":"https:\/\/www.oaxaca.gob.mx\/sinfra\/wp-json\/wp\/v2\/media?parent=148"}],"wp:term":[{"taxonomy":"category","embeddable":true,"href":"https:\/\/www.oaxaca.gob.mx\/sinfra\/wp-json\/wp\/v2\/categories?post=148"},{"taxonomy":"post_tag","embeddable":true,"href":"https:\/\/www.oaxaca.gob.mx\/sinfra\/wp-json\/wp\/v2\/tags?post=148"}],"curies":[{"name":"wp","href":"https:\/\/api.w.org\/{rel}","templated":true}]}}