{"id":14029,"date":"2025-05-15T22:20:24","date_gmt":"2025-05-16T04:20:24","guid":{"rendered":"https:\/\/www.oaxaca.gob.mx\/sinfra\/?page_id=14029"},"modified":"2025-12-11T15:03:06","modified_gmt":"2025-12-11T21:03:06","slug":"pruebas_directorio","status":"publish","type":"page","link":"https:\/\/www.oaxaca.gob.mx\/sinfra\/mi_obra_primavera\/","title":{"rendered":"Mi Obra Primavera"},"content":{"rendered":"<div style=\"max-width:1000px;margin:0 auto;font-family:Montserrat;background:#ffffff;border-radius:8px;overflow:hidden\">\n  <img loading=\"lazy\" decoding=\"async\" src=\"https:\/\/www.oaxaca.gob.mx\/sinfra\/wp-content\/uploads\/sites\/14\/2025\/12\/IMG_miobraprin.jpg\" width=\"1000\" height=\"250\"><\/p>\n<div align=\"center\" style=\"font-size: 20px;padding:0px;line-height:1.5\">\n<P>El Gobierno del Estado de Oaxaca<br \/>\n<strong>CONVOCA A:<\/strong><br \/>\nMunicipios del Estado de Oaxaca que cumplan con los requisitos y criterios de elegibilidad<\/br><br \/>\n<strong>CARACTER\u00cdSTICAS DEL PROGRAMA<\/strong><br \/>\nConsiste en la entrega de materiales para que los municipios participantes implementen obras de infraestructura educativa y vivienda; es decir, aulas y pisos firmes, donde se fomente la participaci\u00f3n social a trav\u00e9s de Comit\u00e9s de Obra y la colaboraci\u00f3n con tequio.<\/br><br \/>\n<strong>Para acceder a este programa, deber\u00e1n reunir los siguientes requisitos:<\/strong><\/br><\/P>\n <\/div>\n<div style=\"padding:30px\">\n<h3 style=\"color:#7a1f2b\">Para la mejora de la vivienda<\/h3>\n<div style=\"background:#f8f9fb;border-left:6px solid #7a1f2b;padding:20px;margin-bottom:25px;font-size: 16px\">\n<ol>\n<li>Residir en alguno de los municipios del estado de Oaxaca<\/li>\n<li>Que compruebe la necesidad de mejora en su vivienda<\/li>\n<li>Acreditar la residencia mediante documento emitido por la autoridad municipal<\/li>\n<\/ol>\n<p>         <strong>Documentaci\u00f3n requerida<\/strong><\/p>\n<ol type=\"a\">\n<li>Comprobante de domicilio con una vigencia no mayor a 3 meses.<\/li>\n<li>Dosfotograf\u00edas (una de la fachada y otra del interior de la vivienda).<\/li>\n<\/ol>\n<\/p><\/div>\n<h3 style=\"color:#7a1f2b\">Para infraestructura educativa (Aulas)<\/h3>\n<div style=\"background:#f8f9fb;border-left:6px solid #7a1f2b;padding:20px;margin-bottom:25px;font-size: 16px\">\n<ol>\n<li>Que la escuela se encuentre en uno de los municipios del estado de Oaxaca<\/li>\n<li>Que se compruebe la necesidad de mejora en su infraestructura.<\/li>\n<li>Acreditar la propiedad del inmueble de acuerdo al tipo de r\u00e9gimen.<\/li>\n<\/ol>\n<p>         <strong>Documentaci\u00f3n requerida<\/strong><\/p>\n<ol type=\"a\">\n<li>Solicitud escrita del presidente o la presidenta municipal<\/li>\n<li>Acta de integraci\u00f3n del comit\u00e9 de Obra y Participaci\u00f3n Social.<\/li>\n<li>Croquis de localizaci\u00f3n de inmueble a intervenir<\/li>\n<li>Fotograf\u00edas georreferenciadas del lugar donde se requiere la obra.<\/li>\n<li>Acreditar la propiedad privada o posesi\u00f3n leg\u00edtima del inmueble.<\/li>\n<li>Carta responsiva del Director Responsable de Obra (DRO).<\/li>\n<\/ol>\n<\/p><\/div>\n<div style=\"font-size: 16px;padding:0px;line-height:1.5\">\n<h3>BASES DEL PROGRAMA<\/h3>\n<ol type=\"I\">\n<li>La <strong>instancia normativa seleccionar\u00e1 <\/strong>a los municipios beneficiados que cumplan con los requisitos de elegibilidad.<\/li>\n<li>Despues de la selecci\u00f3n, la instancia normativa <strong>notificar\u00e1 a los municipios <\/strong>elegidos para la integraci\u00f3n de los requisitos.<\/li>\n<li><strong>La autoridad municipal<\/strong> conformar\u00e1 los expedientes de los habitantes para la asignaci\u00f3n de los apoyos<\/li>\n<li><strong>Concluida la etapa de integraci\u00f3n y comprobaci\u00f3n<\/strong> de los requisitos, se suscribir\u00e1 un convenio de colaboraci\u00f3n entre el municipio y el Gobierno del Estado.<\/li>\n<li>Cada proyecto <strong>ser\u00e1 verificado<\/strong> para asegurar su correcta ejecuci\u00f3n.<\/li>\n<\/ol>\n<p><strong><i>*Lo no previsto en la presente convocatoria ser\u00e1 resuelto por la instancia normativa.<\/i><\/strong><\/P>\n   <\/div>\n<p><\/BR><\/p>\n<div style=\"font-size: 16px\">\n<h3 style=\"color:#7a1f2b\">CONVOCATORIA ABIERTA<\/h3>\n<p><strong>FECHAS:<\/strong><\/BR> Del 20 de junio al 24 de junio de 2025<\/p>\n<p><\/BR><\/p>\n<p><strong>MAYORES INFORMES:<\/strong><\/BR>Comunicarse al tel\u00e9fono <strong>951 501 69 00 EXT. 25160<\/strong> o bien acudir a las oficinas ubicadas en el Centro Administrativo del Poder Ejecutivo y Judicial, <strong>edificio \u201cHeliodoro Charis Castro\u201d<\/strong>, planta baja, Unidad de Gesti\u00f3n y Concertaci\u00f3n.<\/p>\n<p><strong>Horario:<\/strong> Lunes a viernes de 09:00 a 17:00 horas<\/p>\n<\/p><\/div>\n<\/p><\/div>\n<\/div>\n","protected":false},"excerpt":{"rendered":"<p>El Gobierno del Estado de Oaxaca CONVOCA A: Municipios del Estado de Oaxaca que cumplan con los requisitos y criterios de elegibilidad CARACTER\u00cdSTICAS DEL PROGRAMA Consiste en la entrega de materiales para que los municipios participantes implementen obras de infraestructura educativa y vivienda; es decir, aulas y pisos firmes, donde se fomente la participaci\u00f3n social [&hellip;]<\/p>\n","protected":false},"author":14,"featured_media":0,"parent":0,"menu_order":0,"comment_status":"closed","ping_status":"closed","template":"","meta":{"episode_type":"","audio_file":"","podmotor_file_id":"","podmotor_episode_id":"","cover_image":"","cover_image_id":"","duration":"","filesize":"","filesize_raw":"","date_recorded":"","explicit":"","block":"","itunes_episode_number":"","itunes_title":"","itunes_season_number":"","itunes_episode_type":"","footnotes":""},"categories":[],"tags":[],"class_list":["post-14029","page","type-page","status-publish","hentry"],"acf":[],"publishpress_future_action":{"enabled":false,"date":"2026-05-23 20:07:34","action":"change-status","newStatus":"draft","terms":[],"taxonomy":"category","extraData":[]},"publishpress_future_workflow_manual_trigger":{"enabledWorkflows":[]},"_links":{"self":[{"href":"https:\/\/www.oaxaca.gob.mx\/sinfra\/wp-json\/wp\/v2\/pages\/14029","targetHints":{"allow":["GET"]}}],"collection":[{"href":"https:\/\/www.oaxaca.gob.mx\/sinfra\/wp-json\/wp\/v2\/pages"}],"about":[{"href":"https:\/\/www.oaxaca.gob.mx\/sinfra\/wp-json\/wp\/v2\/types\/page"}],"author":[{"embeddable":true,"href":"https:\/\/www.oaxaca.gob.mx\/sinfra\/wp-json\/wp\/v2\/users\/14"}],"replies":[{"embeddable":true,"href":"https:\/\/www.oaxaca.gob.mx\/sinfra\/wp-json\/wp\/v2\/comments?post=14029"}],"version-history":[{"count":2,"href":"https:\/\/www.oaxaca.gob.mx\/sinfra\/wp-json\/wp\/v2\/pages\/14029\/revisions"}],"predecessor-version":[{"id":14767,"href":"https:\/\/www.oaxaca.gob.mx\/sinfra\/wp-json\/wp\/v2\/pages\/14029\/revisions\/14767"}],"wp:attachment":[{"href":"https:\/\/www.oaxaca.gob.mx\/sinfra\/wp-json\/wp\/v2\/media?parent=14029"}],"wp:term":[{"taxonomy":"category","embeddable":true,"href":"https:\/\/www.oaxaca.gob.mx\/sinfra\/wp-json\/wp\/v2\/categories?post=14029"},{"taxonomy":"post_tag","embeddable":true,"href":"https:\/\/www.oaxaca.gob.mx\/sinfra\/wp-json\/wp\/v2\/tags?post=14029"}],"curies":[{"name":"wp","href":"https:\/\/api.w.org\/{rel}","templated":true}]}}