{"id":1270,"date":"2017-01-27T17:24:53","date_gmt":"2017-01-27T23:24:53","guid":{"rendered":"https:\/\/www.oaxaca.gob.mx\/sinfra\/?page_id=1270"},"modified":"2017-01-27T17:24:53","modified_gmt":"2017-01-27T23:24:53","slug":"leyes-estatales","status":"publish","type":"page","link":"https:\/\/www.oaxaca.gob.mx\/sinfra\/leyes-estatales\/","title":{"rendered":"LEYES ESTATALES"},"content":{"rendered":"<table style=\"margin: 0 auto\" border=\"1\" cellspacing=\"30\">\n<tbody><!-- TITULOS DE LAS TABLAS --><\/p>\n<tr>\n<td width=\"100\">\n<div style=\"text-align: center\"><H4><b>ARCHIVO<\/b><\/H4><\/div>\n<\/td>\n<td width=\"400\" style=\"text-align: center\"><H4><b>NOMBRE<\/b><\/H4><\/td>\n<\/tr>\n<p><!-- FILA 1 --><\/p>\n<tr>\n<td style=\"text-align: center\"><a href=\"https:\/\/www.oaxaca.gob.mx\/sinfra\/wp-content\/uploads\/sites\/14\/2017\/01\/4_LEY_DE_COORDINACION_FISCAL.pdf\" target=\"_blank\" rel=\"noopener noreferrer\"><i class=\"far fa-file-pdf fa-2x\"><\/i><\/a><\/td>\n<td width=\"400\">Ley de Coordinaci\u00f3n Fiscal<\/td>\n<\/tr>\n<p><!--FILA 2 --><\/p>\n<tr>\n<td style=\"text-align: center\"><a href=\"https:\/\/www.oaxaca.gob.mx\/sinfra\/wp-content\/uploads\/sites\/14\/2017\/01\/6_LEY_DE_ENTIDADES_PARAESTATALES.pdf\" target=\"_blank\" rel=\"noopener noreferrer\"><i class=\"far fa-file-pdf fa-2x\"><\/i><\/a><\/td>\n<td>Ley de Entidades Paraestatales<\/td>\n<\/tr>\n<p><!--FILA 3 --><\/p>\n<tr>\n<td style=\"text-align: center\"><a href=\"https:\/\/www.oaxaca.gob.mx\/sinfra\/wp-content\/uploads\/sites\/14\/2017\/01\/9_LEY_DE_OBRAS_PUBLICAS_Y_SERVICIOS.pdf\" target=\"_blank\" rel=\"noopener noreferrer\"><i class=\"far fa-file-pdf fa-2x\"><\/i><\/a><\/td>\n<td>Ley de Obras P\u00fablicas y Servicios<\/td>\n<\/tr>\n<p><!--FILA 4 --><\/p>\n<tr>\n<td style=\"text-align: center\"><a href=\"https:\/\/www.oaxaca.gob.mx\/sinfra\/wp-content\/uploads\/sites\/14\/2017\/01\/12_LEY_DE_TRANSPARENCIA_Y_ACCESO.pdf\" target=\"_blank\" rel=\"noopener noreferrer\"><i class=\"far fa-file-pdf fa-2x\"><\/i><\/a><\/td>\n<td>Ley de Transparencia y Acceso<\/td>\n<\/tr>\n<p><!--FILA 5 --><\/p>\n<tr>\n<td style=\"text-align: center\"><a href=\"https:\/\/www.oaxaca.gob.mx\/sinfra\/wp-content\/uploads\/sites\/14\/2017\/01\/13_LEY_ESTATAL_DE_ASOCIACIONES_PUBLICOPRIVADAS-1.pdf\" target=\"_blank\" rel=\"noopener noreferrer\"><i class=\"far fa-file-pdf fa-2x\"><\/i><\/a><\/td>\n<td>Ley de Asociaciones P\u00fablico Privadas<\/td>\n<\/tr>\n<p><!--FILA 6 --><\/p>\n<tr>\n<td style=\"text-align: center\"><a href=\"https:\/\/www.oaxaca.gob.mx\/sinfra\/wp-content\/uploads\/sites\/14\/2017\/01\/16_LEY_ESTATAL_DE_PLANEACION-1.pdf\" target=\"_blank\" rel=\"noopener noreferrer\"><i class=\"far fa-file-pdf fa-2x\"><\/i><\/a><\/td>\n<td>Ley Estatal de Planeaci\u00f3n<\/td>\n<\/tr>\n<p><!--FILA 7 --><\/p>\n<tr>\n<td style=\"text-align: center\"><a href=\"https:\/\/www.oaxaca.gob.mx\/sinfra\/wp-content\/uploads\/sites\/14\/2017\/01\/19_LEY_ORGANICA_DEL_PODER_EJECUTIVO-3.pdf\" target=\"_blank\" rel=\"noopener noreferrer\"><i class=\"far fa-file-pdf fa-2x\"><\/i><\/a><\/td>\n<td>Ley Organica del Poder Ejecutivo<\/td>\n<\/tr>\n<p><!--FILA 8 --><\/p>\n<tr>\n<td style=\"text-align: center\"><a href=\"https:\/\/www.oaxaca.gob.mx\/sinfra\/wp-content\/uploads\/sites\/14\/2017\/01\/20_LEY_ORGANICA_MUNICIPAL.pdf\" target=\"_blank\" rel=\"noopener noreferrer\"><i class=\"far fa-file-pdf fa-2x\"><\/i><\/a><\/td>\n<td>Ley Org\u00e1nica Municipal<\/td>\n<\/tr>\n<p><!--FILA 9 --><\/p>\n<tr>\n<td style=\"text-align: center\"><a href=\"https:\/\/www.oaxaca.gob.mx\/sinfra\/wp-content\/uploads\/sites\/14\/2017\/01\/LEY-_COORDINACION_ESTATAL_ZONAS_ECONOMICAS_ESPECIALES_ORDENAMIENTO_TERRITORAL.pdf\" target=\"_blank\" rel=\"noopener noreferrer\"><i class=\"far fa-file-pdf fa-2x\"><\/i><\/a><\/td>\n<td width=\"400\">Ley de Coordinaci\u00f3n Estatal de las zonas econ\u00f3micas especiales y Ley Ordenamiento Territorial<\/td>\n<\/tr>\n<p><!--FILA 10 --><\/p>\n<tr>\n<td style=\"text-align: center\"><a href=\"https:\/\/www.oaxaca.gob.mx\/sinfra\/wp-content\/uploads\/sites\/14\/2017\/01\/LEY_DE_DEUDA_PUBLICA.pdf\" target=\"_blank\" rel=\"noopener noreferrer\"><i class=\"far fa-file-pdf fa-2x\"><\/i><\/a><\/td>\n<td>Ley de deuda P\u00fablica<\/td>\n<\/tr>\n<p><!--FILA 11 --><\/p>\n<tr>\n<td style=\"text-align: center\"><a href=\"https:\/\/www.oaxaca.gob.mx\/sinfra\/wp-content\/uploads\/sites\/14\/2017\/01\/LEY_ESTATAL_DE_DERECHOS.pdf\" target=\"_blank\" rel=\"noopener noreferrer\"><i class=\"far fa-file-pdf fa-2x\"><\/i><\/a><\/td>\n<td>Ley Estatal de Derechos<\/td>\n<\/tr>\n<p><!--FILA 12 --><\/p>\n<tr>\n<td style=\"text-align: center\"><a href=\"https:\/\/www.oaxaca.gob.mx\/sinfra\/wp-content\/uploads\/sites\/14\/2017\/01\/LEY_ESTATAL_DE_PRESUPUESTO_Y_RESPONSABILIDAD_HACENDARIA.pdf\" target=\"_blank\" rel=\"noopener noreferrer\"><i class=\"far fa-file-pdf fa-2x\"><\/i><\/a><\/td>\n<td>Ley Estatal de presupuesto y responsabilidad Hacendar\u00eda<\/td>\n<\/tr>\n<p><!--FILA 13 --><\/p>\n<tr>\n<td style=\"text-align: center\"><a href=\"https:\/\/www.oaxaca.gob.mx\/sinfra\/wp-content\/uploads\/sites\/14\/2017\/01\/CONSTITUCION_POLITICA_DEL_ESTADO_LIBRE_Y_SOBERANO_DE_OAXACA.pdf\" target=\"_blank\" rel=\"noopener noreferrer\"><i class=\"far fa-file-pdf fa-2x\"><\/i><\/a><\/td>\n<td>Constituci\u00f3n Pol\u00edtica del Estado Libre y Soberano de Oaxaca<\/td>\n<\/tr>\n<p><!--SE CIERRA LA TABLA --><\/tbody>\n<\/table>\n","protected":false},"excerpt":{"rendered":"<p>ARCHIVO NOMBRE Ley de Coordinaci\u00f3n Fiscal Ley de Entidades Paraestatales Ley de Obras P\u00fablicas y Servicios Ley de Transparencia y Acceso Ley de Asociaciones P\u00fablico Privadas Ley Estatal de Planeaci\u00f3n Ley Organica del Poder Ejecutivo Ley Org\u00e1nica Municipal Ley de Coordinaci\u00f3n Estatal de las zonas econ\u00f3micas especiales y Ley Ordenamiento Territorial Ley de deuda P\u00fablica [&hellip;]<\/p>\n","protected":false},"author":1,"featured_media":0,"parent":0,"menu_order":0,"comment_status":"closed","ping_status":"closed","template":"","meta":{"episode_type":"","audio_file":"","podmotor_file_id":"","podmotor_episode_id":"","cover_image":"","cover_image_id":"","duration":"","filesize":"","filesize_raw":"","date_recorded":"","explicit":"","block":"","itunes_episode_number":"","itunes_title":"","itunes_season_number":"","itunes_episode_type":"","footnotes":""},"categories":[],"tags":[],"class_list":["post-1270","page","type-page","status-publish","hentry"],"acf":[],"publishpress_future_action":{"enabled":false,"date":"2026-05-23 20:07:35","action":"change-status","newStatus":"draft","terms":[],"taxonomy":"category","extraData":[]},"publishpress_future_workflow_manual_trigger":{"enabledWorkflows":[]},"_links":{"self":[{"href":"https:\/\/www.oaxaca.gob.mx\/sinfra\/wp-json\/wp\/v2\/pages\/1270","targetHints":{"allow":["GET"]}}],"collection":[{"href":"https:\/\/www.oaxaca.gob.mx\/sinfra\/wp-json\/wp\/v2\/pages"}],"about":[{"href":"https:\/\/www.oaxaca.gob.mx\/sinfra\/wp-json\/wp\/v2\/types\/page"}],"author":[{"embeddable":true,"href":"https:\/\/www.oaxaca.gob.mx\/sinfra\/wp-json\/wp\/v2\/users\/1"}],"replies":[{"embeddable":true,"href":"https:\/\/www.oaxaca.gob.mx\/sinfra\/wp-json\/wp\/v2\/comments?post=1270"}],"version-history":[{"count":0,"href":"https:\/\/www.oaxaca.gob.mx\/sinfra\/wp-json\/wp\/v2\/pages\/1270\/revisions"}],"wp:attachment":[{"href":"https:\/\/www.oaxaca.gob.mx\/sinfra\/wp-json\/wp\/v2\/media?parent=1270"}],"wp:term":[{"taxonomy":"category","embeddable":true,"href":"https:\/\/www.oaxaca.gob.mx\/sinfra\/wp-json\/wp\/v2\/categories?post=1270"},{"taxonomy":"post_tag","embeddable":true,"href":"https:\/\/www.oaxaca.gob.mx\/sinfra\/wp-json\/wp\/v2\/tags?post=1270"}],"curies":[{"name":"wp","href":"https:\/\/api.w.org\/{rel}","templated":true}]}}