{"id":12471,"date":"2023-08-25T09:43:00","date_gmt":"2023-08-25T15:43:00","guid":{"rendered":"https:\/\/www.oaxaca.gob.mx\/sinfra\/?page_id=12471"},"modified":"2024-04-23T17:44:45","modified_gmt":"2024-04-23T23:44:45","slug":"ordenamiento-territorial","status":"publish","type":"page","link":"https:\/\/www.oaxaca.gob.mx\/sinfra\/ordenamiento-territorial_\/","title":{"rendered":"Ordenamiento Territorial"},"content":{"rendered":"<p><\/br><\/p>\n<h4>Consejo Estatal de Ordenamiento Territorial y Desarrollo Urbano de Oaxaca<\/h4>\n<p><\/br><a href=\"https:\/\/www.oaxaca.gob.mx\/sinfra\/wp-content\/uploads\/sites\/14\/2020\/11\/Sexta-Sesion-Extraordinaria-CEOTDUEO.pdf\" target=\"_blank\" rel=\"noopener noreferrer\"><i class=\"far fa-file-pdf fa-2x\"> <\/i> Sexta Sesi\u00f3n Ordinaria del Consejo Estatal de Ordenamiento Territorial y Desarrollo Urbano 2020<\/a><\/p>\n<p><a href=\"https:\/\/www.oaxaca.gob.mx\/sinfra\/wp-content\/uploads\/sites\/14\/2020\/11\/Quinta-sesion-extraordinaria-del-CEOTyDU.pdf\" target=\"_blank\" rel=\"noopener noreferrer\"><i class=\"far fa-file-pdf fa-2x\"> <\/i> Acta Quinta Sesi\u00f3n Extraordinaria del CEOTyDU 2020.<\/a><\/p>\n<p><a href=\"https:\/\/www.oaxaca.gob.mx\/sinfra\/wp-content\/uploads\/sites\/14\/2020\/11\/Cuarta-sesion-extraordinaria-del-CEOTyDU.pdf\" target=\"_blank\" rel=\"noopener noreferrer\"><i class=\"far fa-file-pdf fa-2x\"> <\/i> Acta Cuarta Sesi\u00f3n Extraordinaria del CEOTyDU 2020.<\/a><\/p>\n<p><a href=\"https:\/\/www.oaxaca.gob.mx\/sinfra\/wp-content\/uploads\/sites\/14\/2020\/11\/ACTA-TERCERA-SESION-EXTRAORDINARIA-CEOTYDU.pdf\" target=\"_blank\" rel=\"noopener noreferrer\"><i class=\"far fa-file-pdf fa-2x\"> <\/i> Acta Tercera Sesi\u00f3n Extraordinaria del CEOTyDU 2019.<\/a><\/p>\n<p><a href=\"https:\/\/www.oaxaca.gob.mx\/sinfra\/wp-content\/uploads\/sites\/14\/2020\/11\/ACTA-SEGUNDA-SESION-EXTRAORDINARIA-CEOTYDU.pdf\" target=\"_blank\" rel=\"noopener noreferrer\"><i class=\"far fa-file-pdf fa-2x\"> <\/i> Acta Segunda Sesi\u00f3n Extraordinaria del CEOTyDU 2019.<\/a><\/p>\n<p><a href=\"https:\/\/www.oaxaca.gob.mx\/sinfra\/wp-content\/uploads\/sites\/14\/2020\/11\/ACTA-PRIMERA-SESION-EXTRAORDINARIA-DEL-CEOTyDU.pdf\" target=\"_blank\" rel=\"noopener noreferrer\"><i class=\"far fa-file-pdf fa-2x\"> <\/i> Acta Primera Sesi\u00f3n Extraordinaria del CEOTyDU 2019.<\/a><\/p>\n<p><a href=\"https:\/\/www.oaxaca.gob.mx\/sinfra\/wp-content\/uploads\/sites\/14\/2020\/11\/ACTA-NOVENA-SESION-ORDINARIA-DEL-CEOTyDU.pdf\" target=\"_blank\" rel=\"noopener noreferrer\"><i class=\"far fa-file-pdf fa-2x\"> <\/i> Acta Novena Sesi\u00f3n Ordinaria del CEOTyDU 2020.<\/a><\/p>\n<p><a href=\"https:\/\/www.oaxaca.gob.mx\/sinfra\/wp-content\/uploads\/sites\/14\/2020\/11\/ACTA-OCTAVA-SESION-ORDINARIA-DEL-CEOTYDU.pdf\" target=\"_blank\" rel=\"noopener noreferrer\"><i class=\"far fa-file-pdf fa-2x\"> <\/i> Acta Octava Sesi\u00f3n Ordinaria del CEOTyDU 2019.<\/a><\/p>\n<p><a href=\"https:\/\/www.oaxaca.gob.mx\/sinfra\/wp-content\/uploads\/sites\/14\/2020\/11\/ACTA-SEPTIMA-SESION-ORDINARIA-DEL-CEOTyDU.pdf\" target=\"_blank\" rel=\"noopener noreferrer\"><i class=\"far fa-file-pdf fa-2x\"> <\/i> Acta Septima Sesi\u00f3n Ordinaria del CEOTyDU 2019.<\/a><\/p>\n<p><a href=\"https:\/\/www.oaxaca.gob.mx\/sinfra\/wp-content\/uploads\/sites\/14\/2020\/11\/ACTA-SEXTA-SESION-ORDINARIA-DEL-CEOTyDU.pdf\" target=\"_blank\" rel=\"noopener noreferrer\"><i class=\"far fa-file-pdf fa-2x\"> <\/i> Acta Sexta Sesi\u00f3n Ordinaria del CEOTyDU 2019.<\/a><\/p>\n<p><a href=\"https:\/\/www.oaxaca.gob.mx\/sinfra\/wp-content\/uploads\/sites\/14\/2020\/11\/ACTA-QUINTA-SESION-ORDINARIA-DEL-CEOTyDU.pdf\" target=\"_blank\" rel=\"noopener noreferrer\"><i class=\"far fa-file-pdf fa-2x\"> <\/i> Acta Quinta Sesi\u00f3n Ordinaria del CEOTyDU 2018.<\/a><\/p>\n<p><a href=\"https:\/\/www.oaxaca.gob.mx\/sinfra\/wp-content\/uploads\/sites\/14\/2020\/11\/ACTA-CUARTA-SESION-ORDINARIA-DEL-CEOTyDU.pdf\" target=\"_blank\" rel=\"noopener noreferrer\"><i class=\"far fa-file-pdf fa-2x\"> <\/i> Acta Cuarta Sesi\u00f3n Ordinaria del CEOTyDU 2018.<\/a><\/p>\n<p><a href=\"https:\/\/www.oaxaca.gob.mx\/sinfra\/wp-content\/uploads\/sites\/14\/2020\/11\/ACTA-TERCERA-SESION-ORDINARIA-DEL-CEOTYDU.pdf\" target=\"_blank\" rel=\"noopener noreferrer\"><i class=\"far fa-file-pdf fa-2x\"> <\/i> Acta Tercera Sesi\u00f3n Ordinaria del CEOTyDU 2018.<\/a><br \/>\n<a href=\"https:\/\/www.oaxaca.gob.mx\/sinfra\/wp-content\/uploads\/sites\/14\/2020\/11\/ACTA-SEGUNDA-SESION-ORDINARIA-DEL-CEOTYDU.pdf\" target=\"_blank\" rel=\"noopener noreferrer\"><i class=\"far fa-file-pdf fa-2x\"> <\/i> Acta Segunda Sesi\u00f3n Ordinaria del CEOTyDU 2018.<\/a><\/p>\n<p><a href=\"https:\/\/www.oaxaca.gob.mx\/sinfra\/wp-content\/uploads\/sites\/14\/2019\/06\/PRIMERA-SESI\u00d3N-CEOTyDU.pdf\" target=\"_blank\" rel=\"noopener noreferrer\"><i class=\"far fa-file-pdf fa-2x\">\u00a0<\/i>Acta Primera Sesi\u00f3n Ordinaria del CEOTyDU 2017.<\/a><\/br><\/p>\n<p><a href=\"https:\/\/www.oaxaca.gob.mx\/sinfra\/wp-content\/uploads\/sites\/14\/2019\/06\/acta-instalaci\u00f3n-CEOTYDU.pdf\" target=\"_blank\" rel=\"noopener noreferrer\"><i class=\"far fa-file-pdf fa-2x\"> <\/i> Acta de Instalaci\u00f3n 2017 <\/a><br \/>\n<\/br><\/p>\n","protected":false},"excerpt":{"rendered":"<p>Consejo Estatal de Ordenamiento Territorial y Desarrollo Urbano de Oaxaca Sexta Sesi\u00f3n Ordinaria del Consejo Estatal de Ordenamiento Territorial y Desarrollo Urbano 2020 Acta Quinta Sesi\u00f3n Extraordinaria del CEOTyDU 2020. Acta Cuarta Sesi\u00f3n Extraordinaria del CEOTyDU 2020. Acta Tercera Sesi\u00f3n Extraordinaria del CEOTyDU 2019. Acta Segunda Sesi\u00f3n Extraordinaria del CEOTyDU 2019. Acta Primera Sesi\u00f3n Extraordinaria [&hellip;]<\/p>\n","protected":false},"author":14,"featured_media":0,"parent":0,"menu_order":0,"comment_status":"closed","ping_status":"closed","template":"","meta":{"episode_type":"","audio_file":"","podmotor_file_id":"","podmotor_episode_id":"","cover_image":"","cover_image_id":"","duration":"","filesize":"","filesize_raw":"","date_recorded":"","explicit":"","block":"","itunes_episode_number":"","itunes_title":"","itunes_season_number":"","itunes_episode_type":"","footnotes":""},"categories":[],"tags":[],"class_list":["post-12471","page","type-page","status-publish","hentry"],"acf":[],"publishpress_future_action":{"enabled":false,"date":"2026-05-23 20:08:45","action":"change-status","newStatus":"draft","terms":[],"taxonomy":"category","extraData":[]},"publishpress_future_workflow_manual_trigger":{"enabledWorkflows":[]},"_links":{"self":[{"href":"https:\/\/www.oaxaca.gob.mx\/sinfra\/wp-json\/wp\/v2\/pages\/12471","targetHints":{"allow":["GET"]}}],"collection":[{"href":"https:\/\/www.oaxaca.gob.mx\/sinfra\/wp-json\/wp\/v2\/pages"}],"about":[{"href":"https:\/\/www.oaxaca.gob.mx\/sinfra\/wp-json\/wp\/v2\/types\/page"}],"author":[{"embeddable":true,"href":"https:\/\/www.oaxaca.gob.mx\/sinfra\/wp-json\/wp\/v2\/users\/14"}],"replies":[{"embeddable":true,"href":"https:\/\/www.oaxaca.gob.mx\/sinfra\/wp-json\/wp\/v2\/comments?post=12471"}],"version-history":[{"count":1,"href":"https:\/\/www.oaxaca.gob.mx\/sinfra\/wp-json\/wp\/v2\/pages\/12471\/revisions"}],"predecessor-version":[{"id":12472,"href":"https:\/\/www.oaxaca.gob.mx\/sinfra\/wp-json\/wp\/v2\/pages\/12471\/revisions\/12472"}],"wp:attachment":[{"href":"https:\/\/www.oaxaca.gob.mx\/sinfra\/wp-json\/wp\/v2\/media?parent=12471"}],"wp:term":[{"taxonomy":"category","embeddable":true,"href":"https:\/\/www.oaxaca.gob.mx\/sinfra\/wp-json\/wp\/v2\/categories?post=12471"},{"taxonomy":"post_tag","embeddable":true,"href":"https:\/\/www.oaxaca.gob.mx\/sinfra\/wp-json\/wp\/v2\/tags?post=12471"}],"curies":[{"name":"wp","href":"https:\/\/api.w.org\/{rel}","templated":true}]}}